{"id":132,"date":"2023-06-07T09:26:42","date_gmt":"2023-06-07T07:26:42","guid":{"rendered":"https:\/\/acpv.cat\/accionat\/?page_id=132"},"modified":"2024-01-31T13:40:18","modified_gmt":"2024-01-31T12:40:18","slug":"planificacio-i-memoria","status":"publish","type":"page","link":"https:\/\/acpv.cat\/accionat\/recursos\/planificacio-i-memoria\/","title":{"rendered":"PLANIFICACI\u00d3"},"content":{"rendered":"<p>[et_pb_section fb_built=&#8221;1&#8243; admin_label=&#8221;Header&#8221; _builder_version=&#8221;4.16&#8243; _module_preset=&#8221;default&#8221; background_color=&#8221;#f5f3ee&#8221; global_colors_info=&#8221;{}&#8221;][et_pb_row column_structure=&#8221;1_2,1_2&#8243; _builder_version=&#8221;4.16&#8243; _module_preset=&#8221;default&#8221; custom_padding=&#8221;|0px||||&#8221; global_colors_info=&#8221;{}&#8221;][et_pb_column type=&#8221;1_2&#8243; _builder_version=&#8221;4.16&#8243; _module_preset=&#8221;default&#8221; custom_padding=&#8221;6%||||false|false&#8221; custom_padding_tablet=&#8221;0%||||false|false&#8221; custom_padding_phone=&#8221;&#8221; custom_padding_last_edited=&#8221;on|tablet&#8221; global_colors_info=&#8221;{}&#8221;][et_pb_text _builder_version=&#8221;4.24.0&#8243; _module_preset=&#8221;534cc526-6274-4e31-9e1a-7f18a5947bf1&#8243; header_4_font=&#8221;DM Sans|700||on|||||&#8221; header_4_text_color=&#8221;#EF8451&#8243; header_4_font_size=&#8221;14px&#8221; header_4_letter_spacing=&#8221;1px&#8221; header_4_line_height=&#8221;1.5em&#8221; custom_margin=&#8221;||0px||false|false&#8221; header_4_font_size_tablet=&#8221;14px&#8221; header_4_font_size_phone=&#8221;&#8221; header_4_font_size_last_edited=&#8221;on|tablet&#8221; locked=&#8221;off&#8221; global_colors_info=&#8221;{}&#8221;]<\/p>\n<h4>directori<\/h4>\n<p>[\/et_pb_text][et_pb_text _builder_version=&#8221;4.24.0&#8243; _module_preset=&#8221;e864d11f-3dab-4fa3-ac06-4f0e1a260807&#8243; header_font=&#8221;DM Sans||||||||&#8221; header_text_color=&#8221;#093532&#8243; header_font_size=&#8221;64px&#8221; header_letter_spacing=&#8221;-0.02em&#8221; header_line_height=&#8221;1.15em&#8221; custom_margin=&#8221;||16px||false|false&#8221; header_font_size_tablet=&#8221;40px&#8221; header_font_size_phone=&#8221;24px&#8221; header_font_size_last_edited=&#8221;on|desktop&#8221; locked=&#8221;off&#8221; global_colors_info=&#8221;{}&#8221;]<\/p>\n<h1>Planificaci\u00f3<\/h1>\n<p>[\/et_pb_text][\/et_pb_column][et_pb_column type=&#8221;1_2&#8243; _builder_version=&#8221;4.16&#8243; _module_preset=&#8221;default&#8221; global_colors_info=&#8221;{}&#8221;][et_pb_image src=&#8221;https:\/\/acpv.cat\/accionat\/wp-content\/uploads\/2024\/01\/planificacio_icon.png&#8221; title_text=&#8221;planificacio_icon&#8221; align=&#8221;center&#8221; _builder_version=&#8221;4.24.0&#8243; _module_preset=&#8221;default&#8221; max_height=&#8221;350px&#8221; locked=&#8221;off&#8221; global_colors_info=&#8221;{}&#8221;][\/et_pb_image][\/et_pb_column][\/et_pb_row][\/et_pb_section][et_pb_section fb_built=&#8221;1&#8243; disabled_on=&#8221;off|off|off&#8221; admin_label=&#8221;Our Causes&#8221; _builder_version=&#8221;4.16&#8243; _module_preset=&#8221;default&#8221; background_color=&#8221;#f5f3ee&#8221; global_colors_info=&#8221;{}&#8221;][et_pb_row custom_padding_last_edited=&#8221;on|phone&#8221; disabled_on=&#8221;off|off|off&#8221; _builder_version=&#8221;4.16&#8243; _module_preset=&#8221;default&#8221; background_color=&#8221;#f2ebe4&#8243; custom_padding=&#8221;60px|60px|60px|60px|true|true&#8221; custom_padding_tablet=&#8221;40px|30px|40px|30px|true|true&#8221; custom_padding_phone=&#8221;|20px||20px|true|true&#8221; border_radii=&#8221;on|22px|22px|22px|22px&#8221; global_colors_info=&#8221;{}&#8221;][et_pb_column type=&#8221;4_4&#8243; _builder_version=&#8221;4.16&#8243; _module_preset=&#8221;default&#8221; custom_padding_tablet=&#8221;15px|30px|15px|30px|true|true&#8221; custom_padding_phone=&#8221;10px|20px|10px|20px|true|true&#8221; custom_padding_last_edited=&#8221;off|desktop&#8221; global_colors_info=&#8221;{}&#8221;][et_pb_text _builder_version=&#8221;4.24.0&#8243; _module_preset=&#8221;default&#8221; global_colors_info=&#8221;{}&#8221;]<\/p>\n<p><object class=\"wp-block-file__embed\" style=\"width: 100%; height: 600px;\" data=\"https:\/\/acpv.cat\/accionat\/wp-content\/uploads\/2023\/08\/elaboracioplaestrategic.pdf\" type=\"application\/pdf\" width=\"300\" height=\"150\" aria-label=\"elaboracioplaestrategic\"><\/object><\/p>\n<p>[\/et_pb_text][et_pb_divider _builder_version=&#8221;4.24.0&#8243; _module_preset=&#8221;default&#8221; divider_weight=&#8221;20px&#8221; hover_enabled=&#8221;0&#8243; sticky_enabled=&#8221;0&#8243;][\/et_pb_divider][\/et_pb_column][\/et_pb_row][\/et_pb_section][et_pb_section fb_built=&#8221;1&#8243; _builder_version=&#8221;4.24.0&#8243; _module_preset=&#8221;default&#8221; global_colors_info=&#8221;{}&#8221;][et_pb_row column_structure=&#8221;1_2,1_2&#8243; _builder_version=&#8221;4.24.0&#8243; _module_preset=&#8221;default&#8221; global_colors_info=&#8221;{}&#8221;][et_pb_column type=&#8221;1_2&#8243; _builder_version=&#8221;4.24.0&#8243; _module_preset=&#8221;default&#8221; global_colors_info=&#8221;{}&#8221;][et_pb_text _builder_version=&#8221;4.24.0&#8243; _module_preset=&#8221;default&#8221; global_colors_info=&#8221;{}&#8221;]<\/p>\n<p>Ac\u00ed teniu l\u2019\u00faltima versi\u00f3 d\u2019un Manual ja cl\u00e0ssic editat per l\u2019Ajuntament de Barcelona.<\/p>\n<p>El podeu descarregar ac\u00ed:\u00a0<a href=\"https:\/\/tjussana.cat\/wp-content\/uploads\/2022\/02\/UP_13.pdf\" target=\"_blank\" rel=\"noreferrer noopener\">https:\/\/tjussana.cat\/wp-content\/uploads\/2022\/02\/UP_13.pdf<\/a><\/p>\n<p>[\/et_pb_text][\/et_pb_column][et_pb_column type=&#8221;1_2&#8243; _builder_version=&#8221;4.24.0&#8243; _module_preset=&#8221;default&#8221; global_colors_info=&#8221;{}&#8221;][et_pb_image src=&#8221;https:\/\/acpv.cat\/accionat\/wp-content\/uploads\/2023\/07\/Captura-de-pantalla-2023-07-24-a-les-13.03.21.png&#8221; title_text=&#8221;Captura-de-pantalla-2023-07-24-a-les-13.03.21&#8243; _builder_version=&#8221;4.24.0&#8243; _module_preset=&#8221;default&#8221; global_colors_info=&#8221;{}&#8221;][\/et_pb_image][\/et_pb_column][\/et_pb_row][et_pb_row _builder_version=&#8221;4.24.0&#8243; _module_preset=&#8221;default&#8221; global_colors_info=&#8221;{}&#8221;][et_pb_column type=&#8221;4_4&#8243; _builder_version=&#8221;4.24.0&#8243; _module_preset=&#8221;default&#8221; global_colors_info=&#8221;{}&#8221;][et_pb_divider color=&#8221;#000000&#8243; divider_style=&#8221;dashed&#8221; _builder_version=&#8221;4.24.0&#8243; _module_preset=&#8221;default&#8221; global_colors_info=&#8221;{}&#8221;][\/et_pb_divider][\/et_pb_column][\/et_pb_row][et_pb_row column_structure=&#8221;1_2,1_2&#8243; _builder_version=&#8221;4.24.0&#8243; _module_preset=&#8221;default&#8221; global_colors_info=&#8221;{}&#8221;][et_pb_column type=&#8221;1_2&#8243; _builder_version=&#8221;4.24.0&#8243; _module_preset=&#8221;default&#8221; global_colors_info=&#8221;{}&#8221;][et_pb_image src=&#8221;https:\/\/acpv.cat\/accionat\/wp-content\/uploads\/2023\/07\/Captura-de-pantalla-2023-07-24-a-les-13.05.55.png&#8221; title_text=&#8221;Captura-de-pantalla-2023-07-24-a-les-13.05.55&#8243; _builder_version=&#8221;4.24.0&#8243; _module_preset=&#8221;default&#8221; global_colors_info=&#8221;{}&#8221;][\/et_pb_image][\/et_pb_column][et_pb_column type=&#8221;1_2&#8243; _builder_version=&#8221;4.24.0&#8243; _module_preset=&#8221;default&#8221; global_colors_info=&#8221;{}&#8221;][et_pb_text _builder_version=&#8221;4.24.0&#8243; _module_preset=&#8221;default&#8221; global_colors_info=&#8221;{}&#8221;]<\/p>\n<p>Encara que aquesta guia de la Universitat Polit\u00e8cnica de Catalunya est\u00e0 plantejada per al m\u00f3n de l\u2019empresa i no per a entitats sense \u00e0nim de lucre, en molts aspectes \u00e9s aprofitable.<\/p>\n<p>Podeu descarregar-la ac\u00ed: <a href=\"https:\/\/www.upc.edu\/innovacio\/ca\/p-innova\/documentacio\/guia-pla-estrategic\">https:\/\/www.upc.edu\/innovacio\/ca\/p-innova\/documentacio\/guia-pla-estrategic<\/a><\/p>\n<p>[\/et_pb_text][\/et_pb_column][\/et_pb_row][et_pb_row _builder_version=&#8221;4.24.0&#8243; _module_preset=&#8221;default&#8221; global_colors_info=&#8221;{}&#8221;][et_pb_column type=&#8221;4_4&#8243; _builder_version=&#8221;4.24.0&#8243; _module_preset=&#8221;default&#8221; global_colors_info=&#8221;{}&#8221;][et_pb_divider color=&#8221;#000000&#8243; divider_style=&#8221;dashed&#8221; _builder_version=&#8221;4.24.0&#8243; _module_preset=&#8221;default&#8221; global_colors_info=&#8221;{}&#8221;][\/et_pb_divider][\/et_pb_column][\/et_pb_row][et_pb_row column_structure=&#8221;1_2,1_2&#8243; _builder_version=&#8221;4.24.0&#8243; _module_preset=&#8221;default&#8221; global_colors_info=&#8221;{}&#8221;][et_pb_column type=&#8221;1_2&#8243; _builder_version=&#8221;4.24.0&#8243; _module_preset=&#8221;default&#8221; global_colors_info=&#8221;{}&#8221;][et_pb_text _builder_version=&#8221;4.24.0&#8243; _module_preset=&#8221;default&#8221; global_colors_info=&#8221;{}&#8221;]<\/p>\n<h4 class=\"wp-block-heading\">Planificaci\u00f3 estrat\u00e8gica de les Organitzacions No Lucratives<\/h4>\n<p>Josep Maria Canyelles reflexiona en aquest article, publicat al n\u00famero 37 de la Revista Educaci\u00f3 Social, sobre com les entitats no lucratives han d\u2019avan\u00e7ar respecte la planificaci\u00f3 estart\u00e8gica cl\u00e0ssica, si volen ser sostenibles en el temps. S\u2019hi introdueixen conceptes com la gesti\u00f3 del canvi, missi\u00f3, visi\u00f3 i valors de l\u2019entitat o quadre de comandament integral, amb l\u2019objectiu de poder dirigir des d\u2019una visi\u00f3 integral de l\u2019organitzaci\u00f3, equilibrant el pes de les diferents \u00e0rees i tamb\u00e9 les perspectives de les diferents parts interessades. El podeu descarregar a la p\u00e0gina de la\u00a0<strong>\u00a0Federaci\u00f3 Catalana de Voluntariat Social<\/strong>\u00a0<a href=\"https:\/\/voluntaris.cat\/wp-content\/uploads\/2020\/06\/educacio_social_planificacio_estrategica.pdf\">https:\/\/voluntaris.cat\/wp-content\/uploads\/2020\/06\/educacio_social_planificacio_estrategica.pdf<\/a><\/p>\n<p>[\/et_pb_text][\/et_pb_column][et_pb_column type=&#8221;1_2&#8243; _builder_version=&#8221;4.24.0&#8243; _module_preset=&#8221;default&#8221; global_colors_info=&#8221;{}&#8221;][et_pb_image src=&#8221;https:\/\/acpv.cat\/accionat\/wp-content\/uploads\/2023\/07\/revista_educacio_social_37.jpg&#8221; title_text=&#8221;revista_educacio_social_37&#8243; _builder_version=&#8221;4.24.0&#8243; _module_preset=&#8221;default&#8221; global_colors_info=&#8221;{}&#8221;][\/et_pb_image][\/et_pb_column][\/et_pb_row][et_pb_row _builder_version=&#8221;4.24.0&#8243; _module_preset=&#8221;default&#8221; global_colors_info=&#8221;{}&#8221;][et_pb_column type=&#8221;4_4&#8243; _builder_version=&#8221;4.24.0&#8243; _module_preset=&#8221;default&#8221; global_colors_info=&#8221;{}&#8221;][et_pb_divider color=&#8221;#000000&#8243; divider_style=&#8221;dashed&#8221; _builder_version=&#8221;4.24.0&#8243; _module_preset=&#8221;default&#8221; global_colors_info=&#8221;{}&#8221;][\/et_pb_divider][\/et_pb_column][\/et_pb_row][et_pb_row column_structure=&#8221;1_2,1_2&#8243; _builder_version=&#8221;4.24.0&#8243; _module_preset=&#8221;default&#8221; global_colors_info=&#8221;{}&#8221;][et_pb_column type=&#8221;1_2&#8243; _builder_version=&#8221;4.24.0&#8243; _module_preset=&#8221;default&#8221; global_colors_info=&#8221;{}&#8221;][et_pb_image src=&#8221;https:\/\/acpv.cat\/accionat\/wp-content\/uploads\/2023\/07\/Captura-de-pantalla-2023-07-24-a-les-13.30.45.png&#8221; title_text=&#8221;Captura-de-pantalla-2023-07-24-a-les-13.30.45&#8243; _builder_version=&#8221;4.24.0&#8243; _module_preset=&#8221;default&#8221; global_colors_info=&#8221;{}&#8221;][\/et_pb_image][\/et_pb_column][et_pb_column type=&#8221;1_2&#8243; _builder_version=&#8221;4.24.0&#8243; _module_preset=&#8221;default&#8221; global_colors_info=&#8221;{}&#8221;][et_pb_text _builder_version=&#8221;4.24.0&#8243; _module_preset=&#8221;default&#8221; global_colors_info=&#8221;{}&#8221;]<\/p>\n<p>Breu per\u00f2 clara Guia d\u2019assessorament de l\u2019Ajuntament de Barcelona que ens parla del Pla duna associaci\u00f3.<\/p>\n<p>Podeu descarregar-la ac\u00ed:\u00a0<a href=\"https:\/\/tjussana.cat\/wp-content\/uploads\/2022\/01\/GA_5.pdf\">https:\/\/tjussana.cat\/wp-content\/uploads\/2022\/01\/GA_5.pdf<\/a><\/p>\n<p>[\/et_pb_text][\/et_pb_column][\/et_pb_row][\/et_pb_section][et_pb_section fb_built=&#8221;1&#8243; admin_label=&#8221;PEU MISSATGE&#8221; _builder_version=&#8221;4.16&#8243; _module_preset=&#8221;default&#8221; background_color=&#8221;#0f393b&#8221; custom_padding=&#8221;5vw||5vw||true|false&#8221; border_radii=&#8221;off|20px|20px||&#8221; saved_tabs=&#8221;all&#8221; locked=&#8221;off&#8221; global_colors_info=&#8221;{}&#8221;][et_pb_row _builder_version=&#8221;4.16&#8243; _module_preset=&#8221;default&#8221; global_colors_info=&#8221;{}&#8221;][et_pb_column type=&#8221;4_4&#8243; _builder_version=&#8221;4.16&#8243; _module_preset=&#8221;default&#8221; global_colors_info=&#8221;{}&#8221;][et_pb_text _builder_version=&#8221;4.24.0&#8243; _module_preset=&#8221;df96b77a-cd4f-44a8-a771-2d6347592b53&#8243; header_2_font=&#8221;DM Sans||||||||&#8221; header_2_text_align=&#8221;center&#8221; header_2_text_color=&#8221;#FFFFFF&#8221; header_2_font_size=&#8221;50px&#8221; header_2_letter_spacing=&#8221;-0.02em&#8221; header_2_line_height=&#8221;1.15em&#8221; max_width=&#8221;960px&#8221; module_alignment=&#8221;center&#8221; header_2_text_align_tablet=&#8221;left&#8221; header_2_text_align_phone=&#8221;&#8221; header_2_text_align_last_edited=&#8221;on|phone&#8221; header_2_font_size_tablet=&#8221;32px&#8221; header_2_font_size_phone=&#8221;20px&#8221; header_2_font_size_last_edited=&#8221;on|desktop&#8221; locked=&#8221;off&#8221; global_colors_info=&#8221;{}&#8221;]<\/p>\n<h2>Les associacions s\u00f3n la possibilitat i el futur per a vertebrar el nostre Pa\u00eds Valenci\u00e0.<\/h2>\n<p>&nbsp;<\/p>\n<p>[\/et_pb_text][\/et_pb_column][\/et_pb_row][et_pb_row column_structure=&#8221;1_2,1_2&#8243; _builder_version=&#8221;4.24.0&#8243; _module_preset=&#8221;default&#8221; custom_padding=&#8221;0px||||false|false&#8221; global_colors_info=&#8221;{}&#8221;][et_pb_column type=&#8221;1_2&#8243; _builder_version=&#8221;4.24.0&#8243; _module_preset=&#8221;default&#8221; global_colors_info=&#8221;{}&#8221;][et_pb_text _builder_version=&#8221;4.16&#8243; _module_preset=&#8221;default&#8221; text_font=&#8221;DM Sans||||||||&#8221; text_text_color=&#8221;#FFFFFF&#8221; text_font_size=&#8221;22px&#8221; link_text_color=&#8221;#FFFFFF&#8221; text_orientation=&#8221;right&#8221; text_font_size_tablet=&#8221;18px&#8221; text_font_size_phone=&#8221;14px&#8221; text_font_size_last_edited=&#8221;on|tablet&#8221; text_orientation_tablet=&#8221;left&#8221; text_orientation_phone=&#8221;&#8221; text_orientation_last_edited=&#8221;on|tablet&#8221; global_colors_info=&#8221;{}&#8221; link_text_color__hover_enabled=&#8221;on|hover&#8221; link_text_color__hover=&#8221;#FFFFFF&#8221;]<\/p>\n<p>Correu-e: <a href=\"mailto:hello@divingo.com\">accionat@acpv.cat<\/a><\/p>\n<p>[\/et_pb_text][\/et_pb_column][et_pb_column type=&#8221;1_2&#8243; _builder_version=&#8221;4.16&#8243; _module_preset=&#8221;default&#8221; global_colors_info=&#8221;{}&#8221;][et_pb_text _builder_version=&#8221;4.16&#8243; _module_preset=&#8221;default&#8221; text_font=&#8221;DM Sans||||||||&#8221; text_text_color=&#8221;#FFFFFF&#8221; text_font_size=&#8221;22px&#8221; link_text_color=&#8221;#FFFFFF&#8221; text_font_size_tablet=&#8221;18px&#8221; text_font_size_phone=&#8221;14px&#8221; text_font_size_last_edited=&#8221;on|tablet&#8221; locked=&#8221;off&#8221; global_colors_info=&#8221;{}&#8221; link_text_color__hover_enabled=&#8221;on|hover&#8221; link_text_color__hover=&#8221;#FFFFFF&#8221;]<\/p>\n<p>Tel\u00e8fon: 96 315 77 99<\/p>\n<p>[\/et_pb_text][\/et_pb_column][\/et_pb_row][\/et_pb_section]<\/p>\n","protected":false},"excerpt":{"rendered":"<p>directoriPlanificaci\u00f3Ac\u00ed teniu l\u2019\u00faltima versi\u00f3 d\u2019un Manual ja cl\u00e0ssic editat per l\u2019Ajuntament de Barcelona. El podeu descarregar ac\u00ed:\u00a0https:\/\/tjussana.cat\/wp-content\/uploads\/2022\/02\/UP_13.pdfEncara que aquesta guia de la Universitat Polit\u00e8cnica de Catalunya est\u00e0 plantejada per al m\u00f3n de l\u2019empresa i no per a entitats sense \u00e0nim de lucre, en molts aspectes \u00e9s aprofitable. Podeu descarregar-la ac\u00ed: https:\/\/www.upc.edu\/innovacio\/ca\/p-innova\/documentacio\/guia-pla-estrategicPlanificaci\u00f3 estrat\u00e8gica de les Organitzacions [&hellip;]<\/p>\n","protected":false},"author":2,"featured_media":0,"parent":45,"menu_order":0,"comment_status":"closed","ping_status":"closed","template":"","meta":{"_et_pb_use_builder":"on","_et_pb_old_content":"<!-- wp:file {\"id\":215,\"href\":\"https:\/\/acpv.cat\/accionat\/wp-content\/uploads\/2023\/08\/elaboracioplaestrategic.pdf\",\"displayPreview\":true} -->\r\n<div class=\"wp-block-file\"><object class=\"wp-block-file__embed\" style=\"width: 100%; height: 600px;\" data=\"https:\/\/acpv.cat\/accionat\/wp-content\/uploads\/2023\/08\/elaboracioplaestrategic.pdf\" type=\"application\/pdf\" width=\"300\" height=\"150\" aria-label=\"elaboracioplaestrategic\"><\/object><a id=\"wp-block-file--media-e54adab7-b88d-4b5c-a84d-e3f8898bfc56\" href=\"https:\/\/acpv.cat\/accionat\/wp-content\/uploads\/2023\/08\/elaboracioplaestrategic.pdf\">elaboracioplaestrategic<\/a><a class=\"wp-block-file__button wp-element-button\" href=\"https:\/\/acpv.cat\/accionat\/wp-content\/uploads\/2023\/08\/elaboracioplaestrategic.pdf\" download=\"\" aria-describedby=\"wp-block-file--media-e54adab7-b88d-4b5c-a84d-e3f8898bfc56\">Baixa<\/a><\/div>\r\n<!-- \/wp:file --><!-- wp:media-text {\"align\":\"wide\",\"mediaId\":187,\"mediaLink\":\"https:\/\/acpv.cat\/accionat\/recursos\/planificacio-i-memoria\/captura-de-pantalla-2023-07-24-a-les-13-03-21\/\",\"mediaType\":\"image\"} -->\r\n<div class=\"wp-block-media-text alignwide is-stacked-on-mobile\">\r\n<figure class=\"wp-block-media-text__media\"><img class=\"wp-image-187 size-full\" src=\"https:\/\/acpv.cat\/accionat\/wp-content\/uploads\/2023\/07\/Captura-de-pantalla-2023-07-24-a-les-13.03.21.png\" alt=\"\" \/><\/figure>\r\n<div class=\"wp-block-media-text__content\"><!-- wp:paragraph {\"placeholder\":\"Contingut...\"} -->\r\n<p>Ac\u00ed teniu l'\u00faltima versi\u00f3 d'un Manual ja cl\u00e0ssic editat per l'Ajuntament de Barcelona. El podeu descarregar ac\u00ed: <a href=\"https:\/\/tjussana.cat\/wp-content\/uploads\/2022\/02\/UP_13.pdf\" target=\"_blank\" rel=\"noreferrer noopener\">https:\/\/tjussana.cat\/wp-content\/uploads\/2022\/02\/UP_13.pdf<\/a><\/p>\r\n<!-- \/wp:paragraph --><\/div>\r\n<\/div>\r\n<!-- \/wp:media-text --><!-- wp:media-text {\"align\":\"wide\",\"mediaPosition\":\"right\",\"mediaId\":189,\"mediaLink\":\"https:\/\/acpv.cat\/accionat\/recursos\/planificacio-i-memoria\/captura-de-pantalla-2023-07-24-a-les-13-05-55\/\",\"mediaType\":\"image\"} -->\r\n<div class=\"wp-block-media-text alignwide has-media-on-the-right is-stacked-on-mobile\">\r\n<div class=\"wp-block-media-text__content\"><!-- wp:paragraph {\"placeholder\":\"Contingut...\"} -->\r\n<p>Encara que aquesta guia de la Universitat Polit\u00e8cnica de Catalunya est\u00e0 plantejada per al m\u00f3n de l'empresa i no per a entitats sense \u00e0nim de lucre, en molts aspectes \u00e9s aprofitable. Podeu descarregar-la ac\u00ed: <a href=\"https:\/\/www.upc.edu\/innovacio\/ca\/p-innova\/documentacio\/guia-pla-estrategic\">https:\/\/www.upc.edu\/innovacio\/ca\/p-innova\/documentacio\/guia-pla-estrategic<\/a><\/p>\r\n<!-- \/wp:paragraph --><\/div>\r\n<figure class=\"wp-block-media-text__media\"><img class=\"wp-image-189 size-full\" src=\"https:\/\/acpv.cat\/accionat\/wp-content\/uploads\/2023\/07\/Captura-de-pantalla-2023-07-24-a-les-13.05.55-1024x924.png\" alt=\"\" \/><\/figure>\r\n<\/div>\r\n<!-- \/wp:media-text --><!-- wp:media-text {\"align\":\"wide\",\"mediaId\":191,\"mediaLink\":\"https:\/\/acpv.cat\/accionat\/recursos\/planificacio-i-memoria\/revista_educacio_social_37\/\",\"mediaType\":\"image\",\"mediaWidth\":39} -->\r\n<div class=\"wp-block-media-text alignwide is-stacked-on-mobile\" style=\"grid-template-columns: 39% auto;\">\r\n<figure class=\"wp-block-media-text__media\"><img class=\"wp-image-191 size-full\" src=\"https:\/\/acpv.cat\/accionat\/wp-content\/uploads\/2023\/07\/revista_educacio_social_37.jpg\" alt=\"\" \/><\/figure>\r\n<div class=\"wp-block-media-text__content\"><!-- wp:heading {\"level\":1} -->\r\n<h1 class=\"wp-block-heading\">Planificaci\u00f3 estrat\u00e8gica de les Organitzacions No Lucratives<\/h1>\r\n<!-- \/wp:heading --><!-- wp:paragraph -->\r\n<p>Josep Maria Canyelles reflexiona en aquest article, publicat al n\u00famero 37 de la Revista Educaci\u00f3 Social, sobre com les entitats no lucratives han d\u2019avan\u00e7ar respecte la planificaci\u00f3 estart\u00e8gica cl\u00e0ssica, si volen ser sostenibles en el temps. S'hi introdueixen conceptes com la gesti\u00f3 del canvi, missi\u00f3, visi\u00f3 i valors de l\u2019entitat o quadre de comandament integral, amb l'objectiu de poder dirigir des d'una visi\u00f3 integral de l'organitzaci\u00f3, equilibrant el pes de les diferents \u00e0rees i tamb\u00e9 les perspectives de les diferents parts interessades. El podeu descarregar a la p\u00e0gina de la <strong>\u00a0Federaci\u00f3 Catalana de Voluntariat Social<\/strong> <a href=\"https:\/\/voluntaris.cat\/wp-content\/uploads\/2020\/06\/educacio_social_planificacio_estrategica.pdf\">https:\/\/voluntaris.cat\/wp-content\/uploads\/2020\/06\/educacio_social_planificacio_estrategica.pdf<\/a><\/p>\r\n<!-- \/wp:paragraph --><\/div>\r\n<\/div>\r\n<!-- \/wp:media-text --><!-- wp:media-text {\"align\":\"wide\",\"mediaPosition\":\"right\",\"mediaId\":199,\"mediaLink\":\"https:\/\/acpv.cat\/accionat\/recursos\/planificacio-i-memoria\/captura-de-pantalla-2023-07-24-a-les-13-30-45\/\",\"mediaType\":\"image\"} -->\r\n<div class=\"wp-block-media-text alignwide has-media-on-the-right is-stacked-on-mobile\">\r\n<div class=\"wp-block-media-text__content\"><!-- wp:paragraph {\"placeholder\":\"Contingut...\"} -->\r\n<p>Breu per\u00f2 clara Guia d'assessorament de l'Ajuntament de Barcelona que ens parla del Pla duna associaci\u00f3. Podeu descarregar-la ac\u00ed: <a href=\"https:\/\/tjussana.cat\/wp-content\/uploads\/2022\/01\/GA_5.pdf\">https:\/\/tjussana.cat\/wp-content\/uploads\/2022\/01\/GA_5.pdf<\/a><\/p>\r\n<!-- \/wp:paragraph --><\/div>\r\n<figure class=\"wp-block-media-text__media\"><img class=\"wp-image-199 size-full\" src=\"https:\/\/acpv.cat\/accionat\/wp-content\/uploads\/2023\/07\/Captura-de-pantalla-2023-07-24-a-les-13.30.45.png\" alt=\"\" \/><\/figure>\r\n<\/div>\r\n<!-- \/wp:media-text -->","_et_gb_content_width":"","footnotes":""},"class_list":["post-132","page","type-page","status-publish","hentry"],"_links":{"self":[{"href":"https:\/\/acpv.cat\/accionat\/wp-json\/wp\/v2\/pages\/132","targetHints":{"allow":["GET"]}}],"collection":[{"href":"https:\/\/acpv.cat\/accionat\/wp-json\/wp\/v2\/pages"}],"about":[{"href":"https:\/\/acpv.cat\/accionat\/wp-json\/wp\/v2\/types\/page"}],"author":[{"embeddable":true,"href":"https:\/\/acpv.cat\/accionat\/wp-json\/wp\/v2\/users\/2"}],"replies":[{"embeddable":true,"href":"https:\/\/acpv.cat\/accionat\/wp-json\/wp\/v2\/comments?post=132"}],"version-history":[{"count":12,"href":"https:\/\/acpv.cat\/accionat\/wp-json\/wp\/v2\/pages\/132\/revisions"}],"predecessor-version":[{"id":471,"href":"https:\/\/acpv.cat\/accionat\/wp-json\/wp\/v2\/pages\/132\/revisions\/471"}],"up":[{"embeddable":true,"href":"https:\/\/acpv.cat\/accionat\/wp-json\/wp\/v2\/pages\/45"}],"wp:attachment":[{"href":"https:\/\/acpv.cat\/accionat\/wp-json\/wp\/v2\/media?parent=132"}],"curies":[{"name":"wp","href":"https:\/\/api.w.org\/{rel}","templated":true}]}}