{"id":206,"date":"2023-08-03T17:46:38","date_gmt":"2023-08-03T15:46:38","guid":{"rendered":"https:\/\/acpv.cat\/accionat\/?page_id=206"},"modified":"2024-01-31T13:13:54","modified_gmt":"2024-01-31T12:13:54","slug":"cures-participacio-interna","status":"publish","type":"page","link":"https:\/\/acpv.cat\/accionat\/recursos\/cures-participacio-interna\/","title":{"rendered":"CURES , PARTICIPACI\u00d3 INTERNA"},"content":{"rendered":"<p>[et_pb_section fb_built=&#8221;1&#8243; admin_label=&#8221;Header&#8221; _builder_version=&#8221;4.16&#8243; _module_preset=&#8221;default&#8221; background_color=&#8221;#f5f3ee&#8221; global_colors_info=&#8221;{}&#8221;][et_pb_row column_structure=&#8221;1_2,1_2&#8243; _builder_version=&#8221;4.16&#8243; _module_preset=&#8221;default&#8221; custom_padding=&#8221;|0px||||&#8221; global_colors_info=&#8221;{}&#8221;][et_pb_column type=&#8221;1_2&#8243; _builder_version=&#8221;4.16&#8243; _module_preset=&#8221;default&#8221; custom_padding=&#8221;6%||||false|false&#8221; custom_padding_tablet=&#8221;0%||||false|false&#8221; custom_padding_phone=&#8221;&#8221; custom_padding_last_edited=&#8221;on|tablet&#8221; global_colors_info=&#8221;{}&#8221;][et_pb_text _builder_version=&#8221;4.24.0&#8243; _module_preset=&#8221;534cc526-6274-4e31-9e1a-7f18a5947bf1&#8243; header_4_font=&#8221;DM Sans|700||on|||||&#8221; header_4_text_color=&#8221;#EF8451&#8243; header_4_font_size=&#8221;14px&#8221; header_4_letter_spacing=&#8221;1px&#8221; header_4_line_height=&#8221;1.5em&#8221; custom_margin=&#8221;||0px||false|false&#8221; header_4_font_size_tablet=&#8221;14px&#8221; header_4_font_size_phone=&#8221;&#8221; header_4_font_size_last_edited=&#8221;on|tablet&#8221; locked=&#8221;off&#8221; global_colors_info=&#8221;{}&#8221;]<\/p>\n<h4>directori<\/h4>\n<p>[\/et_pb_text][et_pb_text _builder_version=&#8221;4.24.0&#8243; _module_preset=&#8221;e864d11f-3dab-4fa3-ac06-4f0e1a260807&#8243; header_font=&#8221;DM Sans||||||||&#8221; header_text_color=&#8221;#093532&#8243; header_font_size=&#8221;64px&#8221; header_letter_spacing=&#8221;-0.02em&#8221; header_line_height=&#8221;1.15em&#8221; custom_margin=&#8221;||16px||false|false&#8221; header_font_size_tablet=&#8221;40px&#8221; header_font_size_phone=&#8221;24px&#8221; header_font_size_last_edited=&#8221;on|desktop&#8221; locked=&#8221;off&#8221; global_colors_info=&#8221;{}&#8221;]<\/p>\n<h1>Cures i participaci\u00f3 interna<\/h1>\n<p>[\/et_pb_text][\/et_pb_column][et_pb_column type=&#8221;1_2&#8243; _builder_version=&#8221;4.16&#8243; _module_preset=&#8221;default&#8221; global_colors_info=&#8221;{}&#8221;][et_pb_image src=&#8221;https:\/\/acpv.cat\/accionat\/wp-content\/uploads\/2024\/01\/participaciointerna_icon.png&#8221; title_text=&#8221;participaciointerna_icon&#8221; align=&#8221;center&#8221; _builder_version=&#8221;4.24.0&#8243; _module_preset=&#8221;default&#8221; max_height=&#8221;350px&#8221; locked=&#8221;off&#8221; global_colors_info=&#8221;{}&#8221;][\/et_pb_image][\/et_pb_column][\/et_pb_row][\/et_pb_section][et_pb_section fb_built=&#8221;1&#8243; _builder_version=&#8221;4.24.0&#8243; _module_preset=&#8221;default&#8221; global_colors_info=&#8221;{}&#8221;][et_pb_row _builder_version=&#8221;4.24.0&#8243; _module_preset=&#8221;default&#8221; global_colors_info=&#8221;{}&#8221;][et_pb_column type=&#8221;4_4&#8243; _builder_version=&#8221;4.24.0&#8243; _module_preset=&#8221;default&#8221; global_colors_info=&#8221;{}&#8221;][et_pb_text _builder_version=&#8221;4.24.0&#8243; _module_preset=&#8221;default&#8221; hover_enabled=&#8221;0&#8243; global_colors_info=&#8221;{}&#8221; sticky_enabled=&#8221;0&#8243;]<\/p>\n<p>Mantenir una associaci\u00f3 viva, amb relleu dels \u00f2rgans directius i amb una participaci\u00f3 activa de les persones s\u00f2cies \u00e9s una tasca que requereix un treball intern que ho afavorisca.<\/p>\n<p>Us presentem una s\u00e8rie de materials que poden ajudar a aix\u00f2.<\/p>\n<p>[\/et_pb_text][\/et_pb_column][\/et_pb_row][et_pb_row _builder_version=&#8221;4.24.0&#8243; _module_preset=&#8221;default&#8221; global_colors_info=&#8221;{}&#8221;][et_pb_column type=&#8221;4_4&#8243; _builder_version=&#8221;4.24.0&#8243; _module_preset=&#8221;default&#8221; global_colors_info=&#8221;{}&#8221;][et_pb_divider color=&#8221;#000000&#8243; divider_style=&#8221;dashed&#8221; _builder_version=&#8221;4.24.0&#8243; _module_preset=&#8221;default&#8221; global_colors_info=&#8221;{}&#8221;][\/et_pb_divider][\/et_pb_column][\/et_pb_row][et_pb_row column_structure=&#8221;1_2,1_2&#8243; _builder_version=&#8221;4.24.0&#8243; _module_preset=&#8221;default&#8221; global_colors_info=&#8221;{}&#8221;][et_pb_column type=&#8221;1_2&#8243; _builder_version=&#8221;4.24.0&#8243; _module_preset=&#8221;default&#8221; global_colors_info=&#8221;{}&#8221;][et_pb_text _builder_version=&#8221;4.24.0&#8243; _module_preset=&#8221;default&#8221; hover_enabled=&#8221;0&#8243; global_colors_info=&#8221;{}&#8221; sticky_enabled=&#8221;0&#8243;]<\/p>\n<p>Aquesta guia va ser publicada l\u2019any 2018 per La fede.cat. Lafede.cat \u00e9s una entitat de segon nivell que agrupa 117 organitzacions que treballen per la pau, els Drets Humans i la cooperaci\u00f3 internacional.<\/p>\n<p>La\u00a0<em>Guia d\u2019autodiagnosi per a organitzacions socials\u00a0<\/em>\u00e9s resultat del proc\u00e9s participatiu\u00a0<strong>\u00ab<\/strong>Sembrant cures per cultivar canvis<strong><em>\u00bb<\/em><\/strong>, impulsat per Lafede.cat, amb l\u2019objectiu d\u2019incorporar la perspectiva feminista i l\u2019\u00e8tica de la cura a les entitats federades i a Lafede.cat mateix.<\/p>\n<p>Podeu descarregar-la ac\u00ed:\u00a0<a href=\"https:\/\/eticadelacura.lafede.cat\/wp-content\/uploads\/2019\/01\/SembrantCures_Guia-1.pdf\">https:\/\/eticadelacura.lafede.cat\/wp-content\/uploads\/2019\/01\/SembrantCures_Guia-1.pdf<\/a><\/p>\n<p>[\/et_pb_text][\/et_pb_column][et_pb_column type=&#8221;1_2&#8243; _builder_version=&#8221;4.24.0&#8243; _module_preset=&#8221;default&#8221; global_colors_info=&#8221;{}&#8221;][et_pb_image src=&#8221;https:\/\/acpv.cat\/accionat\/wp-content\/uploads\/2023\/08\/Captura-de-pantalla-2023-08-03-a-les-17.49.05.png&#8221; title_text=&#8221;Captura-de-pantalla-2023-08-03-a-les-17.49.05&#8243; _builder_version=&#8221;4.24.0&#8243; _module_preset=&#8221;default&#8221; hover_enabled=&#8221;0&#8243; global_colors_info=&#8221;{}&#8221; sticky_enabled=&#8221;0&#8243;][\/et_pb_image][\/et_pb_column][\/et_pb_row][et_pb_row _builder_version=&#8221;4.24.0&#8243; _module_preset=&#8221;default&#8221; global_colors_info=&#8221;{}&#8221;][et_pb_column type=&#8221;4_4&#8243; _builder_version=&#8221;4.24.0&#8243; _module_preset=&#8221;default&#8221; global_colors_info=&#8221;{}&#8221;][et_pb_divider color=&#8221;#000000&#8243; divider_style=&#8221;dashed&#8221; _builder_version=&#8221;4.24.0&#8243; _module_preset=&#8221;default&#8221; global_colors_info=&#8221;{}&#8221;][\/et_pb_divider][\/et_pb_column][\/et_pb_row][et_pb_row column_structure=&#8221;1_2,1_2&#8243; _builder_version=&#8221;4.24.0&#8243; _module_preset=&#8221;default&#8221; global_colors_info=&#8221;{}&#8221;][et_pb_column type=&#8221;1_2&#8243; _builder_version=&#8221;4.24.0&#8243; _module_preset=&#8221;default&#8221; global_colors_info=&#8221;{}&#8221;][et_pb_image src=&#8221;https:\/\/acpv.cat\/accionat\/wp-content\/uploads\/2023\/08\/Captura-de-pantalla-2023-08-04-a-les-10.58.29.png&#8221; title_text=&#8221;Captura-de-pantalla-2023-08-04-a-les-10.58.29&#8243; _builder_version=&#8221;4.24.0&#8243; _module_preset=&#8221;default&#8221; hover_enabled=&#8221;0&#8243; global_colors_info=&#8221;{}&#8221; sticky_enabled=&#8221;0&#8243;][\/et_pb_image][\/et_pb_column][et_pb_column type=&#8221;1_2&#8243; _builder_version=&#8221;4.24.0&#8243; _module_preset=&#8221;default&#8221; global_colors_info=&#8221;{}&#8221;][et_pb_text _builder_version=&#8221;4.24.0&#8243; _module_preset=&#8221;default&#8221; hover_enabled=&#8221;0&#8243; global_colors_info=&#8221;{}&#8221; sticky_enabled=&#8221;0&#8243;]<\/p>\n<div class=\"wp-block-media-text__content\">\n<p>Aquest document va ser publicat per l\u2019Ajuntament de Barcelona l\u2019any 2008.<\/p>\n<p>Despr\u00e9s de reflexionar sobre la participaci\u00f3 social ofereix idees i experi\u00e8ncies concretes per tal d\u2019afavorir una major participaci\u00f3 dins de les entitats.<\/p>\n<p>Podeu descarregar-lo ac\u00ed:\u00a0<a href=\"https:\/\/tjussana.cat\/wp-content\/uploads\/2022\/02\/UP_20.pdf\">https:\/\/tjussana.cat\/wp-content\/uploads\/2022\/02\/UP_20.pdf<\/a><\/p>\n<\/div>\n<p>[\/et_pb_text][\/et_pb_column][\/et_pb_row][\/et_pb_section][et_pb_section fb_built=&#8221;1&#8243; admin_label=&#8221;PEU MISSATGE&#8221; _builder_version=&#8221;4.16&#8243; _module_preset=&#8221;default&#8221; background_color=&#8221;#0f393b&#8221; custom_padding=&#8221;5vw||5vw||true|false&#8221; border_radii=&#8221;off|20px|20px||&#8221; saved_tabs=&#8221;all&#8221; locked=&#8221;off&#8221; global_colors_info=&#8221;{}&#8221;][et_pb_row _builder_version=&#8221;4.16&#8243; _module_preset=&#8221;default&#8221; global_colors_info=&#8221;{}&#8221;][et_pb_column type=&#8221;4_4&#8243; _builder_version=&#8221;4.16&#8243; _module_preset=&#8221;default&#8221; global_colors_info=&#8221;{}&#8221;][et_pb_text _builder_version=&#8221;4.24.0&#8243; _module_preset=&#8221;df96b77a-cd4f-44a8-a771-2d6347592b53&#8243; header_2_font=&#8221;DM Sans||||||||&#8221; header_2_text_align=&#8221;center&#8221; header_2_text_color=&#8221;#FFFFFF&#8221; header_2_font_size=&#8221;50px&#8221; header_2_letter_spacing=&#8221;-0.02em&#8221; header_2_line_height=&#8221;1.15em&#8221; max_width=&#8221;960px&#8221; module_alignment=&#8221;center&#8221; header_2_text_align_tablet=&#8221;left&#8221; header_2_text_align_phone=&#8221;&#8221; header_2_text_align_last_edited=&#8221;on|phone&#8221; header_2_font_size_tablet=&#8221;32px&#8221; header_2_font_size_phone=&#8221;20px&#8221; header_2_font_size_last_edited=&#8221;on|desktop&#8221; locked=&#8221;off&#8221; global_colors_info=&#8221;{}&#8221;]<\/p>\n<h2>Les associacions s\u00f3n la possibilitat i el futur per a vertebrar el nostre Pa\u00eds Valenci\u00e0.<\/h2>\n<p>&nbsp;<\/p>\n<p>[\/et_pb_text][\/et_pb_column][\/et_pb_row][et_pb_row column_structure=&#8221;1_2,1_2&#8243; _builder_version=&#8221;4.24.0&#8243; _module_preset=&#8221;default&#8221; custom_padding=&#8221;0px||||false|false&#8221; global_colors_info=&#8221;{}&#8221;][et_pb_column type=&#8221;1_2&#8243; _builder_version=&#8221;4.24.0&#8243; _module_preset=&#8221;default&#8221; global_colors_info=&#8221;{}&#8221;][et_pb_text _builder_version=&#8221;4.16&#8243; _module_preset=&#8221;default&#8221; text_font=&#8221;DM Sans||||||||&#8221; text_text_color=&#8221;#FFFFFF&#8221; text_font_size=&#8221;22px&#8221; link_text_color=&#8221;#FFFFFF&#8221; text_orientation=&#8221;right&#8221; text_font_size_tablet=&#8221;18px&#8221; text_font_size_phone=&#8221;14px&#8221; text_font_size_last_edited=&#8221;on|tablet&#8221; text_orientation_tablet=&#8221;left&#8221; text_orientation_phone=&#8221;&#8221; text_orientation_last_edited=&#8221;on|tablet&#8221; global_colors_info=&#8221;{}&#8221; link_text_color__hover_enabled=&#8221;on|hover&#8221; link_text_color__hover=&#8221;#FFFFFF&#8221;]<\/p>\n<p>Correu-e: <a href=\"mailto:hello@divingo.com\">accionat@acpv.cat<\/a><\/p>\n<p>[\/et_pb_text][\/et_pb_column][et_pb_column type=&#8221;1_2&#8243; _builder_version=&#8221;4.16&#8243; _module_preset=&#8221;default&#8221; global_colors_info=&#8221;{}&#8221;][et_pb_text _builder_version=&#8221;4.16&#8243; _module_preset=&#8221;default&#8221; text_font=&#8221;DM Sans||||||||&#8221; text_text_color=&#8221;#FFFFFF&#8221; text_font_size=&#8221;22px&#8221; link_text_color=&#8221;#FFFFFF&#8221; text_font_size_tablet=&#8221;18px&#8221; text_font_size_phone=&#8221;14px&#8221; text_font_size_last_edited=&#8221;on|tablet&#8221; locked=&#8221;off&#8221; global_colors_info=&#8221;{}&#8221; link_text_color__hover_enabled=&#8221;on|hover&#8221; link_text_color__hover=&#8221;#FFFFFF&#8221;]<\/p>\n<p>Tel\u00e8fon: 96 315 77 99<\/p>\n<p>[\/et_pb_text][\/et_pb_column][\/et_pb_row][\/et_pb_section]<\/p>\n","protected":false},"excerpt":{"rendered":"<p>directoriCures i participaci\u00f3 internaMantenir una associaci\u00f3 viva, amb relleu dels \u00f2rgans directius i amb una participaci\u00f3 activa de les persones s\u00f2cies \u00e9s una tasca que requereix un treball intern que ho afavorisca. Us presentem una s\u00e8rie de materials que poden ajudar a aix\u00f2.Aquesta guia va ser publicada l\u2019any 2018 per La fede.cat. Lafede.cat \u00e9s una [&hellip;]<\/p>\n","protected":false},"author":2,"featured_media":0,"parent":45,"menu_order":0,"comment_status":"closed","ping_status":"closed","template":"","meta":{"_et_pb_use_builder":"on","_et_pb_old_content":"<!-- wp:paragraph -->\r\n<p>Mantenir una associaci\u00f3 viva, amb relleu dels \u00f2rgans directius i amb una participaci\u00f3 activa de les persones s\u00f2cies \u00e9s una tasca que requereix un treball intern que ho afavorisca.<\/p>\r\n<!-- \/wp:paragraph --><!-- wp:paragraph -->\r\n<p>Us presentem una s\u00e8rie de materials que poden ajudar a aix\u00f2.<\/p>\r\n<!-- \/wp:paragraph --><!-- wp:media-text {\"align\":\"wide\",\"mediaId\":209,\"mediaLink\":\"https:\/\/acpv.cat\/accionat\/recursos\/cures-participacio-interna\/captura-de-pantalla-2023-08-03-a-les-17-49-05\/\",\"mediaType\":\"image\"} -->\r\n<div class=\"wp-block-media-text alignwide is-stacked-on-mobile\">\r\n<figure class=\"wp-block-media-text__media\"><img class=\"wp-image-209 size-full\" src=\"https:\/\/acpv.cat\/accionat\/wp-content\/uploads\/2023\/08\/Captura-de-pantalla-2023-08-03-a-les-17.49.05-1024x604.png\" alt=\"\" \/><\/figure>\r\n<div class=\"wp-block-media-text__content\"><!-- wp:paragraph {\"placeholder\":\"Contingut...\"} -->\r\n<p>Aquesta guia va ser publicada l'any 2018 per La fede.cat. Lafede.cat \u00e9s una entitat de segon nivell que agrupa 117 organitzacions que treballen per la pau, els Drets Humans i la cooperaci\u00f3 internacional.<\/p>\r\n<!-- \/wp:paragraph --><!-- wp:paragraph -->\r\n<p>La\u00a0<em>Guia d\u2019autodiagnosi per a organitzacions socials\u00a0<\/em>\u00e9s resultat del proc\u00e9s participatiu\u00a0<strong>\u00ab<\/strong>Sembrant cures per cultivar canvis<strong><em>\u00bb<\/em><\/strong>, impulsat per Lafede.cat, amb l\u2019objectiu d\u2019incorporar la perspectiva feminista i l\u2019\u00e8tica de la cura a les entitats federades i a Lafede.cat mateix.<\/p>\r\n<!-- \/wp:paragraph --><!-- wp:paragraph -->\r\n<p>Podeu descarregar-la ac\u00ed: <a href=\"https:\/\/eticadelacura.lafede.cat\/wp-content\/uploads\/2019\/01\/SembrantCures_Guia-1.pdf\">https:\/\/eticadelacura.lafede.cat\/wp-content\/uploads\/2019\/01\/SembrantCures_Guia-1.pdf<\/a><\/p>\r\n<!-- \/wp:paragraph --><\/div>\r\n<\/div>\r\n<!-- \/wp:media-text --><!-- wp:media-text {\"align\":\"wide\",\"mediaPosition\":\"right\",\"mediaId\":212,\"mediaLink\":\"https:\/\/acpv.cat\/accionat\/recursos\/cures-participacio-interna\/captura-de-pantalla-2023-08-04-a-les-10-58-29\/\",\"mediaType\":\"image\"} -->\r\n<div class=\"wp-block-media-text alignwide has-media-on-the-right is-stacked-on-mobile\">\r\n<div class=\"wp-block-media-text__content\"><!-- wp:paragraph {\"placeholder\":\"Contingut...\"} -->\r\n<p>Aquest document va ser publicat per l'Ajuntament de Barcelona l'any 2008.<\/p>\r\n<!-- \/wp:paragraph --><!-- wp:paragraph -->\r\n<p>Despr\u00e9s de reflexionar sobre la participaci\u00f3 social ofereix idees i experi\u00e8ncies concretes per tal d'afavorir una major participaci\u00f3 dins de les entitats.<\/p>\r\n<!-- \/wp:paragraph --><!-- wp:paragraph -->\r\n<p>Podeu descarregar-lo ac\u00ed: <a href=\"https:\/\/tjussana.cat\/wp-content\/uploads\/2022\/02\/UP_20.pdf\">https:\/\/tjussana.cat\/wp-content\/uploads\/2022\/02\/UP_20.pdf<\/a><\/p>\r\n<!-- \/wp:paragraph --><\/div>\r\n<figure class=\"wp-block-media-text__media\"><img class=\"wp-image-212 size-full\" src=\"https:\/\/acpv.cat\/accionat\/wp-content\/uploads\/2023\/08\/Captura-de-pantalla-2023-08-04-a-les-10.58.29-1024x763.png\" alt=\"\" \/><\/figure>\r\n<\/div>\r\n<!-- \/wp:media-text -->","_et_gb_content_width":"","footnotes":""},"class_list":["post-206","page","type-page","status-publish","hentry"],"_links":{"self":[{"href":"https:\/\/acpv.cat\/accionat\/wp-json\/wp\/v2\/pages\/206","targetHints":{"allow":["GET"]}}],"collection":[{"href":"https:\/\/acpv.cat\/accionat\/wp-json\/wp\/v2\/pages"}],"about":[{"href":"https:\/\/acpv.cat\/accionat\/wp-json\/wp\/v2\/types\/page"}],"author":[{"embeddable":true,"href":"https:\/\/acpv.cat\/accionat\/wp-json\/wp\/v2\/users\/2"}],"replies":[{"embeddable":true,"href":"https:\/\/acpv.cat\/accionat\/wp-json\/wp\/v2\/comments?post=206"}],"version-history":[{"count":7,"href":"https:\/\/acpv.cat\/accionat\/wp-json\/wp\/v2\/pages\/206\/revisions"}],"predecessor-version":[{"id":449,"href":"https:\/\/acpv.cat\/accionat\/wp-json\/wp\/v2\/pages\/206\/revisions\/449"}],"up":[{"embeddable":true,"href":"https:\/\/acpv.cat\/accionat\/wp-json\/wp\/v2\/pages\/45"}],"wp:attachment":[{"href":"https:\/\/acpv.cat\/accionat\/wp-json\/wp\/v2\/media?parent=206"}],"curies":[{"name":"wp","href":"https:\/\/api.w.org\/{rel}","templated":true}]}}