{"id":85,"date":"2023-06-06T13:11:52","date_gmt":"2023-06-06T11:11:52","guid":{"rendered":"https:\/\/acpv.cat\/accionat\/?page_id=85"},"modified":"2024-01-31T12:37:04","modified_gmt":"2024-01-31T11:37:04","slug":"aspectes-generals","status":"publish","type":"page","link":"https:\/\/acpv.cat\/accionat\/recursos\/aspectes-generals\/","title":{"rendered":"ASPECTES GENERALS"},"content":{"rendered":"<p>[et_pb_section fb_built=&#8221;1&#8243; admin_label=&#8221;Header&#8221; _builder_version=&#8221;4.16&#8243; _module_preset=&#8221;default&#8221; background_color=&#8221;#f5f3ee&#8221; global_colors_info=&#8221;{}&#8221;][et_pb_row column_structure=&#8221;1_2,1_2&#8243; _builder_version=&#8221;4.16&#8243; _module_preset=&#8221;default&#8221; custom_padding=&#8221;|0px||||&#8221; global_colors_info=&#8221;{}&#8221;][et_pb_column type=&#8221;1_2&#8243; _builder_version=&#8221;4.16&#8243; _module_preset=&#8221;default&#8221; custom_padding=&#8221;6%||||false|false&#8221; custom_padding_tablet=&#8221;0%||||false|false&#8221; custom_padding_phone=&#8221;&#8221; custom_padding_last_edited=&#8221;on|tablet&#8221; global_colors_info=&#8221;{}&#8221;][et_pb_text _builder_version=&#8221;4.24.0&#8243; _module_preset=&#8221;534cc526-6274-4e31-9e1a-7f18a5947bf1&#8243; header_4_font=&#8221;DM Sans|700||on|||||&#8221; header_4_text_color=&#8221;#EF8451&#8243; header_4_font_size=&#8221;14px&#8221; header_4_letter_spacing=&#8221;1px&#8221; header_4_line_height=&#8221;1.5em&#8221; custom_margin=&#8221;||0px||false|false&#8221; header_4_font_size_tablet=&#8221;14px&#8221; header_4_font_size_phone=&#8221;&#8221; header_4_font_size_last_edited=&#8221;on|tablet&#8221; locked=&#8221;off&#8221; global_colors_info=&#8221;{}&#8221;]<\/p>\n<h4>directori<\/h4>\n<p>[\/et_pb_text][et_pb_text _builder_version=&#8221;4.24.0&#8243; _module_preset=&#8221;e864d11f-3dab-4fa3-ac06-4f0e1a260807&#8243; header_font=&#8221;DM Sans||||||||&#8221; header_text_color=&#8221;#093532&#8243; header_font_size=&#8221;64px&#8221; header_letter_spacing=&#8221;-0.02em&#8221; header_line_height=&#8221;1.15em&#8221; custom_margin=&#8221;||16px||false|false&#8221; header_font_size_tablet=&#8221;40px&#8221; header_font_size_phone=&#8221;24px&#8221; header_font_size_last_edited=&#8221;on|desktop&#8221; locked=&#8221;off&#8221; global_colors_info=&#8221;{}&#8221;]<\/p>\n<h1>Aspectes generals<\/h1>\n<p>[\/et_pb_text][\/et_pb_column][et_pb_column type=&#8221;1_2&#8243; _builder_version=&#8221;4.16&#8243; _module_preset=&#8221;default&#8221; global_colors_info=&#8221;{}&#8221;][et_pb_image src=&#8221;https:\/\/acpv.cat\/accionat\/wp-content\/uploads\/2024\/01\/comconstituir_icon.png&#8221; title_text=&#8221;comconstituir_icon&#8221; align=&#8221;center&#8221; _builder_version=&#8221;4.24.0&#8243; _module_preset=&#8221;default&#8221; max_height=&#8221;350px&#8221; locked=&#8221;off&#8221; global_colors_info=&#8221;{}&#8221;][\/et_pb_image][\/et_pb_column][\/et_pb_row][\/et_pb_section][et_pb_section fb_built=&#8221;1&#8243; disabled_on=&#8221;off|off|off&#8221; admin_label=&#8221;Our Causes&#8221; _builder_version=&#8221;4.16&#8243; _module_preset=&#8221;default&#8221; background_color=&#8221;#f5f3ee&#8221; global_colors_info=&#8221;{}&#8221;][et_pb_row custom_padding_last_edited=&#8221;on|phone&#8221; disabled_on=&#8221;off|off|off&#8221; _builder_version=&#8221;4.16&#8243; _module_preset=&#8221;default&#8221; background_color=&#8221;#f2ebe4&#8243; custom_padding=&#8221;60px|60px|60px|60px|true|true&#8221; custom_padding_tablet=&#8221;40px|30px|40px|30px|true|true&#8221; custom_padding_phone=&#8221;|20px||20px|true|true&#8221; border_radii=&#8221;on|22px|22px|22px|22px&#8221; global_colors_info=&#8221;{}&#8221;][et_pb_column type=&#8221;4_4&#8243; _builder_version=&#8221;4.16&#8243; _module_preset=&#8221;default&#8221; custom_padding_tablet=&#8221;15px|30px|15px|30px|true|true&#8221; custom_padding_phone=&#8221;10px|20px|10px|20px|true|true&#8221; custom_padding_last_edited=&#8221;off|desktop&#8221; global_colors_info=&#8221;{}&#8221;][et_pb_text _builder_version=&#8221;4.24.0&#8243; _module_preset=&#8221;default&#8221; global_colors_info=&#8221;{}&#8221;]<\/p>\n<p><object class=\"wp-block-file__embed\" style=\"width: 100%; height: 600px;\" data=\"https:\/\/acpv.cat\/accionat\/wp-content\/uploads\/2023\/06\/constitucioassociaciosn.pdf\" type=\"application\/pdf\" width=\"300\" height=\"150\" aria-label=\"constitucioassociaciosn\"><embed src=\"https:\/\/acpv.cat\/accionat\/wp-content\/uploads\/2023\/06\/constitucioassociaciosn.pdf\" width=\"300\" height=\"150\" \/><\/object><\/p>\n<p>[\/et_pb_text][\/et_pb_column][\/et_pb_row][\/et_pb_section][et_pb_section fb_built=&#8221;1&#8243; _builder_version=&#8221;4.24.0&#8243; _module_preset=&#8221;default&#8221; global_colors_info=&#8221;{}&#8221;][et_pb_row _builder_version=&#8221;4.24.0&#8243; _module_preset=&#8221;default&#8221; global_colors_info=&#8221;{}&#8221;][et_pb_column type=&#8221;4_4&#8243; _builder_version=&#8221;4.24.0&#8243; _module_preset=&#8221;default&#8221; global_colors_info=&#8221;{}&#8221;][et_pb_heading title=&#8221;ENLLA\u00c7OS&#8221; admin_label=&#8221;ENLLA\u00c7OS&#8221; _builder_version=&#8221;4.24.0&#8243; _module_preset=&#8221;default&#8221; global_colors_info=&#8221;{}&#8221;][\/et_pb_heading][et_pb_text _builder_version=&#8221;4.24.0&#8243; _module_preset=&#8221;default&#8221; global_colors_info=&#8221;{}&#8221;]<\/p>\n<p><a href=\"https:\/\/xarxanet.org\/economic\/recursos\/com-demanar-el-nif-primer-cop\" data-type=\"URL\" data-id=\"https:\/\/xarxanet.org\/economic\/recursos\/com-demanar-el-nif-primer-cop\">Com demanar el NIF per primer cop<\/a><\/p>\n<p><a href=\"https:\/\/www.crajbcn.cat\/obligacions-legals-associacions-tot-el-que-cal-saber\/?print=pdf\" data-type=\"URL\" data-id=\"https:\/\/www.crajbcn.cat\/obligacions-legals-associacions-tot-el-que-cal-saber\/?print=pdf\">Obligacions legals de les associacions (CRAIJB) <\/a><\/p>\n<p>[\/et_pb_text][\/et_pb_column][\/et_pb_row][\/et_pb_section][et_pb_section fb_built=&#8221;1&#8243; _builder_version=&#8221;4.24.0&#8243; _module_preset=&#8221;default&#8221; global_colors_info=&#8221;{}&#8221;][et_pb_row _builder_version=&#8221;4.24.0&#8243; _module_preset=&#8221;default&#8221; global_colors_info=&#8221;{}&#8221;][et_pb_column type=&#8221;4_4&#8243; _builder_version=&#8221;4.24.0&#8243; _module_preset=&#8221;default&#8221; global_colors_info=&#8221;{}&#8221;][et_pb_heading title=&#8221;MATERIALS INTERESSANTS AMB MOLTA INFORMACI\u00d3&#8221; admin_label=&#8221;MATERIALS INTERESSANTS AMB MOLTA INFORMACI\u00d3&#8221; _builder_version=&#8221;4.24.0&#8243; _module_preset=&#8221;default&#8221; global_colors_info=&#8221;{}&#8221;][\/et_pb_heading][\/et_pb_column][\/et_pb_row][et_pb_row column_structure=&#8221;1_2,1_2&#8243; _builder_version=&#8221;4.24.0&#8243; _module_preset=&#8221;default&#8221; global_colors_info=&#8221;{}&#8221;][et_pb_column type=&#8221;1_2&#8243; _builder_version=&#8221;4.24.0&#8243; _module_preset=&#8221;default&#8221; global_colors_info=&#8221;{}&#8221;][et_pb_text _builder_version=&#8221;4.24.0&#8243; _module_preset=&#8221;default&#8221; global_colors_info=&#8221;{}&#8221;]<\/p>\n<p>Aquesta Guia publicada per la Conselleria de Participaci\u00f3, Transpar\u00e8ncia i Qualitat Democr\u00e0tica l\u2019abril de 2022 \u00e9s molt completa en aspectes t\u00e8cnics a m\u00e9s de tenir q\u00fcestions de reflexi\u00f3 sobre participaci\u00f3 i associacionisme.<\/p>\n<p>Podeu\u00a0<a href=\"https:\/\/participem.gva.es\/documents\/164666869\/175578073\/Gu%C3%ADa+valenciano\/7260772c-344e-411f-9078-48e97695db98\">descarregarla a https:\/\/participem.gva.es\/documents\/164666869\/175578073\/Gu\u00eda+valenciano\/7260772c-344e-411f-9078-48e97695db98<\/a><\/p>\n<p>[\/et_pb_text][\/et_pb_column][et_pb_column type=&#8221;1_2&#8243; _builder_version=&#8221;4.24.0&#8243; _module_preset=&#8221;default&#8221; global_colors_info=&#8221;{}&#8221;][et_pb_image src=&#8221;https:\/\/acpv.cat\/accionat\/wp-content\/uploads\/2023\/11\/Captura-de-pantalla-2023-11-03-a-les-11.12.13.png&#8221; title_text=&#8221;Captura-de-pantalla-2023-11-03-a-les-11.12.13&#8243; _builder_version=&#8221;4.24.0&#8243; _module_preset=&#8221;default&#8221; global_colors_info=&#8221;{}&#8221;][\/et_pb_image][\/et_pb_column][\/et_pb_row][et_pb_row _builder_version=&#8221;4.24.0&#8243; _module_preset=&#8221;default&#8221; global_colors_info=&#8221;{}&#8221;][et_pb_column type=&#8221;4_4&#8243; _builder_version=&#8221;4.24.0&#8243; _module_preset=&#8221;default&#8221; global_colors_info=&#8221;{}&#8221;][et_pb_divider color=&#8221;#000000&#8243; divider_style=&#8221;dashed&#8221; _builder_version=&#8221;4.24.0&#8243; _module_preset=&#8221;default&#8221; global_colors_info=&#8221;{}&#8221;][\/et_pb_divider][\/et_pb_column][\/et_pb_row][et_pb_row column_structure=&#8221;1_2,1_2&#8243; _builder_version=&#8221;4.24.0&#8243; _module_preset=&#8221;default&#8221; global_colors_info=&#8221;{}&#8221;][et_pb_column type=&#8221;1_2&#8243; _builder_version=&#8221;4.24.0&#8243; _module_preset=&#8221;default&#8221; global_colors_info=&#8221;{}&#8221;][et_pb_image src=&#8221;https:\/\/acpv.cat\/accionat\/wp-content\/uploads\/2023\/06\/Captura-de-pantalla-2023-06-06-a-les-17.25.06.png&#8221; title_text=&#8221;Captura-de-pantalla-2023-06-06-a-les-17.25.06&#8243; _builder_version=&#8221;4.24.0&#8243; _module_preset=&#8221;default&#8221; global_colors_info=&#8221;{}&#8221;][\/et_pb_image][\/et_pb_column][et_pb_column type=&#8221;1_2&#8243; _builder_version=&#8221;4.24.0&#8243; _module_preset=&#8221;default&#8221; global_colors_info=&#8221;{}&#8221;][et_pb_text _builder_version=&#8221;4.24.0&#8243; _module_preset=&#8221;default&#8221; global_colors_info=&#8221;{}&#8221;]<\/p>\n<p>Aquest Manual va ser publicat per l&#8217;Ajuntament de Barcelona l&#8217;any 2010.<\/p>\n<p>\u00c9s molt complet i en la primera part aclareix les difer\u00e8ncies entre associaci\u00f3, empresa, cooperativa i federaci\u00f3.<\/p>\n<p>Despr\u00e9s explica de manera exhaustiva tots els tr\u00e0mits per constituir una associaci\u00f3 i les obligacions documentals i fiscals de les mateixes.<\/p>\n<p>El podeu descarregar a: <a href=\"https:\/\/tjussana.cat\/wp-content\/uploads\/2022\/01\/UP_22.pdf\" target=\"_blank\" rel=\"noreferrer noopener\">https:\/\/tjussana.cat\/wp-content\/uploads\/2022\/01\/UP_22.pdf<\/a><\/p>\n<p>[\/et_pb_text][\/et_pb_column][\/et_pb_row][et_pb_row _builder_version=&#8221;4.24.0&#8243; _module_preset=&#8221;default&#8221; global_colors_info=&#8221;{}&#8221;][et_pb_column type=&#8221;4_4&#8243; _builder_version=&#8221;4.24.0&#8243; _module_preset=&#8221;default&#8221; global_colors_info=&#8221;{}&#8221;][et_pb_divider color=&#8221;#000000&#8243; divider_style=&#8221;dashed&#8221; _builder_version=&#8221;4.24.0&#8243; _module_preset=&#8221;default&#8221; global_colors_info=&#8221;{}&#8221;][\/et_pb_divider][\/et_pb_column][\/et_pb_row][et_pb_row column_structure=&#8221;1_2,1_2&#8243; _builder_version=&#8221;4.24.0&#8243; _module_preset=&#8221;default&#8221; global_colors_info=&#8221;{}&#8221;][et_pb_column type=&#8221;1_2&#8243; _builder_version=&#8221;4.24.0&#8243; _module_preset=&#8221;default&#8221; global_colors_info=&#8221;{}&#8221;][et_pb_text _builder_version=&#8221;4.24.0&#8243; _module_preset=&#8221;default&#8221; global_colors_info=&#8221;{}&#8221;]<\/p>\n<p>Aquest Manual va ser publicat pel Centre de Recursos Associatius de la Fundaci\u00f3 Horta Sud l&#8217;any 2018.<\/p>\n<p>Explica molt b\u00e9 els passos per crear una associaci\u00f3 i els actes que cal inscriure en el registre al llarg de la vida d&#8217;una associaci\u00f3.<\/p>\n<p>Tamb\u00e9 aclareix molt b\u00e9 el paper i les funcions de l&#8217;assemblea, la junta directiva, els socis i s\u00f2cies i altres temes com els comptes bancaris, la transpar\u00e8ncia, la responsabilitat civil i la protecci\u00f3 de dades.<\/p>\n<p>El podeu descarregar ac\u00ed: <a href=\"https:\/\/fundaciohortasud.org\/wp-content\/uploads\/2018\/10\/Manual-basic-de-procediments-per-a-la-constitucio-i-gestio-dassociacions.pdf\" target=\"_blank\" rel=\"noreferrer noopener\">https:\/\/fundaciohortasud.org\/wp-content\/uploads\/2018\/10\/Manual-basic-de-procediments-per-a-la-constitucio-i-gestio-dassociacions.pdf<\/a><\/p>\n<p>[\/et_pb_text][\/et_pb_column][et_pb_column type=&#8221;1_2&#8243; _builder_version=&#8221;4.24.0&#8243; _module_preset=&#8221;default&#8221; global_colors_info=&#8221;{}&#8221;][et_pb_image src=&#8221;https:\/\/acpv.cat\/accionat\/wp-content\/uploads\/2023\/06\/Captura-de-pantalla-2023-06-06-a-les-17.32.40.png&#8221; title_text=&#8221;Captura-de-pantalla-2023-06-06-a-les-17.32.40&#8243; _builder_version=&#8221;4.24.0&#8243; _module_preset=&#8221;default&#8221; global_colors_info=&#8221;{}&#8221;][\/et_pb_image][\/et_pb_column][\/et_pb_row][\/et_pb_section][et_pb_section fb_built=&#8221;1&#8243; admin_label=&#8221;PEU MISSATGE&#8221; _builder_version=&#8221;4.16&#8243; _module_preset=&#8221;default&#8221; background_color=&#8221;#0f393b&#8221; custom_padding=&#8221;5vw||5vw||true|false&#8221; border_radii=&#8221;off|20px|20px||&#8221; saved_tabs=&#8221;all&#8221; locked=&#8221;off&#8221; global_colors_info=&#8221;{}&#8221;][et_pb_row _builder_version=&#8221;4.16&#8243; _module_preset=&#8221;default&#8221; global_colors_info=&#8221;{}&#8221;][et_pb_column type=&#8221;4_4&#8243; _builder_version=&#8221;4.16&#8243; _module_preset=&#8221;default&#8221; global_colors_info=&#8221;{}&#8221;][et_pb_text _builder_version=&#8221;4.24.0&#8243; _module_preset=&#8221;df96b77a-cd4f-44a8-a771-2d6347592b53&#8243; header_2_font=&#8221;DM Sans||||||||&#8221; header_2_text_align=&#8221;center&#8221; header_2_text_color=&#8221;#FFFFFF&#8221; header_2_font_size=&#8221;50px&#8221; header_2_letter_spacing=&#8221;-0.02em&#8221; header_2_line_height=&#8221;1.15em&#8221; max_width=&#8221;960px&#8221; module_alignment=&#8221;center&#8221; header_2_text_align_tablet=&#8221;left&#8221; header_2_text_align_phone=&#8221;&#8221; header_2_text_align_last_edited=&#8221;on|phone&#8221; header_2_font_size_tablet=&#8221;32px&#8221; header_2_font_size_phone=&#8221;20px&#8221; header_2_font_size_last_edited=&#8221;on|desktop&#8221; locked=&#8221;off&#8221; global_colors_info=&#8221;{}&#8221;]<\/p>\n<h2>Les associacions s\u00f3n la possibilitat i el futur per a vertebrar el nostre Pa\u00eds Valenci\u00e0.<\/h2>\n<p>&nbsp;<\/p>\n<p>[\/et_pb_text][\/et_pb_column][\/et_pb_row][et_pb_row column_structure=&#8221;1_2,1_2&#8243; _builder_version=&#8221;4.24.0&#8243; _module_preset=&#8221;default&#8221; custom_padding=&#8221;0px||||false|false&#8221; global_colors_info=&#8221;{}&#8221;][et_pb_column type=&#8221;1_2&#8243; _builder_version=&#8221;4.24.0&#8243; _module_preset=&#8221;default&#8221; global_colors_info=&#8221;{}&#8221;][et_pb_text _builder_version=&#8221;4.16&#8243; _module_preset=&#8221;default&#8221; text_font=&#8221;DM Sans||||||||&#8221; text_text_color=&#8221;#FFFFFF&#8221; text_font_size=&#8221;22px&#8221; link_text_color=&#8221;#FFFFFF&#8221; text_orientation=&#8221;right&#8221; text_font_size_tablet=&#8221;18px&#8221; text_font_size_phone=&#8221;14px&#8221; text_font_size_last_edited=&#8221;on|tablet&#8221; text_orientation_tablet=&#8221;left&#8221; text_orientation_phone=&#8221;&#8221; text_orientation_last_edited=&#8221;on|tablet&#8221; global_colors_info=&#8221;{}&#8221; link_text_color__hover_enabled=&#8221;on|hover&#8221; link_text_color__hover=&#8221;#FFFFFF&#8221;]<\/p>\n<p>Correu-e: <a href=\"mailto:hello@divingo.com\">accionat@acpv.cat<\/a><\/p>\n<p>[\/et_pb_text][\/et_pb_column][et_pb_column type=&#8221;1_2&#8243; _builder_version=&#8221;4.16&#8243; _module_preset=&#8221;default&#8221; global_colors_info=&#8221;{}&#8221;][et_pb_text _builder_version=&#8221;4.16&#8243; _module_preset=&#8221;default&#8221; text_font=&#8221;DM Sans||||||||&#8221; text_text_color=&#8221;#FFFFFF&#8221; text_font_size=&#8221;22px&#8221; link_text_color=&#8221;#FFFFFF&#8221; text_font_size_tablet=&#8221;18px&#8221; text_font_size_phone=&#8221;14px&#8221; text_font_size_last_edited=&#8221;on|tablet&#8221; locked=&#8221;off&#8221; global_colors_info=&#8221;{}&#8221; link_text_color__hover_enabled=&#8221;on|hover&#8221; link_text_color__hover=&#8221;#FFFFFF&#8221;]<\/p>\n<p>Tel\u00e8fon: 96 315 77 99<\/p>\n<p>[\/et_pb_text][\/et_pb_column][\/et_pb_row][\/et_pb_section]<\/p>\n","protected":false},"excerpt":{"rendered":"<p>directoriAspectes generals Com demanar el NIF per primer cop Obligacions legals de les associacions (CRAIJB) Aquesta Guia publicada per la Conselleria de Participaci\u00f3, Transpar\u00e8ncia i Qualitat Democr\u00e0tica l\u2019abril de 2022 \u00e9s molt completa en aspectes t\u00e8cnics a m\u00e9s de tenir q\u00fcestions de reflexi\u00f3 sobre participaci\u00f3 i associacionisme. Podeu\u00a0descarregarla a https:\/\/participem.gva.es\/documents\/164666869\/175578073\/Gu\u00eda+valenciano\/7260772c-344e-411f-9078-48e97695db98Aquest Manual va ser publicat per [&hellip;]<\/p>\n","protected":false},"author":2,"featured_media":0,"parent":45,"menu_order":0,"comment_status":"closed","ping_status":"closed","template":"","meta":{"_et_pb_use_builder":"on","_et_pb_old_content":"<!-- wp:file {\"id\":91,\"href\":\"https:\/\/acpv.cat\/accionat\/wp-content\/uploads\/2023\/06\/constitucioassociaciosn.pdf\",\"displayPreview\":true} -->\r\n<div class=\"wp-block-file\"><object class=\"wp-block-file__embed\" style=\"width: 100%; height: 600px;\" data=\"https:\/\/acpv.cat\/accionat\/wp-content\/uploads\/2023\/06\/constitucioassociaciosn.pdf\" type=\"application\/pdf\" width=\"300\" height=\"150\" aria-label=\"constitucioassociaciosn\"><span data-mce-type=\"bookmark\" style=\"display: inline-block; width: 0px; overflow: hidden; line-height: 0;\" class=\"mce_SELRES_start\">\ufeff<\/span><\/object><a id=\"wp-block-file--media-208e40f8-3920-4e5e-a346-e4cf6fa7c501\" href=\"https:\/\/acpv.cat\/accionat\/wp-content\/uploads\/2023\/06\/constitucioassociaciosn.pdf\">constitucioassociaciosn<\/a><a class=\"wp-block-file__button wp-element-button\" href=\"https:\/\/acpv.cat\/accionat\/wp-content\/uploads\/2023\/06\/constitucioassociaciosn.pdf\" download=\"\" aria-describedby=\"wp-block-file--media-208e40f8-3920-4e5e-a346-e4cf6fa7c501\">Baixa<\/a><\/div>\r\n<!-- \/wp:file --><!-- wp:paragraph {\"align\":\"center\"} -->\r\n<p class=\"has-text-align-center\"><strong>ENLLA\u00c7OS<\/strong><\/p>\r\n<!-- \/wp:paragraph --><!-- wp:paragraph -->\r\n<p><a href=\"https:\/\/xarxanet.org\/economic\/recursos\/com-demanar-el-nif-primer-cop\" data-type=\"URL\" data-id=\"https:\/\/xarxanet.org\/economic\/recursos\/com-demanar-el-nif-primer-cop\">Com demanar el NIF per primer cop<\/a><\/p>\r\n<!-- \/wp:paragraph --><!-- wp:paragraph -->\r\n<p><a href=\"https:\/\/www.crajbcn.cat\/obligacions-legals-associacions-tot-el-que-cal-saber\/?print=pdf\" data-type=\"URL\" data-id=\"https:\/\/www.crajbcn.cat\/obligacions-legals-associacions-tot-el-que-cal-saber\/?print=pdf\">Obligacions legals de les associacions (CRAIJB) <\/a><\/p>\r\n<!-- \/wp:paragraph --><!-- wp:paragraph -->\r\n<p>\u00a0<\/p>\r\n<!-- \/wp:paragraph --><!-- wp:paragraph {\"align\":\"center\"} -->\r\n<p class=\"has-text-align-center\"><strong>MATERIALS INTERESSANTS AMB MOLTA INFORMACI\u00d3<\/strong><\/p>\r\n<!-- \/wp:paragraph --><!-- wp:media-text {\"align\":\"wide\",\"mediaPosition\":\"right\",\"mediaId\":259,\"mediaLink\":\"https:\/\/acpv.cat\/accionat\/recursos\/aspectes-generals\/captura-de-pantalla-2023-11-03-a-les-11-12-13\/\",\"mediaType\":\"image\"} -->\r\n<div class=\"wp-block-media-text alignwide has-media-on-the-right is-stacked-on-mobile\">\r\n<div class=\"wp-block-media-text__content\"><!-- wp:paragraph -->\r\n<p>Aquesta Guia publicada per la Conselleria de Participaci\u00f3, Transpar\u00e8ncia i Qualitat Democr\u00e0tica l'abril de 2022 \u00e9s molt completa en aspectes t\u00e8cnics a m\u00e9s de tenir q\u00fcestions de reflexi\u00f3 sobre participaci\u00f3 i associacionisme. Podeu <a href=\"https:\/\/participem.gva.es\/documents\/164666869\/175578073\/Gu\u00eda+valenciano\/7260772c-344e-411f-9078-48e97695db98\">descarregarla a https:\/\/participem.gva.es\/documents\/164666869\/175578073\/Gu\u00eda+valenciano\/7260772c-344e-411f-9078-48e97695db98<\/a><\/p>\r\n<!-- \/wp:paragraph --><\/div>\r\n<figure class=\"wp-block-media-text__media\"><img class=\"wp-image-259 size-full\" src=\"https:\/\/acpv.cat\/accionat\/wp-content\/uploads\/2023\/11\/Captura-de-pantalla-2023-11-03-a-les-11.12.13-1024x732.png\" alt=\"\" \/><\/figure>\r\n<\/div>\r\n<!-- \/wp:media-text --><!-- wp:media-text {\"align\":\"wide\",\"mediaId\":98,\"mediaLink\":\"https:\/\/acpv.cat\/accionat\/recursos\/aspectes-generals\/captura-de-pantalla-2023-06-06-a-les-17-25-06\/\",\"mediaType\":\"image\"} -->\r\n<div class=\"wp-block-media-text alignwide is-stacked-on-mobile\">\r\n<figure class=\"wp-block-media-text__media\"><img class=\"wp-image-98 size-full\" src=\"https:\/\/acpv.cat\/accionat\/wp-content\/uploads\/2023\/06\/Captura-de-pantalla-2023-06-06-a-les-17.25.06-1024x934.png\" alt=\"\" \/><\/figure>\r\n<div class=\"wp-block-media-text__content\"><!-- wp:paragraph {\"placeholder\":\"Contingut...\"} -->\r\n<p>Aquest Manual va ser publicat per l'Ajuntament de Barcelona l'any 2010.<\/p>\r\n<!-- \/wp:paragraph --><!-- wp:paragraph -->\r\n<p>\u00c9s molt complet i en la primera part aclareix les difer\u00e8ncies entre associaci\u00f3, empresa, cooperativa i federaci\u00f3.<\/p>\r\n<!-- \/wp:paragraph --><!-- wp:paragraph -->\r\n<p>Despr\u00e9s explica de manera exhaustiva tots els tr\u00e0mits per constituir una associaci\u00f3 i les obligacions documentals i fiscals de les mateixes.<\/p>\r\n<!-- \/wp:paragraph --><!-- wp:paragraph -->\r\n<p>El podeu descarregar a: <a href=\"https:\/\/tjussana.cat\/wp-content\/uploads\/2022\/01\/UP_22.pdf\" target=\"_blank\" rel=\"noreferrer noopener\">https:\/\/tjussana.cat\/wp-content\/uploads\/2022\/01\/UP_22.pdf<\/a><\/p>\r\n<!-- \/wp:paragraph --><\/div>\r\n<\/div>\r\n<!-- \/wp:media-text --><!-- wp:media-text {\"align\":\"wide\",\"mediaPosition\":\"right\",\"mediaId\":99,\"mediaLink\":\"https:\/\/acpv.cat\/accionat\/recursos\/aspectes-generals\/captura-de-pantalla-2023-06-06-a-les-17-32-40\/\",\"mediaType\":\"image\",\"mediaWidth\":42} -->\r\n<div class=\"wp-block-media-text alignwide has-media-on-the-right is-stacked-on-mobile\" style=\"grid-template-columns: auto 42%;\">\r\n<div class=\"wp-block-media-text__content\"><!-- wp:paragraph {\"placeholder\":\"Contingut...\"} -->\r\n<p>Aquest Manual va ser publicat pel Centre de Recursos Associatius de la Fundaci\u00f3 Horta Sud l'any 2018.<\/p>\r\n<!-- \/wp:paragraph --><!-- wp:paragraph -->\r\n<p>Explica molt b\u00e9 els passos per crear una associaci\u00f3 i els actes que cal inscriure en el registre al llarg de la vida d'una associaci\u00f3.<\/p>\r\n<!-- \/wp:paragraph --><!-- wp:paragraph -->\r\n<p>Tamb\u00e9 aclareix molt b\u00e9 el paper i les funcions de l'assemblea, la junta directiva, els socis i s\u00f2cies i altres temes com els comptes bancaris, la transpar\u00e8ncia, la responsabilitat civil i la protecci\u00f3 de dades.<\/p>\r\n<!-- \/wp:paragraph --><!-- wp:paragraph -->\r\n<p>El podeu descarregar ac\u00ed: <a href=\"https:\/\/fundaciohortasud.org\/wp-content\/uploads\/2018\/10\/Manual-basic-de-procediments-per-a-la-constitucio-i-gestio-dassociacions.pdf\" target=\"_blank\" rel=\"noreferrer noopener\">https:\/\/fundaciohortasud.org\/wp-content\/uploads\/2018\/10\/Manual-basic-de-procediments-per-a-la-constitucio-i-gestio-dassociacions.pdf<\/a><\/p>\r\n<!-- \/wp:paragraph --><\/div>\r\n<figure class=\"wp-block-media-text__media\"><img class=\"wp-image-99 size-full\" src=\"https:\/\/acpv.cat\/accionat\/wp-content\/uploads\/2023\/06\/Captura-de-pantalla-2023-06-06-a-les-17.32.40-1024x809.png\" alt=\"\" \/><\/figure>\r\n<\/div>\r\n<!-- \/wp:media-text -->","_et_gb_content_width":"","footnotes":""},"class_list":["post-85","page","type-page","status-publish","hentry"],"_links":{"self":[{"href":"https:\/\/acpv.cat\/accionat\/wp-json\/wp\/v2\/pages\/85","targetHints":{"allow":["GET"]}}],"collection":[{"href":"https:\/\/acpv.cat\/accionat\/wp-json\/wp\/v2\/pages"}],"about":[{"href":"https:\/\/acpv.cat\/accionat\/wp-json\/wp\/v2\/types\/page"}],"author":[{"embeddable":true,"href":"https:\/\/acpv.cat\/accionat\/wp-json\/wp\/v2\/users\/2"}],"replies":[{"embeddable":true,"href":"https:\/\/acpv.cat\/accionat\/wp-json\/wp\/v2\/comments?post=85"}],"version-history":[{"count":17,"href":"https:\/\/acpv.cat\/accionat\/wp-json\/wp\/v2\/pages\/85\/revisions"}],"predecessor-version":[{"id":419,"href":"https:\/\/acpv.cat\/accionat\/wp-json\/wp\/v2\/pages\/85\/revisions\/419"}],"up":[{"embeddable":true,"href":"https:\/\/acpv.cat\/accionat\/wp-json\/wp\/v2\/pages\/45"}],"wp:attachment":[{"href":"https:\/\/acpv.cat\/accionat\/wp-json\/wp\/v2\/media?parent=85"}],"curies":[{"name":"wp","href":"https:\/\/api.w.org\/{rel}","templated":true}]}}