{"id":95,"date":"2023-06-06T17:22:35","date_gmt":"2023-06-06T15:22:35","guid":{"rendered":"https:\/\/acpv.cat\/accionat\/?page_id=95"},"modified":"2024-01-31T12:45:27","modified_gmt":"2024-01-31T11:45:27","slug":"documentacio","status":"publish","type":"page","link":"https:\/\/acpv.cat\/accionat\/recursos\/aspectes-generals\/documentacio\/","title":{"rendered":"DOCUMENTACI\u00d3"},"content":{"rendered":"[et_pb_section fb_built=&#8221;1&#8243; admin_label=&#8221;Header&#8221; _builder_version=&#8221;4.16&#8243; _module_preset=&#8221;default&#8221; background_color=&#8221;#f5f3ee&#8221; global_colors_info=&#8221;{}&#8221; theme_builder_area=&#8221;post_content&#8221;][et_pb_row column_structure=&#8221;1_2,1_2&#8243; _builder_version=&#8221;4.16&#8243; _module_preset=&#8221;default&#8221; custom_padding=&#8221;|0px||||&#8221; global_colors_info=&#8221;{}&#8221; theme_builder_area=&#8221;post_content&#8221;][et_pb_column type=&#8221;1_2&#8243; _builder_version=&#8221;4.16&#8243; _module_preset=&#8221;default&#8221; custom_padding=&#8221;6%||||false|false&#8221; custom_padding_tablet=&#8221;0%||||false|false&#8221; custom_padding_phone=&#8221;&#8221; custom_padding_last_edited=&#8221;on|tablet&#8221; global_colors_info=&#8221;{}&#8221; theme_builder_area=&#8221;post_content&#8221;][et_pb_text _builder_version=&#8221;4.24.0&#8243; _module_preset=&#8221;534cc526-6274-4e31-9e1a-7f18a5947bf1&#8243; header_4_font=&#8221;DM Sans|700||on|||||&#8221; header_4_text_color=&#8221;#EF8451&#8243; header_4_font_size=&#8221;14px&#8221; header_4_letter_spacing=&#8221;1px&#8221; header_4_line_height=&#8221;1.5em&#8221; custom_margin=&#8221;||0px||false|false&#8221; header_4_font_size_tablet=&#8221;14px&#8221; header_4_font_size_phone=&#8221;&#8221; header_4_font_size_last_edited=&#8221;on|tablet&#8221; locked=&#8221;off&#8221; global_colors_info=&#8221;{}&#8221; theme_builder_area=&#8221;post_content&#8221;]<h4>directori<\/h4>[\/et_pb_text][et_pb_text _builder_version=&#8221;4.24.0&#8243; _module_preset=&#8221;e864d11f-3dab-4fa3-ac06-4f0e1a260807&#8243; header_font=&#8221;DM Sans||||||||&#8221; header_text_color=&#8221;#093532&#8243; header_font_size=&#8221;64px&#8221; header_letter_spacing=&#8221;-0.02em&#8221; header_line_height=&#8221;1.15em&#8221; custom_margin=&#8221;||16px||false|false&#8221; hover_enabled=&#8221;0&#8243; header_font_size_tablet=&#8221;40px&#8221; header_font_size_phone=&#8221;24px&#8221; header_font_size_last_edited=&#8221;on|desktop&#8221; locked=&#8221;off&#8221; global_colors_info=&#8221;{}&#8221; theme_builder_area=&#8221;post_content&#8221; sticky_enabled=&#8221;0&#8243;]<h1>Documentaci\u00f3<\/h1>[\/et_pb_text][\/et_pb_column][et_pb_column type=&#8221;1_2&#8243; _builder_version=&#8221;4.16&#8243; _module_preset=&#8221;default&#8221; global_colors_info=&#8221;{}&#8221; theme_builder_area=&#8221;post_content&#8221;][et_pb_image src=&#8221;https:\/\/acpv.cat\/accionat\/wp-content\/uploads\/2024\/01\/documentacio_icon.png&#8221; title_text=&#8221;documentacio_icon&#8221; align=&#8221;center&#8221; _builder_version=&#8221;4.24.0&#8243; _module_preset=&#8221;default&#8221; max_height=&#8221;350px&#8221; hover_enabled=&#8221;0&#8243; locked=&#8221;off&#8221; global_colors_info=&#8221;{}&#8221; theme_builder_area=&#8221;post_content&#8221; sticky_enabled=&#8221;0&#8243;][\/et_pb_image][\/et_pb_column][\/et_pb_row][\/et_pb_section][et_pb_section fb_built=&#8221;1&#8243; _builder_version=&#8221;4.24.0&#8243; _module_preset=&#8221;default&#8221; global_colors_info=&#8221;{}&#8221; theme_builder_area=&#8221;post_content&#8221;][et_pb_row column_structure=&#8221;1_4,1_2,1_4&#8243; _builder_version=&#8221;4.24.0&#8243; _module_preset=&#8221;default&#8221; global_colors_info=&#8221;{}&#8221; theme_builder_area=&#8221;post_content&#8221;][et_pb_column type=&#8221;1_4&#8243; _builder_version=&#8221;4.24.0&#8243; _module_preset=&#8221;default&#8221; global_colors_info=&#8221;{}&#8221; theme_builder_area=&#8221;post_content&#8221;][\/et_pb_column][et_pb_column type=&#8221;1_2&#8243; _builder_version=&#8221;4.24.0&#8243; _module_preset=&#8221;default&#8221; global_colors_info=&#8221;{}&#8221; theme_builder_area=&#8221;post_content&#8221;][et_pb_text _builder_version=&#8221;4.24.0&#8243; _module_preset=&#8221;default&#8221; hover_enabled=&#8221;0&#8243; global_colors_info=&#8221;{}&#8221; theme_builder_area=&#8221;post_content&#8221; sticky_enabled=&#8221;0&#8243;]<p><a href=\"https:\/\/acpv.cat\/accionat\/wp-content\/uploads\/2023\/06\/INSTANCIA-REGISTRE-DASSOCIACIONS.pdf\">INST\u00c0NCIA PER REGISTRAR UNA ASSOCIACI\u00d3<\/a><\/p>\n<p><!-- \/wp:post-content --><!-- wp:paragraph --><\/p>\n<p><a href=\"https:\/\/acpv.cat\/accionat\/wp-content\/uploads\/2023\/06\/MODEL-ACTA-FUNDACIONAL.pdf\" data-type=\"attachment\" data-id=\"107\">MODEL ACTA FUNDACIONAL<\/a><\/p>\n<p><!-- \/wp:paragraph --><!-- wp:paragraph --><\/p>\n<p><a href=\"https:\/\/acpv.cat\/accionat\/wp-content\/uploads\/2023\/06\/MODEL-D\u00b4ORGAN-PROVISIONAL-DE-REPRESENTACIO.pdf\" data-type=\"attachment\" data-id=\"106\">MODEL DE DOCUMENT DE RELACI\u00d3 D&#8217;\u00d2RGANS DE REPRESENTACI\u00d3<\/a><\/p>\n<p><!-- \/wp:paragraph --><!-- wp:paragraph --><\/p>\n<p>MODELS D&#8217;ESTATUTS<\/p>\n<p><!-- \/wp:paragraph --><!-- wp:paragraph {\"align\":\"center\"} --><\/p>\n<p class=\"has-text-align-center\"><a href=\"https:\/\/tjussana.cat\/wp-content\/uploads\/2022\/01\/GA_7.pdf\" target=\"_blank\" rel=\"noreferrer noopener\">Com redactar els estatuts. Ajuntament de Barcelona<\/a><\/p>\n<p><!-- \/wp:paragraph --><!-- wp:paragraph {\"align\":\"center\"} --><\/p>\n<p class=\"has-text-align-center\"><a href=\"https:\/\/acpv.cat\/accionat\/wp-content\/uploads\/2023\/06\/Redactar-els-Estatuts.pdf\" data-type=\"attachment\" data-id=\"120\">Indicacions per a la seua redacci\u00f3. Ens de l&#8217;associacionisme cultural catal\u00e0<\/a><\/p>\n<p><!-- \/wp:paragraph --><!-- wp:paragraph {\"align\":\"center\"} --><\/p>\n<p class=\"has-text-align-center\"><a href=\"https:\/\/acpv.cat\/accionat\/wp-content\/uploads\/2023\/06\/Model_d-estatuts_modificacio_o_adaptacio_Llei_1-2002.doc\" data-type=\"attachment\" data-id=\"108\">Model orientatiu Govern Illes Balears<\/a>.<\/p>\n<p><!-- \/wp:paragraph --><!-- wp:paragraph {\"align\":\"center\"} --><\/p>\n<p class=\"has-text-align-center\"><a href=\"https:\/\/acpv.cat\/accionat\/wp-content\/uploads\/2023\/06\/MODEL-D\u00b4ESTATUTSCONSELLJOVVALENCIA.pdf\" data-type=\"attachment\" data-id=\"115\">Model orientatiu Consell Jove Valenci\u00e0<\/a><\/p>\n<p><!-- \/wp:paragraph --><!-- wp:paragraph {\"align\":\"center\"} --><\/p>\n<p class=\"has-text-align-center\"><a href=\"https:\/\/acpv.cat\/accionat\/wp-content\/uploads\/2023\/06\/10260-model_modificacio_estatuts_associacio.pdf\" data-type=\"attachment\" data-id=\"122\">Model Servei Catal\u00e0 d&#8217;Ocupaci\u00f3<\/a><\/p>\n<p><!-- \/wp:paragraph --><!-- wp:paragraph {\"align\":\"center\"} --><\/p>\n<p class=\"has-text-align-center\"><a href=\"https:\/\/acpv.cat\/accionat\/wp-content\/uploads\/2023\/06\/ModeldestatutsassocciaciojuvenilXatiavtraduitssoftcatala.docx\" data-type=\"attachment\" data-id=\"121\">Model associaci\u00f3 juvenil. Aj. de X\u00e0tiva (traducci\u00f3)<\/a><\/p>\n<p><!-- \/wp:paragraph --><!-- wp:paragraph --><\/p>\n<p>&nbsp;<\/p>[\/et_pb_text][\/et_pb_column][et_pb_column type=&#8221;1_4&#8243; _builder_version=&#8221;4.24.0&#8243; _module_preset=&#8221;default&#8221; global_colors_info=&#8221;{}&#8221; theme_builder_area=&#8221;post_content&#8221;][\/et_pb_column][\/et_pb_row][\/et_pb_section][et_pb_section fb_built=&#8221;1&#8243; admin_label=&#8221;PEU MISSATGE&#8221; _builder_version=&#8221;4.16&#8243; _module_preset=&#8221;default&#8221; background_color=&#8221;#0f393b&#8221; custom_padding=&#8221;5vw||5vw||true|false&#8221; border_radii=&#8221;off|20px|20px||&#8221; saved_tabs=&#8221;all&#8221; locked=&#8221;off&#8221; global_colors_info=&#8221;{}&#8221; theme_builder_area=&#8221;post_content&#8221;][et_pb_row _builder_version=&#8221;4.16&#8243; _module_preset=&#8221;default&#8221; global_colors_info=&#8221;{}&#8221; theme_builder_area=&#8221;post_content&#8221;][et_pb_column type=&#8221;4_4&#8243; _builder_version=&#8221;4.16&#8243; _module_preset=&#8221;default&#8221; global_colors_info=&#8221;{}&#8221; theme_builder_area=&#8221;post_content&#8221;][et_pb_text _builder_version=&#8221;4.24.0&#8243; _module_preset=&#8221;df96b77a-cd4f-44a8-a771-2d6347592b53&#8243; header_2_font=&#8221;DM Sans||||||||&#8221; header_2_text_align=&#8221;center&#8221; header_2_text_color=&#8221;#FFFFFF&#8221; header_2_font_size=&#8221;50px&#8221; header_2_letter_spacing=&#8221;-0.02em&#8221; header_2_line_height=&#8221;1.15em&#8221; max_width=&#8221;960px&#8221; module_alignment=&#8221;center&#8221; header_2_text_align_tablet=&#8221;left&#8221; header_2_text_align_phone=&#8221;&#8221; header_2_text_align_last_edited=&#8221;on|phone&#8221; header_2_font_size_tablet=&#8221;32px&#8221; header_2_font_size_phone=&#8221;20px&#8221; header_2_font_size_last_edited=&#8221;on|desktop&#8221; locked=&#8221;off&#8221; global_colors_info=&#8221;{}&#8221; theme_builder_area=&#8221;post_content&#8221;]<h2>Les associacions s\u00f3n la possibilitat i el futur per a vertebrar el nostre Pa\u00eds Valenci\u00e0.<\/h2>\n<p>&nbsp;<\/p>[\/et_pb_text][\/et_pb_column][\/et_pb_row][et_pb_row column_structure=&#8221;1_2,1_2&#8243; _builder_version=&#8221;4.24.0&#8243; _module_preset=&#8221;default&#8221; custom_padding=&#8221;0px||||false|false&#8221; global_colors_info=&#8221;{}&#8221; theme_builder_area=&#8221;post_content&#8221;][et_pb_column type=&#8221;1_2&#8243; _builder_version=&#8221;4.24.0&#8243; _module_preset=&#8221;default&#8221; global_colors_info=&#8221;{}&#8221; theme_builder_area=&#8221;post_content&#8221;][et_pb_text _builder_version=&#8221;4.16&#8243; _module_preset=&#8221;default&#8221; text_font=&#8221;DM Sans||||||||&#8221; text_text_color=&#8221;#FFFFFF&#8221; text_font_size=&#8221;22px&#8221; link_text_color=&#8221;#FFFFFF&#8221; text_orientation=&#8221;right&#8221; text_font_size_tablet=&#8221;18px&#8221; text_font_size_phone=&#8221;14px&#8221; text_font_size_last_edited=&#8221;on|tablet&#8221; text_orientation_tablet=&#8221;left&#8221; text_orientation_phone=&#8221;&#8221; text_orientation_last_edited=&#8221;on|tablet&#8221; global_colors_info=&#8221;{}&#8221; link_text_color__hover_enabled=&#8221;on|hover&#8221; link_text_color__hover=&#8221;#FFFFFF&#8221; theme_builder_area=&#8221;post_content&#8221;]<p>Correu-e: <a href=\"mailto:hello@divingo.com\">accionat@acpv.cat<\/a><\/p>[\/et_pb_text][\/et_pb_column][et_pb_column type=&#8221;1_2&#8243; _builder_version=&#8221;4.16&#8243; _module_preset=&#8221;default&#8221; global_colors_info=&#8221;{}&#8221; theme_builder_area=&#8221;post_content&#8221;][et_pb_text _builder_version=&#8221;4.16&#8243; _module_preset=&#8221;default&#8221; text_font=&#8221;DM Sans||||||||&#8221; text_text_color=&#8221;#FFFFFF&#8221; text_font_size=&#8221;22px&#8221; link_text_color=&#8221;#FFFFFF&#8221; text_font_size_tablet=&#8221;18px&#8221; text_font_size_phone=&#8221;14px&#8221; text_font_size_last_edited=&#8221;on|tablet&#8221; locked=&#8221;off&#8221; global_colors_info=&#8221;{}&#8221; link_text_color__hover_enabled=&#8221;on|hover&#8221; link_text_color__hover=&#8221;#FFFFFF&#8221; theme_builder_area=&#8221;post_content&#8221;]<p>Tel\u00e8fon: 96 315 77 99<\/p>[\/et_pb_text][\/et_pb_column][\/et_pb_row][\/et_pb_section]","protected":false},"excerpt":{"rendered":"<p>directoriDocumentaci\u00f3INST\u00c0NCIA PER REGISTRAR UNA ASSOCIACI\u00d3 MODEL ACTA FUNDACIONAL MODEL DE DOCUMENT DE RELACI\u00d3 D&#8217;\u00d2RGANS DE REPRESENTACI\u00d3 MODELS D&#8217;ESTATUTS Com redactar els estatuts. Ajuntament de Barcelona Indicacions per a la seua redacci\u00f3. Ens de l&#8217;associacionisme cultural catal\u00e0 Model orientatiu Govern Illes Balears. Model orientatiu Consell Jove Valenci\u00e0 Model Servei Catal\u00e0 d&#8217;Ocupaci\u00f3 Model associaci\u00f3 juvenil. Aj. de [&hellip;]<\/p>\n","protected":false},"author":2,"featured_media":0,"parent":85,"menu_order":0,"comment_status":"closed","ping_status":"closed","template":"","meta":{"_et_pb_use_builder":"on","_et_pb_old_content":"<!-- wp:paragraph -->\r\n<p><a href=\"https:\/\/acpv.cat\/accionat\/wp-content\/uploads\/2023\/06\/INSTANCIA-REGISTRE-DASSOCIACIONS.pdf\">INST\u00c0NCIA PER REGISTRAR UNA ASSOCIACI\u00d3<\/a><\/p>\r\n<!-- \/wp:paragraph --><!-- wp:paragraph -->\r\n<p><a href=\"https:\/\/acpv.cat\/accionat\/wp-content\/uploads\/2023\/06\/MODEL-ACTA-FUNDACIONAL.pdf\" data-type=\"attachment\" data-id=\"107\">MODEL ACTA FUNDACIONAL<\/a><\/p>\r\n<!-- \/wp:paragraph --><!-- wp:paragraph -->\r\n<p><a href=\"https:\/\/acpv.cat\/accionat\/wp-content\/uploads\/2023\/06\/MODEL-D\u00b4ORGAN-PROVISIONAL-DE-REPRESENTACIO.pdf\" data-type=\"attachment\" data-id=\"106\">MODEL DE DOCUMENT DE RELACI\u00d3 D'\u00d2RGANS DE REPRESENTACI\u00d3<\/a><\/p>\r\n<!-- \/wp:paragraph --><!-- wp:paragraph -->\r\n<p>MODELS D'ESTATUTS<\/p>\r\n<!-- \/wp:paragraph --><!-- wp:paragraph {\"align\":\"center\"} -->\r\n<p class=\"has-text-align-center\"><a href=\"https:\/\/tjussana.cat\/wp-content\/uploads\/2022\/01\/GA_7.pdf\" target=\"_blank\" rel=\"noreferrer noopener\">Com redactar els estatuts. Ajuntament de Barcelona<\/a><\/p>\r\n<!-- \/wp:paragraph --><!-- wp:paragraph {\"align\":\"center\"} -->\r\n<p class=\"has-text-align-center\"><a href=\"https:\/\/acpv.cat\/accionat\/wp-content\/uploads\/2023\/06\/Redactar-els-Estatuts.pdf\" data-type=\"attachment\" data-id=\"120\">Indicacions per a la seua redacci\u00f3. Ens de l'associacionisme cultural catal\u00e0<\/a><\/p>\r\n<!-- \/wp:paragraph --><!-- wp:paragraph {\"align\":\"center\"} -->\r\n<p class=\"has-text-align-center\"><a href=\"https:\/\/acpv.cat\/accionat\/wp-content\/uploads\/2023\/06\/Model_d-estatuts_modificacio_o_adaptacio_Llei_1-2002.doc\" data-type=\"attachment\" data-id=\"108\">Model orientatiu Govern Illes Balears<\/a>.<\/p>\r\n<!-- \/wp:paragraph --><!-- wp:paragraph {\"align\":\"center\"} -->\r\n<p class=\"has-text-align-center\"><a href=\"https:\/\/acpv.cat\/accionat\/wp-content\/uploads\/2023\/06\/MODEL-D\u00b4ESTATUTSCONSELLJOVVALENCIA.pdf\" data-type=\"attachment\" data-id=\"115\">Model orientatiu Consell Jove Valenci\u00e0<\/a><\/p>\r\n<!-- \/wp:paragraph --><!-- wp:paragraph {\"align\":\"center\"} -->\r\n<p class=\"has-text-align-center\"><a href=\"https:\/\/acpv.cat\/accionat\/wp-content\/uploads\/2023\/06\/10260-model_modificacio_estatuts_associacio.pdf\" data-type=\"attachment\" data-id=\"122\">Model Servei Catal\u00e0 d'Ocupaci\u00f3<\/a><\/p>\r\n<!-- \/wp:paragraph --><!-- wp:paragraph {\"align\":\"center\"} -->\r\n<p class=\"has-text-align-center\"><a href=\"https:\/\/acpv.cat\/accionat\/wp-content\/uploads\/2023\/06\/ModeldestatutsassocciaciojuvenilXatiavtraduitssoftcatala.docx\" data-type=\"attachment\" data-id=\"121\">Model associaci\u00f3 juvenil. Aj. de X\u00e0tiva (traducci\u00f3)<\/a><\/p>\r\n<!-- \/wp:paragraph --><!-- wp:paragraph -->\r\n<p>\u00a0<\/p>\r\n<!-- \/wp:paragraph -->","_et_gb_content_width":"","footnotes":""},"class_list":["post-95","page","type-page","status-publish","hentry"],"_links":{"self":[{"href":"https:\/\/acpv.cat\/accionat\/wp-json\/wp\/v2\/pages\/95","targetHints":{"allow":["GET"]}}],"collection":[{"href":"https:\/\/acpv.cat\/accionat\/wp-json\/wp\/v2\/pages"}],"about":[{"href":"https:\/\/acpv.cat\/accionat\/wp-json\/wp\/v2\/types\/page"}],"author":[{"embeddable":true,"href":"https:\/\/acpv.cat\/accionat\/wp-json\/wp\/v2\/users\/2"}],"replies":[{"embeddable":true,"href":"https:\/\/acpv.cat\/accionat\/wp-json\/wp\/v2\/comments?post=95"}],"version-history":[{"count":14,"href":"https:\/\/acpv.cat\/accionat\/wp-json\/wp\/v2\/pages\/95\/revisions"}],"predecessor-version":[{"id":428,"href":"https:\/\/acpv.cat\/accionat\/wp-json\/wp\/v2\/pages\/95\/revisions\/428"}],"up":[{"embeddable":true,"href":"https:\/\/acpv.cat\/accionat\/wp-json\/wp\/v2\/pages\/85"}],"wp:attachment":[{"href":"https:\/\/acpv.cat\/accionat\/wp-json\/wp\/v2\/media?parent=95"}],"curies":[{"name":"wp","href":"https:\/\/api.w.org\/{rel}","templated":true}]}}