{"id":1134,"date":"2022-04-11T13:40:14","date_gmt":"2022-04-11T11:40:14","guid":{"rendered":"https:\/\/acpv.cat\/animacio\/?page_id=1134"},"modified":"2024-04-22T13:11:28","modified_gmt":"2024-04-22T11:11:28","slug":"campament-destiu","status":"publish","type":"page","link":"https:\/\/acpv.cat\/animacio\/campament-destiu\/","title":{"rendered":"Col\u00f2nies d&#8217;Estiu"},"content":{"rendered":"<p>[et_pb_section fb_built=&#8221;1&#8243; admin_label=&#8221;section&#8221; _builder_version=&#8221;4.16&#8243; background_color=&#8221;#3a3a3a&#8221; parallax=&#8221;on&#8221; transparent_background=&#8221;off&#8221; make_fullwidth=&#8221;off&#8221; use_custom_width=&#8221;off&#8221; width_unit=&#8221;off&#8221; custom_width_px=&#8221;1080px&#8221; custom_width_percent=&#8221;80%&#8221; global_colors_info=&#8221;{}&#8221;][et_pb_row disabled_on=&#8221;on|on|on&#8221; admin_label=&#8221;row&#8221; _builder_version=&#8221;4.16&#8243; background_size=&#8221;initial&#8221; background_position=&#8221;top_left&#8221; background_repeat=&#8221;repeat&#8221; make_fullwidth=&#8221;off&#8221; use_custom_width=&#8221;off&#8221; width_unit=&#8221;on&#8221; custom_width_px=&#8221;1080px&#8221; custom_width_percent=&#8221;80%&#8221; disabled=&#8221;on&#8221; global_colors_info=&#8221;{}&#8221;][et_pb_column type=&#8221;4_4&#8243; _builder_version=&#8221;4.16&#8243; custom_padding=&#8221;|||&#8221; global_colors_info=&#8221;{}&#8221; custom_padding__hover=&#8221;|||&#8221;][et_pb_blurb image=&#8221;https:\/\/acpv.cat\/animacio\/wp-content\/uploads\/2017\/01\/crayons-1445054_1920.jpg&#8221; image_icon_width=&#8221;none&#8221; admin_label=&#8221;Blurb&#8221; _builder_version=&#8221;4.16&#8243; background_size=&#8221;initial&#8221; background_position=&#8221;top_left&#8221; background_repeat=&#8221;repeat&#8221; text_orientation=&#8221;center&#8221; animation=&#8221;off&#8221; use_border_color=&#8221;off&#8221; border_color=&#8221;#ffffff&#8221; border_width=&#8221;1px&#8221; border_style=&#8221;solid&#8221; image_max_width=&#8221;none&#8221; global_colors_info=&#8221;{}&#8221;] [\/et_pb_blurb][\/et_pb_column][\/et_pb_row][et_pb_row admin_label=&#8221;row&#8221; _builder_version=&#8221;4.16&#8243; background_size=&#8221;initial&#8221; background_position=&#8221;top_left&#8221; background_repeat=&#8221;repeat&#8221; make_fullwidth=&#8221;off&#8221; use_custom_width=&#8221;off&#8221; width_unit=&#8221;off&#8221; custom_width_px=&#8221;1080px&#8221; custom_width_percent=&#8221;80%&#8221; global_colors_info=&#8221;{}&#8221;][et_pb_column type=&#8221;4_4&#8243; _builder_version=&#8221;4.16&#8243; custom_padding=&#8221;|||&#8221; global_colors_info=&#8221;{}&#8221; custom_padding__hover=&#8221;|||&#8221;][et_pb_text admin_label=&#8221;Text&#8221; _builder_version=&#8221;4.16&#8243; background_size=&#8221;initial&#8221; background_position=&#8221;top_left&#8221; background_repeat=&#8221;repeat&#8221; text_orientation=&#8221;center&#8221; background_layout=&#8221;dark&#8221; module_alignment=&#8221;center&#8221; use_border_color=&#8221;off&#8221; border_style=&#8221;solid&#8221; global_colors_info=&#8221;{}&#8221;]<\/p>\n<h1 style=\"font-size: 72px; font-weight: 300;\">Col\u00f2nies d&#8217;estiu<\/h1>\n<h2 style=\"font-size: 36px; font-weight: 300;\">A la natura, en valenci\u00e0 &#8211; Alberg Riera d&#8217;Agres<\/h2>\n<p>[\/et_pb_text][\/et_pb_column][\/et_pb_row][\/et_pb_section][et_pb_section fb_built=&#8221;1&#8243; admin_label=&#8221;section&#8221; _builder_version=&#8221;4.16&#8243; transparent_background=&#8221;off&#8221; make_fullwidth=&#8221;off&#8221; use_custom_width=&#8221;off&#8221; width_unit=&#8221;off&#8221; custom_width_px=&#8221;1080px&#8221; custom_width_percent=&#8221;80%&#8221; global_colors_info=&#8221;{}&#8221;][et_pb_row column_structure=&#8221;1_2,1_2&#8243; admin_label=&#8221;Row&#8221; _builder_version=&#8221;4.16&#8243; background_size=&#8221;initial&#8221; background_position=&#8221;top_left&#8221; background_repeat=&#8221;repeat&#8221; make_fullwidth=&#8221;off&#8221; use_custom_width=&#8221;off&#8221; width_unit=&#8221;off&#8221; custom_width_px=&#8221;1080px&#8221; custom_width_percent=&#8221;80%&#8221; global_colors_info=&#8221;{}&#8221;][et_pb_column type=&#8221;1_2&#8243; _builder_version=&#8221;4.16&#8243; custom_padding=&#8221;|||&#8221; global_colors_info=&#8221;{}&#8221; custom_padding__hover=&#8221;|||&#8221;][et_pb_text admin_label=&#8221;Text&#8221; _builder_version=&#8221;4.22.1&#8243; text_font_size=&#8221;15px&#8221; text_line_height=&#8221;1.6em&#8221; background_size=&#8221;initial&#8221; background_position=&#8221;top_left&#8221; background_repeat=&#8221;repeat&#8221; use_border_color=&#8221;off&#8221; border_style=&#8221;solid&#8221; global_colors_info=&#8221;{}&#8221;]<\/p>\n<h1><strong>A la natura, en valenci\u00e0!<\/strong><\/h1>\n<p>Anem 6 dies a<strong>\u00a0 l&#8217;Alberg Riera d&#8217;Agres<\/strong><br \/>\n<strong>&#8212; <\/strong>del<strong> 8 al 13 de juliol de 2024.<\/strong><strong><br \/>\n<\/strong><\/p>\n<p><strong>Preinscripcions fins al 15 de juny<\/strong><\/p>\n<p>Ja arriben les vacances: la piscina, les passejades, el jugar al carrer, les vesprades a la fresca i el temps per a fer una bona lectura estan a tombar el carrer. Ens plantegem fer un campament on tots els elements de les vacances estiguen presents i a m\u00e9s a m\u00e9s puguem con\u00e8ixer gent nova, compartir experi\u00e8ncies, gaudir juntes i compartir la nostra llengua. Criatures de tot el territori esteu convocades.<\/p>\n<p>A les col\u00f2nies assisteix tamb\u00e9 la xicalla del grup d&#8217;Escoltes del Pa\u00eds Valenci\u00e0 que tenim en marxa en Val\u00e8ncia, que han estat fent activitats els dissabtes al llarg de tot el curs.<\/p>\n<p><strong>Dirigit a:<\/strong> Xicalla de 8 a 15 anys. Els grups de treball s\u2019organitzaran amb els grups d&#8217;edat dels escoltes.<\/p>\n<p><strong>Transport fins el campament: <\/strong>\u00a0Anirem amb tren<\/p>\n<p><strong>\u00a0Preu: 375 per a fam\u00edlies s\u00f2cies d&#8217;ACPV ( 395 \u20ac per a fam\u00edlies no s\u00f2cies)<\/strong><br \/>\nInforma&#8217;t de les condicions. Preu especial per a s\u00f2cies<\/p>\n<p><span style=\"font-size: 12px;\"><span class=\"selectable-text copyable-text\">En el cas que un xiquet o xiqueta precise d\u2019algun tipus de suport espec\u00edfic material o personal, la fam\u00edlia, pr\u00e8viament a la pre-reserva, enviar\u00e0 un correu a<\/span> <a href=\"mail%20to: escolaanimacio@acpv.cat\">escoltesdelpaisvalencia@gmail.com \u00a0<\/a><span class=\"selectable-text copyable-text\">tot explicant quines s\u00f3n aquestes necessitats concretes i adjuntant, si ho considera, els informes escaients.\u00a0<\/span><span class=\"selectable-text copyable-text\">L\u2019organitzaci\u00f3 valorar\u00e0 si pot assumir parcialment els costos dels suports materials i personals necessaris.<\/span><\/span><br \/>\n[\/et_pb_text][\/et_pb_column][et_pb_column type=&#8221;1_2&#8243; _builder_version=&#8221;4.16&#8243; custom_padding=&#8221;|||&#8221; global_colors_info=&#8221;{}&#8221; custom_padding__hover=&#8221;|||&#8221;][et_pb_image src=&#8221;https:\/\/acpv.cat\/animacio\/wp-content\/uploads\/2024\/04\/WhatsApp-Image-2024-04-17-at-12.30.09.jpeg&#8221; title_text=&#8221;WhatsApp Image 2024-04-17 at 12.30.09&#8243; show_in_lightbox=&#8221;on&#8221; _builder_version=&#8221;4.22.1&#8243; _module_preset=&#8221;default&#8221; global_colors_info=&#8221;{}&#8221;][\/et_pb_image][et_pb_gallery gallery_ids=&#8221;711,712,713,714,715,716&#8243; gallery_orderby=&#8221;rand&#8221; fullwidth=&#8221;on&#8221; disabled_on=&#8221;on|on|on&#8221; admin_label=&#8221;Pas Fotos Video&#8221; _builder_version=&#8221;4.16&#8243; auto=&#8221;on&#8221; auto_speed=&#8221;4000&#8243; use_border_color=&#8221;off&#8221; border_color=&#8221;#ffffff&#8221; border_style=&#8221;solid&#8221; disabled=&#8221;on&#8221; saved_tabs=&#8221;all&#8221; global_colors_info=&#8221;{}&#8221;] [\/et_pb_gallery][et_pb_video src=&#8221;https:\/\/www.youtube.com\/watch?v=kOEAWxsNJVw&#8221; disabled_on=&#8221;on|on|on&#8221; admin_label=&#8221;Video&#8221; _builder_version=&#8221;4.16&#8243; disabled=&#8221;on&#8221; global_colors_info=&#8221;{}&#8221;] [\/et_pb_video][et_pb_video src=&#8221;https:\/\/www.youtube.com\/watch?v=kOEAWxsNJVw&#8221; disabled_on=&#8221;on|on|on&#8221; admin_label=&#8221;Video&#8221; _builder_version=&#8221;4.16&#8243; disabled=&#8221;on&#8221; global_colors_info=&#8221;{}&#8221;] [\/et_pb_video][\/et_pb_column][\/et_pb_row][et_pb_row _builder_version=&#8221;4.16&#8243; _module_preset=&#8221;default&#8221; global_colors_info=&#8221;{}&#8221;][et_pb_column type=&#8221;4_4&#8243; _builder_version=&#8221;4.16&#8243; _module_preset=&#8221;default&#8221; global_colors_info=&#8221;{}&#8221;][et_pb_text _builder_version=&#8221;4.16&#8243; _module_preset=&#8221;default&#8221; global_colors_info=&#8221;{}&#8221;]<strong>Per a m\u00e9s informaci\u00f3 i per a reservar<\/strong>:<br \/>\nTelefoneu al <strong>96 315 77 99 o 722593724<\/strong> (Pregunteu per Tatiana o de dilluns a dimecres de 9:00 h a 14:00 h o de 15:30 h a 17:00 h. i dijous i divendres de mat\u00ed)<br \/>\nEnvieu correu electr\u00f2nic a <a class=\"moz-txt-link-freetext\" href=\"mailto:matriculesanimacio@acpv.cat\" target=\"_blank\" rel=\"noopener\">escoltesdelpaisvalencia@gmail.com<\/a><br \/>\n[\/et_pb_text][\/et_pb_column][\/et_pb_row][\/et_pb_section][et_pb_section fb_built=&#8221;1&#8243; admin_label=&#8221;Section&#8221; module_id=&#8221;principis&#8221; _builder_version=&#8221;4.16&#8243; transparent_background=&#8221;off&#8221; make_fullwidth=&#8221;off&#8221; use_custom_width=&#8221;off&#8221; width_unit=&#8221;on&#8221; global_colors_info=&#8221;{}&#8221;][et_pb_row _builder_version=&#8221;4.16&#8243; _module_preset=&#8221;default&#8221; global_colors_info=&#8221;{}&#8221;][et_pb_column type=&#8221;4_4&#8243; _builder_version=&#8221;4.16&#8243; _module_preset=&#8221;default&#8221; global_colors_info=&#8221;{}&#8221;][et_pb_divider color=&#8221;#7CDA24&#8243; _builder_version=&#8221;4.20.2&#8243; _module_preset=&#8221;default&#8221; background_color=&#8221;RGBA(0,0,0,0)&#8221; module_alignment=&#8221;center&#8221; global_colors_info=&#8221;{}&#8221;][\/et_pb_divider][\/et_pb_column][\/et_pb_row][et_pb_row column_structure=&#8221;1_4,3_4&#8243; admin_label=&#8221;Row&#8221; _builder_version=&#8221;4.16&#8243; background_size=&#8221;initial&#8221; background_position=&#8221;top_left&#8221; background_repeat=&#8221;repeat&#8221; make_fullwidth=&#8221;off&#8221; use_custom_width=&#8221;off&#8221; width_unit=&#8221;off&#8221; custom_width_px=&#8221;1080px&#8221; custom_width_percent=&#8221;80%&#8221; global_colors_info=&#8221;{}&#8221;][et_pb_column type=&#8221;1_4&#8243; _builder_version=&#8221;4.16&#8243; custom_padding=&#8221;|||&#8221; global_colors_info=&#8221;{}&#8221; custom_padding__hover=&#8221;|||&#8221;][et_pb_text admin_label=&#8221;Per a les fam\u00edlies&#8221; _builder_version=&#8221;4.20.2&#8243; background_color=&#8221;#7CDA24&#8243; background_size=&#8221;initial&#8221; background_position=&#8221;top_left&#8221; background_repeat=&#8221;repeat&#8221; background_layout=&#8221;dark&#8221; custom_css_main_element=&#8221;padding:15px;||border-radius: 20px; ||-webkit-border-radius: 20px; ||-moz-border-radius: 20px; &#8221; use_border_color=&#8221;off&#8221; border_color=&#8221;#ffffff&#8221; border_style=&#8221;solid&#8221; global_colors_info=&#8221;{}&#8221;]<\/p>\n<h1>Per a les fam\u00edlies<\/h1>\n<p>[\/et_pb_text][\/et_pb_column][et_pb_column type=&#8221;3_4&#8243; _builder_version=&#8221;4.16&#8243; custom_padding=&#8221;|||&#8221; global_colors_info=&#8221;{}&#8221; custom_padding__hover=&#8221;|||&#8221;][et_pb_text admin_label=&#8221;Per a les fam\u00edlies&#8221; _builder_version=&#8221;4.20.2&#8243; text_line_height=&#8221;1.6em&#8221; background_size=&#8221;initial&#8221; background_position=&#8221;top_left&#8221; background_repeat=&#8221;repeat&#8221; use_border_color=&#8221;off&#8221; border_color=&#8221;#ffffff&#8221; border_style=&#8221;solid&#8221; global_colors_info=&#8221;{}&#8221;]<\/p>\n<p>Estimada, estimat adult que acompanyes: el temps de campament \u00e9s temps de vacances, i per tant \u00e9s temps de fer coses \u201cdiferents\u201d per\u00f2 tamb\u00e9 pot ser un temps de descans. Volem fugir de les activitats excessivament \u201cadrenal\u00edniques\u201d, i trobar que un temps en natura pot ser (i ha de ser de tant en tant) un espai per a trobar-se (amb si mateix i amb els altres), eixir dels ritmes quotidians i acompassar-se a un temps m\u00e9s tranquil.<br \/>El calendari d\u2019activitats es pactar\u00e0 amb les criatures participants mitjan\u00e7ant assemblees, i es promour\u00e0 que coeixstisquen diferents activitats simult\u00e0nies perqu\u00e8 tot el m\u00f3n tinga un lloc on sentir-se a gust.<br \/>Tenim la intenci\u00f3 de treballar les emocions, el treball en equip, el gaudir col\u00b7lectivament i respectuosament amb i del medi ambient.<\/p>\n<p>[\/et_pb_text][\/et_pb_column][\/et_pb_row][\/et_pb_section][et_pb_section fb_built=&#8221;1&#8243; admin_label=&#8221;Section&#8221; module_id=&#8221;finalitat&#8221; _builder_version=&#8221;4.16&#8243; transparent_background=&#8221;off&#8221; make_fullwidth=&#8221;off&#8221; use_custom_width=&#8221;off&#8221; width_unit=&#8221;on&#8221; global_colors_info=&#8221;{}&#8221;][et_pb_row _builder_version=&#8221;4.16&#8243; _module_preset=&#8221;default&#8221; global_colors_info=&#8221;{}&#8221;][et_pb_column type=&#8221;4_4&#8243; _builder_version=&#8221;4.16&#8243; _module_preset=&#8221;default&#8221; global_colors_info=&#8221;{}&#8221;][et_pb_divider color=&#8221;#7CDA24&#8243; _builder_version=&#8221;4.20.2&#8243; _module_preset=&#8221;default&#8221; background_color=&#8221;RGBA(0,0,0,0)&#8221; module_alignment=&#8221;center&#8221; global_colors_info=&#8221;{}&#8221;][\/et_pb_divider][\/et_pb_column][\/et_pb_row][et_pb_row column_structure=&#8221;1_4,3_4&#8243; admin_label=&#8221;Row&#8221; _builder_version=&#8221;4.16&#8243; background_size=&#8221;initial&#8221; background_position=&#8221;top_left&#8221; background_repeat=&#8221;repeat&#8221; make_fullwidth=&#8221;off&#8221; use_custom_width=&#8221;off&#8221; width_unit=&#8221;off&#8221; custom_width_px=&#8221;1080px&#8221; custom_width_percent=&#8221;80%&#8221; global_colors_info=&#8221;{}&#8221;][et_pb_column type=&#8221;1_4&#8243; _builder_version=&#8221;4.16&#8243; custom_padding=&#8221;|||&#8221; global_colors_info=&#8221;{}&#8221; custom_padding__hover=&#8221;|||&#8221;][et_pb_text admin_label=&#8221;Activitats&#8221; _builder_version=&#8221;4.20.2&#8243; background_color=&#8221;#7CDA24&#8243; background_size=&#8221;initial&#8221; background_position=&#8221;top_left&#8221; background_repeat=&#8221;repeat&#8221; background_layout=&#8221;dark&#8221; custom_css_main_element=&#8221;padding:15px;||border-radius: 20px; ||-webkit-border-radius: 20px; ||-moz-border-radius: 20px; &#8221; use_border_color=&#8221;off&#8221; border_color=&#8221;#ffffff&#8221; border_style=&#8221;solid&#8221; global_colors_info=&#8221;{}&#8221;]<\/p>\n<h1>Activitats<\/h1>\n<p>[\/et_pb_text][\/et_pb_column][et_pb_column type=&#8221;3_4&#8243; _builder_version=&#8221;4.16&#8243; custom_padding=&#8221;|||&#8221; global_colors_info=&#8221;{}&#8221; custom_padding__hover=&#8221;|||&#8221;][et_pb_text admin_label=&#8221;Activitats&#8221; _builder_version=&#8221;4.16&#8243; background_size=&#8221;initial&#8221; background_position=&#8221;top_left&#8221; background_repeat=&#8221;repeat&#8221; use_border_color=&#8221;off&#8221; border_color=&#8221;#ffffff&#8221; border_style=&#8221;solid&#8221; global_colors_info=&#8221;{}&#8221;]Les activitats que tenim previstes s\u00f3n:<\/p>\n<ul>\n<li>Passejos per l&#8217;entorn amb arreplegada d\u2019elements naturals<\/li>\n<li>Construcci\u00f3 de joguets amb elements naturals (espart, v\u00edmet, pals, pedres, canyes, etc)<\/li>\n<li>Jocs tradicionals (bitlles, canut, pici i pala\u2026)<\/li>\n<li>Activitats de creaci\u00f3 art\u00edstica.<\/li>\n<li>Din\u00e0miques grupals i jocs col\u00b7lectius<\/li>\n<li>Vetllades i jocs de nit<\/li>\n<li>Jocs, can\u00e7ons, contes\u2026<\/li>\n<\/ul>\n<p>[\/et_pb_text][\/et_pb_column][\/et_pb_row][\/et_pb_section][et_pb_section fb_built=&#8221;1&#8243; admin_label=&#8221;Section&#8221; module_id=&#8221;metodologia&#8221; _builder_version=&#8221;4.16&#8243; transparent_background=&#8221;off&#8221; make_fullwidth=&#8221;off&#8221; use_custom_width=&#8221;off&#8221; width_unit=&#8221;off&#8221; global_colors_info=&#8221;{}&#8221;][et_pb_row _builder_version=&#8221;4.16&#8243; _module_preset=&#8221;default&#8221; global_colors_info=&#8221;{}&#8221;][et_pb_column type=&#8221;4_4&#8243; _builder_version=&#8221;4.16&#8243; _module_preset=&#8221;default&#8221; global_colors_info=&#8221;{}&#8221;][\/et_pb_column][\/et_pb_row][et_pb_row column_structure=&#8221;1_4,3_4&#8243; admin_label=&#8221;Row&#8221; _builder_version=&#8221;4.16&#8243; background_size=&#8221;initial&#8221; background_position=&#8221;top_left&#8221; background_repeat=&#8221;repeat&#8221; make_fullwidth=&#8221;off&#8221; use_custom_width=&#8221;off&#8221; width_unit=&#8221;off&#8221; custom_width_px=&#8221;1080px&#8221; custom_width_percent=&#8221;80%&#8221; global_colors_info=&#8221;{}&#8221;][et_pb_column type=&#8221;1_4&#8243; _builder_version=&#8221;4.16&#8243; custom_padding=&#8221;|||&#8221; global_colors_info=&#8221;{}&#8221; custom_padding__hover=&#8221;|||&#8221;][et_pb_text admin_label=&#8221;Prereserva&#8221; _builder_version=&#8221;4.20.2&#8243; background_color=&#8221;#7CDA24&#8243; background_size=&#8221;initial&#8221; background_position=&#8221;top_left&#8221; background_repeat=&#8221;repeat&#8221; background_layout=&#8221;dark&#8221; custom_css_main_element=&#8221;padding:15px;||border-radius: 20px; ||-webkit-border-radius: 20px; ||-moz-border-radius: 20px; &#8221; use_border_color=&#8221;off&#8221; border_color=&#8221;#ffffff&#8221; border_style=&#8221;solid&#8221; global_colors_info=&#8221;{}&#8221;]<\/p>\n<h2>Pre-reserva<\/h2>\n<p>[\/et_pb_text][\/et_pb_column][et_pb_column type=&#8221;3_4&#8243; _builder_version=&#8221;4.16&#8243; custom_padding=&#8221;|||&#8221; global_colors_info=&#8221;{}&#8221; custom_padding__hover=&#8221;|||&#8221;][et_pb_text admin_label=&#8221;Prereserva&#8221; _builder_version=&#8221;4.20.2&#8243; text_line_height=&#8221;1.6em&#8221; background_size=&#8221;initial&#8221; background_position=&#8221;top_left&#8221; background_repeat=&#8221;repeat&#8221; use_border_color=&#8221;off&#8221; border_style=&#8221;solid&#8221; global_colors_info=&#8221;{}&#8221;]El campament ofereix 35 places i es realitzar\u00e0 si arribem a un m\u00ednim d&#8217; inscripcions. Passos per fer la reserva:<\/p>\n<p><span style=\"font-size: 17px;\">Feu un pagament de 150 \u20ac abans del 10 de juny al n\u00famero de compte: <\/span><strong style=\"font-size: 17px;\">ES44 2100 0700 1202 0005 9677<\/strong><span style=\"font-size: 17px;\">, indicant al <\/span><strong style=\"font-size: 17px;\">CONCEPTE<\/strong><span style=\"font-size: 17px;\">: Nom i cognom del xiquet\/a+ Col\u00f2nies Estiu<\/span><\/p>\n<p><span style=\"font-size: 17px;\">Envieu un correu a <\/span><a style=\"font-size: 17px;\" href=\"mail%20to: matriculesanimacio@acpv.cat\">matriculesanimacio@acpv.cat<\/a><span style=\"font-size: 17px;\">\u00a0adjuntant el comprovant de la transfer\u00e8ncia amb les seg\u00fcents dades: nom i cognoms del xiquet\/a, data de naixement, nom dels pares\/mares, tel\u00e8fon de contacte, correu de contacte.<\/span><br \/>\n[\/et_pb_text][\/et_pb_column][\/et_pb_row][\/et_pb_section][et_pb_section fb_built=&#8221;1&#8243; _builder_version=&#8221;4.16&#8243; _module_preset=&#8221;default&#8221; global_colors_info=&#8221;{}&#8221;][et_pb_row _builder_version=&#8221;4.16&#8243; _module_preset=&#8221;default&#8221; global_colors_info=&#8221;{}&#8221;][et_pb_column type=&#8221;4_4&#8243; _builder_version=&#8221;4.16&#8243; _module_preset=&#8221;default&#8221; global_colors_info=&#8221;{}&#8221;][et_pb_divider color=&#8221;RGBA(0,0,0,0)&#8221; divider_weight=&#8221;50px&#8221; _builder_version=&#8221;4.16&#8243; _module_preset=&#8221;default&#8221; background_color=&#8221;RGBA(0,0,0,0)&#8221; module_alignment=&#8221;center&#8221; global_colors_info=&#8221;{}&#8221;][\/et_pb_divider][\/et_pb_column][\/et_pb_row][\/et_pb_section]<\/p>\n","protected":false},"excerpt":{"rendered":"<p>Col\u00f2nies d&#8217;estiu A la natura, en valenci\u00e0 &#8211; Alberg Riera d&#8217;Agres A la natura, en valenci\u00e0! Anem 6 dies a\u00a0 l&#8217;Alberg Riera d&#8217;Agres &#8212; del 8 al 13 de juliol de 2024. Preinscripcions fins al 15 de juny Ja arriben les vacances: la piscina, les passejades, el jugar al carrer, les vesprades a la fresca [&hellip;]<\/p>\n","protected":false},"author":1,"featured_media":739,"parent":0,"menu_order":0,"comment_status":"closed","ping_status":"closed","template":"","meta":{"_et_pb_use_builder":"on","_et_pb_old_content":"","_et_gb_content_width":""},"_links":{"self":[{"href":"https:\/\/acpv.cat\/animacio\/wp-json\/wp\/v2\/pages\/1134"}],"collection":[{"href":"https:\/\/acpv.cat\/animacio\/wp-json\/wp\/v2\/pages"}],"about":[{"href":"https:\/\/acpv.cat\/animacio\/wp-json\/wp\/v2\/types\/page"}],"author":[{"embeddable":true,"href":"https:\/\/acpv.cat\/animacio\/wp-json\/wp\/v2\/users\/1"}],"replies":[{"embeddable":true,"href":"https:\/\/acpv.cat\/animacio\/wp-json\/wp\/v2\/comments?post=1134"}],"version-history":[{"count":45,"href":"https:\/\/acpv.cat\/animacio\/wp-json\/wp\/v2\/pages\/1134\/revisions"}],"predecessor-version":[{"id":2364,"href":"https:\/\/acpv.cat\/animacio\/wp-json\/wp\/v2\/pages\/1134\/revisions\/2364"}],"wp:featuredmedia":[{"embeddable":true,"href":"https:\/\/acpv.cat\/animacio\/wp-json\/wp\/v2\/media\/739"}],"wp:attachment":[{"href":"https:\/\/acpv.cat\/animacio\/wp-json\/wp\/v2\/media?parent=1134"}],"curies":[{"name":"wp","href":"https:\/\/api.w.org\/{rel}","templated":true}]}}