{"id":1157,"date":"2022-04-11T13:39:52","date_gmt":"2022-04-11T11:39:52","guid":{"rendered":"https:\/\/acpv.cat\/animacio\/?page_id=1157"},"modified":"2022-04-12T10:30:21","modified_gmt":"2022-04-12T08:30:21","slug":"campament-destiu-joves-en-accio","status":"publish","type":"page","link":"https:\/\/acpv.cat\/animacio\/campament-destiu-joves-en-accio\/","title":{"rendered":"Campament d&#8217;Estiu &#8211; Joves en acci\u00f3!"},"content":{"rendered":"<p>[et_pb_section fb_built=&#8221;1&#8243; admin_label=&#8221;section&#8221; _builder_version=&#8221;3.22&#8243; background_color=&#8221;#3a3a3a&#8221; parallax=&#8221;on&#8221; transparent_background=&#8221;off&#8221; make_fullwidth=&#8221;off&#8221; use_custom_width=&#8221;off&#8221; width_unit=&#8221;off&#8221; custom_width_px=&#8221;1080px&#8221; custom_width_percent=&#8221;80%&#8221; global_colors_info=&#8221;{}&#8221;][et_pb_row disabled_on=&#8221;on|on|on&#8221; admin_label=&#8221;row&#8221; _builder_version=&#8221;3.25&#8243; background_size=&#8221;initial&#8221; background_position=&#8221;top_left&#8221; background_repeat=&#8221;repeat&#8221; make_fullwidth=&#8221;off&#8221; use_custom_width=&#8221;off&#8221; width_unit=&#8221;on&#8221; custom_width_px=&#8221;1080px&#8221; custom_width_percent=&#8221;80%&#8221; disabled=&#8221;on&#8221; global_colors_info=&#8221;{}&#8221;][et_pb_column type=&#8221;4_4&#8243; _builder_version=&#8221;3.25&#8243; custom_padding=&#8221;|||&#8221; global_colors_info=&#8221;{}&#8221; custom_padding__hover=&#8221;|||&#8221;][et_pb_blurb image=&#8221;https:\/\/acpv.cat\/animacio\/wp-content\/uploads\/2017\/01\/crayons-1445054_1920.jpg&#8221; image_max_width=&#8221;none&#8221; admin_label=&#8221;Blurb&#8221; _builder_version=&#8221;3.0.87&#8243; background_size=&#8221;initial&#8221; background_position=&#8221;top_left&#8221; background_repeat=&#8221;repeat&#8221; text_orientation=&#8221;center&#8221; animation=&#8221;off&#8221; use_border_color=&#8221;off&#8221; border_color=&#8221;#ffffff&#8221; border_width=&#8221;1px&#8221; border_style=&#8221;solid&#8221; global_colors_info=&#8221;{}&#8221;] [\/et_pb_blurb][\/et_pb_column][\/et_pb_row][et_pb_row admin_label=&#8221;row&#8221; _builder_version=&#8221;3.25&#8243; background_size=&#8221;initial&#8221; background_position=&#8221;top_left&#8221; background_repeat=&#8221;repeat&#8221; make_fullwidth=&#8221;off&#8221; use_custom_width=&#8221;off&#8221; width_unit=&#8221;off&#8221; custom_width_px=&#8221;1080px&#8221; custom_width_percent=&#8221;80%&#8221; global_colors_info=&#8221;{}&#8221;][et_pb_column type=&#8221;4_4&#8243; _builder_version=&#8221;3.25&#8243; custom_padding=&#8221;|||&#8221; global_colors_info=&#8221;{}&#8221; custom_padding__hover=&#8221;|||&#8221;][et_pb_text admin_label=&#8221;Text&#8221; _builder_version=&#8221;4.11.2&#8243; background_size=&#8221;initial&#8221; background_position=&#8221;top_left&#8221; background_repeat=&#8221;repeat&#8221; text_orientation=&#8221;center&#8221; background_layout=&#8221;dark&#8221; module_alignment=&#8221;center&#8221; use_border_color=&#8221;off&#8221; border_style=&#8221;solid&#8221; global_colors_info=&#8221;{}&#8221;]<\/p>\n<h1 style=\"font-size: 72px; font-weight: 300;\">Campament d&#8217;Estiu<\/h1>\n<h2 style=\"font-size: 36px; font-weight: 300;\">Joves en acci\u00f3! &#8211; Mas de Borr\u00e0s<\/h2>\n<p>[\/et_pb_text][\/et_pb_column][\/et_pb_row][\/et_pb_section][et_pb_section fb_built=&#8221;1&#8243; admin_label=&#8221;section&#8221; _builder_version=&#8221;3.22&#8243; transparent_background=&#8221;off&#8221; make_fullwidth=&#8221;off&#8221; use_custom_width=&#8221;off&#8221; width_unit=&#8221;off&#8221; custom_width_px=&#8221;1080px&#8221; custom_width_percent=&#8221;80%&#8221; global_colors_info=&#8221;{}&#8221;][et_pb_row column_structure=&#8221;1_2,1_2&#8243; admin_label=&#8221;Row&#8221; _builder_version=&#8221;3.25&#8243; background_size=&#8221;initial&#8221; background_position=&#8221;top_left&#8221; background_repeat=&#8221;repeat&#8221; make_fullwidth=&#8221;off&#8221; use_custom_width=&#8221;off&#8221; width_unit=&#8221;off&#8221; custom_width_px=&#8221;1080px&#8221; custom_width_percent=&#8221;80%&#8221; global_colors_info=&#8221;{}&#8221;][et_pb_column type=&#8221;1_2&#8243; _builder_version=&#8221;3.25&#8243; custom_padding=&#8221;|||&#8221; global_colors_info=&#8221;{}&#8221; custom_padding__hover=&#8221;|||&#8221;][et_pb_text admin_label=&#8221;Text&#8221; _builder_version=&#8221;4.11.2&#8243; text_font_size=&#8221;15px&#8221; text_line_height=&#8221;2em&#8221; background_size=&#8221;initial&#8221; background_position=&#8221;top_left&#8221; background_repeat=&#8221;repeat&#8221; use_border_color=&#8221;off&#8221; border_style=&#8221;solid&#8221; global_colors_info=&#8221;{}&#8221;]<\/p>\n<h1><strong>Joves en acci\u00f3!<\/strong><\/h1>\n<p>Anem 6 dies (5 nits) al<a href=\"https:\/\/www.elmasdeborras.com\" target=\"_blank\" rel=\"noopener\"><strong> Mas de Borr\u00e0s<\/strong><\/a> (Vilafermosa del Riu, Alt Millars)<strong>\u00a0del 17 al 22 de juliol 2022.<\/strong><strong><br \/><\/strong><\/p>\n<p align=\"left\"><b>Preinscripcions fins al 15 de juny.<\/b><\/p>\n<p align=\"left\">Volem crear un espai de vacances on els i les joves siguen protagonistes del seu propi temps. On trobar altres joves amb les mateixes inquietuds i necessitats. On poder empoderar-se, con\u00e9ixer i actuar no solament de manera individual sino col\u00b7lectiva.<\/p>\n<p><strong>P\u00fablic objectiu<\/strong><br \/><strong>Campament 1<\/strong>: Joves de 12 a 15 anys.<br \/><strong>Campament 2<\/strong>: Joves de 16 a 25 anys.<\/p>\n<p><strong>Preu:<\/strong><br \/>&#8212; <strong>520\u20ac<\/strong> per jove (preu especial de 485\u20ac germans\/nes o s\u00f2cies d\u2019ACPV)<\/p>\n<p align=\"left\">El campament vol ser un espai de contacte amb nosaltres i amb la natura en temps natura. Aprofitarem l\u2019estada en un alberg vinculat al nostre territori per a con\u00e8ixer algunes tradicions, jocs, costums i coneixer-nos nosaltres mateixa i a les qui ens acompanyen. Jugarem, passejarem per la serra del Penyagolosa i farem alguna activitat esportiva a triar entre l\u2019oferta de l\u2019alberg. Buscarem interessos comuns i punts d\u2019encontre, aix\u00ed com prendrem les nostres decisions al voltant de les activitats del campament.<\/p>\n<p>[\/et_pb_text][\/et_pb_column][et_pb_column type=&#8221;1_2&#8243; _builder_version=&#8221;3.25&#8243; custom_padding=&#8221;|||&#8221; global_colors_info=&#8221;{}&#8221; custom_padding__hover=&#8221;|||&#8221;][et_pb_image src=&#8221;https:\/\/acpv.cat\/animacio\/wp-content\/uploads\/2022\/04\/A3-Campament-jovesenaccio-2022-.jpg&#8221; title_text=&#8221;A3-Campament-jovesenaccio-2022-&#8221; show_in_lightbox=&#8221;on&#8221; _builder_version=&#8221;4.11.2&#8243; _module_preset=&#8221;default&#8221; hover_enabled=&#8221;0&#8243; global_colors_info=&#8221;{}&#8221; sticky_enabled=&#8221;0&#8243;][\/et_pb_image][et_pb_gallery gallery_ids=&#8221;711,712,713,714,715,716&#8243; gallery_orderby=&#8221;rand&#8221; fullwidth=&#8221;on&#8221; disabled_on=&#8221;on|on|on&#8221; admin_label=&#8221;Pas Fotos Video&#8221; _builder_version=&#8221;3.0.87&#8243; auto=&#8221;on&#8221; auto_speed=&#8221;4000&#8243; use_border_color=&#8221;off&#8221; border_color=&#8221;#ffffff&#8221; border_style=&#8221;solid&#8221; disabled=&#8221;on&#8221; saved_tabs=&#8221;all&#8221; global_colors_info=&#8221;{}&#8221;] [\/et_pb_gallery][et_pb_video src=&#8221;https:\/\/www.youtube.com\/watch?v=kOEAWxsNJVw&#8221; disabled_on=&#8221;on|on|on&#8221; admin_label=&#8221;Video&#8221; _builder_version=&#8221;3.0.47&#8243; disabled=&#8221;on&#8221; global_colors_info=&#8221;{}&#8221;] [\/et_pb_video][et_pb_video src=&#8221;https:\/\/www.youtube.com\/watch?v=kOEAWxsNJVw&#8221; disabled_on=&#8221;on|on|on&#8221; admin_label=&#8221;Video&#8221; _builder_version=&#8221;3.0.47&#8243; disabled=&#8221;on&#8221; global_colors_info=&#8221;{}&#8221;] [\/et_pb_video][\/et_pb_column][\/et_pb_row][et_pb_row _builder_version=&#8221;4.11.2&#8243; _module_preset=&#8221;default&#8221; global_colors_info=&#8221;{}&#8221;][et_pb_column type=&#8221;4_4&#8243; _builder_version=&#8221;4.11.2&#8243; _module_preset=&#8221;default&#8221; global_colors_info=&#8221;{}&#8221;][et_pb_text _builder_version=&#8221;4.11.2&#8243; _module_preset=&#8221;default&#8221; global_colors_info=&#8221;{}&#8221;]<\/p>\n<p><strong>Per a m\u00e9s informaci\u00f3 i per a reservar<\/strong>:<br \/>Telefoneu al <strong>96 315 77 99<\/strong> (Pregunteu per S\u00edlvia o per Mar de dilluns a divendres de 9:00 h a 14:00 h o de 16:00 h a 17:00 h.)<br \/>Envieu correu electr\u00f2nic a <a class=\"moz-txt-link-freetext\" href=\"mailto:matriculesanimacio@acpv.cat\" target=\"_blank\" rel=\"noopener\">matriculesanimacio@acpv.cat<\/a><\/p>\n<p>[\/et_pb_text][\/et_pb_column][\/et_pb_row][\/et_pb_section][et_pb_section fb_built=&#8221;1&#8243; admin_label=&#8221;Section&#8221; module_id=&#8221;principis&#8221; _builder_version=&#8221;3.22&#8243; transparent_background=&#8221;off&#8221; make_fullwidth=&#8221;off&#8221; use_custom_width=&#8221;off&#8221; width_unit=&#8221;on&#8221; global_colors_info=&#8221;{}&#8221;][et_pb_row _builder_version=&#8221;4.11.2&#8243; _module_preset=&#8221;default&#8221; global_colors_info=&#8221;{}&#8221;][et_pb_column type=&#8221;4_4&#8243; _builder_version=&#8221;4.11.2&#8243; _module_preset=&#8221;default&#8221; global_colors_info=&#8221;{}&#8221;][et_pb_divider _builder_version=&#8221;4.11.2&#8243; _module_preset=&#8221;default&#8221; background_color=&#8221;RGBA(0,0,0,0)&#8221; module_alignment=&#8221;center&#8221; global_colors_info=&#8221;{}&#8221;][\/et_pb_divider][\/et_pb_column][\/et_pb_row][et_pb_row column_structure=&#8221;1_4,3_4&#8243; admin_label=&#8221;Row&#8221; _builder_version=&#8221;3.25&#8243; background_size=&#8221;initial&#8221; background_position=&#8221;top_left&#8221; background_repeat=&#8221;repeat&#8221; make_fullwidth=&#8221;off&#8221; use_custom_width=&#8221;off&#8221; width_unit=&#8221;off&#8221; custom_width_px=&#8221;1080px&#8221; custom_width_percent=&#8221;80%&#8221; global_colors_info=&#8221;{}&#8221;][et_pb_column type=&#8221;1_4&#8243; _builder_version=&#8221;3.25&#8243; custom_padding=&#8221;|||&#8221; global_colors_info=&#8221;{}&#8221; custom_padding__hover=&#8221;|||&#8221;][et_pb_text admin_label=&#8221;Per a les fam\u00edlies&#8221; _builder_version=&#8221;4.11.2&#8243; background_color=&#8221;#ac88d8&#8243; background_size=&#8221;initial&#8221; background_position=&#8221;top_left&#8221; background_repeat=&#8221;repeat&#8221; background_layout=&#8221;dark&#8221; custom_css_main_element=&#8221;padding:15px;||border-radius: 20px; ||-webkit-border-radius: 20px; ||-moz-border-radius: 20px; &#8221; use_border_color=&#8221;off&#8221; border_color=&#8221;#ffffff&#8221; border_style=&#8221;solid&#8221; global_colors_info=&#8221;{}&#8221;]<\/p>\n<h1>Per a les fam\u00edlies<\/h1>\n<p>[\/et_pb_text][\/et_pb_column][et_pb_column type=&#8221;3_4&#8243; _builder_version=&#8221;3.25&#8243; custom_padding=&#8221;|||&#8221; global_colors_info=&#8221;{}&#8221; custom_padding__hover=&#8221;|||&#8221;][et_pb_text admin_label=&#8221;Per a les fam\u00edlies&#8221; _builder_version=&#8221;4.11.2&#8243; background_size=&#8221;initial&#8221; background_position=&#8221;top_left&#8221; background_repeat=&#8221;repeat&#8221; use_border_color=&#8221;off&#8221; border_color=&#8221;#ffffff&#8221; border_style=&#8221;solid&#8221; global_colors_info=&#8221;{}&#8221;]<\/p>\n<p align=\"left\">Volem oferir un espai on els i les joves valencianes troben gent de la seua edat amb les mateixes inquietuds i ganes de fer coses. El campament tot i tindre un programa establert es basar\u00e0 en la presa col\u00b7lectiva de decisions, la responsabilitat personal i l\u2019autogesti\u00f3. Volem estar al servei de les necessitats de la joventut m\u00e9s que projectar sobre elles les nostres. El campament es far\u00e0 en un espai natural, respectant els temps de natura i sobre tot fomentant els espais d\u2019interacci\u00f3 grupal: assemblees, din\u00e0miques de grup, presa de decisions\u2026<\/p>\n<p align=\"left\">El calendari d\u2019activitats es pactar\u00e0 amb les participants mitjan\u00e7ant assemblees, i es promour\u00e0 que coeixstisquen diferents activitats simult\u00e0nies per a que tot el m\u00f3n tinga un lloc on sentir-se a gust.<\/p>\n<p align=\"left\">Tenim la intenci\u00f3 de treballar les emocions, el treball en equip, el gaudir col\u00b7lectivament i respectuosament amb i del medi ambient.<\/p>\n<p align=\"left\">La llengua vehicular ser\u00e0 el valenci\u00e0.<\/p>\n<p>[\/et_pb_text][\/et_pb_column][\/et_pb_row][\/et_pb_section][et_pb_section fb_built=&#8221;1&#8243; admin_label=&#8221;Section&#8221; module_id=&#8221;finalitat&#8221; _builder_version=&#8221;3.22&#8243; transparent_background=&#8221;off&#8221; make_fullwidth=&#8221;off&#8221; use_custom_width=&#8221;off&#8221; width_unit=&#8221;on&#8221; global_colors_info=&#8221;{}&#8221;][et_pb_row _builder_version=&#8221;4.11.2&#8243; _module_preset=&#8221;default&#8221; global_colors_info=&#8221;{}&#8221;][et_pb_column type=&#8221;4_4&#8243; _builder_version=&#8221;4.11.2&#8243; _module_preset=&#8221;default&#8221; global_colors_info=&#8221;{}&#8221;][et_pb_divider _builder_version=&#8221;4.11.2&#8243; _module_preset=&#8221;default&#8221; background_color=&#8221;RGBA(0,0,0,0)&#8221; module_alignment=&#8221;center&#8221; global_colors_info=&#8221;{}&#8221;][\/et_pb_divider][\/et_pb_column][\/et_pb_row][et_pb_row column_structure=&#8221;1_4,3_4&#8243; admin_label=&#8221;Row&#8221; _builder_version=&#8221;3.25&#8243; background_size=&#8221;initial&#8221; background_position=&#8221;top_left&#8221; background_repeat=&#8221;repeat&#8221; make_fullwidth=&#8221;off&#8221; use_custom_width=&#8221;off&#8221; width_unit=&#8221;off&#8221; custom_width_px=&#8221;1080px&#8221; custom_width_percent=&#8221;80%&#8221; global_colors_info=&#8221;{}&#8221;][et_pb_column type=&#8221;1_4&#8243; _builder_version=&#8221;3.25&#8243; custom_padding=&#8221;|||&#8221; global_colors_info=&#8221;{}&#8221; custom_padding__hover=&#8221;|||&#8221;][et_pb_text admin_label=&#8221;Activitats&#8221; _builder_version=&#8221;4.11.2&#8243; background_color=&#8221;rgba(33,196,152,0.81)&#8221; background_size=&#8221;initial&#8221; background_position=&#8221;top_left&#8221; background_repeat=&#8221;repeat&#8221; background_layout=&#8221;dark&#8221; custom_css_main_element=&#8221;padding:15px;||border-radius: 20px; ||-webkit-border-radius: 20px; ||-moz-border-radius: 20px; &#8221; use_border_color=&#8221;off&#8221; border_color=&#8221;#ffffff&#8221; border_style=&#8221;solid&#8221; global_colors_info=&#8221;{}&#8221;]<\/p>\n<h1>Activitats<\/h1>\n<p>[\/et_pb_text][\/et_pb_column][et_pb_column type=&#8221;3_4&#8243; _builder_version=&#8221;3.25&#8243; custom_padding=&#8221;|||&#8221; global_colors_info=&#8221;{}&#8221; custom_padding__hover=&#8221;|||&#8221;][et_pb_text admin_label=&#8221;Activitats&#8221; _builder_version=&#8221;4.11.2&#8243; background_size=&#8221;initial&#8221; background_position=&#8221;top_left&#8221; background_repeat=&#8221;repeat&#8221; use_border_color=&#8221;off&#8221; border_color=&#8221;#ffffff&#8221; border_style=&#8221;solid&#8221; global_colors_info=&#8221;{}&#8221;]<\/p>\n<p>Les activitats que tenim previstes s\u00f3n:<\/p>\n<ul>\n<li>Excursions al voltant del Penyagolosa<\/li>\n<li>Jocs tradicionals (bitlles, canut, pici i pala\u2026) en espais d\u2019oci lliure<\/li>\n<li>Din\u00e0miques grupals, espais de debat i jocs col\u00b7lectius<\/li>\n<li>Vetllades i jocs de nit<\/li>\n<\/ul>\n<p>[\/et_pb_text][\/et_pb_column][\/et_pb_row][\/et_pb_section][et_pb_section fb_built=&#8221;1&#8243; admin_label=&#8221;Section&#8221; module_id=&#8221;metodologia&#8221; _builder_version=&#8221;3.22&#8243; transparent_background=&#8221;off&#8221; make_fullwidth=&#8221;off&#8221; use_custom_width=&#8221;off&#8221; width_unit=&#8221;off&#8221; global_colors_info=&#8221;{}&#8221;][et_pb_row _builder_version=&#8221;4.11.2&#8243; _module_preset=&#8221;default&#8221; global_colors_info=&#8221;{}&#8221;][et_pb_column type=&#8221;4_4&#8243; _builder_version=&#8221;4.11.2&#8243; _module_preset=&#8221;default&#8221; global_colors_info=&#8221;{}&#8221;][et_pb_divider _builder_version=&#8221;4.11.2&#8243; _module_preset=&#8221;default&#8221; background_color=&#8221;RGBA(0,0,0,0)&#8221; module_alignment=&#8221;center&#8221; global_colors_info=&#8221;{}&#8221;][\/et_pb_divider][\/et_pb_column][\/et_pb_row][et_pb_row column_structure=&#8221;1_4,3_4&#8243; admin_label=&#8221;Row&#8221; _builder_version=&#8221;3.25&#8243; background_size=&#8221;initial&#8221; background_position=&#8221;top_left&#8221; background_repeat=&#8221;repeat&#8221; make_fullwidth=&#8221;off&#8221; use_custom_width=&#8221;off&#8221; width_unit=&#8221;off&#8221; custom_width_px=&#8221;1080px&#8221; custom_width_percent=&#8221;80%&#8221; global_colors_info=&#8221;{}&#8221;][et_pb_column type=&#8221;1_4&#8243; _builder_version=&#8221;3.25&#8243; custom_padding=&#8221;|||&#8221; global_colors_info=&#8221;{}&#8221; custom_padding__hover=&#8221;|||&#8221;][et_pb_text admin_label=&#8221;Prereserva&#8221; _builder_version=&#8221;4.11.2&#8243; background_color=&#8221;#e8b500&#8243; background_size=&#8221;initial&#8221; background_position=&#8221;top_left&#8221; background_repeat=&#8221;repeat&#8221; background_layout=&#8221;dark&#8221; custom_css_main_element=&#8221;padding:15px;||border-radius: 20px; ||-webkit-border-radius: 20px; ||-moz-border-radius: 20px; &#8221; use_border_color=&#8221;off&#8221; border_color=&#8221;#ffffff&#8221; border_style=&#8221;solid&#8221; global_colors_info=&#8221;{}&#8221;]<\/p>\n<h2>Pre-reserva<\/h2>\n<p>[\/et_pb_text][\/et_pb_column][et_pb_column type=&#8221;3_4&#8243; _builder_version=&#8221;3.25&#8243; custom_padding=&#8221;|||&#8221; global_colors_info=&#8221;{}&#8221; custom_padding__hover=&#8221;|||&#8221;][et_pb_text admin_label=&#8221;Prereserva&#8221; _builder_version=&#8221;4.11.2&#8243; background_size=&#8221;initial&#8221; background_position=&#8221;top_left&#8221; background_repeat=&#8221;repeat&#8221; use_border_color=&#8221;off&#8221; border_style=&#8221;solid&#8221; global_colors_info=&#8221;{}&#8221;]<\/p>\n<p>El campament es realitzar\u00e0 si arribem a un m\u00ednim de 25 inscripcions. Passos per fer la reserva:<\/p>\n<ol>\n<li>Facilitar nom, cognoms de mare o pare, tel\u00e8fon, correu electr\u00f2nic i nombre de xiquetes i xiquets.<\/li>\n<li>Fer un pagament de 50\u20ac abans del 15 de juny al n\u00famero de compte: <strong>ES44 2100 0700 1202 0005 9677<\/strong>, indicant al <strong>CONCEPTE<\/strong>: Nom i cognom + Col\u00f2nies Estiu<\/li>\n<\/ol>\n<p>[\/et_pb_text][\/et_pb_column][\/et_pb_row][\/et_pb_section][et_pb_section fb_built=&#8221;1&#8243; _builder_version=&#8221;4.11.2&#8243; _module_preset=&#8221;default&#8221; global_colors_info=&#8221;{}&#8221;][et_pb_row _builder_version=&#8221;4.11.2&#8243; _module_preset=&#8221;default&#8221; global_colors_info=&#8221;{}&#8221;][et_pb_column type=&#8221;4_4&#8243; _builder_version=&#8221;4.11.2&#8243; _module_preset=&#8221;default&#8221; global_colors_info=&#8221;{}&#8221;][et_pb_divider color=&#8221;RGBA(0,0,0,0)&#8221; divider_weight=&#8221;50px&#8221; _builder_version=&#8221;4.11.2&#8243; _module_preset=&#8221;default&#8221; background_color=&#8221;RGBA(0,0,0,0)&#8221; module_alignment=&#8221;center&#8221; global_colors_info=&#8221;{}&#8221;][\/et_pb_divider][\/et_pb_column][\/et_pb_row][\/et_pb_section]<\/p>\n","protected":false},"excerpt":{"rendered":"<p>Campament d&#8217;Estiu Joves en acci\u00f3! &#8211; Mas de Borr\u00e0sJoves en acci\u00f3! Anem 6 dies (5 nits) al Mas de Borr\u00e0s (Vilafermosa del Riu, Alt Millars)\u00a0del 17 al 22 de juliol 2022. Preinscripcions fins al 15 de juny. Volem crear un espai de vacances on els i les joves siguen protagonistes del seu propi temps. On [&hellip;]<\/p>\n","protected":false},"author":1,"featured_media":739,"parent":0,"menu_order":0,"comment_status":"closed","ping_status":"closed","template":"","meta":{"_et_pb_use_builder":"on","_et_pb_old_content":"","_et_gb_content_width":""},"_links":{"self":[{"href":"https:\/\/acpv.cat\/animacio\/wp-json\/wp\/v2\/pages\/1157"}],"collection":[{"href":"https:\/\/acpv.cat\/animacio\/wp-json\/wp\/v2\/pages"}],"about":[{"href":"https:\/\/acpv.cat\/animacio\/wp-json\/wp\/v2\/types\/page"}],"author":[{"embeddable":true,"href":"https:\/\/acpv.cat\/animacio\/wp-json\/wp\/v2\/users\/1"}],"replies":[{"embeddable":true,"href":"https:\/\/acpv.cat\/animacio\/wp-json\/wp\/v2\/comments?post=1157"}],"version-history":[{"count":0,"href":"https:\/\/acpv.cat\/animacio\/wp-json\/wp\/v2\/pages\/1157\/revisions"}],"wp:featuredmedia":[{"embeddable":true,"href":"https:\/\/acpv.cat\/animacio\/wp-json\/wp\/v2\/media\/739"}],"wp:attachment":[{"href":"https:\/\/acpv.cat\/animacio\/wp-json\/wp\/v2\/media?parent=1157"}],"curies":[{"name":"wp","href":"https:\/\/api.w.org\/{rel}","templated":true}]}}