{"id":1527,"date":"2023-03-30T16:41:05","date_gmt":"2023-03-30T14:41:05","guid":{"rendered":"https:\/\/acpv.cat\/animacio\/?page_id=1527"},"modified":"2023-05-09T13:06:42","modified_gmt":"2023-05-09T11:06:42","slug":"escolaestiu","status":"publish","type":"page","link":"https:\/\/acpv.cat\/animacio\/escolaestiu\/","title":{"rendered":"Escola d&#8217;Estiu"},"content":{"rendered":"<p>[et_pb_section fb_built=&#8221;1&#8243; admin_label=&#8221;section&#8221; _builder_version=&#8221;4.16&#8243; background_color=&#8221;#3a3a3a&#8221; parallax=&#8221;on&#8221; transparent_background=&#8221;off&#8221; make_fullwidth=&#8221;off&#8221; use_custom_width=&#8221;off&#8221; width_unit=&#8221;off&#8221; custom_width_px=&#8221;1080px&#8221; custom_width_percent=&#8221;80%&#8221; global_colors_info=&#8221;{}&#8221;][et_pb_row disabled_on=&#8221;on|on|on&#8221; admin_label=&#8221;row&#8221; _builder_version=&#8221;4.16&#8243; background_size=&#8221;initial&#8221; background_position=&#8221;top_left&#8221; background_repeat=&#8221;repeat&#8221; make_fullwidth=&#8221;off&#8221; use_custom_width=&#8221;off&#8221; width_unit=&#8221;on&#8221; custom_width_px=&#8221;1080px&#8221; custom_width_percent=&#8221;80%&#8221; disabled=&#8221;on&#8221; global_colors_info=&#8221;{}&#8221;][et_pb_column type=&#8221;4_4&#8243; _builder_version=&#8221;4.16&#8243; custom_padding=&#8221;|||&#8221; global_colors_info=&#8221;{}&#8221; custom_padding__hover=&#8221;|||&#8221;][et_pb_blurb image=&#8221;https:\/\/acpv.cat\/animacio\/wp-content\/uploads\/2017\/01\/crayons-1445054_1920.jpg&#8221; image_icon_width=&#8221;none&#8221; admin_label=&#8221;Blurb&#8221; _builder_version=&#8221;4.16&#8243; background_size=&#8221;initial&#8221; background_position=&#8221;top_left&#8221; background_repeat=&#8221;repeat&#8221; text_orientation=&#8221;center&#8221; animation=&#8221;off&#8221; use_border_color=&#8221;off&#8221; border_color=&#8221;#ffffff&#8221; border_width=&#8221;1px&#8221; border_style=&#8221;solid&#8221; image_max_width=&#8221;none&#8221; global_colors_info=&#8221;{}&#8221;] [\/et_pb_blurb][\/et_pb_column][\/et_pb_row][et_pb_row admin_label=&#8221;row&#8221; _builder_version=&#8221;4.16&#8243; background_size=&#8221;initial&#8221; background_position=&#8221;top_left&#8221; background_repeat=&#8221;repeat&#8221; make_fullwidth=&#8221;off&#8221; use_custom_width=&#8221;off&#8221; width_unit=&#8221;off&#8221; custom_width_px=&#8221;1080px&#8221; custom_width_percent=&#8221;80%&#8221; global_colors_info=&#8221;{}&#8221;][et_pb_column type=&#8221;4_4&#8243; _builder_version=&#8221;4.16&#8243; custom_padding=&#8221;|||&#8221; global_colors_info=&#8221;{}&#8221; custom_padding__hover=&#8221;|||&#8221;][et_pb_text admin_label=&#8221;Text&#8221; _builder_version=&#8221;4.16&#8243; background_size=&#8221;initial&#8221; background_position=&#8221;top_left&#8221; background_repeat=&#8221;repeat&#8221; text_orientation=&#8221;center&#8221; background_layout=&#8221;dark&#8221; module_alignment=&#8221;center&#8221; use_border_color=&#8221;off&#8221; border_style=&#8221;solid&#8221; global_colors_info=&#8221;{}&#8221;]<\/p>\n<h1 style=\"font-size: 72px; font-weight: 300;\">ESCOLA D&#8217;ESTIU<\/h1>\n<p>[\/et_pb_text][\/et_pb_column][\/et_pb_row][\/et_pb_section][et_pb_section fb_built=&#8221;1&#8243; admin_label=&#8221;section&#8221; _builder_version=&#8221;4.16&#8243; transparent_background=&#8221;off&#8221; make_fullwidth=&#8221;off&#8221; use_custom_width=&#8221;off&#8221; width_unit=&#8221;off&#8221; custom_width_px=&#8221;1080px&#8221; custom_width_percent=&#8221;80%&#8221; global_colors_info=&#8221;{}&#8221;][et_pb_row column_structure=&#8221;1_2,1_2&#8243; admin_label=&#8221;Row&#8221; _builder_version=&#8221;4.20.2&#8243; background_size=&#8221;initial&#8221; background_position=&#8221;top_left&#8221; background_repeat=&#8221;repeat&#8221; make_fullwidth=&#8221;off&#8221; use_custom_width=&#8221;off&#8221; width_unit=&#8221;off&#8221; custom_width_px=&#8221;1080px&#8221; custom_width_percent=&#8221;80%&#8221; global_colors_info=&#8221;{}&#8221;][et_pb_column type=&#8221;1_2&#8243; _builder_version=&#8221;4.20.2&#8243; custom_padding=&#8221;|||&#8221; global_colors_info=&#8221;{}&#8221; custom_padding__hover=&#8221;|||&#8221;][et_pb_text admin_label=&#8221;Text&#8221; _builder_version=&#8221;4.20.2&#8243; text_line_height=&#8221;1.5em&#8221; background_size=&#8221;initial&#8221; background_position=&#8221;top_left&#8221; background_repeat=&#8221;repeat&#8221; use_border_color=&#8221;off&#8221; border_style=&#8221;solid&#8221; global_colors_info=&#8221;{}&#8221;]<\/p>\n<h1><strong>Descobrim la ciutat des d&#8217;una perspectiva art\u00edstica i en valenci\u00e0!<\/strong><\/h1>\n<p>Del 26 al 30 de juny de 2023.<\/p>\n<p>Horari: de 8,30 a 14 h<\/p>\n<div class=\"page\" title=\"Page 1\">\n<div class=\"layoutArea\">\n<div class=\"column\">\n<p>.Objectius:<\/p>\n<ul>\n<li style=\"list-style-type: none;\">\n<ul>\n<li>Cone\u0300ixer la ciutat de Val\u00e8ncia i el seu valor arti\u0301stic.<\/li>\n<li>Gaudir de les propostes arti\u0301stiques i musei\u0301stiques de la ciutat<\/li>\n<li>Experimentar la creativitat a parir de les obres visitades<\/li>\n<li>Visibilitzar i donar a cone\u0300ixer a dones artistes valencianes com Manuela Ballester o joves com Miriam Chiva o Nu\u0301ria Riaza.<\/li>\n<\/ul>\n<\/li>\n<\/ul>\n<\/div>\n<\/div>\n<\/div>\n<div class=\"page\" title=\"Page 1\">\n<div class=\"layoutArea\">\n<div class=\"column\">\n<p style=\"text-align: left;\">Des de l\u2019Octubre com a base d&#8217;operacions farem eixides de descoberta de la ciutat de Vale\u0300ncia des de la perspectiva arti\u0301sticocultural:<\/p>\n<ul>\n<li style=\"list-style-type: none;\">\n<ul>\n<li>Passejarem per la ciutat amb ulls curiosos (Mercat Central, Llotja de la Seda, la muralla a\u0300rab, etc).<\/li>\n<li>Visitarem museus propers d\u2019acce\u0301s gratui\u0308t (MuVIM, l\u2019Etno, Centre de Cultura Contempora\u0300nia del Carme, IVAM&#8230;)<\/li>\n<\/ul>\n<\/li>\n<\/ul>\n<\/div>\n<\/div>\n<\/div>\n<p><strong>Dirigida a\u00a0<\/strong>xicalla que estiga cursant prim\u00e0ria o primer cicle de secund\u00e0ria aquest curs 2022\/2023. Els grups de treball s\u2019organitzaran segons inscripcions ( de 6 a 14 anys).<\/p>\n<p><span style=\"font-size: 17px;\"><strong>La llengua vehicular ser\u00e0 el<\/strong> <\/span><strong style=\"font-size: 17px;\">valenci\u00e0<\/strong><\/p>\n<p><strong>Preu:<\/strong> 100 \u20ac per criatura (85 \u20ac germans\/nes, o s\u00f2cies d&#8217;ACPV)<\/p>\n<p><span style=\"font-size: 12px;\"><span class=\"selectable-text copyable-text\">En el cas que un xiquet o xiqueta precise d\u2019algun tipus de suport espec\u00edfic material o personal, la fam\u00edlia, pr\u00e8viament a la matr\u00edcula, enviar\u00e0 un correu a<\/span> <a href=\"mail%20to: escolaanimacio@acpv.cat\">escolaanimacio@acpv.cat <\/a><span class=\"selectable-text copyable-text\">tot explicant quines s\u00f3n aquestes necessitats concretes i adjuntant, si ho considera, els informes escaients.\u00a0<\/span><span class=\"selectable-text copyable-text\">L\u2019organitzaci\u00f3 valorar\u00e0 si pot assumir parcialment els costos dels suports materials i personals necessaris.<\/span><\/span><\/p>\n<p>[\/et_pb_text][\/et_pb_column][et_pb_column type=&#8221;1_2&#8243; _builder_version=&#8221;4.16&#8243; custom_padding=&#8221;|||&#8221; global_colors_info=&#8221;{}&#8221; custom_padding__hover=&#8221;|||&#8221;][et_pb_image src=&#8221;https:\/\/acpv.cat\/animacio\/wp-content\/uploads\/2023\/05\/Cartell_Escola_Estiu_A3-1.jpg&#8221; title_text=&#8221;Cartell_Escola_Estiu_A3&#8243; show_in_lightbox=&#8221;on&#8221; _builder_version=&#8221;4.20.2&#8243; _module_preset=&#8221;default&#8221; global_colors_info=&#8221;{}&#8221;][\/et_pb_image][et_pb_gallery gallery_ids=&#8221;711,712,713,714,715,716&#8243; gallery_orderby=&#8221;rand&#8221; fullwidth=&#8221;on&#8221; disabled_on=&#8221;on|on|on&#8221; admin_label=&#8221;Pas Fotos Video&#8221; _builder_version=&#8221;4.16&#8243; auto=&#8221;on&#8221; auto_speed=&#8221;4000&#8243; use_border_color=&#8221;off&#8221; border_color=&#8221;#ffffff&#8221; border_style=&#8221;solid&#8221; disabled=&#8221;on&#8221; saved_tabs=&#8221;all&#8221; global_colors_info=&#8221;{}&#8221;] [\/et_pb_gallery][et_pb_video src=&#8221;https:\/\/www.youtube.com\/watch?v=kOEAWxsNJVw&#8221; disabled_on=&#8221;on|on|on&#8221; admin_label=&#8221;Video&#8221; _builder_version=&#8221;4.16&#8243; disabled=&#8221;on&#8221; global_colors_info=&#8221;{}&#8221;] [\/et_pb_video][et_pb_video src=&#8221;https:\/\/www.youtube.com\/watch?v=kOEAWxsNJVw&#8221; disabled_on=&#8221;on|on|on&#8221; admin_label=&#8221;Video&#8221; _builder_version=&#8221;4.16&#8243; disabled=&#8221;on&#8221; global_colors_info=&#8221;{}&#8221;] [\/et_pb_video][\/et_pb_column][\/et_pb_row][et_pb_row _builder_version=&#8221;4.16&#8243; _module_preset=&#8221;default&#8221; global_colors_info=&#8221;{}&#8221;][et_pb_column type=&#8221;4_4&#8243; _builder_version=&#8221;4.16&#8243; _module_preset=&#8221;default&#8221; global_colors_info=&#8221;{}&#8221;][et_pb_text _builder_version=&#8221;4.16&#8243; _module_preset=&#8221;default&#8221; global_colors_info=&#8221;{}&#8221;]<\/p>\n<p><strong>Per a m\u00e9s informaci\u00f3 i per a reservar<\/strong>:<br \/>Telefoneu al <strong>96 315 77 99<\/strong> (Pregunteu per S\u00edlvia o per Carles de dilluns a divendres de 9:00 h a 14:00 h o de 16:00 h a 17:00 h.)<br \/>Envieu correu electr\u00f2nic a <a class=\"moz-txt-link-freetext\" href=\"mailto:matriculesanimacio@acpv.cat\" target=\"_blank\" rel=\"noopener\">escolaanimacio@acpv.cat<\/a><\/p>\n<p>[\/et_pb_text][\/et_pb_column][\/et_pb_row][\/et_pb_section][et_pb_section fb_built=&#8221;1&#8243; admin_label=&#8221;Section&#8221; module_id=&#8221;principis&#8221; _builder_version=&#8221;4.16&#8243; transparent_background=&#8221;off&#8221; make_fullwidth=&#8221;off&#8221; use_custom_width=&#8221;off&#8221; width_unit=&#8221;on&#8221; global_colors_info=&#8221;{}&#8221;][et_pb_row column_structure=&#8221;1_4,3_4&#8243; admin_label=&#8221;Row&#8221; _builder_version=&#8221;4.16&#8243; background_size=&#8221;initial&#8221; background_position=&#8221;top_left&#8221; background_repeat=&#8221;repeat&#8221; make_fullwidth=&#8221;off&#8221; use_custom_width=&#8221;off&#8221; width_unit=&#8221;off&#8221; custom_width_px=&#8221;1080px&#8221; custom_width_percent=&#8221;80%&#8221; global_colors_info=&#8221;{}&#8221;][et_pb_column type=&#8221;1_4&#8243; _builder_version=&#8221;4.16&#8243; custom_padding=&#8221;|||&#8221; global_colors_info=&#8221;{}&#8221; custom_padding__hover=&#8221;|||&#8221;][et_pb_text admin_label=&#8221;Per a les fam\u00edlies&#8221; _builder_version=&#8221;4.20.2&#8243; background_color=&#8221;#0C71C3&#8243; background_size=&#8221;initial&#8221; background_position=&#8221;top_left&#8221; background_repeat=&#8221;repeat&#8221; background_layout=&#8221;dark&#8221; custom_css_main_element=&#8221;padding:15px;||border-radius: 20px; ||-webkit-border-radius: 20px; ||-moz-border-radius: 20px; &#8221; use_border_color=&#8221;off&#8221; border_color=&#8221;#ffffff&#8221; border_style=&#8221;solid&#8221; global_colors_info=&#8221;{}&#8221;]<\/p>\n<h1>Per a les fam\u00edlies<\/h1>\n<p>[\/et_pb_text][\/et_pb_column][et_pb_column type=&#8221;3_4&#8243; _builder_version=&#8221;4.16&#8243; custom_padding=&#8221;|||&#8221; global_colors_info=&#8221;{}&#8221; custom_padding__hover=&#8221;|||&#8221;][et_pb_text admin_label=&#8221;Per a les fam\u00edlies&#8221; _builder_version=&#8221;4.20.2&#8243; text_line_height=&#8221;1.5em&#8221; background_size=&#8221;initial&#8221; background_position=&#8221;top_left&#8221; background_repeat=&#8221;repeat&#8221; use_border_color=&#8221;off&#8221; border_color=&#8221;#ffffff&#8221; border_style=&#8221;solid&#8221; global_colors_info=&#8221;{}&#8221;]<\/p>\n<p>Les nostres propostes de lleure s\u00f3n propostes per als dies de vacances en les quals crearem un temps i un espai en qu\u00e8 la xicalla puga expressar-se, investigar, crear i jugar.<br \/>Des d&#8217;ACPV considerem el temps de vacances com el que \u00e9s: VACANCES. Per aix\u00f2 totes les nostres propostes van encaminades a gaudir d&#8217;eixe temps &#8220;sense obligacions&#8221;. Aix\u00f2 no vol dir que no fem res o que no assumim responsabilitats; al contrari, farem moltes coses i moltes d&#8217;elles molt educatives, per\u00f2 sense la pressi\u00f3 que tenim en una escola.<br \/>El temps de vacances l&#8217;hem d&#8217;omplir d&#8217;activitats que siguen engrescadores i que ens\u00a0vinguen de gust fer. \u00c9s per aix\u00f2 que treballarem per projectes recolzant-nos en les exposicions i propostes muse\u00edstiques que visitem.<\/p>\n<p>[\/et_pb_text][\/et_pb_column][\/et_pb_row][\/et_pb_section][et_pb_section fb_built=&#8221;1&#8243; admin_label=&#8221;Section&#8221; module_id=&#8221;finalitat&#8221; _builder_version=&#8221;4.16&#8243; transparent_background=&#8221;off&#8221; make_fullwidth=&#8221;off&#8221; use_custom_width=&#8221;off&#8221; width_unit=&#8221;on&#8221; global_colors_info=&#8221;{}&#8221;][et_pb_row column_structure=&#8221;1_4,3_4&#8243; admin_label=&#8221;Row&#8221; _builder_version=&#8221;4.16&#8243; background_size=&#8221;initial&#8221; background_position=&#8221;top_left&#8221; background_repeat=&#8221;repeat&#8221; make_fullwidth=&#8221;off&#8221; use_custom_width=&#8221;off&#8221; width_unit=&#8221;off&#8221; custom_width_px=&#8221;1080px&#8221; custom_width_percent=&#8221;80%&#8221; global_colors_info=&#8221;{}&#8221;][et_pb_column type=&#8221;1_4&#8243; _builder_version=&#8221;4.16&#8243; custom_padding=&#8221;|||&#8221; global_colors_info=&#8221;{}&#8221; custom_padding__hover=&#8221;|||&#8221;][et_pb_text admin_label=&#8221;Activitats&#8221; _builder_version=&#8221;4.20.2&#8243; background_color=&#8221;#0C71C3&#8243; background_size=&#8221;initial&#8221; background_position=&#8221;top_left&#8221; background_repeat=&#8221;repeat&#8221; background_layout=&#8221;dark&#8221; custom_css_main_element=&#8221;padding:15px;||border-radius: 20px; ||-webkit-border-radius: 20px; ||-moz-border-radius: 20px; &#8221; use_border_color=&#8221;off&#8221; border_color=&#8221;#ffffff&#8221; border_style=&#8221;solid&#8221; global_colors_info=&#8221;{}&#8221;]<\/p>\n<h1>Activitats<\/h1>\n<p>[\/et_pb_text][\/et_pb_column][et_pb_column type=&#8221;3_4&#8243; _builder_version=&#8221;4.16&#8243; custom_padding=&#8221;|||&#8221; global_colors_info=&#8221;{}&#8221; custom_padding__hover=&#8221;|||&#8221;][et_pb_text admin_label=&#8221;Activitats&#8221; _builder_version=&#8221;4.16&#8243; background_size=&#8221;initial&#8221; background_position=&#8221;top_left&#8221; background_repeat=&#8221;repeat&#8221; use_border_color=&#8221;off&#8221; border_color=&#8221;#ffffff&#8221; border_style=&#8221;solid&#8221; global_colors_info=&#8221;{}&#8221;]<\/p>\n<p>Les activitats que tenim previstes s\u00f3n:<\/p>\n<ul>\n<li>Passejos culturals per la ciutat per a aprendre a mirar-la<\/li>\n<li>Visites a les exposicions dels museus del centre segons disponibilitat<\/li>\n<li>Tallers art\u00edstics basats en autores o en les exposicions visitades<\/li>\n<li>Din\u00e0miques grupals i jocs col\u00b7lectius<\/li>\n<li>Jocs, can\u00e7ons, contes\u2026<\/li>\n<\/ul>\n<p>[\/et_pb_text][\/et_pb_column][\/et_pb_row][\/et_pb_section][et_pb_section fb_built=&#8221;1&#8243; admin_label=&#8221;Section&#8221; module_id=&#8221;metodologia&#8221; _builder_version=&#8221;4.16&#8243; transparent_background=&#8221;off&#8221; make_fullwidth=&#8221;off&#8221; use_custom_width=&#8221;off&#8221; width_unit=&#8221;off&#8221; global_colors_info=&#8221;{}&#8221;][et_pb_row column_structure=&#8221;1_4,3_4&#8243; admin_label=&#8221;Row&#8221; _builder_version=&#8221;4.16&#8243; background_size=&#8221;initial&#8221; background_position=&#8221;top_left&#8221; background_repeat=&#8221;repeat&#8221; make_fullwidth=&#8221;off&#8221; use_custom_width=&#8221;off&#8221; width_unit=&#8221;off&#8221; custom_width_px=&#8221;1080px&#8221; custom_width_percent=&#8221;80%&#8221; global_colors_info=&#8221;{}&#8221;][et_pb_column type=&#8221;1_4&#8243; _builder_version=&#8221;4.16&#8243; custom_padding=&#8221;|||&#8221; global_colors_info=&#8221;{}&#8221; custom_padding__hover=&#8221;|||&#8221;][et_pb_text admin_label=&#8221;Prereserva&#8221; _builder_version=&#8221;4.20.2&#8243; background_color=&#8221;#0C71C3&#8243; background_size=&#8221;initial&#8221; background_position=&#8221;top_left&#8221; background_repeat=&#8221;repeat&#8221; background_layout=&#8221;dark&#8221; custom_css_main_element=&#8221;padding:15px;||border-radius: 20px; ||-webkit-border-radius: 20px; ||-moz-border-radius: 20px; &#8221; use_border_color=&#8221;off&#8221; border_color=&#8221;#ffffff&#8221; border_style=&#8221;solid&#8221; global_colors_info=&#8221;{}&#8221;]<\/p>\n<h2>Matr\u00edcula<\/h2>\n<p>[\/et_pb_text][\/et_pb_column][et_pb_column type=&#8221;3_4&#8243; _builder_version=&#8221;4.16&#8243; custom_padding=&#8221;|||&#8221; global_colors_info=&#8221;{}&#8221; custom_padding__hover=&#8221;|||&#8221;][et_pb_text admin_label=&#8221;Prereserva&#8221; _builder_version=&#8221;4.20.2&#8243; text_line_height=&#8221;1.5em&#8221; background_size=&#8221;initial&#8221; background_position=&#8221;top_left&#8221; background_repeat=&#8221;repeat&#8221; hover_enabled=&#8221;0&#8243; use_border_color=&#8221;off&#8221; border_style=&#8221;solid&#8221; global_colors_info=&#8221;{}&#8221; sticky_enabled=&#8221;0&#8243;]<\/p>\n<p>Passos per fer la reserva:<\/p>\n<p>Feu el pagament de 100 \u20ac ( 85 \u20ac si s\u00f3n m\u00e9s d&#8217;un germ\u00e0\/ana o s\u00f2cies d&#8217;ACPV) abans del 10 de juny al n\u00famero de compte: <strong>ES44 2100 0700 1202 0005 9677<\/strong>\u00a0indicant al <strong>CONCEPTE: nom i cognom + Escola d&#8217;Estiu.<\/strong><\/p>\n<p>Envieu un correu a <a class=\"moz-txt-link-freetext\" href=\"mailto:matriculesanimacio@acpv.cat\" target=\"_blank\" rel=\"noopener\">matriculesanimacio@acpv.cat<\/a>\u00a0 amb les dades seg\u00fcents: nom i cognoms del xiquet\/a; nom i cognoms de mare o pare; tel\u00e8fon, correu electr\u00f2nic, tot adjuntant el resguard de la transfer\u00e8ncia.<\/p>\n<p>Les places s\u00f3n limitades a 35 xiquets\/es, i s&#8217;assignaran per rigor\u00f3s ordre d&#8217;arribada del correu amb el resguard de la transfer\u00e8ncia. En el cas que ja no resten places en el moment de la recepci\u00f3 de l&#8217;email, es comunicar\u00e0 i se&#8217;n retornaran els diners.<\/p>\n<p>&nbsp;<\/p>\n<p>[\/et_pb_text][\/et_pb_column][\/et_pb_row][\/et_pb_section]<\/p>\n","protected":false},"excerpt":{"rendered":"<p>ESCOLA D&#8217;ESTIUDescobrim la ciutat des d&#8217;una perspectiva art\u00edstica i en valenci\u00e0! Del 26 al 30 de juny de 2023. Horari: de 8,30 a 14 h .Objectius: Cone\u0300ixer la ciutat de Val\u00e8ncia i el seu valor arti\u0301stic. Gaudir de les propostes arti\u0301stiques i musei\u0301stiques de la ciutat Experimentar la creativitat a parir de les obres visitades [&hellip;]<\/p>\n","protected":false},"author":2,"featured_media":739,"parent":0,"menu_order":0,"comment_status":"closed","ping_status":"closed","template":"","meta":{"_et_pb_use_builder":"on","_et_pb_old_content":"","_et_gb_content_width":""},"_links":{"self":[{"href":"https:\/\/acpv.cat\/animacio\/wp-json\/wp\/v2\/pages\/1527"}],"collection":[{"href":"https:\/\/acpv.cat\/animacio\/wp-json\/wp\/v2\/pages"}],"about":[{"href":"https:\/\/acpv.cat\/animacio\/wp-json\/wp\/v2\/types\/page"}],"author":[{"embeddable":true,"href":"https:\/\/acpv.cat\/animacio\/wp-json\/wp\/v2\/users\/2"}],"replies":[{"embeddable":true,"href":"https:\/\/acpv.cat\/animacio\/wp-json\/wp\/v2\/comments?post=1527"}],"version-history":[{"count":20,"href":"https:\/\/acpv.cat\/animacio\/wp-json\/wp\/v2\/pages\/1527\/revisions"}],"predecessor-version":[{"id":1633,"href":"https:\/\/acpv.cat\/animacio\/wp-json\/wp\/v2\/pages\/1527\/revisions\/1633"}],"wp:featuredmedia":[{"embeddable":true,"href":"https:\/\/acpv.cat\/animacio\/wp-json\/wp\/v2\/media\/739"}],"wp:attachment":[{"href":"https:\/\/acpv.cat\/animacio\/wp-json\/wp\/v2\/media?parent=1527"}],"curies":[{"name":"wp","href":"https:\/\/api.w.org\/{rel}","templated":true}]}}