{"id":1922,"date":"2023-11-22T14:07:09","date_gmt":"2023-11-22T13:07:09","guid":{"rendered":"https:\/\/acpv.cat\/animacio\/?page_id=1922"},"modified":"2026-02-27T12:44:51","modified_gmt":"2026-02-27T11:44:51","slug":"cursos-2","status":"publish","type":"page","link":"https:\/\/acpv.cat\/animacio\/cursos-2\/","title":{"rendered":"Cursos de Formaci\u00f3 Permanent"},"content":{"rendered":"<p>[et_pb_section fb_built=&#8221;1&#8243; admin_label=&#8221;section&#8221; _builder_version=&#8221;4.16&#8243; background_color=&#8221;#3a3a3a&#8221; parallax=&#8221;on&#8221; transparent_background=&#8221;off&#8221; make_fullwidth=&#8221;off&#8221; use_custom_width=&#8221;off&#8221; width_unit=&#8221;off&#8221; global_colors_info=&#8221;{}&#8221;][et_pb_row disabled_on=&#8221;on|on|on&#8221; admin_label=&#8221;row&#8221; _builder_version=&#8221;4.16&#8243; background_size=&#8221;initial&#8221; background_position=&#8221;top_left&#8221; background_repeat=&#8221;repeat&#8221; make_fullwidth=&#8221;off&#8221; use_custom_width=&#8221;off&#8221; width_unit=&#8221;on&#8221; custom_width_px=&#8221;1080px&#8221; custom_width_percent=&#8221;80%&#8221; disabled=&#8221;on&#8221; global_colors_info=&#8221;{}&#8221;][et_pb_column type=&#8221;4_4&#8243; _builder_version=&#8221;4.16&#8243; custom_padding=&#8221;|||&#8221; global_colors_info=&#8221;{}&#8221; custom_padding__hover=&#8221;|||&#8221;][et_pb_blurb image=&#8221;https:\/\/acpv.cat\/animacio\/wp-content\/uploads\/2017\/01\/crayons-1445054_1920.jpg&#8221; image_icon_width=&#8221;none&#8221; admin_label=&#8221;Blurb&#8221; _builder_version=&#8221;4.16&#8243; background_size=&#8221;initial&#8221; background_position=&#8221;top_left&#8221; background_repeat=&#8221;repeat&#8221; text_orientation=&#8221;center&#8221; animation=&#8221;off&#8221; use_border_color=&#8221;off&#8221; border_color=&#8221;#ffffff&#8221; border_width=&#8221;1px&#8221; border_style=&#8221;solid&#8221; image_max_width=&#8221;none&#8221; global_colors_info=&#8221;{}&#8221;][\/et_pb_blurb][\/et_pb_column][\/et_pb_row][et_pb_row admin_label=&#8221;row&#8221; _builder_version=&#8221;4.16&#8243; background_size=&#8221;initial&#8221; background_position=&#8221;top_left&#8221; background_repeat=&#8221;repeat&#8221; make_fullwidth=&#8221;off&#8221; use_custom_width=&#8221;off&#8221; width_unit=&#8221;off&#8221; custom_width_px=&#8221;1080px&#8221; custom_width_percent=&#8221;80%&#8221; global_colors_info=&#8221;{}&#8221;][et_pb_column type=&#8221;4_4&#8243; _builder_version=&#8221;4.16&#8243; custom_padding=&#8221;|||&#8221; global_colors_info=&#8221;{}&#8221; custom_padding__hover=&#8221;|||&#8221;][et_pb_text admin_label=&#8221;Text&#8221; _builder_version=&#8221;4.16&#8243; background_size=&#8221;initial&#8221; background_position=&#8221;top_left&#8221; background_repeat=&#8221;repeat&#8221; text_orientation=&#8221;center&#8221; background_layout=&#8221;dark&#8221; module_alignment=&#8221;center&#8221; use_border_color=&#8221;off&#8221; border_color=&#8221;#ffffff&#8221; border_style=&#8221;solid&#8221; global_colors_info=&#8221;{}&#8221;]<\/p>\n<h1 style=\"font-size: 72px; font-weight: 300;\">Cursos de formaci\u00f3 permanent<\/h1>\n<p>[\/et_pb_text][\/et_pb_column][\/et_pb_row][\/et_pb_section][et_pb_section fb_built=&#8221;1&#8243; admin_label=&#8221;section&#8221; _builder_version=&#8221;4.16&#8243; global_colors_info=&#8221;{}&#8221;][et_pb_row column_structure=&#8221;1_4,1_4,1_4,1_4&#8243; admin_label=&#8221;Row&#8221; _builder_version=&#8221;4.16&#8243; background_size=&#8221;initial&#8221; background_position=&#8221;top_left&#8221; background_repeat=&#8221;repeat&#8221; global_colors_info=&#8221;{}&#8221;][et_pb_column type=&#8221;1_4&#8243; _builder_version=&#8221;4.16&#8243; custom_padding=&#8221;|||&#8221; global_colors_info=&#8221;{}&#8221; custom_padding__hover=&#8221;|||&#8221;][et_pb_blurb title=&#8221;Curs de Monitor de Menjador&#8221; image=&#8221;https:\/\/acpv.cat\/animacio\/wp-content\/uploads\/2023\/11\/Captura-de-pantalla-2023-11-24-a-les-9.01.32.png&#8221; image_icon_width=&#8221;none&#8221; admin_label=&#8221;Curs Monitor Menjador&#8221; _builder_version=&#8221;4.22.1&#8243; header_text_color=&#8221;#f1665f&#8221; header_font_size=&#8221;20&#8243; header_line_height=&#8221;1.2em&#8221; body_font_size=&#8221;13&#8243; body_line_height=&#8221;1.6em&#8221; background_size=&#8221;initial&#8221; background_position=&#8221;top_left&#8221; background_repeat=&#8221;repeat&#8221; animation=&#8221;off&#8221; use_border_color=&#8221;off&#8221; border_color=&#8221;#ffffff&#8221; border_style=&#8221;solid&#8221; image_max_width=&#8221;none&#8221; global_colors_info=&#8221;{}&#8221;]<\/p>\n<p>&nbsp;<\/p>\n<p>&nbsp;<\/p>\n<p>[\/et_pb_blurb][et_pb_cta button_url=&#8221;https:\/\/acpv.cat\/animacio\/menjador\/&#8221; button_text=&#8221;M\u00e9s informaci\u00f3&#8221; admin_label=&#8221;Proximament&#8221; _builder_version=&#8221;4.22.1&#8243; background_color=&#8221;#ffffff&#8221; background_size=&#8221;initial&#8221; background_position=&#8221;top_left&#8221; background_repeat=&#8221;repeat&#8221; custom_button=&#8221;on&#8221; button_text_size=&#8221;14&#8243; button_text_color=&#8221;#ffffff&#8221; button_bg_color=&#8221;#e6b726&#8243; button_border_color=&#8221;#ffffff&#8221; button_border_radius=&#8221;10&#8243; button_icon=&#8221;&#x24;||divi||400&#8243; text_orientation=&#8221;left&#8221; background_layout=&#8221;light&#8221; custom_padding=&#8221;3px|3px|3px|3px&#8221; use_border_color=&#8221;off&#8221; border_color=&#8221;#ffffff&#8221; border_style=&#8221;solid&#8221; button_border_radius_hover=&#8221;10&#8243; button_letter_spacing_hover=&#8221;0&#8243; global_colors_info=&#8221;{}&#8221; button_text_size__hover_enabled=&#8221;off&#8221; button_one_text_size__hover_enabled=&#8221;off&#8221; button_two_text_size__hover_enabled=&#8221;off&#8221; button_text_color__hover_enabled=&#8221;off&#8221; button_one_text_color__hover_enabled=&#8221;off&#8221; button_two_text_color__hover_enabled=&#8221;off&#8221; button_border_width__hover_enabled=&#8221;off&#8221; button_one_border_width__hover_enabled=&#8221;off&#8221; button_two_border_width__hover_enabled=&#8221;off&#8221; button_border_color__hover_enabled=&#8221;off&#8221; button_one_border_color__hover_enabled=&#8221;off&#8221; button_two_border_color__hover_enabled=&#8221;off&#8221; button_border_radius__hover_enabled=&#8221;on&#8221; button_border_radius__hover=&#8221;10&#8243; button_one_border_radius__hover_enabled=&#8221;off&#8221; button_two_border_radius__hover_enabled=&#8221;off&#8221; button_letter_spacing__hover_enabled=&#8221;on&#8221; button_letter_spacing__hover=&#8221;0&#8243; button_one_letter_spacing__hover_enabled=&#8221;off&#8221; button_two_letter_spacing__hover_enabled=&#8221;off&#8221; button_bg_color__hover_enabled=&#8221;off&#8221; button_one_bg_color__hover_enabled=&#8221;off&#8221; button_two_bg_color__hover_enabled=&#8221;off&#8221;][\/et_pb_cta][et_pb_blurb title=&#8221;Curso Monitor d&#8217;Escola Matinera&#8221; image=&#8221;https:\/\/acpv.cat\/animacio\/wp-content\/uploads\/2023\/11\/Captura-de-pantalla-2023-11-24-a-les-9.04.30.png&#8221; image_icon_width=&#8221;none&#8221; admin_label=&#8221;Curs Escola Matinera&#8221; _builder_version=&#8221;4.22.1&#8243; header_text_color=&#8221;#e00702&#8243; header_font_size=&#8221;20&#8243; header_line_height=&#8221;1.2em&#8221; body_font_size=&#8221;13&#8243; body_line_height=&#8221;1.6em&#8221; background_size=&#8221;initial&#8221; background_position=&#8221;top_left&#8221; background_repeat=&#8221;repeat&#8221; animation=&#8221;off&#8221; use_border_color=&#8221;off&#8221; border_color=&#8221;#ffffff&#8221; border_style=&#8221;solid&#8221; image_max_width=&#8221;none&#8221; global_colors_info=&#8221;{}&#8221;]<\/p>\n<p>&nbsp;<\/p>\n<p>&nbsp;<\/p>\n<p>[\/et_pb_blurb][et_pb_cta button_url=&#8221;https:\/\/acpv.cat\/animacio\/escolamatinera\/&#8221; button_text=&#8221;M\u00e9s informaci\u00f3&#8221; admin_label=&#8221;Proximament&#8221; _builder_version=&#8221;4.22.1&#8243; background_color=&#8221;#ffffff&#8221; background_size=&#8221;initial&#8221; background_position=&#8221;top_left&#8221; background_repeat=&#8221;repeat&#8221; custom_button=&#8221;on&#8221; button_text_size=&#8221;14&#8243; button_text_color=&#8221;#ffffff&#8221; button_bg_color=&#8221;#e6b726&#8243; button_border_color=&#8221;#ffffff&#8221; button_border_radius=&#8221;10&#8243; button_icon=&#8221;&#x24;||divi||400&#8243; text_orientation=&#8221;left&#8221; background_layout=&#8221;light&#8221; custom_padding=&#8221;3px|3px|3px|3px&#8221; use_border_color=&#8221;off&#8221; border_color=&#8221;#ffffff&#8221; border_style=&#8221;solid&#8221; button_border_radius_hover=&#8221;10&#8243; button_letter_spacing_hover=&#8221;0&#8243; global_colors_info=&#8221;{}&#8221; button_text_size__hover_enabled=&#8221;off&#8221; button_one_text_size__hover_enabled=&#8221;off&#8221; button_two_text_size__hover_enabled=&#8221;off&#8221; button_text_color__hover_enabled=&#8221;off&#8221; button_one_text_color__hover_enabled=&#8221;off&#8221; button_two_text_color__hover_enabled=&#8221;off&#8221; button_border_width__hover_enabled=&#8221;off&#8221; button_one_border_width__hover_enabled=&#8221;off&#8221; button_two_border_width__hover_enabled=&#8221;off&#8221; button_border_color__hover_enabled=&#8221;off&#8221; button_one_border_color__hover_enabled=&#8221;off&#8221; button_two_border_color__hover_enabled=&#8221;off&#8221; button_border_radius__hover_enabled=&#8221;on&#8221; button_border_radius__hover=&#8221;10&#8243; button_one_border_radius__hover_enabled=&#8221;off&#8221; button_two_border_radius__hover_enabled=&#8221;off&#8221; button_letter_spacing__hover_enabled=&#8221;on&#8221; button_letter_spacing__hover=&#8221;0&#8243; button_one_letter_spacing__hover_enabled=&#8221;off&#8221; button_two_letter_spacing__hover_enabled=&#8221;off&#8221; button_bg_color__hover_enabled=&#8221;off&#8221; button_one_bg_color__hover_enabled=&#8221;off&#8221; button_two_bg_color__hover_enabled=&#8221;off&#8221;][\/et_pb_cta][\/et_pb_column][et_pb_column type=&#8221;1_4&#8243; _builder_version=&#8221;4.16&#8243; custom_padding=&#8221;|||&#8221; global_colors_info=&#8221;{}&#8221; custom_padding__hover=&#8221;|||&#8221;][et_pb_blurb title=&#8221;Cursos en col\u00b7laboraci\u00f3 amb l&#8217;Escola Guillem Agull\u00f3&#8221; image=&#8221;https:\/\/acpv.cat\/animacio\/wp-content\/uploads\/2023\/11\/photo_2023-10-07_17-06-18.jpg&#8221; image_icon_width=&#8221;none&#8221; admin_label=&#8221;Cursos en col\u00b7laboraci\u00f3 amb l&#8217;Escola Gullem Agull\u00f3&#8221; _builder_version=&#8221;4.22.1&#8243; header_text_color=&#8221;#e00702&#8243; header_font_size=&#8221;20&#8243; header_line_height=&#8221;1.2em&#8221; body_font_size=&#8221;13&#8243; body_line_height=&#8221;1.6em&#8221; background_size=&#8221;initial&#8221; background_position=&#8221;top_left&#8221; background_repeat=&#8221;repeat&#8221; animation=&#8221;off&#8221; use_border_color=&#8221;off&#8221; border_color=&#8221;#ffffff&#8221; border_style=&#8221;solid&#8221; image_max_width=&#8221;none&#8221; global_colors_info=&#8221;{}&#8221;]<\/p>\n<p>&nbsp;<\/p>\n<p>&nbsp;<\/p>\n<p>[\/et_pb_blurb][et_pb_cta button_url=&#8221;#&#8221; button_text=&#8221;Pr\u00f2ximament&#8221; admin_label=&#8221;Proximament&#8221; _builder_version=&#8221;4.22.1&#8243; background_color=&#8221;#ffffff&#8221; background_size=&#8221;initial&#8221; background_position=&#8221;top_left&#8221; background_repeat=&#8221;repeat&#8221; custom_button=&#8221;on&#8221; button_text_size=&#8221;14&#8243; button_text_color=&#8221;#ffffff&#8221; button_bg_color=&#8221;#e6b726&#8243; button_border_color=&#8221;#ffffff&#8221; button_border_radius=&#8221;10&#8243; button_icon=&#8221;&#x24;||divi||400&#8243; text_orientation=&#8221;left&#8221; background_layout=&#8221;light&#8221; custom_padding=&#8221;3px|3px|3px|3px&#8221; use_border_color=&#8221;off&#8221; border_color=&#8221;#ffffff&#8221; border_style=&#8221;solid&#8221; button_border_radius_hover=&#8221;10&#8243; button_letter_spacing_hover=&#8221;0&#8243; global_colors_info=&#8221;{}&#8221; button_text_size__hover_enabled=&#8221;off&#8221; button_one_text_size__hover_enabled=&#8221;off&#8221; button_two_text_size__hover_enabled=&#8221;off&#8221; button_text_color__hover_enabled=&#8221;off&#8221; button_one_text_color__hover_enabled=&#8221;off&#8221; button_two_text_color__hover_enabled=&#8221;off&#8221; button_border_width__hover_enabled=&#8221;off&#8221; button_one_border_width__hover_enabled=&#8221;off&#8221; button_two_border_width__hover_enabled=&#8221;off&#8221; button_border_color__hover_enabled=&#8221;off&#8221; button_one_border_color__hover_enabled=&#8221;off&#8221; button_two_border_color__hover_enabled=&#8221;off&#8221; button_border_radius__hover_enabled=&#8221;on&#8221; button_border_radius__hover=&#8221;10&#8243; button_one_border_radius__hover_enabled=&#8221;off&#8221; button_two_border_radius__hover_enabled=&#8221;off&#8221; button_letter_spacing__hover_enabled=&#8221;on&#8221; button_letter_spacing__hover=&#8221;0&#8243; button_one_letter_spacing__hover_enabled=&#8221;off&#8221; button_two_letter_spacing__hover_enabled=&#8221;off&#8221; button_bg_color__hover_enabled=&#8221;off&#8221; button_one_bg_color__hover_enabled=&#8221;off&#8221; button_two_bg_color__hover_enabled=&#8221;off&#8221;][\/et_pb_cta][\/et_pb_column][et_pb_column type=&#8221;1_4&#8243; _builder_version=&#8221;4.16&#8243; custom_padding=&#8221;|||&#8221; global_colors_info=&#8221;{}&#8221; custom_padding__hover=&#8221;|||&#8221;][et_pb_blurb title=&#8221;Associacionisme&#8221; image=&#8221;https:\/\/acpv.cat\/animacio\/wp-content\/uploads\/2023\/11\/cursos_00-3-2.jpg&#8221; image_icon_width=&#8221;none&#8221; admin_label=&#8221;Associacionisme&#8221; _builder_version=&#8221;4.22.1&#8243; header_text_color=&#8221;#ff6c02&#8243; header_font_size=&#8221;20&#8243; header_line_height=&#8221;1.2em&#8221; body_font_size=&#8221;13&#8243; body_line_height=&#8221;1.6em&#8221; background_size=&#8221;initial&#8221; background_position=&#8221;top_left&#8221; background_repeat=&#8221;repeat&#8221; animation=&#8221;off&#8221; use_border_color=&#8221;off&#8221; border_color=&#8221;#ffffff&#8221; border_style=&#8221;solid&#8221; image_max_width=&#8221;none&#8221; global_colors_info=&#8221;{}&#8221;]<\/p>\n<p>&nbsp;<\/p>\n<p>Els cursos tenen la seg\u00fcent estructura (les persones matriculades poden assistir a un dels m\u00f2duls o a la totalitat del curs)<\/p>\n<p><strong>M\u00f2dul 1. Aspectes b\u00e0sics de creaci\u00f3 i funcionament d\u2019una associaci\u00f3: redacci\u00f3 d\u2019estatuts i obligacions fiscals i documentals<\/strong> (una sessi\u00f3 de 3 hores).<\/p>\n<p><strong>M\u00f2dul 2. La planificaci\u00f3 a les entitats: Elaboraci\u00f3 de plans d\u2019actuaci\u00f3 o plans estrat\u00e8gics i avaluaci\u00f3<\/strong> ( dues sessions de 3 hores).<\/p>\n<p><strong>M\u00f2dul 3: La comunicaci\u00f3 a les associacions. Elaboraci\u00f3 del pla de comunicaci\u00f3 i \u00fas de les xarxes socials<\/strong> (dues sessions de 3 hores).<\/p>\n<p>[\/et_pb_blurb][et_pb_cta button_url=&#8221;https:\/\/acpv.cat\/accionat\/cursos\/&#8221; button_text=&#8221;M\u00e9s informaci\u00f3&#8221; admin_label=&#8221;Call To Action&#8221; _builder_version=&#8221;4.22.1&#8243; background_color=&#8221;#ffffff&#8221; background_size=&#8221;initial&#8221; background_position=&#8221;top_left&#8221; background_repeat=&#8221;repeat&#8221; custom_button=&#8221;on&#8221; button_text_size=&#8221;14&#8243; button_text_color=&#8221;#ffffff&#8221; button_bg_color=&#8221;#ff6c02&#8243; button_border_color=&#8221;#ffffff&#8221; button_border_radius=&#8221;10&#8243; button_icon=&#8221;&#x24;||divi||400&#8243; text_orientation=&#8221;left&#8221; background_layout=&#8221;light&#8221; custom_padding=&#8221;3px|3px|3px|3px&#8221; use_border_color=&#8221;off&#8221; border_color=&#8221;#ffffff&#8221; border_style=&#8221;solid&#8221; button_border_radius_hover=&#8221;10&#8243; button_letter_spacing_hover=&#8221;0&#8243; global_colors_info=&#8221;{}&#8221; button_text_size__hover_enabled=&#8221;off&#8221; button_one_text_size__hover_enabled=&#8221;off&#8221; button_two_text_size__hover_enabled=&#8221;off&#8221; button_text_color__hover_enabled=&#8221;off&#8221; button_one_text_color__hover_enabled=&#8221;off&#8221; button_two_text_color__hover_enabled=&#8221;off&#8221; button_border_width__hover_enabled=&#8221;off&#8221; button_one_border_width__hover_enabled=&#8221;off&#8221; button_two_border_width__hover_enabled=&#8221;off&#8221; button_border_color__hover_enabled=&#8221;off&#8221; button_one_border_color__hover_enabled=&#8221;off&#8221; button_two_border_color__hover_enabled=&#8221;off&#8221; button_border_radius__hover_enabled=&#8221;on&#8221; button_border_radius__hover=&#8221;10&#8243; button_one_border_radius__hover_enabled=&#8221;off&#8221; button_two_border_radius__hover_enabled=&#8221;off&#8221; button_letter_spacing__hover_enabled=&#8221;on&#8221; button_letter_spacing__hover=&#8221;0&#8243; button_one_letter_spacing__hover_enabled=&#8221;off&#8221; button_two_letter_spacing__hover_enabled=&#8221;off&#8221; button_bg_color__hover_enabled=&#8221;off&#8221; button_one_bg_color__hover_enabled=&#8221;off&#8221; button_two_bg_color__hover_enabled=&#8221;off&#8221;][\/et_pb_cta][\/et_pb_column][et_pb_column type=&#8221;1_4&#8243; _builder_version=&#8221;4.16&#8243; custom_padding=&#8221;|||&#8221; global_colors_info=&#8221;{}&#8221; custom_padding__hover=&#8221;|||&#8221;][et_pb_blurb title=&#8221;Taller teatre social&#8221; image=&#8221;https:\/\/acpv.cat\/animacio\/wp-content\/uploads\/2023\/03\/IMG_0478-scaled.jpg&#8221; image_icon_width=&#8221;none&#8221; admin_label=&#8221;Taller teatre social&#8221; _builder_version=&#8221;4.22.1&#8243; header_text_color=&#8221;#ff6c02&#8243; header_font_size=&#8221;20&#8243; header_line_height=&#8221;1.2em&#8221; body_font_size=&#8221;13&#8243; body_line_height=&#8221;1.6em&#8221; background_size=&#8221;initial&#8221; background_position=&#8221;top_left&#8221; background_repeat=&#8221;repeat&#8221; animation=&#8221;off&#8221; use_border_color=&#8221;off&#8221; border_color=&#8221;#ffffff&#8221; border_style=&#8221;solid&#8221; image_max_width=&#8221;none&#8221; global_colors_info=&#8221;{}&#8221;]<\/p>\n<p>&nbsp;<\/p>\n<p>Es tracta d&#8217;un Taller de teatre social<\/p>\n<p>[\/et_pb_blurb][et_pb_cta button_url=&#8221;https:\/\/acpv.cat\/animacio\/curs-el-teatre-social-com-a-eina-danimacio-juvenil\/&#8221; button_text=&#8221;M\u00e9s informaci\u00f3&#8221; admin_label=&#8221;Proximament&#8221; _builder_version=&#8221;4.22.1&#8243; background_color=&#8221;#FFFFFF&#8221; background_size=&#8221;initial&#8221; background_position=&#8221;top_left&#8221; background_repeat=&#8221;repeat&#8221; custom_button=&#8221;on&#8221; button_text_size=&#8221;14&#8243; button_text_color=&#8221;#ffffff&#8221; button_bg_color=&#8221;#E02B20&#8243; button_border_color=&#8221;#ffffff&#8221; button_border_radius=&#8221;10&#8243; button_icon=&#8221;&#x24;||divi||400&#8243; text_orientation=&#8221;left&#8221; background_layout=&#8221;light&#8221; custom_padding=&#8221;3px|3px|3px|3px&#8221; use_border_color=&#8221;off&#8221; border_color=&#8221;#ffffff&#8221; border_style=&#8221;solid&#8221; button_border_radius_hover=&#8221;10&#8243; button_letter_spacing_hover=&#8221;0&#8243; global_colors_info=&#8221;{}&#8221; button_text_size__hover_enabled=&#8221;off&#8221; button_one_text_size__hover_enabled=&#8221;off&#8221; button_two_text_size__hover_enabled=&#8221;off&#8221; button_text_color__hover_enabled=&#8221;off&#8221; button_one_text_color__hover_enabled=&#8221;off&#8221; button_two_text_color__hover_enabled=&#8221;off&#8221; button_border_width__hover_enabled=&#8221;off&#8221; button_one_border_width__hover_enabled=&#8221;off&#8221; button_two_border_width__hover_enabled=&#8221;off&#8221; button_border_color__hover_enabled=&#8221;off&#8221; button_one_border_color__hover_enabled=&#8221;off&#8221; button_two_border_color__hover_enabled=&#8221;off&#8221; button_border_radius__hover_enabled=&#8221;on&#8221; button_border_radius__hover=&#8221;10&#8243; button_one_border_radius__hover_enabled=&#8221;off&#8221; button_two_border_radius__hover_enabled=&#8221;off&#8221; button_letter_spacing__hover_enabled=&#8221;on&#8221; button_letter_spacing__hover=&#8221;0&#8243; button_one_letter_spacing__hover_enabled=&#8221;off&#8221; button_two_letter_spacing__hover_enabled=&#8221;off&#8221; button_bg_color__hover_enabled=&#8221;off&#8221; button_one_bg_color__hover_enabled=&#8221;off&#8221; button_two_bg_color__hover_enabled=&#8221;off&#8221;][\/et_pb_cta][\/et_pb_column][\/et_pb_row][\/et_pb_section][et_pb_section fb_built=&#8221;1&#8243; admin_label=&#8221;Section&#8221; _builder_version=&#8221;4.16&#8243; global_colors_info=&#8221;{}&#8221;][et_pb_row admin_label=&#8221;Row&#8221; _builder_version=&#8221;4.16&#8243; background_size=&#8221;initial&#8221; background_position=&#8221;top_left&#8221; background_repeat=&#8221;repeat&#8221; global_colors_info=&#8221;{}&#8221;][et_pb_column type=&#8221;4_4&#8243; _builder_version=&#8221;4.16&#8243; custom_padding=&#8221;|||&#8221; global_colors_info=&#8221;{}&#8221; custom_padding__hover=&#8221;|||&#8221;][et_pb_divider show_divider=&#8221;off&#8221; disabled_on=&#8221;on|on|off&#8221; admin_label=&#8221;Divider&#8221; _builder_version=&#8221;4.16&#8243; height=&#8221;10px&#8221; hide_on_mobile=&#8221;on&#8221; global_colors_info=&#8221;{}&#8221;] [\/et_pb_divider][et_pb_gallery gallery_ids=&#8221;711,712,713,714,715,716&#8243; gallery_orderby=&#8221;rand&#8221; fullwidth=&#8221;on&#8221; disabled_on=&#8221;on|on|&#8221; admin_label=&#8221;Pas Fotos Video&#8221; _builder_version=&#8221;4.16&#8243; auto=&#8221;on&#8221; auto_speed=&#8221;4000&#8243; use_border_color=&#8221;off&#8221; border_color=&#8221;#ffffff&#8221; border_style=&#8221;solid&#8221; saved_tabs=&#8221;all&#8221; global_colors_info=&#8221;{}&#8221;] [\/et_pb_gallery][\/et_pb_column][\/et_pb_row][\/et_pb_section]<\/p>\n","protected":false},"excerpt":{"rendered":"<p>Cursos de formaci\u00f3 permanent&nbsp; &nbsp;&nbsp; &nbsp;&nbsp; &nbsp;&nbsp; Els cursos tenen la seg\u00fcent estructura (les persones matriculades poden assistir a un dels m\u00f2duls o a la totalitat del curs) M\u00f2dul 1. Aspectes b\u00e0sics de creaci\u00f3 i funcionament d\u2019una associaci\u00f3: redacci\u00f3 d\u2019estatuts i obligacions fiscals i documentals (una sessi\u00f3 de 3 hores). M\u00f2dul 2. La planificaci\u00f3 a [&hellip;]<\/p>\n","protected":false},"author":2,"featured_media":667,"parent":0,"menu_order":0,"comment_status":"closed","ping_status":"closed","template":"","meta":{"_et_pb_use_builder":"on","_et_pb_old_content":"","_et_gb_content_width":""},"_links":{"self":[{"href":"https:\/\/acpv.cat\/animacio\/wp-json\/wp\/v2\/pages\/1922"}],"collection":[{"href":"https:\/\/acpv.cat\/animacio\/wp-json\/wp\/v2\/pages"}],"about":[{"href":"https:\/\/acpv.cat\/animacio\/wp-json\/wp\/v2\/types\/page"}],"author":[{"embeddable":true,"href":"https:\/\/acpv.cat\/animacio\/wp-json\/wp\/v2\/users\/2"}],"replies":[{"embeddable":true,"href":"https:\/\/acpv.cat\/animacio\/wp-json\/wp\/v2\/comments?post=1922"}],"version-history":[{"count":16,"href":"https:\/\/acpv.cat\/animacio\/wp-json\/wp\/v2\/pages\/1922\/revisions"}],"predecessor-version":[{"id":4016,"href":"https:\/\/acpv.cat\/animacio\/wp-json\/wp\/v2\/pages\/1922\/revisions\/4016"}],"wp:featuredmedia":[{"embeddable":true,"href":"https:\/\/acpv.cat\/animacio\/wp-json\/wp\/v2\/media\/667"}],"wp:attachment":[{"href":"https:\/\/acpv.cat\/animacio\/wp-json\/wp\/v2\/media?parent=1922"}],"curies":[{"name":"wp","href":"https:\/\/api.w.org\/{rel}","templated":true}]}}