{"id":15582,"date":"2022-09-04T13:39:25","date_gmt":"2022-09-04T11:39:25","guid":{"rendered":"https:\/\/acpv.cat\/escoltesdelpv\/?page_id=15582"},"modified":"2025-12-19T11:52:21","modified_gmt":"2025-12-19T09:52:21","slug":"projecteeducatiu2","status":"publish","type":"page","link":"https:\/\/acpv.cat\/escoltesdelpv\/projecteeducatiu2\/","title":{"rendered":"Projecte educatiu"},"content":{"rendered":"<p>Som un moviment educatiu amb un projecte transformador. Contribu\u00efm a l\u2019educaci\u00f3 d\u2019infants i joves del Pa\u00eds Valenci\u00e0 per tal de construir una societat m\u00e9s justa, lliure i igualit\u00e0ria.<\/p>\n<p>Facilitem espais de creixement i aprenentatges compartits entre iguals. Espais on infants i joves se senten protagonistes, c\u00f2modes i on gaudeixen d\u2019autonomia per assegurar el seu desenvolupament individual i amb capacitat de participar activament i incidir en el seu entorn. En definitiva, una educaci\u00f3 que contribueix a la transformaci\u00f3 personal, col\u00b7lectiva i social.<\/p>\n<p>El nostre projecte educatiu es basa en el m\u00e8tode escolta que pren com a referents els moviments de l\u2019escoltisme i el guiatge mundials, i a trav\u00e9s del qual treballem els seg\u00fcents valors:<\/p>\n<ul>\n<li>Estima pel pa\u00eds, la llengua i la cultura pr\u00f2pia<\/li>\n<li>Participaci\u00f3 en la vida col\u00b7lectiva, comprom\u00eds amb l\u2019entorn i amb el pa\u00eds.<\/li>\n<li>Estima i defensa de la natura i del territori.<\/li>\n<li>Solidaritat volunt\u00e0ria conscient i activa.<\/li>\n<li>Lluita per la igualtat i contra tot tipus de discriminaci\u00f3<\/li>\n<li>Feminisme<\/li>\n<li>Defensa de la cultura de la pau<\/li>\n<li>Sinceritat, honestedat i responsabilitat<\/li>\n<li>Respecte i cura de la pr\u00f2pia persona i de les altres<\/li>\n<li>Esfor\u00e7 personal i col\u00b7lectiu<\/li>\n<li>Austeritat, generositat, alegria i optimisme<\/li>\n<\/ul>\n<p><br style=\"font-weight: 400;\" \/><br style=\"font-weight: 400;\" \/><\/p>\n\n\n<p>La xicalla i els joves participants es segmenten en grups d&#8217;edats que porten a terme una varietat d&#8217;activitats amb objectius espec\u00edfics adaptats a les seues necessitats i interessos. Actualment, estem treballant amb tres grups:<\/p>\n\n\n\n<p>FOLLETS<\/p>\n\n\n\n<p>Xicalla de 6 a 8 anys amb la il\u00b7lusi\u00f3 i les ganes de descobrir.  la branca Follets s\u2019embarca en aventures m\u00e0giques  i amb aprenentatges que d\u2019una altra manera no serien possibles. Ixen per primer cop de casa i agafen autonomia, comencen a descobrir-se a si mateixes, als altres i aprenen a viure en col\u00b7lectivitat gaudint de la llibertat de ser elles mateixes.<\/p>\n\n\n\n<p>LLOPS<\/p>\n\n\n\n<p>Joves d&#8217;entre 9 i 12 anys. Es caracteritzen per una energia i vitalitat aut\u00e8ntiques, mostrant un fervor per expressar-se i una creativitat \u00fanica. Els participants del grup de Llops adquireixen progressivament coneixements en diversos \u00e0mbits del seu dia a dia. Coexistint en comunitat i desenvolupant habilitats per treballar col\u00b7lectivament, comencen a abordar conflictes i a gestionar emocions. A trav\u00e9s d&#8217;un proc\u00e9s evolutiu, van construint els seus propis valors i consolidant els h\u00e0bits que donen forma a la seua personalitat<\/p>\n\n\n\n<p>.<img loading=\"lazy\" decoding=\"async\" width=\"500\" height=\"375\" class=\"wp-image-15725\" style=\"width: 500px;\" src=\"https:\/\/acpv.cat\/escoltesdelpv\/wp-content\/uploads\/2023\/11\/8.jpeg\" alt=\"\" srcset=\"https:\/\/acpv.cat\/escoltesdelpv\/wp-content\/uploads\/2023\/11\/8.jpeg 2018w, https:\/\/acpv.cat\/escoltesdelpv\/wp-content\/uploads\/2023\/11\/8-300x225.jpeg 300w, https:\/\/acpv.cat\/escoltesdelpv\/wp-content\/uploads\/2023\/11\/8-1024x768.jpeg 1024w, https:\/\/acpv.cat\/escoltesdelpv\/wp-content\/uploads\/2023\/11\/8-768x576.jpeg 768w, https:\/\/acpv.cat\/escoltesdelpv\/wp-content\/uploads\/2023\/11\/8-1536x1152.jpeg 1536w, https:\/\/acpv.cat\/escoltesdelpv\/wp-content\/uploads\/2023\/11\/8-1568x1176.jpeg 1568w\" sizes=\"auto, (max-width: 500px) 100vw, 500px\" \/><\/p>\n\n\n\n<p>RAIERS<\/p>\n\n\n\n<p>Joves d&#8217;entre 12 i 15 anys. Es caracteritzen per una energia i vitalitat aut\u00e8ntiques, mostrant un fervor per expressar-se i una creativitat \u00fanica. Els participants del grup de Llops adquireixen progressivament coneixements en diversos \u00e0mbits del seu dia a dia. Coexistint en comunitat i desenvolupant habilitats per treballar col\u00b7lectivament, comencen a abordar conflictes i a gestionar emocions. A trav\u00e9s d&#8217;un proc\u00e9s evolutiu, van construint els seus propis valors i consolidant els h\u00e0bits que donen forma a la seua personalitat.<\/p>\n\n\n\n<p>PIONERES<\/p>\n\n\n\n<p>Joves entre 15 i 17 anys. Q\u00fcestionar, buscar ideals, fer-se preguntes i cercar respostes, la branca Pioneres participa en la vida col\u00b7lectiva i s\u2019implica en l&#8217;entorn. \u00c9s el temps decisiu per somiar i ser ambicioses, per\u00f2 tamb\u00e9 de cuidar la diversitat i el grup. Noies i nois esdevenen els veritables protagonistes de la vida de la unitat.<\/p>\n\n\n\n<figure class=\"wp-block-image size-full\"><img decoding=\"async\" src=\"https:\/\/acpv.cat\/escoltesdelpv\/wp-content\/uploads\/2024\/10\/IMG_3315.heic\" alt=\"\" class=\"wp-image-15739\"\/><\/figure>\n\n\n\n<figure class=\"wp-block-image size-large\"><img loading=\"lazy\" decoding=\"async\" width=\"768\" height=\"1024\" src=\"https:\/\/acpv.cat\/escoltesdelpv\/wp-content\/uploads\/2024\/10\/IMG_3264-768x1024.jpeg\" alt=\"\" class=\"wp-image-15744\" srcset=\"https:\/\/acpv.cat\/escoltesdelpv\/wp-content\/uploads\/2024\/10\/IMG_3264-768x1024.jpeg 768w, https:\/\/acpv.cat\/escoltesdelpv\/wp-content\/uploads\/2024\/10\/IMG_3264-225x300.jpeg 225w, https:\/\/acpv.cat\/escoltesdelpv\/wp-content\/uploads\/2024\/10\/IMG_3264-1152x1536.jpeg 1152w, https:\/\/acpv.cat\/escoltesdelpv\/wp-content\/uploads\/2024\/10\/IMG_3264-1536x2048.jpeg 1536w, https:\/\/acpv.cat\/escoltesdelpv\/wp-content\/uploads\/2024\/10\/IMG_3264-1568x2091.jpeg 1568w, https:\/\/acpv.cat\/escoltesdelpv\/wp-content\/uploads\/2024\/10\/IMG_3264-scaled.jpeg 1920w\" sizes=\"auto, (max-width: 768px) 100vw, 768px\" \/><\/figure>\n","protected":false},"excerpt":{"rendered":"<p>Som un moviment educatiu amb un projecte transformador. Contribu\u00efm a l\u2019educaci\u00f3 d\u2019infants i joves del Pa\u00eds Valenci\u00e0 per tal de construir una societat m\u00e9s justa, lliure i igualit\u00e0ria. Facilitem espais de creixement i aprenentatges compartits entre iguals. Espais on infants i joves se senten protagonistes, c\u00f2modes i on gaudeixen d\u2019autonomia [&hellip;]<\/p>\n","protected":false},"author":3,"featured_media":0,"parent":0,"menu_order":0,"comment_status":"closed","ping_status":"closed","template":"","meta":{"_themeisle_gutenberg_block_has_review":false,"footnotes":""},"class_list":["post-15582","page","type-page","status-publish","hentry"],"_links":{"self":[{"href":"https:\/\/acpv.cat\/escoltesdelpv\/wp-json\/wp\/v2\/pages\/15582","targetHints":{"allow":["GET"]}}],"collection":[{"href":"https:\/\/acpv.cat\/escoltesdelpv\/wp-json\/wp\/v2\/pages"}],"about":[{"href":"https:\/\/acpv.cat\/escoltesdelpv\/wp-json\/wp\/v2\/types\/page"}],"author":[{"embeddable":true,"href":"https:\/\/acpv.cat\/escoltesdelpv\/wp-json\/wp\/v2\/users\/3"}],"replies":[{"embeddable":true,"href":"https:\/\/acpv.cat\/escoltesdelpv\/wp-json\/wp\/v2\/comments?post=15582"}],"version-history":[{"count":17,"href":"https:\/\/acpv.cat\/escoltesdelpv\/wp-json\/wp\/v2\/pages\/15582\/revisions"}],"predecessor-version":[{"id":15833,"href":"https:\/\/acpv.cat\/escoltesdelpv\/wp-json\/wp\/v2\/pages\/15582\/revisions\/15833"}],"wp:attachment":[{"href":"https:\/\/acpv.cat\/escoltesdelpv\/wp-json\/wp\/v2\/media?parent=15582"}],"curies":[{"name":"wp","href":"https:\/\/api.w.org\/{rel}","templated":true}]}}