{"id":529,"date":"2015-04-20T11:50:56","date_gmt":"2015-04-20T11:50:56","guid":{"rendered":"http:\/\/welfare.cmsmasters.net\/?page_id=529"},"modified":"2023-02-27T19:03:00","modified_gmt":"2023-02-27T17:03:00","slug":"qui-som","status":"publish","type":"page","link":"https:\/\/acpv.cat\/escoltesdelpv\/qui-som\/","title":{"rendered":"Qui som"},"content":{"rendered":"\n<p>Escoltes del Pa\u00eds Valenci\u00e0 som un moviment infantil i juvenil laic i en valenci\u00e0 impulsat per Acci\u00f3 Cultural del Pa\u00eds Valenci\u00e0 i que pren la recuperaci\u00f3 de l\u2019\u00fas social de la llengua i la promoci\u00f3 de la cultura al nostre pa\u00eds com a eixos de treball i t\u00e9 com a referent el moviment escolta i el seu m\u00e8tode basat en la participaci\u00f3.<\/p>\n\n\n\n<figure class=\"wp-block-image size-large\"><img loading=\"lazy\" decoding=\"async\" width=\"576\" height=\"1024\" src=\"https:\/\/acpv.cat\/escoltesdelpv\/wp-content\/uploads\/2022\/06\/5-576x1024.png\" alt=\"\" class=\"wp-image-15550\" srcset=\"https:\/\/acpv.cat\/escoltesdelpv\/wp-content\/uploads\/2022\/06\/5-576x1024.png 576w, https:\/\/acpv.cat\/escoltesdelpv\/wp-content\/uploads\/2022\/06\/5-169x300.png 169w, https:\/\/acpv.cat\/escoltesdelpv\/wp-content\/uploads\/2022\/06\/5-768x1365.png 768w, https:\/\/acpv.cat\/escoltesdelpv\/wp-content\/uploads\/2022\/06\/5-864x1536.png 864w, https:\/\/acpv.cat\/escoltesdelpv\/wp-content\/uploads\/2022\/06\/5.png 1080w\" sizes=\"auto, (max-width: 576px) 100vw, 576px\" \/><\/figure>\n\n\n<p><\/p>","protected":false},"excerpt":{"rendered":"<p>Escoltes del Pa\u00eds Valenci\u00e0 som un moviment infantil i juvenil laic i en valenci\u00e0 impulsat per Acci\u00f3 Cultural del Pa\u00eds Valenci\u00e0 i que pren la recuperaci\u00f3 de l\u2019\u00fas social de la llengua i la promoci\u00f3 de la cultura al nostre pa\u00eds com a eixos de treball i t\u00e9 com a [&hellip;]<\/p>\n","protected":false},"author":1,"featured_media":0,"parent":0,"menu_order":0,"comment_status":"closed","ping_status":"closed","template":"","meta":{"_themeisle_gutenberg_block_has_review":false,"footnotes":""},"class_list":["post-529","page","type-page","status-publish","hentry"],"_links":{"self":[{"href":"https:\/\/acpv.cat\/escoltesdelpv\/wp-json\/wp\/v2\/pages\/529","targetHints":{"allow":["GET"]}}],"collection":[{"href":"https:\/\/acpv.cat\/escoltesdelpv\/wp-json\/wp\/v2\/pages"}],"about":[{"href":"https:\/\/acpv.cat\/escoltesdelpv\/wp-json\/wp\/v2\/types\/page"}],"author":[{"embeddable":true,"href":"https:\/\/acpv.cat\/escoltesdelpv\/wp-json\/wp\/v2\/users\/1"}],"replies":[{"embeddable":true,"href":"https:\/\/acpv.cat\/escoltesdelpv\/wp-json\/wp\/v2\/comments?post=529"}],"version-history":[{"count":11,"href":"https:\/\/acpv.cat\/escoltesdelpv\/wp-json\/wp\/v2\/pages\/529\/revisions"}],"predecessor-version":[{"id":15624,"href":"https:\/\/acpv.cat\/escoltesdelpv\/wp-json\/wp\/v2\/pages\/529\/revisions\/15624"}],"wp:attachment":[{"href":"https:\/\/acpv.cat\/escoltesdelpv\/wp-json\/wp\/v2\/media?parent=529"}],"curies":[{"name":"wp","href":"https:\/\/api.w.org\/{rel}","templated":true}]}}