{"id":53,"date":"2022-10-17T12:13:10","date_gmt":"2022-10-17T10:13:10","guid":{"rendered":"https:\/\/acpv.cat\/estimaelvalencia2\/?page_id=53"},"modified":"2024-04-12T09:46:20","modified_gmt":"2024-04-12T07:46:20","slug":"inici","status":"publish","type":"page","link":"https:\/\/acpv.cat\/estimaelvalencia2\/","title":{"rendered":"Inici"},"content":{"rendered":"<p>[et_pb_section fb_built=&#8221;1&#8243; _builder_version=&#8221;4.18.0&#8243; _module_preset=&#8221;default&#8221; global_colors_info=&#8221;{}&#8221;][et_pb_row _builder_version=&#8221;4.18.0&#8243; _module_preset=&#8221;default&#8221; global_colors_info=&#8221;{}&#8221;][et_pb_column type=&#8221;4_4&#8243; _builder_version=&#8221;4.18.0&#8243; _module_preset=&#8221;default&#8221; global_colors_info=&#8221;{}&#8221;][et_pb_video src=&#8221;https:\/\/www.youtube.com\/watch?v=0X9muYlsemY&#8221; _builder_version=&#8221;4.18.0&#8243; _module_preset=&#8221;default&#8221; global_colors_info=&#8221;{}&#8221;][\/et_pb_video][\/et_pb_column][\/et_pb_row][et_pb_row _builder_version=&#8221;4.18.0&#8243; _module_preset=&#8221;default&#8221; global_colors_info=&#8221;{}&#8221;][et_pb_column type=&#8221;4_4&#8243; _builder_version=&#8221;4.18.0&#8243; _module_preset=&#8221;default&#8221; global_colors_info=&#8221;{}&#8221;][et_pb_text admin_label=&#8221;T\u00edtol&#8221; _builder_version=&#8221;4.18.0&#8243; _module_preset=&#8221;default&#8221; global_colors_info=&#8221;{}&#8221;]<\/p>\n<h2>Estima el valenci\u00e0 2 &#8211; Desc\u00e0rrega de can\u00e7ons<\/h2>\n<p>[\/et_pb_text][et_pb_text disabled_on=&#8221;on|on|on&#8221; _builder_version=&#8221;4.18.0&#8243; _module_preset=&#8221;default&#8221; disabled=&#8221;on&#8221; global_colors_info=&#8221;{}&#8221;]<\/p>\n\n<p>[\/et_pb_text][\/et_pb_column][\/et_pb_row][et_pb_row column_structure=&#8221;1_2,1_2&#8243; _builder_version=&#8221;4.18.0&#8243; _module_preset=&#8221;default&#8221; global_colors_info=&#8221;{}&#8221;][et_pb_column type=&#8221;1_2&#8243; _builder_version=&#8221;4.18.0&#8243; _module_preset=&#8221;default&#8221; global_colors_info=&#8221;{}&#8221;][et_pb_audio audio=&#8221;https:\/\/acpv.cat\/estimaelvalencia2\/wp-content\/uploads\/musica_mp3\/1-La_iaia.mp3&#8243; title=&#8221;1. La iaia&#8221; artist_name=&#8221;Canta Canalla&#8221; album_name=&#8221;Estima el valenci\u00e0 2&#8243; admin_label=&#8221;1. La iaia&#8221; _builder_version=&#8221;4.23.1&#8243; _module_preset=&#8221;default&#8221; title_level=&#8221;h4&#8243; background_color=&#8221;#B900ED&#8221; width=&#8221;70%&#8221; max_width=&#8221;70%&#8221; module_alignment=&#8221;center&#8221; link_option_url_new_window=&#8221;on&#8221; border_radii=&#8221;off|10px|10px|10px|10px&#8221; border_radii_image=&#8221;on|10px|10px|10px|10px&#8221; box_shadow_style_image=&#8221;preset1&#8243; global_colors_info=&#8221;{}&#8221;][\/et_pb_audio][et_pb_audio audio=&#8221;https:\/\/acpv.cat\/estimaelvalencia2\/wp-content\/uploads\/musica_mp3\/3-LEspai.mp3&#8243; title=&#8221;3. L\u2019espai&#8221; artist_name=&#8221;Canta Canalla&#8221; album_name=&#8221;Estima el valenci\u00e0 2&#8243; admin_label=&#8221;3. L&#8217; Espai&#8221; _builder_version=&#8221;4.18.0&#8243; _module_preset=&#8221;default&#8221; title_level=&#8221;h4&#8243; background_color=&#8221;#B900ED&#8221; width=&#8221;70%&#8221; max_width=&#8221;70%&#8221; module_alignment=&#8221;center&#8221; link_option_url_new_window=&#8221;on&#8221; border_radii=&#8221;off|10px|10px|10px|10px&#8221; border_radii_image=&#8221;on|10px|10px|10px|10px&#8221; box_shadow_style_image=&#8221;preset1&#8243; global_colors_info=&#8221;{}&#8221;][\/et_pb_audio][et_pb_audio audio=&#8221;https:\/\/acpv.cat\/estimaelvalencia2\/wp-content\/uploads\/musica_mp3\/5-Balla_el_valencia.mp3&#8243; title=&#8221;5. Balla el valenci\u00e0&#8221; artist_name=&#8221;Canta Canalla&#8221; album_name=&#8221;Estima el valenci\u00e0 2&#8243; admin_label=&#8221;5. Balla el valenci\u00e0&#8221; _builder_version=&#8221;4.18.0&#8243; _module_preset=&#8221;default&#8221; title_level=&#8221;h4&#8243; background_color=&#8221;#B900ED&#8221; width=&#8221;70%&#8221; max_width=&#8221;70%&#8221; module_alignment=&#8221;center&#8221; link_option_url_new_window=&#8221;on&#8221; border_radii=&#8221;off|10px|10px|10px|10px&#8221; border_radii_image=&#8221;on|10px|10px|10px|10px&#8221; box_shadow_style_image=&#8221;preset1&#8243; global_colors_info=&#8221;{}&#8221;][\/et_pb_audio][et_pb_audio audio=&#8221;https:\/\/acpv.cat\/estimaelvalencia2\/wp-content\/uploads\/musica_mp3\/7-LAlegria.mp3&#8243; title=&#8221;7. L\u2019alegria&#8221; artist_name=&#8221;Canta Canalla&#8221; album_name=&#8221;Estima el valenci\u00e0 2&#8243; admin_label=&#8221;7. L\u2019alegria&#8221; _builder_version=&#8221;4.23.1&#8243; _module_preset=&#8221;default&#8221; title_level=&#8221;h4&#8243; background_color=&#8221;#B900ED&#8221; width=&#8221;70%&#8221; max_width=&#8221;70%&#8221; module_alignment=&#8221;center&#8221; link_option_url_new_window=&#8221;on&#8221; border_radii=&#8221;off|10px|10px|10px|10px&#8221; border_radii_image=&#8221;on|10px|10px|10px|10px&#8221; box_shadow_style_image=&#8221;preset1&#8243; global_colors_info=&#8221;{}&#8221;][\/et_pb_audio][et_pb_audio audio=&#8221;https:\/\/acpv.cat\/estimaelvalencia2\/wp-content\/uploads\/musica_mp3\/9-Vull_estudiar.mp3&#8243; title=&#8221;9. Vull estudiar&#8221; artist_name=&#8221;Canta Canalla&#8221; album_name=&#8221;Estima el valenci\u00e0 2&#8243; admin_label=&#8221;9. Vull estudiar&#8221; _builder_version=&#8221;4.23.1&#8243; _module_preset=&#8221;default&#8221; title_level=&#8221;h4&#8243; background_color=&#8221;#B900ED&#8221; width=&#8221;70%&#8221; max_width=&#8221;70%&#8221; module_alignment=&#8221;center&#8221; link_option_url_new_window=&#8221;on&#8221; border_radii=&#8221;off|10px|10px|10px|10px&#8221; border_radii_image=&#8221;on|10px|10px|10px|10px&#8221; box_shadow_style_image=&#8221;preset1&#8243; global_colors_info=&#8221;{}&#8221;][\/et_pb_audio][\/et_pb_column][et_pb_column type=&#8221;1_2&#8243; _builder_version=&#8221;4.18.0&#8243; _module_preset=&#8221;default&#8221; global_colors_info=&#8221;{}&#8221;][et_pb_audio audio=&#8221;https:\/\/acpv.cat\/estimaelvalencia2\/wp-content\/uploads\/musica_mp3\/2-Multiculturalitat.mp3&#8243; title=&#8221;2. Multiculturalitat&#8221; artist_name=&#8221;Canta Canalla&#8221; album_name=&#8221;Estima el valenci\u00e0 2&#8243; admin_label=&#8221;2. Multiculturalitat&#8221; _builder_version=&#8221;4.18.0&#8243; _module_preset=&#8221;default&#8221; title_level=&#8221;h4&#8243; background_color=&#8221;#B900ED&#8221; width=&#8221;70%&#8221; max_width=&#8221;70%&#8221; module_alignment=&#8221;center&#8221; link_option_url_new_window=&#8221;on&#8221; border_radii=&#8221;off|10px|10px|10px|10px&#8221; border_radii_image=&#8221;on|10px|10px|10px|10px&#8221; box_shadow_style_image=&#8221;preset1&#8243; global_colors_info=&#8221;{}&#8221;][\/et_pb_audio][et_pb_audio audio=&#8221;https:\/\/acpv.cat\/estimaelvalencia2\/wp-content\/uploads\/musica_mp3\/4-LEscola.mp3&#8243; title=&#8221;4. L\u2019escola&#8221; artist_name=&#8221;Canta Canalla&#8221; album_name=&#8221;Estima el valenci\u00e0 2&#8243; admin_label=&#8221;4. L\u2019escola&#8221; _builder_version=&#8221;4.18.0&#8243; _module_preset=&#8221;default&#8221; title_level=&#8221;h4&#8243; background_color=&#8221;#B900ED&#8221; width=&#8221;70%&#8221; max_width=&#8221;70%&#8221; module_alignment=&#8221;center&#8221; link_option_url_new_window=&#8221;on&#8221; border_radii=&#8221;off|10px|10px|10px|10px&#8221; border_radii_image=&#8221;on|10px|10px|10px|10px&#8221; box_shadow_style_image=&#8221;preset1&#8243; global_colors_info=&#8221;{}&#8221;][\/et_pb_audio][et_pb_audio audio=&#8221;https:\/\/acpv.cat\/estimaelvalencia2\/wp-content\/uploads\/musica_mp3\/6-Ring.mp3&#8243; title=&#8221;6. Ring&#8221; artist_name=&#8221;Canta Canalla&#8221; album_name=&#8221;Estima el valenci\u00e0 2&#8243; admin_label=&#8221;6. Ring&#8221; _builder_version=&#8221;4.23.1&#8243; _module_preset=&#8221;default&#8221; title_level=&#8221;h4&#8243; background_color=&#8221;#B900ED&#8221; width=&#8221;70%&#8221; max_width=&#8221;70%&#8221; module_alignment=&#8221;center&#8221; link_option_url_new_window=&#8221;on&#8221; border_radii=&#8221;off|10px|10px|10px|10px&#8221; border_radii_image=&#8221;on|10px|10px|10px|10px&#8221; box_shadow_style_image=&#8221;preset1&#8243; global_colors_info=&#8221;{}&#8221;][\/et_pb_audio][et_pb_audio audio=&#8221;https:\/\/acpv.cat\/estimaelvalencia2\/wp-content\/uploads\/musica_mp3\/8-La_terra.mp3&#8243; title=&#8221;8. La terra&#8221; artist_name=&#8221;Canta Canalla&#8221; album_name=&#8221;Estima el valenci\u00e0 2&#8243; admin_label=&#8221;8. La terra&#8221; _builder_version=&#8221;4.23.1&#8243; _module_preset=&#8221;default&#8221; title_level=&#8221;h4&#8243; background_color=&#8221;#B900ED&#8221; width=&#8221;70%&#8221; max_width=&#8221;70%&#8221; module_alignment=&#8221;center&#8221; link_option_url_new_window=&#8221;on&#8221; border_radii=&#8221;off|10px|10px|10px|10px&#8221; border_radii_image=&#8221;on|10px|10px|10px|10px&#8221; box_shadow_style_image=&#8221;preset1&#8243; global_colors_info=&#8221;{}&#8221;][\/et_pb_audio][et_pb_audio audio=&#8221;https:\/\/acpv.cat\/estimaelvalencia2\/wp-content\/uploads\/musica_mp3\/10-Els_nuvols.mp3&#8243; title=&#8221;10. Els n\u00favols&#8221; artist_name=&#8221;Canta Canalla&#8221; album_name=&#8221;Estima el valenci\u00e0 2&#8243; admin_label=&#8221;10. Els n\u00favols&#8221; _builder_version=&#8221;4.23.1&#8243; _module_preset=&#8221;default&#8221; title_level=&#8221;h4&#8243; background_color=&#8221;#B900ED&#8221; width=&#8221;70%&#8221; max_width=&#8221;70%&#8221; module_alignment=&#8221;center&#8221; link_option_url_new_window=&#8221;on&#8221; border_radii=&#8221;off|10px|10px|10px|10px&#8221; border_radii_image=&#8221;on|10px|10px|10px|10px&#8221; box_shadow_style_image=&#8221;preset1&#8243; global_colors_info=&#8221;{}&#8221;][\/et_pb_audio][\/et_pb_column][\/et_pb_row][et_pb_row _builder_version=&#8221;4.18.0&#8243; _module_preset=&#8221;default&#8221; global_colors_info=&#8221;{}&#8221;][et_pb_column type=&#8221;4_4&#8243; _builder_version=&#8221;4.18.0&#8243; _module_preset=&#8221;default&#8221; global_colors_info=&#8221;{}&#8221;][et_pb_code disabled_on=&#8221;off|off|off&#8221; _builder_version=&#8221;4.18.0&#8243; _module_preset=&#8221;default&#8221; global_colors_info=&#8221;{}&#8221;]<\/p>\n<div id=\"descbot\" class=\"well\"><!-- [et_pb_line_break_holder] -->    <a href=\"#unlock\" class=\"wpdm-download-link wpdm-download-locked btn btn-primary \" data-package=\"767\">Desc\u00e0rrega de totes les can\u00e7ons<\/a><!-- [et_pb_line_break_holder] --><\/div>\n<p>[\/et_pb_code][\/et_pb_column][\/et_pb_row][\/et_pb_section][et_pb_section fb_built=&#8221;1&#8243; fullwidth=&#8221;on&#8221; _builder_version=&#8221;4.18.0&#8243; _module_preset=&#8221;default&#8221; global_colors_info=&#8221;{}&#8221;][\/et_pb_section]<\/p>\n","protected":false},"excerpt":{"rendered":"<p>Estima el valenci\u00e0 2 &#8211; Desc\u00e0rrega de can\u00e7ons<\/p>\n","protected":false},"author":1,"featured_media":0,"parent":0,"menu_order":0,"comment_status":"closed","ping_status":"closed","template":"","meta":{"_et_pb_use_builder":"on","_et_pb_old_content":"","_et_gb_content_width":"","_themeisle_gutenberg_block_has_review":false,"footnotes":""},"class_list":["post-53","page","type-page","status-publish","hentry"],"_links":{"self":[{"href":"https:\/\/acpv.cat\/estimaelvalencia2\/wp-json\/wp\/v2\/pages\/53","targetHints":{"allow":["GET"]}}],"collection":[{"href":"https:\/\/acpv.cat\/estimaelvalencia2\/wp-json\/wp\/v2\/pages"}],"about":[{"href":"https:\/\/acpv.cat\/estimaelvalencia2\/wp-json\/wp\/v2\/types\/page"}],"author":[{"embeddable":true,"href":"https:\/\/acpv.cat\/estimaelvalencia2\/wp-json\/wp\/v2\/users\/1"}],"replies":[{"embeddable":true,"href":"https:\/\/acpv.cat\/estimaelvalencia2\/wp-json\/wp\/v2\/comments?post=53"}],"version-history":[{"count":40,"href":"https:\/\/acpv.cat\/estimaelvalencia2\/wp-json\/wp\/v2\/pages\/53\/revisions"}],"predecessor-version":[{"id":845,"href":"https:\/\/acpv.cat\/estimaelvalencia2\/wp-json\/wp\/v2\/pages\/53\/revisions\/845"}],"wp:attachment":[{"href":"https:\/\/acpv.cat\/estimaelvalencia2\/wp-json\/wp\/v2\/media?parent=53"}],"curies":[{"name":"wp","href":"https:\/\/api.w.org\/{rel}","templated":true}]}}