{"id":740,"date":"2022-10-19T13:29:39","date_gmt":"2022-10-19T11:29:39","guid":{"rendered":"https:\/\/acpv.cat\/estimaelvalencia2\/?page_id=740"},"modified":"2024-04-12T09:27:13","modified_gmt":"2024-04-12T07:27:13","slug":"lletres","status":"publish","type":"page","link":"https:\/\/acpv.cat\/estimaelvalencia2\/lletres\/","title":{"rendered":"Lletres"},"content":{"rendered":"<p>[et_pb_section fb_built=&#8221;1&#8243; _builder_version=&#8221;4.18.0&#8243; _module_preset=&#8221;default&#8221; global_colors_info=&#8221;{}&#8221;][et_pb_row _builder_version=&#8221;4.18.0&#8243; _module_preset=&#8221;default&#8221; global_colors_info=&#8221;{}&#8221;][et_pb_column type=&#8221;4_4&#8243; _builder_version=&#8221;4.18.0&#8243; _module_preset=&#8221;default&#8221; global_colors_info=&#8221;{}&#8221;][et_pb_text admin_label=&#8221;T\u00edtol&#8221; _builder_version=&#8221;4.18.0&#8243; _module_preset=&#8221;default&#8221; global_colors_info=&#8221;{}&#8221;]<\/p>\n<h2>Estima el valenci\u00e0 2 &#8211; Lletres<\/h2>\n<p>[\/et_pb_text][et_pb_text disabled_on=&#8221;off|off|off&#8221; _builder_version=&#8221;4.23.1&#8243; _module_preset=&#8221;default&#8221; hover_enabled=&#8221;0&#8243; global_colors_info=&#8221;{}&#8221; sticky_enabled=&#8221;0&#8243;]<\/p>\n<p><strong>1. La iaia<\/strong><\/p>\n<p align=\"left\">Jo tenia una iaia, arrugada com la pansa,<br \/>la volia amb bogeria perqu\u00e8 estava un poc tronada.<br \/>Jo tenia una iaia, arrugada com la pansa,<br \/>un bon dia se&#8217;n va anar i no va voler tornar.<\/p>\n<p align=\"left\">La iaia s&#8217;ha mort, no cantarem juntes,<br \/>la iaia s&#8217;ha mort, no em contar\u00e0 contes,<br \/>la iaia s&#8217;ha mort, no tornar\u00e0 a dir-me:<br \/><em>Cosa dol\u00e7a, bona nit\u2026<\/em><\/p>\n<p align=\"left\">S&#8217;ha mort la iaia, s&#8217;ha mort el gat, s&#8217;ha mort el gos,<br \/>la rata, el colom, s\u2019ha mort la vida, s&#8217;ha mort la mort,<br \/>que torne la iaia ja per favor.<\/p>\n<p align=\"left\">Uo uo uo\u2026<\/p>\n<p align=\"left\">Per\u00f2 la iaia est\u00e0 ac\u00ed, arrugada com la pansa,<br \/>cada volta que a pense recorde el seu somr\u00eds.<br \/>Per\u00f2 la iaia est\u00e0 ac\u00ed, arrugada com la pansa,<br \/>si jo plore de tristesa ella em diu sigues feli\u00e7.<\/p>\n<p align=\"left\">Uo uo uo\u2026 Sigues feli\u00e7<\/p>\n<hr \/>\n<p align=\"left\"><strong>2. Multiculturalitat<\/strong><\/p>\n<p align=\"left\">Xe, xicon, quin grapat de menjars que veig,<br \/>aquest m\u00f3n \u00e9s tot ple de cultures i de gent.<br \/>Hi ha diamants i melons, canyes de bamb\u00fa,<br \/>entrepans plens d&#8217;accents, curri i canelons.<\/p>\n<p align=\"left\">Gamba roja, sushi amb soja, primavera agredol\u00e7a,<br \/>arr\u00f2s basmati, tallarines, Gao Xiao Ming, la de l&#8217;Ultramarins!<br \/><!-- :) --><\/p>\n<p align=\"left\">Hi ha marrons que s\u00f3n blancs, negres i groguencs,<br \/>amb ulls grans, xicotets, plans o redonets.<br \/>Esquimals, europeus, \u00e0rabs de l&#8217;oest,<br \/>valencians africans i americans.<\/p>\n<p align=\"left\">Gamba roja, sushi amb soja, primavera agredol\u00e7a,<br \/>arr\u00f2s basmati, tallarines, Gao Xiao Ming, la de l&#8217;Ultramarins!<\/p>\n<hr \/>\n<p align=\"left\"><strong>3. L\u2019espai<br \/><\/strong><\/p>\n<p align=\"left\">Corre, vine, puja al carro,<br \/>que volem cap a Nept\u00fa i Ur\u00e0,<br \/>farem parkour per l\u2019anella<br \/>de Saturn a J\u00fapiter i Mart, genial!<\/p>\n<p align=\"left\">Des de Venus veurem la Terra,<br \/>a Mercuri ens socarrar\u00e0 el Sol<br \/>i a la Lluna, ben alta i dreta,<br \/>la nostra bandera de la trompa gran.<\/p>\n<p align=\"left\">Som els astronautes cara d\u2019elefant,<br \/>solquem la gal\u00e0xia amb un carro gastat,<br \/>si vols venir, no t\u2019ho penses<br \/>dos vegades o perdr\u00e0s el vol.<\/p>\n<p align=\"left\">Farem rutes per les estrelles<br \/>esquivant meteorits i m\u00e9s<br \/>perseguint pobres cometes<br \/>que fugen velo\u00e7os deixant un estel.<\/p>\n<p align=\"left\">Si ens atrapa un forat negre,<br \/>no patiu que hi ha una soluci\u00f3<br \/>encendrem una llanterna<br \/>i amb la llum podrem eixir en un, dos, tres.<\/p>\n<p align=\"left\">Som els astronautes cara d\u2019elefant,<br \/>solquem la gal\u00e0xia amb un carro gastat,<br \/>si vols venir, no t\u2019ho penses<br \/>dos vegades o perdr\u00e0s el vol.<\/p>\n<hr \/>\n<p align=\"left\"><strong>4. L\u2019escola<\/strong><\/p>\n<p align=\"left\">Tenim edificis que no sempre s\u00f3n amables<br \/>i algunes vegades quatre reixes mal posades,<br \/>no sempre hi ha arbres que facen ombra fresqueta<br \/>i al pati el futbol \u00e9s el que sempre mana.<\/p>\n<p align=\"left\">Per\u00f2 quan hi entres sents que has arribat a casa,<br \/>companys i companyes que t\u2019esperen cada dia,<br \/>et diran un fum de coses que abans no sabies<br \/>i veur\u00e0s que aprendre \u00e9s viure amb alegria<\/p>\n<p align=\"left\">Vine, acosta\u2019t,<br \/>som l\u2019escola,<br \/>s\u00ed!<\/p>\n<p align=\"left\">Algun dia tenim classes que s\u00f3n avorrides<br \/>i el mestre s\u2019enfada i ens diu dos o tres cosetes,<br \/>no hi ha dret que posen l\u2019examen sorpresa,<br \/>s\u00f3n quasi les quatre i jo estic adormint-me.<\/p>\n<p align=\"left\">Mola fer debats, assemblees, tert\u00falies,<br \/>dir el que pensem i escoltar qu\u00e8 sent l\u2019altre,<br \/>fer treballs en grup, saber geografia,<br \/>i veure que aprendre \u00e9s viure amb alegria<\/p>\n<p align=\"left\">Vine, acosta\u2019t,<br \/>som l\u2019escola,<br \/>s\u00ed!<\/p>\n<p align=\"left\">Escola en valenci\u00e0 i de qualitat,<br \/>escola de qualitat i en valenci\u00e0.<\/p>\n<hr \/>\n<p align=\"left\"><strong>5. Balla el valenci\u00e0<\/strong><\/p>\n<p>Saps que Rosalia parla valenci\u00e0?<\/p>\n<p>Ei, qu\u00e8 passa! Parla valenci\u00e0.\u00a0 Ei, qu\u00e8 passa! Parla valenci\u00e0.<br \/>Ei, ei, ei, qu\u00e8 passa! Parla valenci\u00e0. Ei, ei, ei, ei. Qu\u00e8 passa?<br \/><em>Ei, col\u00b7lega, soc de l&#8217;Horta Nord i jo parle valenci\u00e0 i jo parle valenci\u00e0<\/em>.<br \/>Qu\u00e8 passa, qu\u00e8 passa? Saps que Rosalia\u2026 parla valenci\u00e0?<\/p>\n<p>M\u2019agrada llegir, TikTok, Youtube i fer el gandul.<\/p>\n<p>El valenci\u00e0 parla&#8217;l, el valenci\u00e0 canta&#8217;l,<br \/>el valenci\u00e0 escriu-lo, llig-lo i balla\u2019l, balla&#8217;l\u2026<\/p>\n<p>Tu tamb\u00e9 pots, sense gossera,<br \/>jo tamb\u00e9 puc, <em>flow<\/em> de primera, <em>flow<\/em> de primera.<\/p>\n<p>Arriba la m\u00e9s rapera amb el que tot el m\u00f3n espera,<br \/>estos <em>flows<\/em> tant de la terra, mira, soc una bandarra.<\/p>\n<p>Tira carretera si no veus el que lidera,<br \/>rap de la Ribera que en valenci\u00e0 t\u00e9 m\u00e9s barra.<\/p>\n<p>Tu tamb\u00e9 pots, sense gossera,<br \/>jo tamb\u00e9 puc, <em>flow<\/em> de primera, <em>flow<\/em> de primera.<br \/>No tingues gossera amb el valenci\u00e0,<br \/>gaudeix mentre el balles i lladra al comp\u00e0s.<\/p>\n<p>La vaig con\u00e9ixer en traure el cap i en escoltar-la m&#8217;enamor\u00ed,<br \/>com es movien pel paladar les galtes roges del valenci\u00e0.<br \/>La vaig con\u00e9ixer en traure el cap i en escoltar-la m&#8217;enamor\u00ed,<br \/>com es movien pel paladar les galtes roges del valenci\u00e0.<\/p>\n<p>Amb ella llepe tot el que bull en la cassola del <em>pana<\/em> March,<br \/>l&#8217;arr\u00f2s al forn i la sal del mar, quan fa xup-xup el caldo ja est\u00e0.<br \/>Amb ella llepe tot el que bull en la cassola del <em>pana<\/em> March,<br \/>l&#8217;arr\u00f2s al forn i la sal del mar.<\/p>\n<p>Mam\u00e0, mam\u00e0, saps que Rosalia parla valenci\u00e0?<\/p>\n<p>Balla el valenci\u00e0, canta el valenci\u00e0,<br \/>balla el valenci\u00e0, canta el valenci\u00e0,<br \/>Balla el valenci\u00e0, canta el valenci\u00e0, balla el valenci\u00e0, canta el valenci\u00e0.<\/p>\n<p>Val valen, val valen, val valen, val valen, val valenci\u00e0 \u00e0 \u00e0.<\/p>\n<p>Parla en valenci\u00e0 si vols dominar la zona<br \/>que no hi ha res m\u00e9s hum\u00e0 que voler fer-la ben bona.<\/p>\n<p>Parla-la, germ\u00e0, germana, de nit i dia,<br \/>parla en valenci\u00e0 com tamb\u00e9 ho fa Rosalia.<\/p>\n<p>&nbsp;<\/p>\n<hr \/>\n<p align=\"left\"><strong>6. Ring<\/strong><\/p>\n<p align=\"left\">El carril bici \u00e9s infinit,<br \/>el sol es pon all\u00e0 al final,<br \/>les canyes xiulen al canyar,<br \/>l&#8217;orxata \u00e9s verda en el xufar.<\/p>\n<p align=\"left\">Vaig amb ma mare pel sender,<br \/>el timbre sona capaltard,<br \/>sembla un pardal que cante ring,<br \/>hi ha un gafarr\u00f3 en el manillar.<\/p>\n<p align=\"left\">Vaig fent aus, volant dient<br \/>me&#8217;n vaig fent aus, volant dient&#8230;<\/p>\n<p align=\"left\">Mai no deixes de ring, ring, ring, ring, ring, ring, pedalejar.<br \/>La vida va, la vida \u00e9s una <em>mountain bike<\/em>.<\/p>\n<hr \/>\n<p align=\"left\"><strong>7. L\u2019alegria<\/strong><\/p>\n<p align=\"left\">Sura en la piscina l&#8217;alegria,<br \/>el flotador sura que sura, l&#8217;alegria va pel cel.<br \/>Sura en la piscina l&#8217;alegria,<br \/>el flotador sura que sura, l&#8217;alegria pel carrer.<\/p>\n<p align=\"left\">I va pel cel i va pel mar i va pel sol i va pels ulls&#8230;<\/p>\n<p align=\"left\">Que l&#8217;alegria sura pels badalls,<br \/>que l&#8217;alegria sura pels avions,<br \/>que l&#8217;alegria sura per l&#8217;amor,<br \/>que l&#8217;alegria sura si somrius.<\/p>\n<p align=\"left\">I va pel cel i va pel mar i va pel sol i va pels ulls&#8230;<\/p>\n<hr \/>\n<p align=\"left\"><strong>8. La terra<\/strong><\/p>\n<p align=\"left\">Visca la terra que treballa<br \/>a manotades el meu iaio,<br \/>la veu dolceta de la iaia,<br \/>els cosins i les ve\u00efnes.<\/p>\n<p align=\"left\">Visca la burra que la llaura, el xop i l&#8217;ombra de la quadra,<br \/>visca la s\u00e9quia plena d&#8217;aigua, les carxofes i la dacsa.<\/p>\n<p align=\"left\">Visca les xufes verdes d&#8217;Alboraia,<br \/>visca les figues tendres, la muntanya,<br \/>els melons d&#8217;Alger, ma casa<br \/>els melons d&#8217;Alger, ma casa.<\/p>\n<hr \/>\n<p align=\"left\"><strong>9. Vull estudiar<\/strong><\/p>\n<p align=\"left\">Soc una esp\u00e8cie en perill d&#8217;extinci\u00f3,<br \/>un dinosaure a qui li agrada aprendre molt,<br \/>un estudiant del pleistoc\u00e9<br \/>en l&#8217;era fosca del suspens.<\/p>\n<p align=\"left\">Soc l&#8217;arque\u00f2leg d&#8217;un antic jaciment,<br \/>un bloc de notes amb dos-cents excel\u00b7lents,<br \/>un estudiant del pleistoc\u00e9<br \/>en l&#8217;era fosca del suspens.<\/p>\n<p align=\"left\">Soc Nefertiti i Tutankamon,<br \/>s\u00e9 exhumar restes, fer divisions,<br \/>soc Cleopatra i Gengis Khan,<br \/>trac bones notes, vull estudiar!<\/p>\n<p>&nbsp;<\/p>\n<hr \/>\n<p><strong>10. Els n\u00favols<\/strong><\/p>\n<p align=\"left\">Els n\u00favols fan formes que es desfan,<br \/>el que era un nan ara \u00e9s un gegant.<br \/>Els n\u00favols fan el que vol el vent,<br \/>ves-te\u2019n amb ells, somiar\u00e0s despert.<\/p>\n<p align=\"left\">Formes, formes, avions en el cel,<br \/>plens de passatgers.<br \/>Formes, formes, avions en el cel,<br \/>plens de passatgers.<\/p>\n<p align=\"left\">Si bufes fort, el que era un malson,<br \/>un monstre ro\u00edn ara \u00e9s un past\u00eds.<br \/>No tingues por, tu pots ser com ells,<br \/>de sucre dol\u00e7 o de caramel!<\/p>\n<p align=\"left\">Formes, formes, avions en el cel,<br \/>plens de passatgers.<br \/>Formes, formes, avions en el cel,<br \/>plens de passatgers.<\/p>\n<p align=\"left\">[\/et_pb_text][\/et_pb_column][\/et_pb_row][\/et_pb_section][et_pb_section fb_built=&#8221;1&#8243; fullwidth=&#8221;on&#8221; _builder_version=&#8221;4.18.0&#8243; _module_preset=&#8221;default&#8221; global_colors_info=&#8221;{}&#8221;][\/et_pb_section]<\/p>\n","protected":false},"excerpt":{"rendered":"<p>Estima el valenci\u00e0 2 &#8211; Lletres1. La iaia Jo tenia una iaia, arrugada com la pansa,la volia amb bogeria perqu\u00e8 estava un poc tronada.Jo tenia una iaia, arrugada com la pansa,un bon dia se&#8217;n va anar i no va voler tornar. La iaia s&#8217;ha mort, no cantarem juntes,la iaia s&#8217;ha mort, no em contar\u00e0 contes,la [&hellip;]<\/p>\n","protected":false},"author":1,"featured_media":0,"parent":0,"menu_order":0,"comment_status":"closed","ping_status":"closed","template":"","meta":{"_et_pb_use_builder":"on","_et_pb_old_content":"","_et_gb_content_width":"","_themeisle_gutenberg_block_has_review":false,"footnotes":""},"class_list":["post-740","page","type-page","status-publish","hentry"],"_links":{"self":[{"href":"https:\/\/acpv.cat\/estimaelvalencia2\/wp-json\/wp\/v2\/pages\/740","targetHints":{"allow":["GET"]}}],"collection":[{"href":"https:\/\/acpv.cat\/estimaelvalencia2\/wp-json\/wp\/v2\/pages"}],"about":[{"href":"https:\/\/acpv.cat\/estimaelvalencia2\/wp-json\/wp\/v2\/types\/page"}],"author":[{"embeddable":true,"href":"https:\/\/acpv.cat\/estimaelvalencia2\/wp-json\/wp\/v2\/users\/1"}],"replies":[{"embeddable":true,"href":"https:\/\/acpv.cat\/estimaelvalencia2\/wp-json\/wp\/v2\/comments?post=740"}],"version-history":[{"count":11,"href":"https:\/\/acpv.cat\/estimaelvalencia2\/wp-json\/wp\/v2\/pages\/740\/revisions"}],"predecessor-version":[{"id":839,"href":"https:\/\/acpv.cat\/estimaelvalencia2\/wp-json\/wp\/v2\/pages\/740\/revisions\/839"}],"wp:attachment":[{"href":"https:\/\/acpv.cat\/estimaelvalencia2\/wp-json\/wp\/v2\/media?parent=740"}],"curies":[{"name":"wp","href":"https:\/\/api.w.org\/{rel}","templated":true}]}}