{"id":823,"date":"2023-11-13T11:51:08","date_gmt":"2023-11-13T09:51:08","guid":{"rendered":"https:\/\/acpv.cat\/estimaelvalencia2\/?page_id=823"},"modified":"2024-04-19T12:43:35","modified_gmt":"2024-04-19T10:43:35","slug":"unitats-didactiques","status":"publish","type":"page","link":"https:\/\/acpv.cat\/estimaelvalencia2\/unitats-didactiques\/","title":{"rendered":"Unitats did\u00e0ctiques"},"content":{"rendered":"<p>[et_pb_section fb_built=&#8221;1&#8243; _builder_version=&#8221;4.23.1&#8243; _module_preset=&#8221;default&#8221; global_colors_info=&#8221;{}&#8221; disabled_on=&#8221;on|on|on&#8221; disabled=&#8221;on&#8221;][et_pb_row _builder_version=&#8221;4.18.0&#8243; _module_preset=&#8221;default&#8221; global_colors_info=&#8221;{}&#8221;][et_pb_column type=&#8221;4_4&#8243; _builder_version=&#8221;4.18.0&#8243; _module_preset=&#8221;default&#8221; global_colors_info=&#8221;{}&#8221;][et_pb_text admin_label=&#8221;T\u00edtol&#8221; _builder_version=&#8221;4.18.0&#8243; _module_preset=&#8221;default&#8221; global_colors_info=&#8221;{}&#8221;]<\/p>\n<h2>Estima el valenci\u00e0 2 &#8211; Unitats did\u00e0ctiques<\/h2>\n<p>[\/et_pb_text][et_pb_text _builder_version=&#8221;4.23.1&#8243; _module_preset=&#8221;default&#8221; global_colors_info=&#8221;{}&#8221;]<\/p>\n<blockquote>\n<h4>Estem reestructurant la secci\u00f3.<\/h4>\n<h4>Disculpeu les mol\u00e8sties.<\/h4>\n<h4>Gr\u00e0cies<\/h4>\n<\/blockquote>\n<p>[\/et_pb_text][\/et_pb_column][\/et_pb_row][\/et_pb_section][et_pb_section fb_built=&#8221;1&#8243; disabled_on=&#8221;off|off|off&#8221; _builder_version=&#8221;4.18.0&#8243; _module_preset=&#8221;default&#8221; global_colors_info=&#8221;{}&#8221;][et_pb_row _builder_version=&#8221;4.18.0&#8243; _module_preset=&#8221;default&#8221; global_colors_info=&#8221;{}&#8221;][et_pb_column type=&#8221;4_4&#8243; _builder_version=&#8221;4.18.0&#8243; _module_preset=&#8221;default&#8221; global_colors_info=&#8221;{}&#8221;][et_pb_text admin_label=&#8221;T\u00edtol&#8221; _builder_version=&#8221;4.18.0&#8243; _module_preset=&#8221;default&#8221; global_colors_info=&#8221;{}&#8221;]<\/p>\n<h2>Estima el valenci\u00e0 2 &#8211; Unitats did\u00e0ctiques<\/h2>\n<p>[\/et_pb_text][\/et_pb_column][\/et_pb_row][et_pb_row column_structure=&#8221;1_5,1_5,1_5,1_5,1_5&#8243; _builder_version=&#8221;4.18.0&#8243; _module_preset=&#8221;default&#8221; global_colors_info=&#8221;{}&#8221;][et_pb_column type=&#8221;1_5&#8243; _builder_version=&#8221;4.18.0&#8243; _module_preset=&#8221;default&#8221; global_colors_info=&#8221;{}&#8221;][et_pb_image src=&#8221;https:\/\/acpv.cat\/estimaelvalencia2\/wp-content\/uploads\/2023\/11\/coberta_ut1.jpg&#8221; title_text=&#8221;coberta_ut1&#8243; url=&#8221;https:\/\/acpv.cat\/estimaelvalencia2\/wp-content\/uploads\/unitats_pdf\/Unitat_01.pdf&#8221; url_new_window=&#8221;on&#8221; force_fullwidth=&#8221;on&#8221; _builder_version=&#8221;4.18.0&#8243; _module_preset=&#8221;default&#8221; global_colors_info=&#8221;{}&#8221;][\/et_pb_image][et_pb_button button_url=&#8221;https:\/\/acpv.cat\/estimaelvalencia2\/wp-content\/uploads\/unitats_pdf\/Unitat_01.pdf&#8221; url_new_window=&#8221;on&#8221; button_text=&#8221;1. La mort&#8221; button_alignment=&#8221;center&#8221; _builder_version=&#8221;4.18.0&#8243; _module_preset=&#8221;default&#8221; custom_button=&#8221;on&#8221; button_text_size=&#8221;12px&#8221; button_text_color=&#8221;#FFFFFF&#8221; button_bg_color=&#8221;#B900ED&#8221; button_border_width=&#8221;0px&#8221; button_border_color=&#8221;#B900ED&#8221; button_font=&#8221;|700|||||||&#8221; button_icon=&#8221;&#xe05f;||divi||400&#8243; button_icon_color=&#8221;#FFFFFF&#8221; button_on_hover=&#8221;off&#8221; global_colors_info=&#8221;{}&#8221;][\/et_pb_button][\/et_pb_column][et_pb_column type=&#8221;1_5&#8243; _builder_version=&#8221;4.18.0&#8243; _module_preset=&#8221;default&#8221; global_colors_info=&#8221;{}&#8221;][et_pb_image src=&#8221;https:\/\/acpv.cat\/estimaelvalencia2\/wp-content\/uploads\/2023\/11\/coberta_ut2.jpg&#8221; title_text=&#8221;coberta_ut2&#8243; url=&#8221;https:\/\/acpv.cat\/estimaelvalencia2\/wp-content\/uploads\/unitats_pdf\/Unitat_02.pdf&#8221; url_new_window=&#8221;on&#8221; force_fullwidth=&#8221;on&#8221; _builder_version=&#8221;4.18.0&#8243; _module_preset=&#8221;default&#8221; global_colors_info=&#8221;{}&#8221;][\/et_pb_image][et_pb_button button_url=&#8221;https:\/\/acpv.cat\/estimaelvalencia2\/wp-content\/uploads\/unitats_pdf\/Unitat_02.pdf&#8221; url_new_window=&#8221;on&#8221; button_text=&#8221;2. Multiculturalitat&#8221; button_alignment=&#8221;center&#8221; _builder_version=&#8221;4.18.0&#8243; _module_preset=&#8221;default&#8221; custom_button=&#8221;on&#8221; button_text_size=&#8221;12px&#8221; button_text_color=&#8221;#FFFFFF&#8221; button_bg_color=&#8221;#B900ED&#8221; button_border_width=&#8221;0px&#8221; button_border_color=&#8221;#B900ED&#8221; button_font=&#8221;|700|||||||&#8221; button_icon=&#8221;&#xe05f;||divi||400&#8243; button_icon_color=&#8221;#FFFFFF&#8221; button_on_hover=&#8221;off&#8221; global_colors_info=&#8221;{}&#8221;][\/et_pb_button][\/et_pb_column][et_pb_column type=&#8221;1_5&#8243; _builder_version=&#8221;4.18.0&#8243; _module_preset=&#8221;default&#8221; global_colors_info=&#8221;{}&#8221;][et_pb_image src=&#8221;https:\/\/acpv.cat\/estimaelvalencia2\/wp-content\/uploads\/2023\/11\/coberta_ut3.jpg&#8221; title_text=&#8221;coberta_ut3&#8243; url=&#8221;https:\/\/acpv.cat\/estimaelvalencia2\/wp-content\/uploads\/unitats_pdf\/Unitat_03.pdf&#8221; url_new_window=&#8221;on&#8221; force_fullwidth=&#8221;on&#8221; _builder_version=&#8221;4.18.0&#8243; _module_preset=&#8221;default&#8221; global_colors_info=&#8221;{}&#8221;][\/et_pb_image][et_pb_button button_url=&#8221;https:\/\/acpv.cat\/estimaelvalencia2\/wp-content\/uploads\/unitats_pdf\/Unitat_03.pdf&#8221; url_new_window=&#8221;on&#8221; button_text=&#8221;3. L\u2019espai&#8221; button_alignment=&#8221;center&#8221; _builder_version=&#8221;4.18.0&#8243; _module_preset=&#8221;default&#8221; custom_button=&#8221;on&#8221; button_text_size=&#8221;12px&#8221; button_text_color=&#8221;#FFFFFF&#8221; button_bg_color=&#8221;#B900ED&#8221; button_border_width=&#8221;0px&#8221; button_border_color=&#8221;#B900ED&#8221; button_font=&#8221;|700|||||||&#8221; button_icon=&#8221;&#xe05f;||divi||400&#8243; button_icon_color=&#8221;#FFFFFF&#8221; button_on_hover=&#8221;off&#8221; global_colors_info=&#8221;{}&#8221;][\/et_pb_button][\/et_pb_column][et_pb_column type=&#8221;1_5&#8243; _builder_version=&#8221;4.18.0&#8243; _module_preset=&#8221;default&#8221; global_colors_info=&#8221;{}&#8221;][et_pb_image src=&#8221;https:\/\/acpv.cat\/estimaelvalencia2\/wp-content\/uploads\/2023\/11\/coberta_ut4.jpg&#8221; title_text=&#8221;coberta_ut4&#8243; url=&#8221;https:\/\/acpv.cat\/estimaelvalencia2\/wp-content\/uploads\/unitats_pdf\/Unitat_04.pdf&#8221; url_new_window=&#8221;on&#8221; force_fullwidth=&#8221;on&#8221; _builder_version=&#8221;4.18.0&#8243; _module_preset=&#8221;default&#8221; global_colors_info=&#8221;{}&#8221;][\/et_pb_image][et_pb_button button_url=&#8221;https:\/\/acpv.cat\/estimaelvalencia2\/wp-content\/uploads\/unitats_pdf\/Unitat_04.pdf&#8221; url_new_window=&#8221;on&#8221; button_text=&#8221;4. L\u2019escola&#8221; button_alignment=&#8221;center&#8221; _builder_version=&#8221;4.18.0&#8243; _module_preset=&#8221;default&#8221; custom_button=&#8221;on&#8221; button_text_size=&#8221;12px&#8221; button_text_color=&#8221;#FFFFFF&#8221; button_bg_color=&#8221;#B900ED&#8221; button_border_width=&#8221;0px&#8221; button_border_color=&#8221;#B900ED&#8221; button_font=&#8221;|700|||||||&#8221; button_icon=&#8221;&#xe05f;||divi||400&#8243; button_icon_color=&#8221;#FFFFFF&#8221; button_on_hover=&#8221;off&#8221; global_colors_info=&#8221;{}&#8221;][\/et_pb_button][\/et_pb_column][et_pb_column type=&#8221;1_5&#8243; _builder_version=&#8221;4.18.0&#8243; _module_preset=&#8221;default&#8221; global_colors_info=&#8221;{}&#8221;][et_pb_image src=&#8221;https:\/\/acpv.cat\/estimaelvalencia2\/wp-content\/uploads\/2023\/11\/coberta_ut5.jpg&#8221; title_text=&#8221;coberta_ut5&#8243; url=&#8221;https:\/\/acpv.cat\/estimaelvalencia2\/wp-content\/uploads\/unitats_pdf\/Unitat_05.pdf&#8221; url_new_window=&#8221;on&#8221; force_fullwidth=&#8221;on&#8221; _builder_version=&#8221;4.18.0&#8243; _module_preset=&#8221;default&#8221; global_colors_info=&#8221;{}&#8221;][\/et_pb_image][et_pb_button button_url=&#8221;https:\/\/acpv.cat\/estimaelvalencia2\/wp-content\/uploads\/unitats_pdf\/Unitat_05.pdf&#8221; url_new_window=&#8221;on&#8221; button_text=&#8221;5. Balla el valenci\u00e0&#8221; button_alignment=&#8221;center&#8221; _builder_version=&#8221;4.18.0&#8243; _module_preset=&#8221;default&#8221; custom_button=&#8221;on&#8221; button_text_size=&#8221;12px&#8221; button_text_color=&#8221;#FFFFFF&#8221; button_bg_color=&#8221;#B900ED&#8221; button_border_width=&#8221;0px&#8221; button_border_color=&#8221;#B900ED&#8221; button_font=&#8221;|700|||||||&#8221; button_icon=&#8221;&#xe05f;||divi||400&#8243; button_icon_color=&#8221;#FFFFFF&#8221; button_on_hover=&#8221;off&#8221; global_colors_info=&#8221;{}&#8221;][\/et_pb_button][\/et_pb_column][\/et_pb_row][et_pb_row column_structure=&#8221;1_5,1_5,1_5,1_5,1_5&#8243; _builder_version=&#8221;4.18.0&#8243; _module_preset=&#8221;default&#8221; global_colors_info=&#8221;{}&#8221;][et_pb_column type=&#8221;1_5&#8243; _builder_version=&#8221;4.18.0&#8243; _module_preset=&#8221;default&#8221; global_colors_info=&#8221;{}&#8221;][et_pb_image src=&#8221;https:\/\/acpv.cat\/estimaelvalencia2\/wp-content\/uploads\/2023\/11\/coberta_ut6.jpg&#8221; title_text=&#8221;coberta_ut6&#8243; url=&#8221;https:\/\/acpv.cat\/estimaelvalencia2\/wp-content\/uploads\/unitats_pdf\/Unitat_06.pdf&#8221; url_new_window=&#8221;on&#8221; force_fullwidth=&#8221;on&#8221; _builder_version=&#8221;4.18.0&#8243; _module_preset=&#8221;default&#8221; global_colors_info=&#8221;{}&#8221;][\/et_pb_image][et_pb_button button_url=&#8221;https:\/\/acpv.cat\/estimaelvalencia2\/wp-content\/uploads\/unitats_pdf\/Unitat_06.pdf&#8221; url_new_window=&#8221;on&#8221; button_text=&#8221;6. Bicicleta, horta, vida saludable&#8221; button_alignment=&#8221;center&#8221; _builder_version=&#8221;4.18.0&#8243; _module_preset=&#8221;default&#8221; custom_button=&#8221;on&#8221; button_text_size=&#8221;12px&#8221; button_text_color=&#8221;#FFFFFF&#8221; button_bg_color=&#8221;#B900ED&#8221; button_border_width=&#8221;0px&#8221; button_border_color=&#8221;#B900ED&#8221; button_font=&#8221;|700|||||||&#8221; button_icon=&#8221;&#xe05f;||divi||400&#8243; button_icon_color=&#8221;#FFFFFF&#8221; button_on_hover=&#8221;off&#8221; global_colors_info=&#8221;{}&#8221;][\/et_pb_button][\/et_pb_column][et_pb_column type=&#8221;1_5&#8243; _builder_version=&#8221;4.18.0&#8243; _module_preset=&#8221;default&#8221; global_colors_info=&#8221;{}&#8221;][et_pb_image src=&#8221;https:\/\/acpv.cat\/estimaelvalencia2\/wp-content\/uploads\/2023\/11\/coberta_ut7.jpg&#8221; title_text=&#8221;coberta_ut7&#8243; url=&#8221;https:\/\/acpv.cat\/estimaelvalencia2\/wp-content\/uploads\/unitats_pdf\/Unitat_07.pdf&#8221; url_new_window=&#8221;on&#8221; force_fullwidth=&#8221;on&#8221; _builder_version=&#8221;4.18.0&#8243; _module_preset=&#8221;default&#8221; global_colors_info=&#8221;{}&#8221;][\/et_pb_image][et_pb_button button_url=&#8221;https:\/\/acpv.cat\/estimaelvalencia2\/wp-content\/uploads\/unitats_pdf\/Unitat_07.pdf&#8221; url_new_window=&#8221;on&#8221; button_text=&#8221;7. L\u2019alegria, les emocions&#8221; button_alignment=&#8221;center&#8221; _builder_version=&#8221;4.18.0&#8243; _module_preset=&#8221;default&#8221; custom_button=&#8221;on&#8221; button_text_size=&#8221;12px&#8221; button_text_color=&#8221;#FFFFFF&#8221; button_bg_color=&#8221;#B900ED&#8221; button_border_width=&#8221;0px&#8221; button_border_color=&#8221;#B900ED&#8221; button_font=&#8221;|700|||||||&#8221; button_icon=&#8221;&#xe05f;||divi||400&#8243; button_icon_color=&#8221;#FFFFFF&#8221; button_on_hover=&#8221;off&#8221; global_colors_info=&#8221;{}&#8221;][\/et_pb_button][\/et_pb_column][et_pb_column type=&#8221;1_5&#8243; _builder_version=&#8221;4.18.0&#8243; _module_preset=&#8221;default&#8221; global_colors_info=&#8221;{}&#8221;][et_pb_image src=&#8221;https:\/\/acpv.cat\/estimaelvalencia2\/wp-content\/uploads\/2023\/11\/coberta_ut8.jpg&#8221; title_text=&#8221;coberta_ut8&#8243; url=&#8221;https:\/\/acpv.cat\/estimaelvalencia2\/wp-content\/uploads\/unitats_pdf\/Unitat_08.pdf&#8221; url_new_window=&#8221;on&#8221; force_fullwidth=&#8221;on&#8221; _builder_version=&#8221;4.18.0&#8243; _module_preset=&#8221;default&#8221; global_colors_info=&#8221;{}&#8221;][\/et_pb_image][et_pb_button button_url=&#8221;https:\/\/acpv.cat\/estimaelvalencia2\/wp-content\/uploads\/unitats_pdf\/Unitat_08.pdf&#8221; url_new_window=&#8221;on&#8221; button_text=&#8221;8. La terra (fam\u00edlia, fruites, verdures\u2026)&#8221; button_alignment=&#8221;center&#8221; _builder_version=&#8221;4.18.0&#8243; _module_preset=&#8221;default&#8221; custom_button=&#8221;on&#8221; button_text_size=&#8221;12px&#8221; button_text_color=&#8221;#FFFFFF&#8221; button_bg_color=&#8221;#B900ED&#8221; button_border_width=&#8221;0px&#8221; button_border_color=&#8221;#B900ED&#8221; button_font=&#8221;|700|||||||&#8221; button_icon=&#8221;&#xe05f;||divi||400&#8243; button_icon_color=&#8221;#FFFFFF&#8221; button_on_hover=&#8221;off&#8221; global_colors_info=&#8221;{}&#8221;][\/et_pb_button][\/et_pb_column][et_pb_column type=&#8221;1_5&#8243; _builder_version=&#8221;4.18.0&#8243; _module_preset=&#8221;default&#8221; global_colors_info=&#8221;{}&#8221;][et_pb_image src=&#8221;https:\/\/acpv.cat\/estimaelvalencia2\/wp-content\/uploads\/2023\/11\/coberta_ut9.jpg&#8221; title_text=&#8221;coberta_ut9&#8243; url=&#8221;https:\/\/acpv.cat\/estimaelvalencia2\/wp-content\/uploads\/unitats_pdf\/Unitat_09.pdf&#8221; url_new_window=&#8221;on&#8221; force_fullwidth=&#8221;on&#8221; _builder_version=&#8221;4.18.0&#8243; _module_preset=&#8221;default&#8221; global_colors_info=&#8221;{}&#8221;][\/et_pb_image][et_pb_button button_url=&#8221;https:\/\/acpv.cat\/estimaelvalencia2\/wp-content\/uploads\/unitats_pdf\/Unitat_09.pdf&#8221; url_new_window=&#8221;on&#8221; button_text=&#8221;9. Vull estudiar&#8221; button_alignment=&#8221;center&#8221; _builder_version=&#8221;4.18.0&#8243; _module_preset=&#8221;default&#8221; custom_button=&#8221;on&#8221; button_text_size=&#8221;12px&#8221; button_text_color=&#8221;#FFFFFF&#8221; button_bg_color=&#8221;#B900ED&#8221; button_border_width=&#8221;0px&#8221; button_border_color=&#8221;#B900ED&#8221; button_font=&#8221;|700|||||||&#8221; button_icon=&#8221;&#xe05f;||divi||400&#8243; button_icon_color=&#8221;#FFFFFF&#8221; button_on_hover=&#8221;off&#8221; global_colors_info=&#8221;{}&#8221;][\/et_pb_button][\/et_pb_column][et_pb_column type=&#8221;1_5&#8243; _builder_version=&#8221;4.18.0&#8243; _module_preset=&#8221;default&#8221; global_colors_info=&#8221;{}&#8221;][et_pb_image src=&#8221;https:\/\/acpv.cat\/estimaelvalencia2\/wp-content\/uploads\/2023\/11\/coberta_ut10.jpg&#8221; title_text=&#8221;coberta_ut10&#8243; url=&#8221;https:\/\/acpv.cat\/estimaelvalencia2\/wp-content\/uploads\/unitats_pdf\/Unitat_10.pdf&#8221; url_new_window=&#8221;on&#8221; force_fullwidth=&#8221;on&#8221; _builder_version=&#8221;4.18.0&#8243; _module_preset=&#8221;default&#8221; global_colors_info=&#8221;{}&#8221;][\/et_pb_image][et_pb_button button_url=&#8221;https:\/\/acpv.cat\/estimaelvalencia2\/wp-content\/uploads\/unitats_pdf\/Unitat_10.pdf&#8221; url_new_window=&#8221;on&#8221; button_text=&#8221;10. El cel, la imaginaci\u00f3, la fantasia&#8221; button_alignment=&#8221;center&#8221; _builder_version=&#8221;4.18.0&#8243; _module_preset=&#8221;default&#8221; custom_button=&#8221;on&#8221; button_text_size=&#8221;12px&#8221; button_text_color=&#8221;#FFFFFF&#8221; button_bg_color=&#8221;#B900ED&#8221; button_border_width=&#8221;0px&#8221; button_border_color=&#8221;#B900ED&#8221; button_font=&#8221;|700|||||||&#8221; button_icon=&#8221;&#xe05f;||divi||400&#8243; button_icon_color=&#8221;#FFFFFF&#8221; button_on_hover=&#8221;off&#8221; global_colors_info=&#8221;{}&#8221;][\/et_pb_button][\/et_pb_column][\/et_pb_row][\/et_pb_section][et_pb_section fb_built=&#8221;1&#8243; fullwidth=&#8221;on&#8221; _builder_version=&#8221;4.18.0&#8243; _module_preset=&#8221;default&#8221; global_colors_info=&#8221;{}&#8221;][\/et_pb_section]<\/p>\n","protected":false},"excerpt":{"rendered":"<p>Estima el valenci\u00e0 2 &#8211; Unitats did\u00e0ctiquesEstem reestructurant la secci\u00f3. Disculpeu les mol\u00e8sties. Gr\u00e0cies Estima el valenci\u00e0 2 &#8211; Unitats did\u00e0ctiques<\/p>\n","protected":false},"author":1,"featured_media":0,"parent":0,"menu_order":0,"comment_status":"closed","ping_status":"closed","template":"","meta":{"_et_pb_use_builder":"on","_et_pb_old_content":"","_et_gb_content_width":"","_themeisle_gutenberg_block_has_review":false,"footnotes":""},"class_list":["post-823","page","type-page","status-publish","hentry"],"_links":{"self":[{"href":"https:\/\/acpv.cat\/estimaelvalencia2\/wp-json\/wp\/v2\/pages\/823","targetHints":{"allow":["GET"]}}],"collection":[{"href":"https:\/\/acpv.cat\/estimaelvalencia2\/wp-json\/wp\/v2\/pages"}],"about":[{"href":"https:\/\/acpv.cat\/estimaelvalencia2\/wp-json\/wp\/v2\/types\/page"}],"author":[{"embeddable":true,"href":"https:\/\/acpv.cat\/estimaelvalencia2\/wp-json\/wp\/v2\/users\/1"}],"replies":[{"embeddable":true,"href":"https:\/\/acpv.cat\/estimaelvalencia2\/wp-json\/wp\/v2\/comments?post=823"}],"version-history":[{"count":13,"href":"https:\/\/acpv.cat\/estimaelvalencia2\/wp-json\/wp\/v2\/pages\/823\/revisions"}],"predecessor-version":[{"id":853,"href":"https:\/\/acpv.cat\/estimaelvalencia2\/wp-json\/wp\/v2\/pages\/823\/revisions\/853"}],"wp:attachment":[{"href":"https:\/\/acpv.cat\/estimaelvalencia2\/wp-json\/wp\/v2\/media?parent=823"}],"curies":[{"name":"wp","href":"https:\/\/api.w.org\/{rel}","templated":true}]}}