{"id":1205,"date":"2024-08-16T10:56:07","date_gmt":"2024-08-16T08:56:07","guid":{"rendered":"https:\/\/acpv.cat\/paisestelles\/?page_id=1205"},"modified":"2024-12-18T09:12:54","modified_gmt":"2024-12-18T08:12:54","slug":"persones","status":"publish","type":"page","link":"https:\/\/acpv.cat\/paisestelles\/persones\/","title":{"rendered":"Persones"},"content":{"rendered":"<p>[et_pb_section fb_built=&#8221;1&#8243; admin_label=&#8221;section&#8221; _builder_version=&#8221;4.16&#8243; global_colors_info=&#8221;{}&#8221;][et_pb_row admin_label=&#8221;row&#8221; _builder_version=&#8221;4.16&#8243; background_size=&#8221;initial&#8221; background_position=&#8221;top_left&#8221; background_repeat=&#8221;repeat&#8221; global_colors_info=&#8221;{}&#8221;][et_pb_column type=&#8221;4_4&#8243; _builder_version=&#8221;4.16&#8243; custom_padding=&#8221;|||&#8221; global_colors_info=&#8221;{}&#8221; custom_padding__hover=&#8221;|||&#8221;][et_pb_text disabled_on=&#8221;on|on|on&#8221; _builder_version=&#8221;4.26.1&#8243; _module_preset=&#8221;default&#8221; disabled=&#8221;on&#8221; global_colors_info=&#8221;{}&#8221;]<\/p>\n<h2 style=\"text-align: center;\">Entitats<\/h2>\n<p>[\/et_pb_text][\/et_pb_column][\/et_pb_row][et_pb_row column_structure=&#8221;1_2,1_2&#8243; _builder_version=&#8221;4.26.1&#8243; _module_preset=&#8221;default&#8221; global_colors_info=&#8221;{}&#8221;][et_pb_column type=&#8221;1_2&#8243; _builder_version=&#8221;4.26.1&#8243; _module_preset=&#8221;default&#8221; global_colors_info=&#8221;{}&#8221;][et_pb_text _builder_version=&#8221;4.26.1&#8243; _module_preset=&#8221;default&#8221; global_colors_info=&#8221;{}&#8221;]<\/p>\n<h5>L&#8217;Alacant\u00ed<\/h5>\n<ul>\n<li><a href=\"https:\/\/acpv.cat\/paisestelles\/bodrio-dex\/\">Bodrio d&#8217;ex<\/a><\/li>\n<\/ul>\n<h5>El Camp de T\u00faria<\/h5>\n<ul>\n<li><a href=\"https:\/\/acpv.cat\/paisestelles\/andoneiferran\/\">El Tudell (Andone Garcia i Ferran Navarro)<\/a><\/li>\n<\/ul>\n<h5>El Camp de Morvedre<\/h5>\n<ul>\n<li><a href=\"https:\/\/acpv.cat\/paisestelles\/pasqualgomez\/\">Pasqual Gomes<\/a><\/li>\n<\/ul>\n<h5>L&#8217;Horta<\/h5>\n<div class=\"et_pb_column et_pb_column_1_2 et_pb_column_4  et_pb_css_mix_blend_mode_passthrough\">\n<div class=\"et_pb_module et_pb_text et_pb_text_3  et_pb_text_align_left et_pb_bg_layout_light\">\n<div class=\"et_pb_text_inner\">\n<ul>\n<li><a href=\"https:\/\/acpv.cat\/paisestelles\/lluisfontelles\/\">Llu\u00eds Fontelles<\/a><\/li>\n<li><a href=\"https:\/\/acpv.cat\/paisestelles\/dennis-mckenna\/\">Dennis Mackenna<\/a><\/li>\n<li><a href=\"https:\/\/acpv.cat\/paisestelles\/manuelmolins\/\">Manuel Molins<\/a><\/li>\n<li><a href=\"https:\/\/acpv.cat\/paisestelles\/marianavarro\/\">Maria Navarro<\/a><\/li>\n<li><a href=\"https:\/\/acpv.cat\/paisestelles\/jaumepmontaner\/\">Jaume P\u00e9rez Montaner<\/a><\/li>\n<li><a href=\"https:\/\/acpv.cat\/paisestelles\/encarnasantceloni\/\">Encarna Sant-Celoni<\/a><\/li>\n<\/ul>\n<\/div>\n<\/div>\n<\/div>\n<p>[\/et_pb_text][\/et_pb_column][et_pb_column type=&#8221;1_2&#8243; _builder_version=&#8221;4.26.1&#8243; _module_preset=&#8221;default&#8221; global_colors_info=&#8221;{}&#8221;][et_pb_text _builder_version=&#8221;4.26.1&#8243; _module_preset=&#8221;default&#8221; hover_enabled=&#8221;0&#8243; global_colors_info=&#8221;{}&#8221; sticky_enabled=&#8221;0&#8243;]<\/p>\n<div class=\"et_pb_column et_pb_column_1_2 et_pb_column_4  et_pb_css_mix_blend_mode_passthrough\">\n<div class=\"et_pb_module et_pb_text et_pb_text_3  et_pb_text_align_left et_pb_bg_layout_light\">\n<div class=\"et_pb_text_inner\">\n<h5>Mallorca<\/h5>\n<ul>\n<li><a href=\"https:\/\/acpv.cat\/paisestelles\/lenaserra\/\">Lena Serra<\/a><\/li>\n<\/ul>\n<h5>La Marina Alta<\/h5>\n<ul>\n<li><a href=\"https:\/\/acpv.cat\/paisestelles\/joanfemenia\/\">Joan Femenia Mas<\/a><\/li>\n<li><a href=\"https:\/\/acpv.cat\/paisestelles\/ortolaipalmer\/\">Xavier Ortol\u00e0 i Rosanna Palmer<\/a><\/li>\n<\/ul>\n<h5>La Plana Alta<\/h5>\n<ul>\n<li><a href=\"http:\/\/acpv.cat\/paisestelles\/borjapuchol\">Borja Puchol<\/a><\/li>\n<\/ul>\n<h5>La Plana Baixa<\/h5>\n<ul>\n<li><a href=\"http:\/\/acpv.cat\/paisestelles\/xelo-valls\">Xelo Valls<\/a><\/li>\n<\/ul>\n<h5>La Ribera<\/h5>\n<ul>\n<li><a href=\"https:\/\/acpv.cat\/paisestelles\/lourdescortes\/\">Lourdes Cort\u00e9s<\/a><\/li>\n<\/ul>\n<h5>La Vall d&#8217;Albaida<\/h5>\n<ul>\n<li><a href=\"https:\/\/acpv.cat\/paisestelles\/xeloferre\/\">Xelo Ferre <\/a><\/li>\n<li><a href=\"https:\/\/acpv.cat\/paisestelles\/jordioviedo\/\">Jordi Oviedo<\/a><\/li>\n<\/ul>\n<\/div>\n<\/div>\n<\/div>\n<p>[\/et_pb_text][\/et_pb_column][\/et_pb_row][et_pb_row column_structure=&#8221;1_2,1_2&#8243; _builder_version=&#8221;4.25.1&#8243; _module_preset=&#8221;default&#8221; global_colors_info=&#8221;{}&#8221;][et_pb_column type=&#8221;1_2&#8243; _builder_version=&#8221;4.25.1&#8243; _module_preset=&#8221;default&#8221; global_colors_info=&#8221;{}&#8221;][\/et_pb_column][et_pb_column type=&#8221;1_2&#8243; _builder_version=&#8221;4.25.1&#8243; _module_preset=&#8221;default&#8221; global_colors_info=&#8221;{}&#8221;][\/et_pb_column][\/et_pb_row][\/et_pb_section]<\/p>\n","protected":false},"excerpt":{"rendered":"<p>EntitatsL&#8217;Alacant\u00ed Bodrio d&#8217;ex El Camp de T\u00faria El Tudell (Andone Garcia i Ferran Navarro) El Camp de Morvedre Pasqual Gomes L&#8217;Horta Llu\u00eds Fontelles Dennis Mackenna Manuel Molins Maria Navarro Jaume [&hellip;]<\/p>\n","protected":false},"author":2,"featured_media":0,"parent":0,"menu_order":0,"comment_status":"closed","ping_status":"closed","template":"","meta":{"_et_pb_use_builder":"on","_et_pb_old_content":"","_et_gb_content_width":"","footnotes":""},"categories":[1],"tags":[],"class_list":["post-1205","page","type-page","status-publish","hentry","category-general"],"_links":{"self":[{"href":"https:\/\/acpv.cat\/paisestelles\/wp-json\/wp\/v2\/pages\/1205","targetHints":{"allow":["GET"]}}],"collection":[{"href":"https:\/\/acpv.cat\/paisestelles\/wp-json\/wp\/v2\/pages"}],"about":[{"href":"https:\/\/acpv.cat\/paisestelles\/wp-json\/wp\/v2\/types\/page"}],"author":[{"embeddable":true,"href":"https:\/\/acpv.cat\/paisestelles\/wp-json\/wp\/v2\/users\/2"}],"replies":[{"embeddable":true,"href":"https:\/\/acpv.cat\/paisestelles\/wp-json\/wp\/v2\/comments?post=1205"}],"version-history":[{"count":29,"href":"https:\/\/acpv.cat\/paisestelles\/wp-json\/wp\/v2\/pages\/1205\/revisions"}],"predecessor-version":[{"id":1860,"href":"https:\/\/acpv.cat\/paisestelles\/wp-json\/wp\/v2\/pages\/1205\/revisions\/1860"}],"wp:attachment":[{"href":"https:\/\/acpv.cat\/paisestelles\/wp-json\/wp\/v2\/media?parent=1205"}],"wp:term":[{"taxonomy":"category","embeddable":true,"href":"https:\/\/acpv.cat\/paisestelles\/wp-json\/wp\/v2\/categories?post=1205"},{"taxonomy":"post_tag","embeddable":true,"href":"https:\/\/acpv.cat\/paisestelles\/wp-json\/wp\/v2\/tags?post=1205"}],"curies":[{"name":"wp","href":"https:\/\/api.w.org\/{rel}","templated":true}]}}