{"id":1340,"date":"2024-08-30T09:43:53","date_gmt":"2024-08-30T07:43:53","guid":{"rendered":"https:\/\/acpv.cat\/paisestelles\/?page_id=1340"},"modified":"2024-08-30T09:44:57","modified_gmt":"2024-08-30T07:44:57","slug":"polop","status":"publish","type":"page","link":"https:\/\/acpv.cat\/paisestelles\/polop\/","title":{"rendered":"Polop"},"content":{"rendered":"<p>[et_pb_section fb_built=&#8221;1&#8243; disabled_on=&#8221;off|off|on&#8221; admin_label=&#8221;Cap\u00e7alera Mobil &#8211; Tablet&#8221; _builder_version=&#8221;4.22.0&#8243; _module_preset=&#8221;default&#8221; background_color=&#8221;gcid-3cfc8c0c-5557-4a5d-9dab-24e78d615311&#8243; collapsed=&#8221;off&#8221; global_colors_info=&#8221;{%22gcid-3cfc8c0c-5557-4a5d-9dab-24e78d615311%22:%91%22background_color%22%93}&#8221;][et_pb_row _builder_version=&#8221;4.22.0&#8243; _module_preset=&#8221;default&#8221; global_colors_info=&#8221;{}&#8221;][et_pb_column type=&#8221;4_4&#8243; _builder_version=&#8221;4.22.0&#8243; _module_preset=&#8221;default&#8221; global_colors_info=&#8221;{}&#8221;][et_pb_text admin_label=&#8221;T\u00edtol&#8221; _builder_version=&#8221;4.26.1&#8243; _module_preset=&#8221;_initial&#8221; text_font=&#8221;Merriweather|&#8211;et_global_heading_font_weight|on||||||&#8221; header_font=&#8221;Merriweather|&#8211;et_global_heading_font_weight|on|on|||||&#8221; header_font_size=&#8221;72px&#8221; header_line_height=&#8221;1.2em&#8221; header_2_font=&#8221;Merriweather|800|on||||||&#8221; header_3_font=&#8221;Merriweather||on||||||&#8221; header_4_font=&#8221;Merriweather||||||||&#8221; header_5_font=&#8221;Merriweather||||||||&#8221; header_6_font=&#8221;Merriweather||||||||&#8221; hover_enabled=&#8221;0&#8243; header_font_size_tablet=&#8221;40px&#8221; header_font_size_phone=&#8221;24px&#8221; header_font_size_last_edited=&#8221;on|desktop&#8221; inline_fonts=&#8221;Merriweather Sans&#8221; global_colors_info=&#8221;{}&#8221; sticky_enabled=&#8221;0&#8243;]<\/p>\n<h1><em><strong>POLOP<\/strong><\/em><\/h1>\n<p>[\/et_pb_text][\/et_pb_column][\/et_pb_row][et_pb_row _builder_version=&#8221;4.25.0&#8243; _module_preset=&#8221;default&#8221; global_colors_info=&#8221;{}&#8221;][et_pb_column type=&#8221;4_4&#8243; _builder_version=&#8221;4.25.0&#8243; _module_preset=&#8221;default&#8221; global_colors_info=&#8221;{}&#8221;][et_pb_video src=&#8221;https:\/\/youtu.be\/zYttsc7_lRI?si=crMSR_UYnM2C9040&#8243; admin_label=&#8221;V\u00eddeo&#8221; _builder_version=&#8221;4.26.1&#8243; _module_preset=&#8221;default&#8221; global_colors_info=&#8221;{}&#8221;][\/et_pb_video][\/et_pb_column][\/et_pb_row][et_pb_row _builder_version=&#8221;4.22.0&#8243; _module_preset=&#8221;default&#8221; global_colors_info=&#8221;{}&#8221;][et_pb_column type=&#8221;4_4&#8243; _builder_version=&#8221;4.22.0&#8243; _module_preset=&#8221;default&#8221; global_colors_info=&#8221;{}&#8221;][et_pb_text admin_label=&#8221;Text&#8221; _builder_version=&#8221;4.26.1&#8243; _module_preset=&#8221;_initial&#8221; text_font=&#8221;||||||||&#8221; text_font_size=&#8221;16px&#8221; text_line_height=&#8221;1.8em&#8221; hover_enabled=&#8221;0&#8243; text_font_size_tablet=&#8221;15px&#8221; text_font_size_phone=&#8221;14px&#8221; text_font_size_last_edited=&#8221;on|desktop&#8221; global_colors_info=&#8221;{}&#8221; sticky_enabled=&#8221;0&#8243;]<\/p>\n<h5>Grup de danses &#8220;El Porxet de Polop&#8221;<\/h5>\n<p>El <a href=\"https:\/\/folklorecv.com\/grupos_federados\/grup-de-danses-el-porxet-de-polop\/\">grup de danses Porxet de Polop<\/a> va n\u00e0ixer amb la intenci\u00f3 de recuperar una de les tradicions que al poble s\u2019havia perdut en la pr\u00e0ctica, a pesar que en la mem\u00f2ria del m\u00e9s vells restava encara la dansa. D\u2019aquesta mem\u00f2ria i dels balls dels pobles ve\u00efns, les dones fundadores del grup van poder aprendre les danses m\u00e9s conegudes a la\u00a0 comarca de la Marina Baixa. I sense m\u00e9s que la idea d\u2019unes truges passes, van eixir a la pla\u00e7a per les festes de Sant Francesc de l\u2019any 1987. L\u2019ampliaci\u00f3 del repertori\u00a0 fins a uns 30 balls, tant de carrer com d\u2019escola, s\u00f3n alguns dels exemples del treball i la il\u00b7lusi\u00f3 de tots aquests anys.<\/p>\n<p>La primera eixida de casa va ser al juny del 93 amb motiu d\u2019una trobada de danses dins dels actes commemoratius del 3r Centenari de la II Germania al poble de Muro, organitzada pel grup Baladre. Han realitzat actuacions en pobles de la comarca com Benidorm, Finestrat, el Castell de Guadalest, La Nucia, Bolulla i\u00a0 Altea.<\/p>\n<p>Entre les actuacions, cal destacar una breu aparici\u00f3 en un programa de Canal 9 en 97, el viatge a la Vall de San Joao a Portugal,\u00a0 la Cavalcada del Ninot de Val\u00e8ncia o les processons del Corpus de Calp en col\u00b7laboraci\u00f3 amb el grup Cantal Roig.<\/p>\n<p>Per la joventut de molts de els\u00a0 membres, tamb\u00e9 hem participat en trobades infantils a La Nucia i a la Vila Joiosa en 98.<\/p>\n<p>El grup Porxet pertany a la Federaci\u00f3 valenciana de Folklore i ha participat els dos \u00faltims anys a la Campanya d\u2019intercanvis. Al 2017 realitzem l\u2019actuaci\u00f3 conjunta amb la Colla de dol\u00e7aina i tabal L\u2019Os de Callosa d\u2019en Sarri\u00e0. Al 2018, actuem amb el grup Bellaguarda tradicions d\u2019Altea acompanyats de la Rondalla de la Societat Filharm\u00f2nica d\u2019Altea.<\/p>\n<p>[\/et_pb_text][\/et_pb_column][\/et_pb_row][\/et_pb_section][et_pb_section fb_built=&#8221;1&#8243; disabled_on=&#8221;on|on|off&#8221; admin_label=&#8221;Cap\u00e7alera Escriptori&#8221; _builder_version=&#8221;4.22.0&#8243; _module_preset=&#8221;default&#8221; background_color=&#8221;gcid-3cfc8c0c-5557-4a5d-9dab-24e78d615311&#8243; collapsed=&#8221;off&#8221; global_colors_info=&#8221;{%22gcid-3cfc8c0c-5557-4a5d-9dab-24e78d615311%22:%91%22background_color%22%93}&#8221;][et_pb_row _builder_version=&#8221;4.22.0&#8243; _module_preset=&#8221;default&#8221; global_colors_info=&#8221;{}&#8221;][et_pb_column type=&#8221;4_4&#8243; _builder_version=&#8221;4.22.0&#8243; _module_preset=&#8221;default&#8221; global_colors_info=&#8221;{}&#8221;][et_pb_text admin_label=&#8221;T\u00edtol&#8221; _builder_version=&#8221;4.26.1&#8243; _module_preset=&#8221;_initial&#8221; text_font=&#8221;Merriweather||on|on|||||&#8221; header_font=&#8221;Merriweather|500|on|on|||||&#8221; header_font_size=&#8221;72px&#8221; header_line_height=&#8221;1.2em&#8221; header_2_font=&#8221;Merriweather||on|on|||||&#8221; header_3_font=&#8221;Merriweather||on|on|||||&#8221; header_4_font=&#8221;Merriweather||on|on|||||&#8221; header_5_font=&#8221;&#8211;et_global_heading_font||||||||&#8221; hover_enabled=&#8221;0&#8243; header_font_size_tablet=&#8221;40px&#8221; header_font_size_phone=&#8221;24px&#8221; header_font_size_last_edited=&#8221;on|desktop&#8221; inline_fonts=&#8221;Merriweather Sans&#8221; global_colors_info=&#8221;{}&#8221; sticky_enabled=&#8221;0&#8243;]<\/p>\n<h1><em><strong>polop<\/strong><\/em><\/h1>\n<p>[\/et_pb_text][\/et_pb_column][\/et_pb_row][et_pb_row column_structure=&#8221;1_2,1_2&#8243; _builder_version=&#8221;4.25.0&#8243; _module_preset=&#8221;default&#8221; global_colors_info=&#8221;{}&#8221;][et_pb_column type=&#8221;1_2&#8243; _builder_version=&#8221;4.25.0&#8243; _module_preset=&#8221;default&#8221; global_colors_info=&#8221;{}&#8221;][et_pb_text admin_label=&#8221;Text&#8221; _builder_version=&#8221;4.26.1&#8243; _module_preset=&#8221;_initial&#8221; text_font=&#8221;||||||||&#8221; text_font_size=&#8221;16px&#8221; text_line_height=&#8221;1.8em&#8221; text_font_size_tablet=&#8221;15px&#8221; text_font_size_phone=&#8221;14px&#8221; text_font_size_last_edited=&#8221;on|desktop&#8221; global_colors_info=&#8221;{}&#8221;]<\/p>\n<h5>Grup de danses &#8220;El Porxet de Polop&#8221;<\/h5>\n<p>El <a href=\"https:\/\/folklorecv.com\/grupos_federados\/grup-de-danses-el-porxet-de-polop\/\">grup de danses Porxet de Polop<\/a> va n\u00e0ixer amb la intenci\u00f3 de recuperar una de les tradicions que al poble s\u2019havia perdut en la pr\u00e0ctica, a pesar que en la mem\u00f2ria del m\u00e9s vells restava encara la dansa. D\u2019aquesta mem\u00f2ria i dels balls dels pobles ve\u00efns, les dones fundadores del grup van poder aprendre les danses m\u00e9s conegudes a la\u00a0 comarca de la Marina Baixa. I sense m\u00e9s que la idea d\u2019unes truges passes, van eixir a la pla\u00e7a per les festes de Sant Francesc de l\u2019any 1987. L\u2019ampliaci\u00f3 del repertori\u00a0 fins a uns 30 balls, tant de carrer com d\u2019escola, s\u00f3n alguns dels exemples del treball i la il\u00b7lusi\u00f3 de tots aquests anys.<\/p>\n<p>La primera eixida de casa va ser al juny del 93 amb motiu d\u2019una trobada de danses dins dels actes commemoratius del 3r Centenari de la II Germania al poble de Muro, organitzada pel grup Baladre. Han realitzat actuacions en pobles de la comarca com Benidorm, Finestrat, el Castell de Guadalest, La Nucia, Bolulla i\u00a0 Altea.<\/p>\n<p>Entre les actuacions, cal destacar una breu aparici\u00f3 en un programa de Canal 9 en 97, el viatge a la Vall de San Joao a Portugal,\u00a0 la Cavalcada del Ninot de Val\u00e8ncia o les processons del Corpus de Calp en col\u00b7laboraci\u00f3 amb el grup Cantal Roig.<\/p>\n<p>Per la joventut de molts de els\u00a0 membres, tamb\u00e9 hem participat en trobades infantils a La Nucia i a la Vila Joiosa en 98.<\/p>\n<p>El grup Porxet pertany a la Federaci\u00f3 valenciana de Folklore i ha participat els dos \u00faltims anys a la Campanya d\u2019intercanvis. Al 2017 realitzem l\u2019actuaci\u00f3 conjunta amb la Colla de dol\u00e7aina i tabal L\u2019Os de Callosa d\u2019en Sarri\u00e0. Al 2018, actuem amb el grup Bellaguarda tradicions d\u2019Altea acompanyats de la Rondalla de la Societat Filharm\u00f2nica d\u2019Altea.<\/p>\n<p>A l\u2019actualitat, el Grup de Danses el Porxet est\u00e0 presidit per Mercedes Garc\u00eda i dirigit per \u00c0ngela P\u00e9rez Sala. El nostre treball ha sigut i \u00e9s, treballar el millor possible per a deixar viu per al futur un b\u00e9 cultural que nosaltres no vam poder heretar. De moment, anem fent cam\u00ed.<\/p>\n<p>&nbsp;<\/p>\n<p>[\/et_pb_text][\/et_pb_column][et_pb_column type=&#8221;1_2&#8243; _builder_version=&#8221;4.25.0&#8243; _module_preset=&#8221;default&#8221; global_colors_info=&#8221;{}&#8221;][et_pb_video src=&#8221;https:\/\/youtu.be\/zYttsc7_lRI?si=crMSR_UYnM2C9040&#8243; admin_label=&#8221;V\u00eddeo&#8221; _builder_version=&#8221;4.26.1&#8243; _module_preset=&#8221;default&#8221; global_colors_info=&#8221;{}&#8221;][\/et_pb_video][\/et_pb_column][\/et_pb_row][\/et_pb_section][et_pb_section fb_built=&#8221;1&#8243; make_equal=&#8221;on&#8221; specialty=&#8221;on&#8221; background_color_1=&#8221;#FFFFFF&#8221; disabled_on=&#8221;on|on|on&#8221; admin_label=&#8221;Pa\u00eds Estell\u00e9s&#8221; _builder_version=&#8221;4.25.0&#8243; _module_preset=&#8221;default&#8221; background_color=&#8221;gcid-3cfc8c0c-5557-4a5d-9dab-24e78d615311&#8243; disabled=&#8221;on&#8221; saved_tabs=&#8221;all&#8221; collapsed=&#8221;off&#8221; global_colors_info=&#8221;{%22gcid-3cfc8c0c-5557-4a5d-9dab-24e78d615311%22:%91%22background_color%22%93}&#8221;][et_pb_column type=&#8221;2_3&#8243; specialty_columns=&#8221;2&#8243; _builder_version=&#8221;4.16&#8243; _module_preset=&#8221;default&#8221; custom_padding=&#8221;|||&#8221; global_colors_info=&#8221;{}&#8221; custom_padding__hover=&#8221;|||&#8221;][et_pb_row_inner column_structure=&#8221;1_2,1_2&#8243; custom_padding_last_edited=&#8221;on|tablet&#8221; disabled_on=&#8221;on|on|on&#8221; _builder_version=&#8221;4.22.0&#8243; _module_preset=&#8221;default&#8221; custom_padding=&#8221;|60px|60px|60px|false|true&#8221; custom_padding_tablet=&#8221;|30px|30px|30px|false|true&#8221; custom_padding_phone=&#8221;|20px|20px|20px|false|true&#8221; disabled=&#8221;on&#8221; global_colors_info=&#8221;{}&#8221;][et_pb_column_inner type=&#8221;1_2&#8243; saved_specialty_column_type=&#8221;2_3&#8243; _builder_version=&#8221;4.22.0&#8243; _module_preset=&#8221;default&#8221; global_colors_info=&#8221;{}&#8221;][et_pb_text _builder_version=&#8221;4.22.0&#8243; _module_preset=&#8221;_initial&#8221; header_5_font=&#8221;Work Sans|500|||||||&#8221; header_5_font_size=&#8221;20px&#8221; header_5_line_height=&#8221;1.6em&#8221; custom_margin=&#8221;||0px||false|false&#8221; header_5_font_size_tablet=&#8221;16px&#8221; header_5_font_size_phone=&#8221;14px&#8221; header_5_font_size_last_edited=&#8221;on|desktop&#8221; global_colors_info=&#8221;{}&#8221;]<\/p>\n<h5>Understanding Your Unique Goals<\/h5>\n<p>[\/et_pb_text][et_pb_text _builder_version=&#8221;4.22.0&#8243; _module_preset=&#8221;_initial&#8221; text_line_height=&#8221;1.8em&#8221; global_colors_info=&#8221;{}&#8221;]We recognize that every business is distinct, with its own set of aspirations and challenges. Our approach begins with a comprehensive understanding.[\/et_pb_text][\/et_pb_column_inner][et_pb_column_inner type=&#8221;1_2&#8243; saved_specialty_column_type=&#8221;2_3&#8243; _builder_version=&#8221;4.22.0&#8243; _module_preset=&#8221;default&#8221; global_colors_info=&#8221;{}&#8221;][et_pb_text _builder_version=&#8221;4.22.0&#8243; _module_preset=&#8221;_initial&#8221; header_5_font=&#8221;Work Sans|500|||||||&#8221; header_5_font_size=&#8221;20px&#8221; header_5_line_height=&#8221;1.6em&#8221; custom_margin=&#8221;||0px||false|false&#8221; header_5_font_size_tablet=&#8221;16px&#8221; header_5_font_size_phone=&#8221;14px&#8221; header_5_font_size_last_edited=&#8221;on|desktop&#8221; global_colors_info=&#8221;{}&#8221;]<\/p>\n<h5>Data-Driven Market Analysis<\/h5>\n<p>[\/et_pb_text][et_pb_text _builder_version=&#8221;4.22.0&#8243; _module_preset=&#8221;_initial&#8221; text_line_height=&#8221;1.8em&#8221; global_colors_info=&#8221;{}&#8221;]Our team of seasoned consultants leverages robust market research and analysis to identify opportunities and trends within your industry.[\/et_pb_text][\/et_pb_column_inner][\/et_pb_row_inner][\/et_pb_column][et_pb_column type=&#8221;1_3&#8243; _builder_version=&#8221;4.16&#8243; _module_preset=&#8221;default&#8221; custom_padding=&#8221;|||&#8221; global_colors_info=&#8221;{}&#8221; custom_padding__hover=&#8221;|||&#8221;][\/et_pb_column][\/et_pb_section][et_pb_section fb_built=&#8221;1&#8243; admin_label=&#8221;Call to Action&#8221; _builder_version=&#8221;4.22.0&#8243; _module_preset=&#8221;default&#8221; background_color=&#8221;gcid-3cfc8c0c-5557-4a5d-9dab-24e78d615311&#8243; collapsed=&#8221;off&#8221; global_colors_info=&#8221;{%22gcid-3cfc8c0c-5557-4a5d-9dab-24e78d615311%22:%91%22background_color%22%93}&#8221;][et_pb_row column_structure=&#8221;1_2,1_4,1_4&#8243; _builder_version=&#8221;4.22.0&#8243; _module_preset=&#8221;default&#8221; global_colors_info=&#8221;{}&#8221;][et_pb_column type=&#8221;1_2&#8243; _builder_version=&#8221;4.22.0&#8243; _module_preset=&#8221;default&#8221; global_colors_info=&#8221;{}&#8221;][et_pb_text _builder_version=&#8221;4.25.1&#8243; _module_preset=&#8221;_initial&#8221; header_2_font=&#8221;Work Sans|500|||||||&#8221; header_2_font_size=&#8221;52px&#8221; header_2_line_height=&#8221;1.2em&#8221; custom_margin=&#8221;|-38px||||&#8221; header_2_font_size_tablet=&#8221;32px&#8221; header_2_font_size_phone=&#8221;20px&#8221; header_2_font_size_last_edited=&#8221;on|desktop&#8221; global_colors_info=&#8221;{}&#8221;]<\/p>\n<h2 style=\"text-align: center;\">\u00a0<\/h2>\n<p>[\/et_pb_text][\/et_pb_column][et_pb_column type=&#8221;1_4&#8243; _builder_version=&#8221;4.22.0&#8243; _module_preset=&#8221;default&#8221; global_colors_info=&#8221;{}&#8221;][et_pb_button button_url=&#8221;https:\/\/acpv.cat\/paisestelles\/esdeveniments\/categoria\/agenda\/&#8221; button_text=&#8221;AGENDA&#8221; button_alignment=&#8221;center&#8221; _builder_version=&#8221;4.25.0&#8243; _module_preset=&#8221;_initial&#8221; custom_button=&#8221;on&#8221; button_text_size=&#8221;14px&#8221; button_text_color=&#8221;#FFFFFF&#8221; button_bg_color=&#8221;#BF2002&#8243; button_border_width=&#8221;0px&#8221; button_border_radius=&#8221;100px&#8221; button_letter_spacing=&#8221;0.3em&#8221; button_font=&#8221;|700||on|||||&#8221; background_layout=&#8221;dark&#8221; custom_margin=&#8221;||-1px|||&#8221; custom_padding=&#8221;16px|40px|16px|40px|true|true&#8221; global_colors_info=&#8221;{}&#8221;][\/et_pb_button][\/et_pb_column][et_pb_column type=&#8221;1_4&#8243; _builder_version=&#8221;4.22.0&#8243; _module_preset=&#8221;default&#8221; global_colors_info=&#8221;{}&#8221;][et_pb_image src=&#8221;https:\/\/acpv.cat\/paisestelles\/wp-content\/uploads\/2024\/05\/ACPV-PAIS-ESTELLES-PEDRO-ADS_blanc_1-scaled.jpg&#8221; title_text=&#8221;ACPV &#8211; PAIS ESTELLES &#8211; PEDRO ADS_blanc_1&#8243; _builder_version=&#8221;4.25.0&#8243; _module_preset=&#8221;default&#8221; global_colors_info=&#8221;{}&#8221;][\/et_pb_image][\/et_pb_column][\/et_pb_row][\/et_pb_section]<\/p>\n","protected":false},"excerpt":{"rendered":"<p>POLOPGrup de danses &#8220;El Porxet de Polop&#8221; El grup de danses Porxet de Polop va n\u00e0ixer amb la intenci\u00f3 de recuperar una de les tradicions que al poble s\u2019havia perdut [&hellip;]<\/p>\n","protected":false},"author":2,"featured_media":0,"parent":0,"menu_order":0,"comment_status":"closed","ping_status":"closed","template":"","meta":{"_et_pb_use_builder":"on","_et_pb_old_content":"","_et_gb_content_width":"","footnotes":""},"categories":[7],"tags":[8],"class_list":["post-1340","page","type-page","status-publish","hentry","category-localitats","tag-localitats"],"_links":{"self":[{"href":"https:\/\/acpv.cat\/paisestelles\/wp-json\/wp\/v2\/pages\/1340","targetHints":{"allow":["GET"]}}],"collection":[{"href":"https:\/\/acpv.cat\/paisestelles\/wp-json\/wp\/v2\/pages"}],"about":[{"href":"https:\/\/acpv.cat\/paisestelles\/wp-json\/wp\/v2\/types\/page"}],"author":[{"embeddable":true,"href":"https:\/\/acpv.cat\/paisestelles\/wp-json\/wp\/v2\/users\/2"}],"replies":[{"embeddable":true,"href":"https:\/\/acpv.cat\/paisestelles\/wp-json\/wp\/v2\/comments?post=1340"}],"version-history":[{"count":4,"href":"https:\/\/acpv.cat\/paisestelles\/wp-json\/wp\/v2\/pages\/1340\/revisions"}],"predecessor-version":[{"id":1345,"href":"https:\/\/acpv.cat\/paisestelles\/wp-json\/wp\/v2\/pages\/1340\/revisions\/1345"}],"wp:attachment":[{"href":"https:\/\/acpv.cat\/paisestelles\/wp-json\/wp\/v2\/media?parent=1340"}],"wp:term":[{"taxonomy":"category","embeddable":true,"href":"https:\/\/acpv.cat\/paisestelles\/wp-json\/wp\/v2\/categories?post=1340"},{"taxonomy":"post_tag","embeddable":true,"href":"https:\/\/acpv.cat\/paisestelles\/wp-json\/wp\/v2\/tags?post=1340"}],"curies":[{"name":"wp","href":"https:\/\/api.w.org\/{rel}","templated":true}]}}