{"id":1379,"date":"2024-09-01T18:10:11","date_gmt":"2024-09-01T16:10:11","guid":{"rendered":"https:\/\/acpv.cat\/paisestelles\/?page_id=1379"},"modified":"2024-09-01T18:11:37","modified_gmt":"2024-09-01T16:11:37","slug":"bodrio-dex","status":"publish","type":"page","link":"https:\/\/acpv.cat\/paisestelles\/bodrio-dex\/","title":{"rendered":"Bodrio d&#8217;Ex"},"content":{"rendered":"<p>[et_pb_section fb_built=&#8221;1&#8243; admin_label=&#8221;section&#8221; _builder_version=&#8221;4.16&#8243; global_colors_info=&#8221;{}&#8221;][et_pb_row admin_label=&#8221;row&#8221; _builder_version=&#8221;4.16&#8243; background_size=&#8221;initial&#8221; background_position=&#8221;top_left&#8221; background_repeat=&#8221;repeat&#8221; global_colors_info=&#8221;{}&#8221;][et_pb_column type=&#8221;4_4&#8243; _builder_version=&#8221;4.16&#8243; custom_padding=&#8221;|||&#8221; global_colors_info=&#8221;{}&#8221; custom_padding__hover=&#8221;|||&#8221;][et_pb_text _builder_version=&#8221;4.26.1&#8243; _module_preset=&#8221;default&#8221; global_colors_info=&#8221;{}&#8221;]<\/p>\n<h2 style=\"text-align: center;\">Bodrio d&#8217;Ex<\/h2>\n<p>[\/et_pb_text][\/et_pb_column][\/et_pb_row][et_pb_row column_structure=&#8221;1_2,1_2&#8243; _builder_version=&#8221;4.25.1&#8243; _module_preset=&#8221;default&#8221; global_colors_info=&#8221;{}&#8221;][et_pb_column type=&#8221;1_2&#8243; _builder_version=&#8221;4.25.1&#8243; _module_preset=&#8221;default&#8221; global_colors_info=&#8221;{}&#8221;][et_pb_text _builder_version=&#8221;4.26.1&#8243; _module_preset=&#8221;default&#8221; global_colors_info=&#8221;{}&#8221;]<\/p>\n<p>Som un grup musical que ens agrada la llibertat. Estem comen\u00e7ant (malgrat que ja no som j\u00f3vens) per\u00f2 ens hem trobat amb la incomprensi\u00f3 de molta gent tot per cantar als poetes o a la terra. Hem fet versions de poemes de M. Hern\u00e1ndez o A. Machado, i sempre ens hem trobat amb incomprensi\u00f3 i atacs personals. Eixa etapa va passar, i ara, hem constitu\u00eft un grup amb el nom de Bodrio d&#8217;ex per a poder cantar sense censures.\u00a0<\/p>\n<div dir=\"auto\">La nostra primera can\u00e7\u00f3 \u00e9s &#8220;La llarga nit del teu poble&#8221; que \u00e9s un homenatge a Estell\u00e9s; amb esta volem afegir-nos al 100 aniversari del naixement del poeta. Es tracta d&#8217;una nova versi\u00f3 Rock-pop 2024 del m\u00edtic poema &#8220;Assumir\u00e0s&#8221;.<\/div>\n<div dir=\"auto\">Hui, es fa m\u00e9s necessari que mai, recordar les paraules i l&#8217;obra d&#8217;Estell\u00e9s amb un autogovern feixista que recolza els atacs contra la cultura i la llengua del Pa\u00eds Valenci\u00e0: No cal el silenci. Lluny de l&#8217;odi hem de parlar alt i clar, som i serem poble; malgrat la foscor en que ens han sumit, mai aconseguiran destruir la cultura i la llengua del Pa\u00eds Valenci\u00e0. Bodrio d&#8217;ex (Looky \/ Palmera) canta al poeta des d&#8217;Alacant amb una abra\u00e7ada forta a tots els valencians, catalans, mallorquins, i tota la gent que aprecia la bellesa, la cultura i la diversitat.<\/div>\n<p>[\/et_pb_text][\/et_pb_column][et_pb_column type=&#8221;1_2&#8243; _builder_version=&#8221;4.25.1&#8243; _module_preset=&#8221;default&#8221; global_colors_info=&#8221;{}&#8221;][et_pb_video src=&#8221;https:\/\/youtu.be\/kaBYScVljOU?si=qiu78AuBi8DXzZ4H&#8221; _builder_version=&#8221;4.26.1&#8243; _module_preset=&#8221;default&#8221; global_colors_info=&#8221;{}&#8221;][\/et_pb_video][\/et_pb_column][\/et_pb_row][\/et_pb_section]<\/p>\n","protected":false},"excerpt":{"rendered":"<p>Bodrio d&#8217;ExSom un grup musical que ens agrada la llibertat. Estem comen\u00e7ant (malgrat que ja no som j\u00f3vens) per\u00f2 ens hem trobat amb la incomprensi\u00f3 de molta gent tot per [&hellip;]<\/p>\n","protected":false},"author":2,"featured_media":0,"parent":0,"menu_order":0,"comment_status":"closed","ping_status":"closed","template":"","meta":{"_et_pb_use_builder":"on","_et_pb_old_content":"","_et_gb_content_width":"","footnotes":""},"categories":[1,10],"tags":[],"class_list":["post-1379","page","type-page","status-publish","hentry","category-general","category-persones"],"_links":{"self":[{"href":"https:\/\/acpv.cat\/paisestelles\/wp-json\/wp\/v2\/pages\/1379","targetHints":{"allow":["GET"]}}],"collection":[{"href":"https:\/\/acpv.cat\/paisestelles\/wp-json\/wp\/v2\/pages"}],"about":[{"href":"https:\/\/acpv.cat\/paisestelles\/wp-json\/wp\/v2\/types\/page"}],"author":[{"embeddable":true,"href":"https:\/\/acpv.cat\/paisestelles\/wp-json\/wp\/v2\/users\/2"}],"replies":[{"embeddable":true,"href":"https:\/\/acpv.cat\/paisestelles\/wp-json\/wp\/v2\/comments?post=1379"}],"version-history":[{"count":4,"href":"https:\/\/acpv.cat\/paisestelles\/wp-json\/wp\/v2\/pages\/1379\/revisions"}],"predecessor-version":[{"id":1384,"href":"https:\/\/acpv.cat\/paisestelles\/wp-json\/wp\/v2\/pages\/1379\/revisions\/1384"}],"wp:attachment":[{"href":"https:\/\/acpv.cat\/paisestelles\/wp-json\/wp\/v2\/media?parent=1379"}],"wp:term":[{"taxonomy":"category","embeddable":true,"href":"https:\/\/acpv.cat\/paisestelles\/wp-json\/wp\/v2\/categories?post=1379"},{"taxonomy":"post_tag","embeddable":true,"href":"https:\/\/acpv.cat\/paisestelles\/wp-json\/wp\/v2\/tags?post=1379"}],"curies":[{"name":"wp","href":"https:\/\/api.w.org\/{rel}","templated":true}]}}