{"id":1496,"date":"2024-09-10T10:45:29","date_gmt":"2024-09-10T08:45:29","guid":{"rendered":"https:\/\/acpv.cat\/paisestelles\/?page_id=1496"},"modified":"2024-09-15T12:46:57","modified_gmt":"2024-09-15T10:46:57","slug":"manuelmolins","status":"publish","type":"page","link":"https:\/\/acpv.cat\/paisestelles\/manuelmolins\/","title":{"rendered":"Manuel Molins"},"content":{"rendered":"<p>[et_pb_section fb_built=&#8221;1&#8243; admin_label=&#8221;section&#8221; _builder_version=&#8221;4.16&#8243; global_colors_info=&#8221;{}&#8221;][et_pb_row admin_label=&#8221;row&#8221; _builder_version=&#8221;4.16&#8243; background_size=&#8221;initial&#8221; background_position=&#8221;top_left&#8221; background_repeat=&#8221;repeat&#8221; global_colors_info=&#8221;{}&#8221;][et_pb_column type=&#8221;4_4&#8243; _builder_version=&#8221;4.16&#8243; custom_padding=&#8221;|||&#8221; global_colors_info=&#8221;{}&#8221; custom_padding__hover=&#8221;|||&#8221;][et_pb_text _builder_version=&#8221;4.26.1&#8243; _module_preset=&#8221;default&#8221; hover_enabled=&#8221;0&#8243; global_colors_info=&#8221;{}&#8221; sticky_enabled=&#8221;0&#8243;]<\/p>\n<h2 style=\"text-align: center;\">Manuel Molins<\/h2>\n<p>[\/et_pb_text][\/et_pb_column][\/et_pb_row][et_pb_row column_structure=&#8221;1_2,1_2&#8243; _builder_version=&#8221;4.25.1&#8243; _module_preset=&#8221;default&#8221; global_colors_info=&#8221;{}&#8221;][et_pb_column type=&#8221;1_2&#8243; _builder_version=&#8221;4.25.1&#8243; _module_preset=&#8221;default&#8221; global_colors_info=&#8221;{}&#8221;][et_pb_text _builder_version=&#8221;4.26.1&#8243; _module_preset=&#8221;default&#8221; custom_padding=&#8221;||0px|||&#8221; hover_enabled=&#8221;0&#8243; global_colors_info=&#8221;{}&#8221; sticky_enabled=&#8221;0&#8243;]<\/p>\n<p><b>Manuel Molins i Casa\u00f1a<\/b> \u00e9s un dramaturg i professor de literatura.<\/p>\n<p class=\"s3\">\u00c9s d\u2019Alfara del Patriarca (Horta Nord) i es va llicenciar per la Universitat de Santo Tommasso de Roma i per la de Val\u00e8ncia, per\u00f2 la seua formaci\u00f3 teatral, atesa la situaci\u00f3dels conservatoris de l\u2019\u00e8poca, \u00e9s producte de m\u00faltiples cursos independents ambprofessors tant de l\u2019escola de Barcelona com de la de Madrid, aix\u00ed com de l\u2019estudipersonal i d\u2019una activitat teatral intensa i continuada des dels anys setanta del seglepassat fins a l\u2019actualitat, sempre al servei del nostre teatre, la nostra llengua i la nostracultura. Va obtenir el carnet de professional del sindicat verical per poder actuar per totala nostra geograf\u00eda. Era el tardofranquisme i encara no hi havia moltes altrespossibilitats d\u2019accedir-hi.<\/p>\n<p class=\"s3\">\u00c9s fundador del Grup 49, amb el qual va participar molt activament en el moviment delTeatre Independent Valenci\u00e0 (TIV), que pretenia acostar el nostre teatre a les tend\u00e8ncieseuropees, tot mantenint els elements populars que configuren la nostra tradici\u00f3. \u00c9s un autor prol\u00edfic i la seva producci\u00f3 teatral presenta una gran diversitat formal i tem\u00e0tica. Francesc Foguet, investigador i professor de literatura catalana de la Universitat Aut\u00f2noma de Barcelona, situa la seva escriptura \u00aben el centre de les preocupacions filos\u00f2fiques i les paradoxes pol\u00edtiques i socials de la contemporane\u00eftat\u00bb<span class=\"s4\">[<\/span><span class=\"s4\">2]<\/span><\/p>\n<p class=\"s3\">Ha publicat cinquanta-tres obres i n\u2019ha estrenades cinqaunta-una fins al moment. La Instituci\u00f3 Alfons el Magn\u00e0nim ha publicat el seu Teatre Complet en quatre volums ones recullen tant la major part dels diferents cicles dramat\u00fargics (<span class=\"s5\">Dansa de <\/span><span class=\"s5\">Vetlatori<\/span><span class=\"s5\">, La m\u00e1quina del Doctor Wittgenstein, <\/span><span class=\"s5\">Els<\/span> <span class=\"s5\">viatgers<\/span><span class=\"s5\"> de <\/span><span class=\"s5\">l\u2019Absenta<\/span><span class=\"s5\">, Hamlet Canalla, Poder i <\/span><span class=\"s5\">Santedat<\/span><span class=\"s5\">, <\/span><span class=\"s5\">Monopatins<\/span><span class=\"s5\"> (<\/span><span class=\"s5\">Skaters<\/span><span class=\"s5\">)\u2026<\/span>) com els assaigs i comunicacions a congressos isimposis nacionals o internacionals. Tamb\u00e9 ha practicat la direcci\u00f3 esc\u00e8nica i el muntatge d\u2019espectacles diversos sobre textos i poemes d\u2019autors com <a href=\"https:\/\/ca.wikipedia.org\/wiki\/Joan_Fuster\"><span class=\"s6\">Joan Fuster<\/span><\/a>, <a href=\"https:\/\/ca.wikipedia.org\/wiki\/Vicent_Andr%C3%A9s_Estell%C3%A9s\"><span class=\"s6\">Vicent Andr\u00e9s Estell\u00e9s<\/span><\/a> o <a href=\"https:\/\/ca.wikipedia.org\/wiki\/Merc%C3%A8_Rodoreda\"><span class=\"s6\">Merc\u00e8 Rodoreda<\/span><\/a>. Ha versionat autors universals com <a href=\"https:\/\/ca.wikipedia.org\/wiki\/William_Shakespeare\"><span class=\"s6\">Shakaspeare<\/span><\/a> o <a href=\"https:\/\/ca.wikipedia.org\/wiki\/Anton_Tx%C3%A9khov\"><span class=\"s6\">Tx\u00e8hov<\/span><\/a>.<\/p>\n<p class=\"s3\">La seua traject\u00f2ria ha estat reconeguda amb nombrosos premis, com ara el Premi de la Cr\u00edtica de Teatre de l\u2019Institut Interuniversitari de Filologia Valenciana, el Premi Octubre de teatre, el Premi de la Cr\u00edtica dels Escriptors Valencians en vuit ocasions, el PremiCiutat de Val\u00e8ncia en dues ocasions o el Premi Ramon Vinyes, entre d\u2019altres. L\u2019any2017 va obtenir el Premi Pere Capell\u00e0 de teatre, la denominaci\u00f3 que rebia en aquellmoment el <a href=\"https:\/\/ca.wikipedia.org\/wiki\/Premi_Octubre_de_teatre\"><span class=\"s6\">Premi<\/span><span class=\"s6\"> Octubre de <\/span><span class=\"s6\">teatre<\/span><\/a>, per <a href=\"https:\/\/ca.wikipedia.org\/wiki\/Poder_i_santedat_(Els_%C3%A0ngels_de_Sodoma)\"><span class=\"s7\">Poder i <\/span><span class=\"s7\">S<\/span><span class=\"s7\">antedat<\/span><span class=\"s7\"> (<\/span><span class=\"s7\">Els<\/span> <span class=\"s7\">\u00e0ngels<\/span><span class=\"s7\"> de Sodoma)<\/span><\/a> la qual es va estrenar, amb diversos atacs de l\u2019extrema dreta, al Teatre Principal de Val\u00e8ncia, dirigida per Paco Azor\u00edn.<\/p>\n<p class=\"s3\">L&#8217;any 2018 la Generalitat Valenciana li va concedir el Premi d\u2019Honor de les Arts Esc\u00e8niques i el 2023 va rebre el Premi al M\u00e8rit Cultural de l\u2019Ajuntament de Val\u00e8ncia. Ha estat tradu\u00eft al franc\u00e9s, l\u2019angl\u00e9s, l\u2019eslov\u00e9 i el castell\u00e0.<\/p>\n<p>[\/et_pb_text][\/et_pb_column][et_pb_column type=&#8221;1_2&#8243; _builder_version=&#8221;4.25.1&#8243; _module_preset=&#8221;default&#8221; global_colors_info=&#8221;{}&#8221;][et_pb_video src=&#8221;https:\/\/www.youtube.com\/watch?v=_8GvgC8ucRA&#8221; _builder_version=&#8221;4.26.1&#8243; _module_preset=&#8221;default&#8221; global_colors_info=&#8221;{}&#8221;][\/et_pb_video][\/et_pb_column][\/et_pb_row][\/et_pb_section]<\/p>\n","protected":false},"excerpt":{"rendered":"<p>Manuel MolinsManuel Molins i Casa\u00f1a \u00e9s un dramaturg i professor de literatura. \u00c9s d\u2019Alfara del Patriarca (Horta Nord) i es va llicenciar per la Universitat de Santo Tommasso de Roma [&hellip;]<\/p>\n","protected":false},"author":2,"featured_media":0,"parent":0,"menu_order":0,"comment_status":"closed","ping_status":"closed","template":"","meta":{"_et_pb_use_builder":"on","_et_pb_old_content":"","_et_gb_content_width":"","footnotes":""},"categories":[1,10],"tags":[],"class_list":["post-1496","page","type-page","status-publish","hentry","category-general","category-persones"],"_links":{"self":[{"href":"https:\/\/acpv.cat\/paisestelles\/wp-json\/wp\/v2\/pages\/1496","targetHints":{"allow":["GET"]}}],"collection":[{"href":"https:\/\/acpv.cat\/paisestelles\/wp-json\/wp\/v2\/pages"}],"about":[{"href":"https:\/\/acpv.cat\/paisestelles\/wp-json\/wp\/v2\/types\/page"}],"author":[{"embeddable":true,"href":"https:\/\/acpv.cat\/paisestelles\/wp-json\/wp\/v2\/users\/2"}],"replies":[{"embeddable":true,"href":"https:\/\/acpv.cat\/paisestelles\/wp-json\/wp\/v2\/comments?post=1496"}],"version-history":[{"count":5,"href":"https:\/\/acpv.cat\/paisestelles\/wp-json\/wp\/v2\/pages\/1496\/revisions"}],"predecessor-version":[{"id":1557,"href":"https:\/\/acpv.cat\/paisestelles\/wp-json\/wp\/v2\/pages\/1496\/revisions\/1557"}],"wp:attachment":[{"href":"https:\/\/acpv.cat\/paisestelles\/wp-json\/wp\/v2\/media?parent=1496"}],"wp:term":[{"taxonomy":"category","embeddable":true,"href":"https:\/\/acpv.cat\/paisestelles\/wp-json\/wp\/v2\/categories?post=1496"},{"taxonomy":"post_tag","embeddable":true,"href":"https:\/\/acpv.cat\/paisestelles\/wp-json\/wp\/v2\/tags?post=1496"}],"curies":[{"name":"wp","href":"https:\/\/api.w.org\/{rel}","templated":true}]}}