{"id":1527,"date":"2024-09-14T11:36:13","date_gmt":"2024-09-14T09:36:13","guid":{"rendered":"https:\/\/acpv.cat\/paisestelles\/?page_id=1527"},"modified":"2024-09-14T11:43:12","modified_gmt":"2024-09-14T09:43:12","slug":"palma","status":"publish","type":"page","link":"https:\/\/acpv.cat\/paisestelles\/palma\/","title":{"rendered":"Palma"},"content":{"rendered":"<p>[et_pb_section fb_built=&#8221;1&#8243; disabled_on=&#8221;off|off|on&#8221; admin_label=&#8221;Cap\u00e7alera Mobil &#8211; Tablet&#8221; _builder_version=&#8221;4.22.0&#8243; _module_preset=&#8221;default&#8221; background_color=&#8221;gcid-3cfc8c0c-5557-4a5d-9dab-24e78d615311&#8243; collapsed=&#8221;off&#8221; global_colors_info=&#8221;{%22gcid-3cfc8c0c-5557-4a5d-9dab-24e78d615311%22:%91%22background_color%22%93}&#8221;][et_pb_row _builder_version=&#8221;4.22.0&#8243; _module_preset=&#8221;default&#8221; global_colors_info=&#8221;{}&#8221;][et_pb_column type=&#8221;4_4&#8243; _builder_version=&#8221;4.22.0&#8243; _module_preset=&#8221;default&#8221; global_colors_info=&#8221;{}&#8221;][et_pb_text admin_label=&#8221;T\u00edtol&#8221; _builder_version=&#8221;4.26.1&#8243; _module_preset=&#8221;_initial&#8221; text_font=&#8221;Merriweather|&#8211;et_global_heading_font_weight|on||||||&#8221; header_font=&#8221;Merriweather|&#8211;et_global_heading_font_weight|on|on|||||&#8221; header_font_size=&#8221;72px&#8221; header_line_height=&#8221;1.2em&#8221; header_2_font=&#8221;Merriweather|800|on||||||&#8221; header_3_font=&#8221;Merriweather||on||||||&#8221; header_4_font=&#8221;Merriweather||||||||&#8221; header_5_font=&#8221;Merriweather||||||||&#8221; header_6_font=&#8221;Merriweather||||||||&#8221; header_font_size_tablet=&#8221;40px&#8221; header_font_size_phone=&#8221;24px&#8221; header_font_size_last_edited=&#8221;on|desktop&#8221; inline_fonts=&#8221;Merriweather Sans&#8221; global_colors_info=&#8221;{}&#8221;]<\/p>\n<h1><em><strong>palma<\/strong><\/em><\/h1>\n<p>[\/et_pb_text][\/et_pb_column][\/et_pb_row][et_pb_row _builder_version=&#8221;4.25.0&#8243; _module_preset=&#8221;default&#8221; global_colors_info=&#8221;{}&#8221;][et_pb_column type=&#8221;4_4&#8243; _builder_version=&#8221;4.25.0&#8243; _module_preset=&#8221;default&#8221; global_colors_info=&#8221;{}&#8221;][et_pb_video src=&#8221;https:\/\/acpv.cat\/paisestelles\/wp-content\/uploads\/2024\/09\/videosestellesobrareduit.mp4&#8243; admin_label=&#8221;V\u00eddeo&#8221; _builder_version=&#8221;4.26.1&#8243; _module_preset=&#8221;default&#8221; global_colors_info=&#8221;{}&#8221;][\/et_pb_video][\/et_pb_column][\/et_pb_row][et_pb_row _builder_version=&#8221;4.22.0&#8243; _module_preset=&#8221;default&#8221; global_colors_info=&#8221;{}&#8221;][et_pb_column type=&#8221;4_4&#8243; _builder_version=&#8221;4.22.0&#8243; _module_preset=&#8221;default&#8221; global_colors_info=&#8221;{}&#8221;][et_pb_text admin_label=&#8221;Text&#8221; _builder_version=&#8221;4.26.1&#8243; _module_preset=&#8221;_initial&#8221; text_font=&#8221;||||||||&#8221; text_font_size=&#8221;16px&#8221; text_line_height=&#8221;1.8em&#8221; text_font_size_tablet=&#8221;15px&#8221; text_font_size_phone=&#8221;14px&#8221; text_font_size_last_edited=&#8221;on|desktop&#8221; global_colors_info=&#8221;{}&#8221;]<\/p>\n<h5>Obra Cultural Balear<\/h5>\n<p>L\u2019<b><a href=\"https:\/\/ocb.cat\/\">Obra Cultural Balear<\/a> <\/b>\u00e9s una <b>entitat sense \u00e0nim de lucre<\/b> fundada el 31 de desembre de <b>1962 <\/b>que promou la llengua i la cultura pr\u00f2pia i defensar el dret de les Illes Balears al ple autogovern.<\/p>\n<p>Des dels seus inicis, l\u2019OCB ha duit a terme una gran tasca a favor de l\u2019autonomia i del reconeixement de la personalitat nacional de les Illes Balears. Aix\u00ed, l\u2019entitat fa feina a partir de tres eixos: <b>llengua<\/b>, <b>cultura<\/b> i <b>pa\u00eds<\/b>.<\/p>\n<p>Milers de socis i una \u00e0mplia xarxa territorial fan de l\u2019OCB l\u2019<b>entitat de refer\u00e8ncia de la societat civil de les Illes Balears pel que fa a la llengua i la cultura<\/b>. \u00c9s gr\u00e0cies a les aportacions dels socis que podem dur a terme tot tipus d\u2019<b>accions<\/b>, <b>projectes<\/b><b>culturals<\/b> i <b>campanyes de sensibilitzaci\u00f3 ling\u00fc\u00edstica<\/b> amb l\u2019objectiu d\u2019enfortir la llengua i la cultura pr\u00f2pies com a trets d\u2019identitat i cohesi\u00f3 social.<\/p>\n<h5>\u00a0<\/h5>\n<p>[\/et_pb_text][et_pb_image src=&#8221;https:\/\/acpv.cat\/paisestelles\/wp-content\/uploads\/2024\/09\/Captura-de-pantalla-2024-09-14-a-les-11.33.05.png&#8221; title_text=&#8221;Captura de pantalla 2024-09-14 a les 11.33.05&#8243; _builder_version=&#8221;4.26.1&#8243; _module_preset=&#8221;default&#8221; global_colors_info=&#8221;{}&#8221;][\/et_pb_image][et_pb_text _builder_version=&#8221;4.26.1&#8243; _module_preset=&#8221;default&#8221; global_colors_info=&#8221;{}&#8221;]<\/p>\n<div class=\"elementor-element elementor-element-368d992 elementor-widget elementor-widget-heading\" data-id=\"368d992\" data-element_type=\"widget\" data-widget_type=\"heading.default\">\n<div class=\"elementor-widget-container\">\n<h3 class=\"elementor-heading-title elementor-size-default\">LLENGUA<\/h3>\n<\/div>\n<\/div>\n<div class=\"elementor-element elementor-element-9b4334b elementor-widget elementor-widget-text-editor\" data-id=\"9b4334b\" data-element_type=\"widget\" data-widget_type=\"text-editor.default\">\n<div class=\"elementor-widget-container\">\n<ul>\n<li>Promociona l\u2019\u00fas ple de la llengua catalana a les Illes Balears.<\/li>\n<li>Vetlla per assegurar el comprom\u00eds dels poders p\u00fablics amb el proc\u00e9s de normalitzaci\u00f3 ling\u00fc\u00edstica.<\/li>\n<li>Organitza activitats per potenciar la llengua i la cultura pr\u00f2pies de les Balears.<\/li>\n<li>Treballa per la integraci\u00f3 ling\u00fc\u00edstica i cultural dels nouvinguts.<\/li>\n<li>Mant\u00e9 l\u2019Oficina de Drets Ling\u00fc\u00edstics, que vetla pels dret dels catalanoparlants a fer servir el seu idioma.<\/li>\n<li>Acull i dona suport a diverses associacions que treballen per la llengua en \u00e0mbits espec\u00edfics (Joves de Mallorca per la Llengua, Grup Blanquerna, Voltor, Centre de Serveis Ling\u00fc\u00edstics Paraula\u2026).<\/li>\n<\/ul>\n<div class=\"elementor-element elementor-element-00283d9 elementor-widget elementor-widget-heading\" data-id=\"00283d9\" data-element_type=\"widget\" data-widget_type=\"heading.default\">\n<div class=\"elementor-widget-container\">\n<h3 class=\"elementor-heading-title elementor-size-default\">CULTURA<\/h3>\n<\/div>\n<\/div>\n<div class=\"elementor-element elementor-element-d102e08 elementor-widget elementor-widget-text-editor\" data-id=\"d102e08\" data-element_type=\"widget\" data-widget_type=\"text-editor.default\">\n<div class=\"elementor-widget-container\">\n<ul>\n<li>Organitza campanyes de sensibilitzaci\u00f3, reivindicaci\u00f3 i resposta que refermen la realitat cultural de la nostra terra.<\/li>\n<li>Mant\u00e9 el F\u00f2rum OCB, referent en el debat pol\u00edtic i social del pa\u00eds.<\/li>\n<li>Mant\u00e9 diverses comissions de feina (consell assessor, comissi\u00f3 intercultural, comissi\u00f3 de voluntariat, comissi\u00f3 de cultura popular\u2026).<\/li>\n<li>Organitza activitats per als socis (viatges, visites culturals\u2026).<\/li>\n<li>Organitza la Nit de la Cultura, on es lliuren els Premis 31 de Desembre, un gran aparador per a la cultura produ\u00efda a les Illes Balears.<\/li>\n<\/ul>\n<div class=\"elementor-element elementor-element-1c00939 elementor-widget elementor-widget-heading\" data-id=\"1c00939\" data-element_type=\"widget\" data-widget_type=\"heading.default\">\n<div class=\"elementor-widget-container\">\n<h3 class=\"elementor-heading-title elementor-size-default\">PA\u00cdS<\/h3>\n<\/div>\n<\/div>\n<div class=\"elementor-element elementor-element-2fb84d7 elementor-widget elementor-widget-text-editor\" data-id=\"2fb84d7\" data-element_type=\"widget\" data-widget_type=\"text-editor.default\">\n<div class=\"elementor-widget-container\">\n<ul>\n<li>Promou el debat i la mobilitzaci\u00f3 en favor del nostre ple autogovern.<\/li>\n<li>T\u00e9 milers de socis i una vintena de delegacions territorials. \u00c9s un punt de trobada de la societat civil: una casa comuna generadora d\u2019idees i projectes que han de permetre afrontar els nous reptes que planteja la societat canviant en qu\u00e8 vivim.<\/li>\n<li>Interv\u00e9 en les q\u00fcestions d\u2019actualitat que tenen transcend\u00e8ncia o afecten la nostra societat.<\/li>\n<li>Coordina les seves accions en el marc dels Pa\u00efsos Catalans amb\u00a0<a href=\"https:\/\/acpv.cat\/\" target=\"_blank\" rel=\"noopener\">Acci\u00f3 Cultural del Pa\u00eds Valenci\u00e0<\/a>\u00a0i amb\u00a0<a href=\"https:\/\/www.omnium.cat\/ca\/\" target=\"_blank\" rel=\"noopener\">\u00d2mnium Cultural<\/a>\u00a0a trav\u00e9s de la\u00a0<a href=\"https:\/\/ocb.cat\/federacio-llull\/\">Federaci\u00f3 Llull<\/a>.<\/li>\n<\/ul>\n<\/div>\n<\/div>\n<\/div>\n<\/div>\n<\/div>\n<\/div>\n<p>[\/et_pb_text][et_pb_image src=&#8221;https:\/\/acpv.cat\/paisestelles\/wp-content\/uploads\/2024\/09\/Captura-de-pantalla-2024-09-14-a-les-11.39.29.png&#8221; title_text=&#8221;Captura de pantalla 2024-09-14 a les 11.39.29&#8243; _builder_version=&#8221;4.26.1&#8243; _module_preset=&#8221;default&#8221; global_colors_info=&#8221;{}&#8221;][\/et_pb_image][et_pb_image src=&#8221;https:\/\/acpv.cat\/paisestelles\/wp-content\/uploads\/2024\/09\/Captura-de-pantalla-2024-09-14-a-les-11.39.21.png&#8221; title_text=&#8221;Captura de pantalla 2024-09-14 a les 11.39.21&#8243; _builder_version=&#8221;4.26.1&#8243; _module_preset=&#8221;default&#8221; global_colors_info=&#8221;{}&#8221;][\/et_pb_image][et_pb_image src=&#8221;https:\/\/acpv.cat\/paisestelles\/wp-content\/uploads\/2024\/09\/Captura-de-pantalla-2024-09-14-a-les-11.38.15.png&#8221; title_text=&#8221;Captura de pantalla 2024-09-14 a les 11.38.15&#8243; _builder_version=&#8221;4.26.1&#8243; _module_preset=&#8221;default&#8221; global_colors_info=&#8221;{}&#8221;][\/et_pb_image][\/et_pb_column][\/et_pb_row][\/et_pb_section][et_pb_section fb_built=&#8221;1&#8243; disabled_on=&#8221;on|on|off&#8221; admin_label=&#8221;Cap\u00e7alera Escriptori&#8221; _builder_version=&#8221;4.22.0&#8243; _module_preset=&#8221;default&#8221; background_color=&#8221;gcid-3cfc8c0c-5557-4a5d-9dab-24e78d615311&#8243; collapsed=&#8221;off&#8221; global_colors_info=&#8221;{%22gcid-3cfc8c0c-5557-4a5d-9dab-24e78d615311%22:%91%22background_color%22%93}&#8221;][et_pb_row _builder_version=&#8221;4.22.0&#8243; _module_preset=&#8221;default&#8221; global_colors_info=&#8221;{}&#8221;][et_pb_column type=&#8221;4_4&#8243; _builder_version=&#8221;4.22.0&#8243; _module_preset=&#8221;default&#8221; global_colors_info=&#8221;{}&#8221;][et_pb_text admin_label=&#8221;T\u00edtol&#8221; _builder_version=&#8221;4.26.1&#8243; _module_preset=&#8221;_initial&#8221; text_font=&#8221;Merriweather||on|on|||||&#8221; header_font=&#8221;Merriweather|500|on|on|||||&#8221; header_font_size=&#8221;72px&#8221; header_line_height=&#8221;1.2em&#8221; header_2_font=&#8221;Merriweather||on|on|||||&#8221; header_3_font=&#8221;Merriweather||on|on|||||&#8221; header_4_font=&#8221;Merriweather||on|on|||||&#8221; header_5_font=&#8221;&#8211;et_global_heading_font||||||||&#8221; header_font_size_tablet=&#8221;40px&#8221; header_font_size_phone=&#8221;24px&#8221; header_font_size_last_edited=&#8221;on|desktop&#8221; inline_fonts=&#8221;Merriweather Sans&#8221; global_colors_info=&#8221;{}&#8221;]<\/p>\n<h1><em><strong>PALMA<\/strong><\/em><\/h1>\n<p>[\/et_pb_text][\/et_pb_column][\/et_pb_row][et_pb_row column_structure=&#8221;1_2,1_2&#8243; _builder_version=&#8221;4.25.0&#8243; _module_preset=&#8221;default&#8221; global_colors_info=&#8221;{}&#8221;][et_pb_column type=&#8221;1_2&#8243; _builder_version=&#8221;4.25.0&#8243; _module_preset=&#8221;default&#8221; global_colors_info=&#8221;{}&#8221;][et_pb_text admin_label=&#8221;Text&#8221; _builder_version=&#8221;4.26.1&#8243; _module_preset=&#8221;_initial&#8221; text_font=&#8221;||||||||&#8221; text_font_size=&#8221;16px&#8221; text_line_height=&#8221;1.8em&#8221; text_font_size_tablet=&#8221;15px&#8221; text_font_size_phone=&#8221;14px&#8221; text_font_size_last_edited=&#8221;on|desktop&#8221; global_colors_info=&#8221;{}&#8221;]<\/p>\n<h5>Obra Cultural Balear<\/h5>\n<p>L\u2019<b><a href=\"https:\/\/ocb.cat\/\">Obra Cultural Balear<\/a> <\/b>\u00e9s una <b>entitat sense \u00e0nim de lucre<\/b> fundada el 31 de desembre de <b>1962 <\/b>que promou la llengua i la cultura pr\u00f2pia i defensar el dret de les Illes Balears al ple autogovern.<\/p>\n<p>Des dels seus inicis, l\u2019OCB ha duit a terme una gran tasca a favor de l\u2019autonomia i del reconeixement de la personalitat nacional de les Illes Balears. Aix\u00ed, l\u2019entitat fa feina a partir de tres eixos: <b>llengua<\/b>, <b>cultura<\/b> i <b>pa\u00eds<\/b>.<\/p>\n<p>Milers de socis i una \u00e0mplia xarxa territorial fan de l\u2019OCB l\u2019<b>entitat de refer\u00e8ncia de la societat civil de les Illes Balears pel que fa a la llengua i la cultura<\/b>. \u00c9s gr\u00e0cies a les aportacions dels socis que podem dur a terme tot tipus d\u2019<b>accions<\/b>, <b>projectes<\/b><b>culturals<\/b> i <b>campanyes de sensibilitzaci\u00f3 ling\u00fc\u00edstica<\/b> amb l\u2019objectiu d\u2019enfortir la llengua i la cultura pr\u00f2pies com a trets d\u2019identitat i cohesi\u00f3 social.<\/p>\n<p>&nbsp;<\/p>\n<p>[\/et_pb_text][et_pb_text _builder_version=&#8221;4.26.1&#8243; _module_preset=&#8221;default&#8221; global_colors_info=&#8221;{}&#8221;]<\/p>\n<div class=\"elementor-element elementor-element-368d992 elementor-widget elementor-widget-heading\" data-id=\"368d992\" data-element_type=\"widget\" data-widget_type=\"heading.default\">\n<div class=\"elementor-widget-container\">\n<h3 class=\"elementor-heading-title elementor-size-default\">LLENGUA<\/h3>\n<\/div>\n<\/div>\n<div class=\"elementor-element elementor-element-9b4334b elementor-widget elementor-widget-text-editor\" data-id=\"9b4334b\" data-element_type=\"widget\" data-widget_type=\"text-editor.default\">\n<div class=\"elementor-widget-container\">\n<ul>\n<li>Promociona l\u2019\u00fas ple de la llengua catalana a les Illes Balears.<\/li>\n<li>Vetlla per assegurar el comprom\u00eds dels poders p\u00fablics amb el proc\u00e9s de normalitzaci\u00f3 ling\u00fc\u00edstica.<\/li>\n<li>Organitza activitats per potenciar la llengua i la cultura pr\u00f2pies de les Balears.<\/li>\n<li>Treballa per la integraci\u00f3 ling\u00fc\u00edstica i cultural dels nouvinguts.<\/li>\n<li>Mant\u00e9 l\u2019Oficina de Drets Ling\u00fc\u00edstics, que vetla pels dret dels catalanoparlants a fer servir el seu idioma.<\/li>\n<li>Acull i dona suport a diverses associacions que treballen per la llengua en \u00e0mbits espec\u00edfics (Joves de Mallorca per la Llengua, Grup Blanquerna, Voltor, Centre de Serveis Ling\u00fc\u00edstics Paraula\u2026).<\/li>\n<\/ul>\n<div class=\"elementor-element elementor-element-00283d9 elementor-widget elementor-widget-heading\" data-id=\"00283d9\" data-element_type=\"widget\" data-widget_type=\"heading.default\">\n<div class=\"elementor-widget-container\">\n<h3 class=\"elementor-heading-title elementor-size-default\">CULTURA<\/h3>\n<\/div>\n<\/div>\n<div class=\"elementor-element elementor-element-d102e08 elementor-widget elementor-widget-text-editor\" data-id=\"d102e08\" data-element_type=\"widget\" data-widget_type=\"text-editor.default\">\n<div class=\"elementor-widget-container\">\n<ul>\n<li>Organitza campanyes de sensibilitzaci\u00f3, reivindicaci\u00f3 i resposta que refermen la realitat cultural de la nostra terra.<\/li>\n<li>Mant\u00e9 el F\u00f2rum OCB, referent en el debat pol\u00edtic i social del pa\u00eds.<\/li>\n<li>Mant\u00e9 diverses comissions de feina (consell assessor, comissi\u00f3 intercultural, comissi\u00f3 de voluntariat, comissi\u00f3 de cultura popular\u2026).<\/li>\n<li>Organitza activitats per als socis (viatges, visites culturals\u2026).<\/li>\n<li>Organitza la Nit de la Cultura, on es lliuren els Premis 31 de Desembre, un gran aparador per a la cultura produ\u00efda a les Illes Balears.<\/li>\n<\/ul>\n<div class=\"elementor-element elementor-element-1c00939 elementor-widget elementor-widget-heading\" data-id=\"1c00939\" data-element_type=\"widget\" data-widget_type=\"heading.default\">\n<div class=\"elementor-widget-container\">\n<h3 class=\"elementor-heading-title elementor-size-default\">PA\u00cdS<\/h3>\n<\/div>\n<\/div>\n<div class=\"elementor-element elementor-element-2fb84d7 elementor-widget elementor-widget-text-editor\" data-id=\"2fb84d7\" data-element_type=\"widget\" data-widget_type=\"text-editor.default\">\n<div class=\"elementor-widget-container\">\n<ul>\n<li>Promou el debat i la mobilitzaci\u00f3 en favor del nostre ple autogovern.<\/li>\n<li>T\u00e9 milers de socis i una vintena de delegacions territorials. \u00c9s un punt de trobada de la societat civil: una casa comuna generadora d\u2019idees i projectes que han de permetre afrontar els nous reptes que planteja la societat canviant en qu\u00e8 vivim.<\/li>\n<li>Interv\u00e9 en les q\u00fcestions d\u2019actualitat que tenen transcend\u00e8ncia o afecten la nostra societat.<\/li>\n<li>Coordina les seves accions en el marc dels Pa\u00efsos Catalans amb\u00a0<a href=\"https:\/\/acpv.cat\/\" target=\"_blank\" rel=\"noopener\">Acci\u00f3 Cultural del Pa\u00eds Valenci\u00e0<\/a>\u00a0i amb\u00a0<a href=\"https:\/\/www.omnium.cat\/ca\/\" target=\"_blank\" rel=\"noopener\">\u00d2mnium Cultural<\/a>\u00a0a trav\u00e9s de la\u00a0<a href=\"https:\/\/ocb.cat\/federacio-llull\/\">Federaci\u00f3 Llull<\/a>.<\/li>\n<\/ul>\n<\/div>\n<\/div>\n<\/div>\n<\/div>\n<\/div>\n<\/div>\n<p>[\/et_pb_text][\/et_pb_column][et_pb_column type=&#8221;1_2&#8243; _builder_version=&#8221;4.25.0&#8243; _module_preset=&#8221;default&#8221; global_colors_info=&#8221;{}&#8221;][et_pb_video src=&#8221;https:\/\/acpv.cat\/paisestelles\/wp-content\/uploads\/2024\/09\/videosestellesobrareduit.mp4&#8243; admin_label=&#8221;V\u00eddeo&#8221; _builder_version=&#8221;4.26.1&#8243; _module_preset=&#8221;default&#8221; global_colors_info=&#8221;{}&#8221;][\/et_pb_video][et_pb_image src=&#8221;https:\/\/acpv.cat\/paisestelles\/wp-content\/uploads\/2024\/09\/Captura-de-pantalla-2024-09-14-a-les-11.33.05.png&#8221; title_text=&#8221;Captura de pantalla 2024-09-14 a les 11.33.05&#8243; _builder_version=&#8221;4.26.1&#8243; _module_preset=&#8221;default&#8221; global_colors_info=&#8221;{}&#8221;][\/et_pb_image][et_pb_image src=&#8221;https:\/\/acpv.cat\/paisestelles\/wp-content\/uploads\/2024\/09\/Captura-de-pantalla-2024-09-14-a-les-11.38.15.png&#8221; title_text=&#8221;Captura de pantalla 2024-09-14 a les 11.38.15&#8243; _builder_version=&#8221;4.26.1&#8243; _module_preset=&#8221;default&#8221; global_colors_info=&#8221;{}&#8221;][\/et_pb_image][et_pb_image src=&#8221;https:\/\/acpv.cat\/paisestelles\/wp-content\/uploads\/2024\/09\/Captura-de-pantalla-2024-09-14-a-les-11.39.21.png&#8221; title_text=&#8221;Captura de pantalla 2024-09-14 a les 11.39.21&#8243; _builder_version=&#8221;4.26.1&#8243; _module_preset=&#8221;default&#8221; global_colors_info=&#8221;{}&#8221;][\/et_pb_image][\/et_pb_column][\/et_pb_row][\/et_pb_section][et_pb_section fb_built=&#8221;1&#8243; make_equal=&#8221;on&#8221; specialty=&#8221;on&#8221; background_color_1=&#8221;#FFFFFF&#8221; disabled_on=&#8221;on|on|on&#8221; admin_label=&#8221;Pa\u00eds Estell\u00e9s&#8221; _builder_version=&#8221;4.25.0&#8243; _module_preset=&#8221;default&#8221; background_color=&#8221;gcid-3cfc8c0c-5557-4a5d-9dab-24e78d615311&#8243; disabled=&#8221;on&#8221; saved_tabs=&#8221;all&#8221; collapsed=&#8221;off&#8221; global_colors_info=&#8221;{%22gcid-3cfc8c0c-5557-4a5d-9dab-24e78d615311%22:%91%22background_color%22%93}&#8221;][et_pb_column type=&#8221;2_3&#8243; specialty_columns=&#8221;2&#8243; _builder_version=&#8221;4.16&#8243; _module_preset=&#8221;default&#8221; custom_padding=&#8221;|||&#8221; global_colors_info=&#8221;{}&#8221; custom_padding__hover=&#8221;|||&#8221;][et_pb_row_inner column_structure=&#8221;1_2,1_2&#8243; custom_padding_last_edited=&#8221;on|tablet&#8221; disabled_on=&#8221;on|on|on&#8221; _builder_version=&#8221;4.22.0&#8243; _module_preset=&#8221;default&#8221; custom_padding=&#8221;|60px|60px|60px|false|true&#8221; custom_padding_tablet=&#8221;|30px|30px|30px|false|true&#8221; custom_padding_phone=&#8221;|20px|20px|20px|false|true&#8221; disabled=&#8221;on&#8221; global_colors_info=&#8221;{}&#8221;][et_pb_column_inner type=&#8221;1_2&#8243; saved_specialty_column_type=&#8221;2_3&#8243; _builder_version=&#8221;4.22.0&#8243; _module_preset=&#8221;default&#8221; global_colors_info=&#8221;{}&#8221;][et_pb_text _builder_version=&#8221;4.22.0&#8243; _module_preset=&#8221;_initial&#8221; header_5_font=&#8221;Work Sans|500|||||||&#8221; header_5_font_size=&#8221;20px&#8221; header_5_line_height=&#8221;1.6em&#8221; custom_margin=&#8221;||0px||false|false&#8221; header_5_font_size_tablet=&#8221;16px&#8221; header_5_font_size_phone=&#8221;14px&#8221; header_5_font_size_last_edited=&#8221;on|desktop&#8221; global_colors_info=&#8221;{}&#8221;]<\/p>\n<h5>Understanding Your Unique Goals<\/h5>\n<p>[\/et_pb_text][et_pb_text _builder_version=&#8221;4.22.0&#8243; _module_preset=&#8221;_initial&#8221; text_line_height=&#8221;1.8em&#8221; global_colors_info=&#8221;{}&#8221;]We recognize that every business is distinct, with its own set of aspirations and challenges. Our approach begins with a comprehensive understanding.[\/et_pb_text][\/et_pb_column_inner][et_pb_column_inner type=&#8221;1_2&#8243; saved_specialty_column_type=&#8221;2_3&#8243; _builder_version=&#8221;4.22.0&#8243; _module_preset=&#8221;default&#8221; global_colors_info=&#8221;{}&#8221;][et_pb_text _builder_version=&#8221;4.22.0&#8243; _module_preset=&#8221;_initial&#8221; header_5_font=&#8221;Work Sans|500|||||||&#8221; header_5_font_size=&#8221;20px&#8221; header_5_line_height=&#8221;1.6em&#8221; custom_margin=&#8221;||0px||false|false&#8221; header_5_font_size_tablet=&#8221;16px&#8221; header_5_font_size_phone=&#8221;14px&#8221; header_5_font_size_last_edited=&#8221;on|desktop&#8221; global_colors_info=&#8221;{}&#8221;]<\/p>\n<h5>Data-Driven Market Analysis<\/h5>\n<p>[\/et_pb_text][et_pb_text _builder_version=&#8221;4.22.0&#8243; _module_preset=&#8221;_initial&#8221; text_line_height=&#8221;1.8em&#8221; global_colors_info=&#8221;{}&#8221;]Our team of seasoned consultants leverages robust market research and analysis to identify opportunities and trends within your industry.[\/et_pb_text][\/et_pb_column_inner][\/et_pb_row_inner][\/et_pb_column][et_pb_column type=&#8221;1_3&#8243; _builder_version=&#8221;4.16&#8243; _module_preset=&#8221;default&#8221; custom_padding=&#8221;|||&#8221; global_colors_info=&#8221;{}&#8221; custom_padding__hover=&#8221;|||&#8221;][\/et_pb_column][\/et_pb_section][et_pb_section fb_built=&#8221;1&#8243; admin_label=&#8221;Call to Action&#8221; _builder_version=&#8221;4.22.0&#8243; _module_preset=&#8221;default&#8221; background_color=&#8221;gcid-3cfc8c0c-5557-4a5d-9dab-24e78d615311&#8243; collapsed=&#8221;off&#8221; global_colors_info=&#8221;{%22gcid-3cfc8c0c-5557-4a5d-9dab-24e78d615311%22:%91%22background_color%22%93}&#8221;][et_pb_row column_structure=&#8221;1_2,1_4,1_4&#8243; _builder_version=&#8221;4.22.0&#8243; _module_preset=&#8221;default&#8221; global_colors_info=&#8221;{}&#8221;][et_pb_column type=&#8221;1_2&#8243; _builder_version=&#8221;4.22.0&#8243; _module_preset=&#8221;default&#8221; global_colors_info=&#8221;{}&#8221;][et_pb_text _builder_version=&#8221;4.25.1&#8243; _module_preset=&#8221;_initial&#8221; header_2_font=&#8221;Work Sans|500|||||||&#8221; header_2_font_size=&#8221;52px&#8221; header_2_line_height=&#8221;1.2em&#8221; custom_margin=&#8221;|-38px||||&#8221; header_2_font_size_tablet=&#8221;32px&#8221; header_2_font_size_phone=&#8221;20px&#8221; header_2_font_size_last_edited=&#8221;on|desktop&#8221; global_colors_info=&#8221;{}&#8221;]<\/p>\n<h2 style=\"text-align: center;\">\u00a0<\/h2>\n<p>[\/et_pb_text][\/et_pb_column][et_pb_column type=&#8221;1_4&#8243; _builder_version=&#8221;4.22.0&#8243; _module_preset=&#8221;default&#8221; global_colors_info=&#8221;{}&#8221;][et_pb_button button_url=&#8221;https:\/\/acpv.cat\/paisestelles\/esdeveniments\/categoria\/agenda\/&#8221; button_text=&#8221;AGENDA&#8221; button_alignment=&#8221;center&#8221; _builder_version=&#8221;4.25.0&#8243; _module_preset=&#8221;_initial&#8221; custom_button=&#8221;on&#8221; button_text_size=&#8221;14px&#8221; button_text_color=&#8221;#FFFFFF&#8221; button_bg_color=&#8221;#BF2002&#8243; button_border_width=&#8221;0px&#8221; button_border_radius=&#8221;100px&#8221; button_letter_spacing=&#8221;0.3em&#8221; button_font=&#8221;|700||on|||||&#8221; background_layout=&#8221;dark&#8221; custom_margin=&#8221;||-1px|||&#8221; custom_padding=&#8221;16px|40px|16px|40px|true|true&#8221; global_colors_info=&#8221;{}&#8221;][\/et_pb_button][\/et_pb_column][et_pb_column type=&#8221;1_4&#8243; _builder_version=&#8221;4.22.0&#8243; _module_preset=&#8221;default&#8221; global_colors_info=&#8221;{}&#8221;][et_pb_image src=&#8221;https:\/\/acpv.cat\/paisestelles\/wp-content\/uploads\/2024\/05\/ACPV-PAIS-ESTELLES-PEDRO-ADS_blanc_1-scaled.jpg&#8221; title_text=&#8221;ACPV &#8211; PAIS ESTELLES &#8211; PEDRO ADS_blanc_1&#8243; _builder_version=&#8221;4.25.0&#8243; _module_preset=&#8221;default&#8221; global_colors_info=&#8221;{}&#8221;][\/et_pb_image][\/et_pb_column][\/et_pb_row][\/et_pb_section]<\/p>\n","protected":false},"excerpt":{"rendered":"<p>palmaObra Cultural Balear L\u2019Obra Cultural Balear \u00e9s una entitat sense \u00e0nim de lucre fundada el 31 de desembre de 1962 que promou la llengua i la cultura pr\u00f2pia i defensar [&hellip;]<\/p>\n","protected":false},"author":2,"featured_media":0,"parent":0,"menu_order":0,"comment_status":"closed","ping_status":"closed","template":"","meta":{"_et_pb_use_builder":"on","_et_pb_old_content":"","_et_gb_content_width":"","footnotes":""},"categories":[7],"tags":[8],"class_list":["post-1527","page","type-page","status-publish","hentry","category-localitats","tag-localitats"],"_links":{"self":[{"href":"https:\/\/acpv.cat\/paisestelles\/wp-json\/wp\/v2\/pages\/1527","targetHints":{"allow":["GET"]}}],"collection":[{"href":"https:\/\/acpv.cat\/paisestelles\/wp-json\/wp\/v2\/pages"}],"about":[{"href":"https:\/\/acpv.cat\/paisestelles\/wp-json\/wp\/v2\/types\/page"}],"author":[{"embeddable":true,"href":"https:\/\/acpv.cat\/paisestelles\/wp-json\/wp\/v2\/users\/2"}],"replies":[{"embeddable":true,"href":"https:\/\/acpv.cat\/paisestelles\/wp-json\/wp\/v2\/comments?post=1527"}],"version-history":[{"count":5,"href":"https:\/\/acpv.cat\/paisestelles\/wp-json\/wp\/v2\/pages\/1527\/revisions"}],"predecessor-version":[{"id":1539,"href":"https:\/\/acpv.cat\/paisestelles\/wp-json\/wp\/v2\/pages\/1527\/revisions\/1539"}],"wp:attachment":[{"href":"https:\/\/acpv.cat\/paisestelles\/wp-json\/wp\/v2\/media?parent=1527"}],"wp:term":[{"taxonomy":"category","embeddable":true,"href":"https:\/\/acpv.cat\/paisestelles\/wp-json\/wp\/v2\/categories?post=1527"},{"taxonomy":"post_tag","embeddable":true,"href":"https:\/\/acpv.cat\/paisestelles\/wp-json\/wp\/v2\/tags?post=1527"}],"curies":[{"name":"wp","href":"https:\/\/api.w.org\/{rel}","templated":true}]}}