{"id":1563,"date":"2024-09-16T15:10:32","date_gmt":"2024-09-16T13:10:32","guid":{"rendered":"https:\/\/acpv.cat\/paisestelles\/?page_id=1563"},"modified":"2024-09-16T15:10:36","modified_gmt":"2024-09-16T13:10:36","slug":"lluisfontelles","status":"publish","type":"page","link":"https:\/\/acpv.cat\/paisestelles\/lluisfontelles\/","title":{"rendered":"Llu\u00eds Fontelles"},"content":{"rendered":"<p>[et_pb_section fb_built=&#8221;1&#8243; admin_label=&#8221;section&#8221; _builder_version=&#8221;4.16&#8243; global_colors_info=&#8221;{}&#8221;][et_pb_row admin_label=&#8221;row&#8221; _builder_version=&#8221;4.16&#8243; background_size=&#8221;initial&#8221; background_position=&#8221;top_left&#8221; background_repeat=&#8221;repeat&#8221; global_colors_info=&#8221;{}&#8221;][et_pb_column type=&#8221;4_4&#8243; _builder_version=&#8221;4.16&#8243; custom_padding=&#8221;|||&#8221; global_colors_info=&#8221;{}&#8221; custom_padding__hover=&#8221;|||&#8221;][et_pb_text _builder_version=&#8221;4.26.1&#8243; _module_preset=&#8221;default&#8221; hover_enabled=&#8221;0&#8243; global_colors_info=&#8221;{}&#8221; sticky_enabled=&#8221;0&#8243;]<\/p>\n<h2 style=\"text-align: center;\">Llu\u00eds Fontelles<\/h2>\n<p>[\/et_pb_text][\/et_pb_column][\/et_pb_row][et_pb_row column_structure=&#8221;1_2,1_2&#8243; _builder_version=&#8221;4.25.1&#8243; _module_preset=&#8221;default&#8221; global_colors_info=&#8221;{}&#8221;][et_pb_column type=&#8221;1_2&#8243; _builder_version=&#8221;4.25.1&#8243; _module_preset=&#8221;default&#8221; global_colors_info=&#8221;{}&#8221;][et_pb_text _builder_version=&#8221;4.26.1&#8243; _module_preset=&#8221;default&#8221; custom_padding=&#8221;||0px|||&#8221; hover_enabled=&#8221;0&#8243; global_colors_info=&#8221;{}&#8221; sticky_enabled=&#8221;0&#8243;]<\/p>\n<p>Llu\u00eds Fontelles i Beltran (Alboraia-Horta Nord)<br \/>Sensibilitzat per la gesti\u00f3 del territori. Mobilitzat enfront de la depredaci\u00f3 i menys preu que hem patit des de fa molts anys i que continuem patint per part de les nostres administracions locals, auton\u00f2miques i estatals. Membre de Per l\u2019Horta per defensar i per posar en valor el territori, l\u2019Horta i les dones i homes que la treballen, aix\u00ed com va fer Vicent Andr\u00e9s Estell\u00e9s amb la seva poesia. L\u2019Horta \u00e9s vida.<\/p>\n<p>[\/et_pb_text][\/et_pb_column][et_pb_column type=&#8221;1_2&#8243; _builder_version=&#8221;4.25.1&#8243; _module_preset=&#8221;default&#8221; global_colors_info=&#8221;{}&#8221;][et_pb_video src=&#8221;https:\/\/youtu.be\/-m33hcLMTYg?si=b_Z2LVbdH7_MaPxt&#8221; _builder_version=&#8221;4.26.1&#8243; _module_preset=&#8221;default&#8221; hover_enabled=&#8221;0&#8243; global_colors_info=&#8221;{}&#8221; sticky_enabled=&#8221;0&#8243;][\/et_pb_video][\/et_pb_column][\/et_pb_row][\/et_pb_section]<\/p>\n","protected":false},"excerpt":{"rendered":"<p>Llu\u00eds FontellesLlu\u00eds Fontelles i Beltran (Alboraia-Horta Nord)Sensibilitzat per la gesti\u00f3 del territori. Mobilitzat enfront de la depredaci\u00f3 i menys preu que hem patit des de fa molts anys i que [&hellip;]<\/p>\n","protected":false},"author":2,"featured_media":0,"parent":0,"menu_order":0,"comment_status":"closed","ping_status":"closed","template":"","meta":{"_et_pb_use_builder":"on","_et_pb_old_content":"","_et_gb_content_width":"","footnotes":""},"categories":[1,10],"tags":[],"class_list":["post-1563","page","type-page","status-publish","hentry","category-general","category-persones"],"_links":{"self":[{"href":"https:\/\/acpv.cat\/paisestelles\/wp-json\/wp\/v2\/pages\/1563","targetHints":{"allow":["GET"]}}],"collection":[{"href":"https:\/\/acpv.cat\/paisestelles\/wp-json\/wp\/v2\/pages"}],"about":[{"href":"https:\/\/acpv.cat\/paisestelles\/wp-json\/wp\/v2\/types\/page"}],"author":[{"embeddable":true,"href":"https:\/\/acpv.cat\/paisestelles\/wp-json\/wp\/v2\/users\/2"}],"replies":[{"embeddable":true,"href":"https:\/\/acpv.cat\/paisestelles\/wp-json\/wp\/v2\/comments?post=1563"}],"version-history":[{"count":3,"href":"https:\/\/acpv.cat\/paisestelles\/wp-json\/wp\/v2\/pages\/1563\/revisions"}],"predecessor-version":[{"id":1567,"href":"https:\/\/acpv.cat\/paisestelles\/wp-json\/wp\/v2\/pages\/1563\/revisions\/1567"}],"wp:attachment":[{"href":"https:\/\/acpv.cat\/paisestelles\/wp-json\/wp\/v2\/media?parent=1563"}],"wp:term":[{"taxonomy":"category","embeddable":true,"href":"https:\/\/acpv.cat\/paisestelles\/wp-json\/wp\/v2\/categories?post=1563"},{"taxonomy":"post_tag","embeddable":true,"href":"https:\/\/acpv.cat\/paisestelles\/wp-json\/wp\/v2\/tags?post=1563"}],"curies":[{"name":"wp","href":"https:\/\/api.w.org\/{rel}","templated":true}]}}