{"id":1612,"date":"2024-09-26T10:20:45","date_gmt":"2024-09-26T08:20:45","guid":{"rendered":"https:\/\/acpv.cat\/paisestelles\/?page_id=1612"},"modified":"2024-09-26T12:20:06","modified_gmt":"2024-09-26T10:20:06","slug":"pasqualgomez","status":"publish","type":"page","link":"https:\/\/acpv.cat\/paisestelles\/pasqualgomez\/","title":{"rendered":"Pasqual Gomes"},"content":{"rendered":"<p>[et_pb_section fb_built=&#8221;1&#8243; admin_label=&#8221;section&#8221; _builder_version=&#8221;4.16&#8243; global_colors_info=&#8221;{}&#8221;][et_pb_row admin_label=&#8221;row&#8221; _builder_version=&#8221;4.16&#8243; background_size=&#8221;initial&#8221; background_position=&#8221;top_left&#8221; background_repeat=&#8221;repeat&#8221; global_colors_info=&#8221;{}&#8221;][et_pb_column type=&#8221;4_4&#8243; _builder_version=&#8221;4.16&#8243; custom_padding=&#8221;|||&#8221; global_colors_info=&#8221;{}&#8221; custom_padding__hover=&#8221;|||&#8221;][et_pb_text _builder_version=&#8221;4.26.1&#8243; _module_preset=&#8221;default&#8221; global_colors_info=&#8221;{}&#8221;]<\/p>\n<h2 style=\"text-align: center;\">Pasqual Gomes<\/h2>\n<p>[\/et_pb_text][\/et_pb_column][\/et_pb_row][et_pb_row column_structure=&#8221;1_2,1_2&#8243; _builder_version=&#8221;4.25.1&#8243; _module_preset=&#8221;default&#8221; global_colors_info=&#8221;{}&#8221;][et_pb_column type=&#8221;1_2&#8243; _builder_version=&#8221;4.25.1&#8243; _module_preset=&#8221;default&#8221; global_colors_info=&#8221;{}&#8221;][et_pb_text _builder_version=&#8221;4.26.1&#8243; _module_preset=&#8221;default&#8221; custom_padding=&#8221;||0px|||&#8221; global_colors_info=&#8221;{}&#8221;]<\/p>\n<p style=\"font-weight: 400;\">PASQUAL GOMES<\/p>\n<p style=\"font-weight: 400;\">Mosaic del Pa\u00eds Valenci\u00e0<\/p>\n<p style=\"font-weight: 400;\">Inspirat en el\u00a0<em>Mural del Pa\u00eds Valenci\u00e0 de Vicent Andr\u00e9s Estell\u00e9s<\/em><\/p>\n<p style=\"font-weight: 400;\"><em>El Mural del Pa\u00eds Valenci\u00e0<\/em> ha estat la guia que\u00a0per a aquest <em>Mosaic<\/em>, realitzat durant dos o tres anys i exposat al CCC Octubre (Val\u00e8ncia 2021), A <em>l\u2019Espai Muriel Casals<\/em> (Tona 2022) i Vic (Vic 2022).<\/p>\n<p style=\"font-weight: 400;\">Vaig passat hores i \u00a0dies llegint els 3 volums del\u00a0<em>Mural<\/em>, buscant i anotant cada p\u00e0gina \u00a0on anomena cada poble i assaborint els versos que per a mi fan el retrat m\u00e9s prec\u00eds i vitalista del nostre Pa\u00eds.<\/p>\n<p style=\"font-weight: 400;\">Calia rec\u00f3rrer i trepitjar el territori aplegant terra de totes les poblacions. Una vegada acabat el periple, es tractava de fer amb cadascuna de les terres un taulell per a despr\u00e9s formar un gran mosaic que representara el Pa\u00eds Valenci\u00e0, i que mostrara el color de la seua pell amb la suma de tots els colors de les terres dels seus pobles.<\/p>\n<p style=\"font-weight: 400;\">En general tractava d\u2019arreplegar la terra a zones properes al nucli de poblaci\u00f3 i, en ocasions, de llocs significatius com ara: a Castell\u00f3, la pujada a la Magdalena; a Oriola, darrere de la casa de Miguel Hern\u00e1ndez; a Val\u00e8ncia, al llit del riu davant del\u00a0 Museu S. Pius V; a Gandia, a la vora del palau dels Borja; a Morella, al castell i a Alcoi, \u201call\u00e0 on comen\u00e7a el Barranc del Cinc\u201d&#8230;<\/p>\n<p style=\"font-weight: 400;\">En la majoria dels pobles agafava \u00a0la terra dels camps o camins llindants al poble: tarongerars, vinyes, garroferars, camps d\u2019oliveres, ametllers&#8230; i tota mena de marges; de vegades, \u00a0en algun parc p\u00fablic i tamb\u00e9 a la vora o dintre del cementeri. Als pobles de mar, sorra de la platja.<\/p>\n<p style=\"font-weight: 400;\">El treball consta d\u2019un gran Mosaic (15 metres quadrats) amb taulells pintats amb la terra de cada poble, una col\u00b7lecci\u00f3 de potets de vidre amb les mostres de terra i fotografies de les terres <em>in situ<\/em>. Amb aquestes fotografies s\u2019ha realitzat el video adjunt.<\/p>\n<p style=\"font-weight: 400;\">M\u00e9s informaci\u00f3: <a href=\"http:\/\/pasqualgomes.blogspot.com\">pasqualgomes.blogspot.com<\/a><\/p>\n<p>[\/et_pb_text][\/et_pb_column][et_pb_column type=&#8221;1_2&#8243; _builder_version=&#8221;4.25.1&#8243; _module_preset=&#8221;default&#8221; global_colors_info=&#8221;{}&#8221;][et_pb_video src=&#8221;https:\/\/www.youtube.com\/watch?v=5FB_R0YO04U&#8221; _builder_version=&#8221;4.26.1&#8243; _module_preset=&#8221;default&#8221; hover_enabled=&#8221;0&#8243; global_colors_info=&#8221;{}&#8221; sticky_enabled=&#8221;0&#8243;][\/et_pb_video][\/et_pb_column][\/et_pb_row][\/et_pb_section]<\/p>\n","protected":false},"excerpt":{"rendered":"<p>Pasqual GomesPASQUAL GOMES Mosaic del Pa\u00eds Valenci\u00e0 Inspirat en el\u00a0Mural del Pa\u00eds Valenci\u00e0 de Vicent Andr\u00e9s Estell\u00e9s El Mural del Pa\u00eds Valenci\u00e0 ha estat la guia que\u00a0per a aquest Mosaic, [&hellip;]<\/p>\n","protected":false},"author":2,"featured_media":0,"parent":0,"menu_order":0,"comment_status":"closed","ping_status":"closed","template":"","meta":{"_et_pb_use_builder":"on","_et_pb_old_content":"","_et_gb_content_width":"","footnotes":""},"categories":[1,10],"tags":[],"class_list":["post-1612","page","type-page","status-publish","hentry","category-general","category-persones"],"_links":{"self":[{"href":"https:\/\/acpv.cat\/paisestelles\/wp-json\/wp\/v2\/pages\/1612","targetHints":{"allow":["GET"]}}],"collection":[{"href":"https:\/\/acpv.cat\/paisestelles\/wp-json\/wp\/v2\/pages"}],"about":[{"href":"https:\/\/acpv.cat\/paisestelles\/wp-json\/wp\/v2\/types\/page"}],"author":[{"embeddable":true,"href":"https:\/\/acpv.cat\/paisestelles\/wp-json\/wp\/v2\/users\/2"}],"replies":[{"embeddable":true,"href":"https:\/\/acpv.cat\/paisestelles\/wp-json\/wp\/v2\/comments?post=1612"}],"version-history":[{"count":6,"href":"https:\/\/acpv.cat\/paisestelles\/wp-json\/wp\/v2\/pages\/1612\/revisions"}],"predecessor-version":[{"id":1625,"href":"https:\/\/acpv.cat\/paisestelles\/wp-json\/wp\/v2\/pages\/1612\/revisions\/1625"}],"wp:attachment":[{"href":"https:\/\/acpv.cat\/paisestelles\/wp-json\/wp\/v2\/media?parent=1612"}],"wp:term":[{"taxonomy":"category","embeddable":true,"href":"https:\/\/acpv.cat\/paisestelles\/wp-json\/wp\/v2\/categories?post=1612"},{"taxonomy":"post_tag","embeddable":true,"href":"https:\/\/acpv.cat\/paisestelles\/wp-json\/wp\/v2\/tags?post=1612"}],"curies":[{"name":"wp","href":"https:\/\/api.w.org\/{rel}","templated":true}]}}