{"id":308,"date":"2024-06-14T12:06:23","date_gmt":"2024-06-14T10:06:23","guid":{"rendered":"https:\/\/acpv.cat\/paisestelles\/?page_id=308"},"modified":"2024-06-16T09:24:27","modified_gmt":"2024-06-16T07:24:27","slug":"jordioviedo","status":"publish","type":"page","link":"https:\/\/acpv.cat\/paisestelles\/jordioviedo\/","title":{"rendered":"Jordi Oviedo"},"content":{"rendered":"<p>[et_pb_section fb_built=&#8221;1&#8243; admin_label=&#8221;section&#8221; _builder_version=&#8221;4.16&#8243; global_colors_info=&#8221;{}&#8221;][et_pb_row admin_label=&#8221;row&#8221; _builder_version=&#8221;4.16&#8243; background_size=&#8221;initial&#8221; background_position=&#8221;top_left&#8221; background_repeat=&#8221;repeat&#8221; global_colors_info=&#8221;{}&#8221;][et_pb_column type=&#8221;4_4&#8243; _builder_version=&#8221;4.16&#8243; custom_padding=&#8221;|||&#8221; global_colors_info=&#8221;{}&#8221; custom_padding__hover=&#8221;|||&#8221;][et_pb_text _builder_version=&#8221;4.25.1&#8243; _module_preset=&#8221;default&#8221; global_colors_info=&#8221;{}&#8221;]<\/p>\n<h2 style=\"text-align: center;\">Jordi Oviedo Seguer<\/h2>\n<p>[\/et_pb_text][\/et_pb_column][\/et_pb_row][et_pb_row column_structure=&#8221;1_2,1_2&#8243; _builder_version=&#8221;4.25.1&#8243; _module_preset=&#8221;default&#8221; global_colors_info=&#8221;{}&#8221;][et_pb_column type=&#8221;1_2&#8243; _builder_version=&#8221;4.25.1&#8243; _module_preset=&#8221;default&#8221; global_colors_info=&#8221;{}&#8221;][et_pb_text _builder_version=&#8221;4.25.1&#8243; _module_preset=&#8221;default&#8221; global_colors_info=&#8221;{}&#8221;]<\/p>\n<p>Jordi Oviedo Seguer (El Palomar, La Vall d\u2019Albaida, 1980):<br \/>&#8211; Doctor en Filologia catalana per la Universitat d\u2019Alacant, \u00e9s professor al<br \/>Departament de Did\u00e0ctica de la Llengua i la Literatura a la Universitat de<br \/>Val\u00e8ncia.<br \/>&#8211; Va organitzar el Fons Estell\u00e9s per a la reedici\u00f3 de les obres del poeta i ara n\u2019\u00e9s<br \/>l\u2019editor literari del projecte.<br \/>&#8211; Ha editat diferents volums de la nova obra completa i ha preparat articles sobre<br \/>la literatura de Vicent Andr\u00e9s Estell\u00e9s i la seua relaci\u00f3 amb la identitat nacional,<br \/>l\u2019espai de la ciutat de Val\u00e8ncia o aplicacions did\u00e0ctiques. Recentment, ha<br \/>publicat el llibre Primera lli\u00e7\u00f3 sobre Vicent Andr\u00e9s Estell\u00e9s, que revisa de<br \/>manera monogr\u00e0fica la producci\u00f3 de l\u2019escriptor de Burjassot.<\/p>\n<p>La relaci\u00f3 d\u2019Estell\u00e9s amb la Vall d\u2019Albaida, sobretot amb Ontinyent, s\u2019inicia en els anys setanta. De manera concreta, va participar amb poemes propis en els llibres de festes de Moros i Cristians d\u2019Ontinyent els anys 1969, 1970, 1972 i 1973 (Garcia i Bernabeu, 2018).<br \/>Coral de Melcior Gomis \u00e9s un llibre que forma part de Mural del Pa\u00eds Valenci\u00e0 i est\u00e0<br \/>dedicat al m\u00fasic Ontinyent\u00ed Melcior Gomis, autor de la melodia que s\u2019empraria com a<br \/>himne de la Rep\u00fablica espanyola. En el poemari, Estell\u00e9s recorda la seua infantesa a<br \/>Burjassot. Hi ha refer\u00e8ncies a la ciutat d\u2019Ontinyent, per la seua condici\u00f3 industrial i<br \/>festiva; tamb\u00e9 a l\u2019aigua com a element fundacional del Pa\u00eds. Aix\u00ed mateix, la llibertat \u00e9s el mot que m\u00e9s destaca en el poemari, com un veritable leitmotiv. El text del poema es troba instal\u00b7lat en un monument en el parc d&#8217;Ontinyent que des del 2003 du el nom de Vicent Andr\u00e9s Estell\u00e9s.<\/p>\n<p>[\/et_pb_text][\/et_pb_column][et_pb_column type=&#8221;1_2&#8243; _builder_version=&#8221;4.25.1&#8243; _module_preset=&#8221;default&#8221; global_colors_info=&#8221;{}&#8221;][et_pb_video src=&#8221;https:\/\/acpv.cat\/paisestelles\/wp-content\/uploads\/2024\/06\/Video-de-WhatsApp-2024-06-07-a-les-11.21.19_76575d19.mp4&#8243; _builder_version=&#8221;4.25.1&#8243; _module_preset=&#8221;default&#8221; global_colors_info=&#8221;{}&#8221;][\/et_pb_video][et_pb_text _builder_version=&#8221;4.25.1&#8243; _module_preset=&#8221;default&#8221; global_colors_info=&#8221;{}&#8221;]<\/p>\n<p>Poema de Coral de Melcior Gomis, publicat dins el Llibre XIII de Mural del Pa\u00eds<br \/>Valenci\u00e0:<\/p>\n<p>1<br \/>Ontinyent, alt i blanc<br \/>i remor\u00f3s de f\u00e0briques,<br \/>de bra\u00e7os seculars<br \/>i c\u00e0ndides arbredes<br \/>i l\u2019anell de l\u2019ullal.<br \/>Ontinyent, alt i net,<br \/>d\u2019esperances segures<br \/>i de llum permanent,<br \/>de nits blanques i blaves,<br \/>de sol baix, Ontinyent.<\/p>\n<p>[\/et_pb_text][\/et_pb_column][\/et_pb_row][\/et_pb_section]<\/p>\n","protected":false},"excerpt":{"rendered":"<p>Jordi Oviedo SeguerJordi Oviedo Seguer (El Palomar, La Vall d\u2019Albaida, 1980):- Doctor en Filologia catalana per la Universitat d\u2019Alacant, \u00e9s professor alDepartament de Did\u00e0ctica de la Llengua i la Literatura [&hellip;]<\/p>\n","protected":false},"author":2,"featured_media":0,"parent":0,"menu_order":0,"comment_status":"closed","ping_status":"closed","template":"","meta":{"_et_pb_use_builder":"on","_et_pb_old_content":"","_et_gb_content_width":"","footnotes":""},"categories":[1,10],"tags":[],"class_list":["post-308","page","type-page","status-publish","hentry","category-general","category-persones"],"_links":{"self":[{"href":"https:\/\/acpv.cat\/paisestelles\/wp-json\/wp\/v2\/pages\/308","targetHints":{"allow":["GET"]}}],"collection":[{"href":"https:\/\/acpv.cat\/paisestelles\/wp-json\/wp\/v2\/pages"}],"about":[{"href":"https:\/\/acpv.cat\/paisestelles\/wp-json\/wp\/v2\/types\/page"}],"author":[{"embeddable":true,"href":"https:\/\/acpv.cat\/paisestelles\/wp-json\/wp\/v2\/users\/2"}],"replies":[{"embeddable":true,"href":"https:\/\/acpv.cat\/paisestelles\/wp-json\/wp\/v2\/comments?post=308"}],"version-history":[{"count":6,"href":"https:\/\/acpv.cat\/paisestelles\/wp-json\/wp\/v2\/pages\/308\/revisions"}],"predecessor-version":[{"id":479,"href":"https:\/\/acpv.cat\/paisestelles\/wp-json\/wp\/v2\/pages\/308\/revisions\/479"}],"wp:attachment":[{"href":"https:\/\/acpv.cat\/paisestelles\/wp-json\/wp\/v2\/media?parent=308"}],"wp:term":[{"taxonomy":"category","embeddable":true,"href":"https:\/\/acpv.cat\/paisestelles\/wp-json\/wp\/v2\/categories?post=308"},{"taxonomy":"post_tag","embeddable":true,"href":"https:\/\/acpv.cat\/paisestelles\/wp-json\/wp\/v2\/tags?post=308"}],"curies":[{"name":"wp","href":"https:\/\/api.w.org\/{rel}","templated":true}]}}