{"id":347,"date":"2024-05-28T12:00:24","date_gmt":"2024-05-28T10:00:24","guid":{"rendered":"https:\/\/acpv.cat\/paisestelles\/?page_id=347"},"modified":"2025-05-13T20:37:42","modified_gmt":"2025-05-13T18:37:42","slug":"la-mirada-destelles","status":"publish","type":"page","link":"https:\/\/acpv.cat\/paisestelles\/la-mirada-destelles\/","title":{"rendered":"La mirada d&#8217;Estell\u00e9s"},"content":{"rendered":"<p>[et_pb_section fb_built=&#8221;1&#8243; disabled_on=&#8221;off|off|off&#8221; admin_label=&#8221;Cap\u00e7alera Escriptori&#8221; _builder_version=&#8221;4.22.0&#8243; _module_preset=&#8221;default&#8221; background_color=&#8221;gcid-3cfc8c0c-5557-4a5d-9dab-24e78d615311&#8243; collapsed=&#8221;off&#8221; global_colors_info=&#8221;{%22gcid-3cfc8c0c-5557-4a5d-9dab-24e78d615311%22:%91%22background_color%22%93}&#8221;][et_pb_row _builder_version=&#8221;4.22.0&#8243; _module_preset=&#8221;default&#8221; global_colors_info=&#8221;{}&#8221;][et_pb_column type=&#8221;4_4&#8243; _builder_version=&#8221;4.22.0&#8243; _module_preset=&#8221;default&#8221; global_colors_info=&#8221;{}&#8221;][et_pb_text admin_label=&#8221;T\u00edtol&#8221; _builder_version=&#8221;4.25.1&#8243; _module_preset=&#8221;_initial&#8221; text_font=&#8221;Merriweather||on|on|||||&#8221; header_font=&#8221;Merriweather|500|on|on|||||&#8221; header_font_size=&#8221;72px&#8221; header_line_height=&#8221;1.2em&#8221; header_2_font=&#8221;Merriweather||on|on|||||&#8221; header_3_font=&#8221;Merriweather||on|on|||||&#8221; header_4_font=&#8221;Merriweather||on|on|||||&#8221; header_5_font=&#8221;&#8211;et_global_heading_font||||||||&#8221; header_font_size_tablet=&#8221;40px&#8221; header_font_size_phone=&#8221;24px&#8221; header_font_size_last_edited=&#8221;on|desktop&#8221; inline_fonts=&#8221;Merriweather Sans&#8221; global_colors_info=&#8221;{}&#8221;]<\/p>\n<h2><em><strong>25 d&#8217;abril: \u00a0la mirada d&#8217;estell\u00e9s<\/strong><\/em><\/h2>\n<p>[\/et_pb_text][\/et_pb_column][\/et_pb_row][et_pb_row column_structure=&#8221;1_3,2_3&#8243; _builder_version=&#8221;4.25.1&#8243; _module_preset=&#8221;default&#8221; global_colors_info=&#8221;{}&#8221;][et_pb_column type=&#8221;1_3&#8243; _builder_version=&#8221;4.25.1&#8243; _module_preset=&#8221;default&#8221; global_colors_info=&#8221;{}&#8221;][et_pb_image src=&#8221;https:\/\/acpv.cat\/paisestelles\/wp-content\/uploads\/2025\/05\/Disseny-sense-titol.jpg&#8221; title_text=&#8221;Disseny sense t\u00edtol&#8221; _builder_version=&#8221;4.26.1&#8243; _module_preset=&#8221;default&#8221; global_colors_info=&#8221;{}&#8221;][\/et_pb_image][\/et_pb_column][et_pb_column type=&#8221;2_3&#8243; _builder_version=&#8221;4.25.1&#8243; _module_preset=&#8221;default&#8221; global_colors_info=&#8221;{}&#8221;][et_pb_video src=&#8221;https:\/\/youtu.be\/APW1FRs7F3Q?t=6151&#8243; _builder_version=&#8221;4.25.1&#8243; _module_preset=&#8221;default&#8221; global_colors_info=&#8221;{}&#8221;][\/et_pb_video][et_pb_text _builder_version=&#8221;4.25.1&#8243; _module_preset=&#8221;default&#8221; global_colors_info=&#8221;{}&#8221;]<\/p>\n<p>Paraules de cloenda de l&#8217;acte d&#8217;Anna Oliver (presidenta d&#8217;Acci\u00f3 Cultural del Pa\u00eds Valenci\u00e0)<\/p>\n<p>[\/et_pb_text][\/et_pb_column][\/et_pb_row][et_pb_row column_structure=&#8221;1_2,1_2&#8243; _builder_version=&#8221;4.25.1&#8243; _module_preset=&#8221;default&#8221; global_colors_info=&#8221;{}&#8221;][et_pb_column type=&#8221;1_2&#8243; _builder_version=&#8221;4.25.1&#8243; _module_preset=&#8221;default&#8221; global_colors_info=&#8221;{}&#8221;][et_pb_text _builder_version=&#8221;4.25.1&#8243; _module_preset=&#8221;default&#8221; global_colors_info=&#8221;{}&#8221;]<\/p>\n<p>En el marc de la jornada reivindicativa del 25 d\u2019abril, Acci\u00f3 Cultural del Pa\u00eds Valenci\u00e0 organitz\u00e0 \u201cPa\u00eds Valenci\u00e0, la mirada d\u2019Estell\u00e9s\u201d, un acte que forma part de la celebraci\u00f3 del centenari de Vicent Andr\u00e9s Estell\u00e9s i que reivindica el car\u00e0cter m\u00e9s pol\u00edtic del poeta. Amb la m\u00fasica encomanada a Andreu Valor, i els recitals po\u00e8tics de Francesc Any\u00f3 i Borja Puchol, l\u2019acte va iniciar amb la for\u00e7a que mereixia.<\/p>\n<p>Les primeres ponents que van participar en una enriquidora conversa moderada per Oriana Brunori van ser figures de rellev\u00e0ncia com <strong>Laura Vilagr\u00e0<\/strong>, consellera de la Presid\u00e8ncia del Govern de la Generalitat de Catalunya (2021-actualitat) i vicepresidenta del govern, <strong>Patricia G\u00f3mez,\u00a0<\/strong>presidenta de la Federaci\u00f3 Socialista de Mallorca. Actualment, tamb\u00e9 \u00e9s diputada pel Partit Socialista al Parlament de les Illes Balears, i <strong>\u00c0gueda Mic\u00f3<\/strong>, diputada al congr\u00e9s. Secret\u00e0ria general de M\u00e9s-Comprom\u00eds. Parlaren des del punt de vista pol\u00edtic comparant l\u2019\u00e8poca d\u2019Estell\u00e9s amb l\u2019actualitat.<\/p>\n<p>[\/et_pb_text][et_pb_image src=&#8221;https:\/\/acpv.cat\/paisestelles\/wp-content\/uploads\/2024\/05\/Captura-de-pantalla-2024-05-29-a-les-10.01.41.png&#8221; title_text=&#8221;Captura de pantalla 2024-05-29 a les 10.01.41&#8243; _builder_version=&#8221;4.25.1&#8243; _module_preset=&#8221;default&#8221; global_colors_info=&#8221;{}&#8221;][\/et_pb_image][et_pb_text _builder_version=&#8221;4.25.1&#8243; _module_preset=&#8221;default&#8221; global_colors_info=&#8221;{}&#8221;]<\/p>\n<p>Per concloure l\u2019acte, va intervenir Anna Oliver, presidenta d\u2019ACPV, per donar el comiat, acompanyada per la tradicional muixeranga, que va posar punt final a una jornada marcada per la reflexi\u00f3 i la celebraci\u00f3 de la cultura i la identitat valencianes.<\/p>\n<p>[\/et_pb_text][\/et_pb_column][et_pb_column type=&#8221;1_2&#8243; _builder_version=&#8221;4.25.1&#8243; _module_preset=&#8221;default&#8221; global_colors_info=&#8221;{}&#8221;][et_pb_image src=&#8221;https:\/\/acpv.cat\/paisestelles\/wp-content\/uploads\/2024\/05\/Captura-de-pantalla-2024-05-29-a-les-9.59.13.png&#8221; title_text=&#8221;Captura de pantalla 2024-05-29 a les 9.59.13&#8243; _builder_version=&#8221;4.25.1&#8243; _module_preset=&#8221;default&#8221; global_colors_info=&#8221;{}&#8221;][\/et_pb_image][et_pb_text _builder_version=&#8221;4.25.1&#8243; _module_preset=&#8221;default&#8221; global_colors_info=&#8221;{}&#8221;]<\/p>\n<p>Seguidament, es va destacar la gran import\u00e0ncia de l\u2019obra d\u2019Estell\u00e9s, un poeta que va ensenyar a construir i teixir el nostre pa\u00eds. Aix\u00ed ho van expressar <strong>Dolors Pedr\u00f3s<\/strong>, presidenta del Consell Valenci\u00e0 de Cultura, <strong>Izaskun Arretxe<\/strong>, directora de la Instituci\u00f3 de les Lletres Catalanes, i <strong>\u00c0ngels Gregori<\/strong>, comiss\u00e0ria de l\u2019Any Estell\u00e9s i poeta, amb una reconeguda traject\u00f2ria, entre la qual es troba el\u00a0 premi Vicent Andr\u00e9s Estell\u00e9s en l\u2019edici\u00f3 de 2018.<\/p>\n<p>[\/et_pb_text][et_pb_image src=&#8221;https:\/\/acpv.cat\/paisestelles\/wp-content\/uploads\/2024\/05\/Captura-de-pantalla-2024-05-29-a-les-10.04.42.png&#8221; title_text=&#8221;Captura de pantalla 2024-05-29 a les 10.04.42&#8243; _builder_version=&#8221;4.25.1&#8243; _module_preset=&#8221;default&#8221; global_colors_info=&#8221;{}&#8221;][\/et_pb_image][\/et_pb_column][\/et_pb_row][et_pb_row column_structure=&#8221;1_3,1_3,1_3&#8243; _builder_version=&#8221;4.25.1&#8243; _module_preset=&#8221;default&#8221; global_colors_info=&#8221;{}&#8221;][et_pb_column type=&#8221;1_3&#8243; _builder_version=&#8221;4.25.1&#8243; _module_preset=&#8221;default&#8221; global_colors_info=&#8221;{}&#8221;][et_pb_image src=&#8221;https:\/\/acpv.cat\/paisestelles\/wp-content\/uploads\/2024\/05\/Captura-de-pantalla-2024-05-29-a-les-9.48.12.png&#8221; title_text=&#8221;Captura de pantalla 2024-05-29 a les 9.48.12&#8243; _builder_version=&#8221;4.25.1&#8243; _module_preset=&#8221;default&#8221; global_colors_info=&#8221;{}&#8221;][\/et_pb_image][\/et_pb_column][et_pb_column type=&#8221;1_3&#8243; _builder_version=&#8221;4.25.1&#8243; _module_preset=&#8221;default&#8221; global_colors_info=&#8221;{}&#8221;][et_pb_image src=&#8221;https:\/\/acpv.cat\/paisestelles\/wp-content\/uploads\/2024\/05\/Captura-de-pantalla-2024-05-29-a-les-9.46.49-1.png&#8221; title_text=&#8221;Captura de pantalla 2024-05-29 a les 9.46.49&#8243; _builder_version=&#8221;4.25.1&#8243; _module_preset=&#8221;default&#8221; global_colors_info=&#8221;{}&#8221;][\/et_pb_image][\/et_pb_column][et_pb_column type=&#8221;1_3&#8243; _builder_version=&#8221;4.25.1&#8243; _module_preset=&#8221;default&#8221; global_colors_info=&#8221;{}&#8221;][et_pb_image src=&#8221;https:\/\/acpv.cat\/paisestelles\/wp-content\/uploads\/2024\/05\/Captura-de-pantalla-2024-05-29-a-les-9.48.29.png&#8221; title_text=&#8221;Captura de pantalla 2024-05-29 a les 9.48.29&#8243; _builder_version=&#8221;4.25.1&#8243; _module_preset=&#8221;default&#8221; global_colors_info=&#8221;{}&#8221;][\/et_pb_image][\/et_pb_column][\/et_pb_row][et_pb_row _builder_version=&#8221;4.25.1&#8243; _module_preset=&#8221;default&#8221; global_colors_info=&#8221;{}&#8221;][et_pb_column type=&#8221;4_4&#8243; _builder_version=&#8221;4.25.1&#8243; _module_preset=&#8221;default&#8221; global_colors_info=&#8221;{}&#8221;][et_pb_text _builder_version=&#8221;4.25.1&#8243; _module_preset=&#8221;default&#8221; global_colors_info=&#8221;{}&#8221;]<\/p>\n<p>V\u00eddeo de l&#8217;acte complet<\/p>\n<p>[\/et_pb_text][et_pb_video src=&#8221;https:\/\/youtu.be\/APW1FRs7F3Q?si=lE8z_wGsGYAaYgiI&#8221; _builder_version=&#8221;4.25.1&#8243; _module_preset=&#8221;default&#8221; global_colors_info=&#8221;{}&#8221;][\/et_pb_video][et_pb_text _builder_version=&#8221;4.26.1&#8243; _module_preset=&#8221;default&#8221; global_colors_info=&#8221;{}&#8221;]<\/p>\n<p>&nbsp;<\/p>\n<p>&nbsp;<\/p>\n<figure class=\"wp-block-image size-large\"><\/figure>\n<figure class=\"wp-block-image size-large\"><\/figure>\n<p>&nbsp;<\/p>\n<figure class=\"wp-block-gallery has-nested-images columns-default is-cropped wp-block-gallery-1 is-layout-flex wp-block-gallery-is-layout-flex\">\n<figure class=\"wp-block-image size-large\"><img loading=\"lazy\" decoding=\"async\" class=\"wp-image-19918\" src=\"https:\/\/acpv.cat\/nova\/wp-content\/uploads\/2024\/05\/Pais-Estelles-096-1024x683.jpg\" sizes=\"auto, (max-width: 1024px) 100vw, 1024px\" srcset=\"https:\/\/acpv.cat\/nova\/wp-content\/uploads\/2024\/05\/Pais-Estelles-096-1024x683.jpg 1024w, https:\/\/acpv.cat\/nova\/wp-content\/uploads\/2024\/05\/Pais-Estelles-096-300x200.jpg 300w, https:\/\/acpv.cat\/nova\/wp-content\/uploads\/2024\/05\/Pais-Estelles-096-768x512.jpg 768w, https:\/\/acpv.cat\/nova\/wp-content\/uploads\/2024\/05\/Pais-Estelles-096-1536x1024.jpg 1536w, https:\/\/acpv.cat\/nova\/wp-content\/uploads\/2024\/05\/Pais-Estelles-096-scaled.jpg 2048w\" alt=\"\" width=\"1024\" height=\"683\" data-id=\"19918\" \/><\/figure>\n<figure class=\"wp-block-image size-large\"><img loading=\"lazy\" decoding=\"async\" class=\"wp-image-19920\" src=\"https:\/\/acpv.cat\/nova\/wp-content\/uploads\/2024\/05\/Pais-Estelles-082-1024x683.jpg\" sizes=\"auto, (max-width: 1024px) 100vw, 1024px\" srcset=\"https:\/\/acpv.cat\/nova\/wp-content\/uploads\/2024\/05\/Pais-Estelles-082-1024x683.jpg 1024w, https:\/\/acpv.cat\/nova\/wp-content\/uploads\/2024\/05\/Pais-Estelles-082-300x200.jpg 300w, https:\/\/acpv.cat\/nova\/wp-content\/uploads\/2024\/05\/Pais-Estelles-082-768x512.jpg 768w, https:\/\/acpv.cat\/nova\/wp-content\/uploads\/2024\/05\/Pais-Estelles-082-1536x1024.jpg 1536w, https:\/\/acpv.cat\/nova\/wp-content\/uploads\/2024\/05\/Pais-Estelles-082-scaled.jpg 2048w\" alt=\"\" width=\"1024\" height=\"683\" data-id=\"19920\" \/><\/figure>\n<figure class=\"wp-block-image size-large\"><img loading=\"lazy\" decoding=\"async\" class=\"wp-image-19921\" src=\"https:\/\/acpv.cat\/nova\/wp-content\/uploads\/2024\/05\/Pais-Estelles-093-1024x683.jpg\" sizes=\"auto, (max-width: 1024px) 100vw, 1024px\" srcset=\"https:\/\/acpv.cat\/nova\/wp-content\/uploads\/2024\/05\/Pais-Estelles-093-1024x683.jpg 1024w, https:\/\/acpv.cat\/nova\/wp-content\/uploads\/2024\/05\/Pais-Estelles-093-300x200.jpg 300w, https:\/\/acpv.cat\/nova\/wp-content\/uploads\/2024\/05\/Pais-Estelles-093-768x512.jpg 768w, https:\/\/acpv.cat\/nova\/wp-content\/uploads\/2024\/05\/Pais-Estelles-093-1536x1024.jpg 1536w, https:\/\/acpv.cat\/nova\/wp-content\/uploads\/2024\/05\/Pais-Estelles-093-scaled.jpg 2048w\" alt=\"\" width=\"1024\" height=\"683\" data-id=\"19921\" \/><\/figure>\n<figure class=\"wp-block-image size-large\"><\/figure>\n<\/figure>\n<p>[\/et_pb_text][et_pb_image src=&#8221;https:\/\/acpv.cat\/paisestelles\/wp-content\/uploads\/2025\/05\/Captura-de-pantalla-2025-05-13-a-les-10.04.28.png&#8221; title_text=&#8221;Captura de pantalla 2025-05-13 a les 10.04.28&#8243; _builder_version=&#8221;4.26.1&#8243; _module_preset=&#8221;default&#8221; global_colors_info=&#8221;{}&#8221;][\/et_pb_image][\/et_pb_column][\/et_pb_row][\/et_pb_section][et_pb_section fb_built=&#8221;1&#8243; make_equal=&#8221;on&#8221; specialty=&#8221;on&#8221; background_color_1=&#8221;#FFFFFF&#8221; disabled_on=&#8221;on|on|on&#8221; admin_label=&#8221;Pa\u00eds Estell\u00e9s&#8221; _builder_version=&#8221;4.25.0&#8243; _module_preset=&#8221;default&#8221; background_color=&#8221;gcid-3cfc8c0c-5557-4a5d-9dab-24e78d615311&#8243; disabled=&#8221;on&#8221; saved_tabs=&#8221;all&#8221; collapsed=&#8221;off&#8221; global_colors_info=&#8221;{%22gcid-3cfc8c0c-5557-4a5d-9dab-24e78d615311%22:%91%22background_color%22%93}&#8221;][et_pb_column type=&#8221;2_3&#8243; specialty_columns=&#8221;2&#8243; _builder_version=&#8221;4.16&#8243; _module_preset=&#8221;default&#8221; custom_padding=&#8221;|||&#8221; global_colors_info=&#8221;{}&#8221; custom_padding__hover=&#8221;|||&#8221;][et_pb_row_inner column_structure=&#8221;1_2,1_2&#8243; custom_padding_last_edited=&#8221;on|tablet&#8221; disabled_on=&#8221;on|on|on&#8221; _builder_version=&#8221;4.22.0&#8243; _module_preset=&#8221;default&#8221; custom_padding=&#8221;|60px|60px|60px|false|true&#8221; custom_padding_tablet=&#8221;|30px|30px|30px|false|true&#8221; custom_padding_phone=&#8221;|20px|20px|20px|false|true&#8221; disabled=&#8221;on&#8221; global_colors_info=&#8221;{}&#8221;][et_pb_column_inner type=&#8221;1_2&#8243; saved_specialty_column_type=&#8221;2_3&#8243; _builder_version=&#8221;4.22.0&#8243; _module_preset=&#8221;default&#8221; global_colors_info=&#8221;{}&#8221;][et_pb_text _builder_version=&#8221;4.22.0&#8243; _module_preset=&#8221;_initial&#8221; header_5_font=&#8221;Work Sans|500|||||||&#8221; header_5_font_size=&#8221;20px&#8221; header_5_line_height=&#8221;1.6em&#8221; custom_margin=&#8221;||0px||false|false&#8221; header_5_font_size_tablet=&#8221;16px&#8221; header_5_font_size_phone=&#8221;14px&#8221; header_5_font_size_last_edited=&#8221;on|desktop&#8221; global_colors_info=&#8221;{}&#8221;]<\/p>\n<h5>Understanding Your Unique Goals<\/h5>\n<p>[\/et_pb_text][et_pb_text _builder_version=&#8221;4.22.0&#8243; _module_preset=&#8221;_initial&#8221; text_line_height=&#8221;1.8em&#8221; global_colors_info=&#8221;{}&#8221;]We recognize that every business is distinct, with its own set of aspirations and challenges. Our approach begins with a comprehensive understanding.[\/et_pb_text][\/et_pb_column_inner][et_pb_column_inner type=&#8221;1_2&#8243; saved_specialty_column_type=&#8221;2_3&#8243; _builder_version=&#8221;4.22.0&#8243; _module_preset=&#8221;default&#8221; global_colors_info=&#8221;{}&#8221;][et_pb_text _builder_version=&#8221;4.22.0&#8243; _module_preset=&#8221;_initial&#8221; header_5_font=&#8221;Work Sans|500|||||||&#8221; header_5_font_size=&#8221;20px&#8221; header_5_line_height=&#8221;1.6em&#8221; custom_margin=&#8221;||0px||false|false&#8221; header_5_font_size_tablet=&#8221;16px&#8221; header_5_font_size_phone=&#8221;14px&#8221; header_5_font_size_last_edited=&#8221;on|desktop&#8221; global_colors_info=&#8221;{}&#8221;]<\/p>\n<h5>Data-Driven Market Analysis<\/h5>\n<p>[\/et_pb_text][et_pb_text _builder_version=&#8221;4.22.0&#8243; _module_preset=&#8221;_initial&#8221; text_line_height=&#8221;1.8em&#8221; global_colors_info=&#8221;{}&#8221;]Our team of seasoned consultants leverages robust market research and analysis to identify opportunities and trends within your industry.[\/et_pb_text][\/et_pb_column_inner][\/et_pb_row_inner][\/et_pb_column][et_pb_column type=&#8221;1_3&#8243; _builder_version=&#8221;4.16&#8243; _module_preset=&#8221;default&#8221; custom_padding=&#8221;|||&#8221; global_colors_info=&#8221;{}&#8221; custom_padding__hover=&#8221;|||&#8221;][\/et_pb_column][\/et_pb_section][et_pb_section fb_built=&#8221;1&#8243; admin_label=&#8221;Call to Action&#8221; _builder_version=&#8221;4.22.0&#8243; _module_preset=&#8221;default&#8221; background_color=&#8221;gcid-3cfc8c0c-5557-4a5d-9dab-24e78d615311&#8243; collapsed=&#8221;off&#8221; global_colors_info=&#8221;{%22gcid-3cfc8c0c-5557-4a5d-9dab-24e78d615311%22:%91%22background_color%22%93}&#8221;][et_pb_row column_structure=&#8221;1_2,1_4,1_4&#8243; _builder_version=&#8221;4.22.0&#8243; _module_preset=&#8221;default&#8221; global_colors_info=&#8221;{}&#8221;][et_pb_column type=&#8221;1_2&#8243; _builder_version=&#8221;4.22.0&#8243; _module_preset=&#8221;default&#8221; global_colors_info=&#8221;{}&#8221;][et_pb_text _builder_version=&#8221;4.25.0&#8243; _module_preset=&#8221;_initial&#8221; header_2_font=&#8221;Work Sans|500|||||||&#8221; header_2_font_size=&#8221;52px&#8221; header_2_line_height=&#8221;1.2em&#8221; custom_margin=&#8221;|-38px||||&#8221; header_2_font_size_tablet=&#8221;32px&#8221; header_2_font_size_phone=&#8221;20px&#8221; header_2_font_size_last_edited=&#8221;on|desktop&#8221; global_colors_info=&#8221;{}&#8221;]<\/p>\n<h2 style=\"text-align: center;\"><\/h2>\n<p>[\/et_pb_text][\/et_pb_column][et_pb_column type=&#8221;1_4&#8243; _builder_version=&#8221;4.22.0&#8243; _module_preset=&#8221;default&#8221; global_colors_info=&#8221;{}&#8221;][et_pb_button button_url=&#8221;https:\/\/acpv.cat\/paisestelles\/esdeveniments\/categoria\/agenda\/&#8221; button_text=&#8221;AGENDA&#8221; button_alignment=&#8221;center&#8221; _builder_version=&#8221;4.25.0&#8243; _module_preset=&#8221;_initial&#8221; custom_button=&#8221;on&#8221; button_text_size=&#8221;14px&#8221; button_text_color=&#8221;#FFFFFF&#8221; button_bg_color=&#8221;#BF2002&#8243; button_border_width=&#8221;0px&#8221; button_border_radius=&#8221;100px&#8221; button_letter_spacing=&#8221;0.3em&#8221; button_font=&#8221;|700||on|||||&#8221; background_layout=&#8221;dark&#8221; custom_margin=&#8221;||-1px|||&#8221; custom_padding=&#8221;16px|40px|16px|40px|true|true&#8221; global_colors_info=&#8221;{}&#8221;][\/et_pb_button][\/et_pb_column][et_pb_column type=&#8221;1_4&#8243; _builder_version=&#8221;4.22.0&#8243; _module_preset=&#8221;default&#8221; global_colors_info=&#8221;{}&#8221;][et_pb_image src=&#8221;https:\/\/acpv.cat\/paisestelles\/wp-content\/uploads\/2024\/05\/ACPV-PAIS-ESTELLES-PEDRO-ADS_blanc_1-scaled.jpg&#8221; title_text=&#8221;ACPV &#8211; PAIS ESTELLES &#8211; PEDRO ADS_blanc_1&#8243; _builder_version=&#8221;4.25.0&#8243; _module_preset=&#8221;default&#8221; global_colors_info=&#8221;{}&#8221;][\/et_pb_image][\/et_pb_column][\/et_pb_row][\/et_pb_section]<\/p>\n","protected":false},"excerpt":{"rendered":"<p>25 d&#8217;abril: \u00a0la mirada d&#8217;estell\u00e9sParaules de cloenda de l&#8217;acte d&#8217;Anna Oliver (presidenta d&#8217;Acci\u00f3 Cultural del Pa\u00eds Valenci\u00e0)En el marc de la jornada reivindicativa del 25 d\u2019abril, Acci\u00f3 Cultural del Pa\u00eds [&hellip;]<\/p>\n","protected":false},"author":2,"featured_media":0,"parent":0,"menu_order":0,"comment_status":"closed","ping_status":"closed","template":"","meta":{"_et_pb_use_builder":"on","_et_pb_old_content":"","_et_gb_content_width":"","footnotes":""},"categories":[7],"tags":[8],"class_list":["post-347","page","type-page","status-publish","hentry","category-localitats","tag-localitats"],"_links":{"self":[{"href":"https:\/\/acpv.cat\/paisestelles\/wp-json\/wp\/v2\/pages\/347","targetHints":{"allow":["GET"]}}],"collection":[{"href":"https:\/\/acpv.cat\/paisestelles\/wp-json\/wp\/v2\/pages"}],"about":[{"href":"https:\/\/acpv.cat\/paisestelles\/wp-json\/wp\/v2\/types\/page"}],"author":[{"embeddable":true,"href":"https:\/\/acpv.cat\/paisestelles\/wp-json\/wp\/v2\/users\/2"}],"replies":[{"embeddable":true,"href":"https:\/\/acpv.cat\/paisestelles\/wp-json\/wp\/v2\/comments?post=347"}],"version-history":[{"count":23,"href":"https:\/\/acpv.cat\/paisestelles\/wp-json\/wp\/v2\/pages\/347\/revisions"}],"predecessor-version":[{"id":1949,"href":"https:\/\/acpv.cat\/paisestelles\/wp-json\/wp\/v2\/pages\/347\/revisions\/1949"}],"wp:attachment":[{"href":"https:\/\/acpv.cat\/paisestelles\/wp-json\/wp\/v2\/media?parent=347"}],"wp:term":[{"taxonomy":"category","embeddable":true,"href":"https:\/\/acpv.cat\/paisestelles\/wp-json\/wp\/v2\/categories?post=347"},{"taxonomy":"post_tag","embeddable":true,"href":"https:\/\/acpv.cat\/paisestelles\/wp-json\/wp\/v2\/tags?post=347"}],"curies":[{"name":"wp","href":"https:\/\/api.w.org\/{rel}","templated":true}]}}