{"id":505,"date":"2024-06-15T10:56:23","date_gmt":"2024-06-15T08:56:23","guid":{"rendered":"https:\/\/acpv.cat\/paisestelles\/?page_id=505"},"modified":"2024-07-09T17:19:28","modified_gmt":"2024-07-09T15:19:28","slug":"leliana","status":"publish","type":"page","link":"https:\/\/acpv.cat\/paisestelles\/leliana\/","title":{"rendered":"L&#8217;Eliana"},"content":{"rendered":"<p>[et_pb_section fb_built=&#8221;1&#8243; disabled_on=&#8221;off|off|on&#8221; admin_label=&#8221;Cap\u00e7alera Mobil &#8211; Tablet&#8221; _builder_version=&#8221;4.22.0&#8243; _module_preset=&#8221;default&#8221; background_color=&#8221;gcid-3cfc8c0c-5557-4a5d-9dab-24e78d615311&#8243; collapsed=&#8221;off&#8221; global_colors_info=&#8221;{%22gcid-3cfc8c0c-5557-4a5d-9dab-24e78d615311%22:%91%22background_color%22%93}&#8221;][et_pb_row _builder_version=&#8221;4.22.0&#8243; _module_preset=&#8221;default&#8221; global_colors_info=&#8221;{}&#8221;][et_pb_column type=&#8221;4_4&#8243; _builder_version=&#8221;4.22.0&#8243; _module_preset=&#8221;default&#8221; global_colors_info=&#8221;{}&#8221;][et_pb_text admin_label=&#8221;T\u00edtol&#8221; _builder_version=&#8221;4.25.1&#8243; _module_preset=&#8221;_initial&#8221; text_font=&#8221;Merriweather|&#8211;et_global_heading_font_weight|on||||||&#8221; header_font=&#8221;Merriweather|&#8211;et_global_heading_font_weight|on|on|||||&#8221; header_font_size=&#8221;72px&#8221; header_line_height=&#8221;1.2em&#8221; header_2_font=&#8221;Merriweather|800|on||||||&#8221; header_3_font=&#8221;Merriweather||on||||||&#8221; header_4_font=&#8221;Merriweather||||||||&#8221; header_5_font=&#8221;Merriweather||||||||&#8221; header_6_font=&#8221;Merriweather||||||||&#8221; header_font_size_tablet=&#8221;40px&#8221; header_font_size_phone=&#8221;24px&#8221; header_font_size_last_edited=&#8221;on|desktop&#8221; inline_fonts=&#8221;Merriweather Sans&#8221; global_colors_info=&#8221;{}&#8221;]<\/p>\n<h1><em><strong>L&#8217;ELIANA<\/strong><\/em><\/h1>\n<p>[\/et_pb_text][\/et_pb_column][\/et_pb_row][et_pb_row _builder_version=&#8221;4.25.0&#8243; _module_preset=&#8221;default&#8221; global_colors_info=&#8221;{}&#8221;][et_pb_column type=&#8221;4_4&#8243; _builder_version=&#8221;4.25.0&#8243; _module_preset=&#8221;default&#8221; global_colors_info=&#8221;{}&#8221;][et_pb_video src=&#8221;https:\/\/acpv.cat\/paisestelles\/wp-content\/uploads\/2024\/06\/4.ELIANA-POEMA.mp4&#8243; admin_label=&#8221;V\u00eddeo&#8221; _builder_version=&#8221;4.25.1&#8243; _module_preset=&#8221;default&#8221; global_colors_info=&#8221;{}&#8221;][\/et_pb_video][\/et_pb_column][\/et_pb_row][et_pb_row _builder_version=&#8221;4.22.0&#8243; _module_preset=&#8221;default&#8221; global_colors_info=&#8221;{}&#8221;][et_pb_column type=&#8221;4_4&#8243; _builder_version=&#8221;4.22.0&#8243; _module_preset=&#8221;default&#8221; global_colors_info=&#8221;{}&#8221;][et_pb_text admin_label=&#8221;Text&#8221; _builder_version=&#8221;4.25.2&#8243; _module_preset=&#8221;_initial&#8221; text_font=&#8221;||||||||&#8221; text_font_size=&#8221;16px&#8221; text_line_height=&#8221;1.8em&#8221; hover_enabled=&#8221;0&#8243; text_font_size_tablet=&#8221;15px&#8221; text_font_size_phone=&#8221;14px&#8221; text_font_size_last_edited=&#8221;on|desktop&#8221; global_colors_info=&#8221;{}&#8221; sticky_enabled=&#8221;0&#8243;]<\/p>\n<h5>Centre d&#8217;Estudis Locals de l&#8217;Eliana<\/h5>\n<p><strong>Qu\u00e8 \u00e9s el <a href=\"http:\/\/www.celdeleliana.com\">Centre d\u2019Estudis Locals (CEL) de l\u2019Eliana<\/a>?<\/strong><br \/>El Centre d\u2019Estudis Locals (CEL) de l\u2019Eliana \u00e9s una associaci\u00f3 sociocultural sense \u00e0nim de lucre que es va constituir a l\u2019Eliana el 15 de febrer de 2003 amb l\u2019objectiu de promoure i coordinar l\u2019estudi de qualsevol mat\u00e8ria que tinga com a marc de refer\u00e8ncia el poble de l\u2019Eliana.<\/p>\n<p><a id=\"Objectius\"><\/a><strong>Quins son els objectius del CEL?<\/strong><\/p>\n<p>S\u00f3n finalitats de l\u2019associaci\u00f3:<\/p>\n<ol class=\"wp-block-list\">\n<li>Promoure i coordinar l\u2019estudi de qualsevol mat\u00e8ria que tinga com a marc de refer\u00e8ncia el poble de l\u2019Eliana, mitjan\u00e7ant la convocat\u00f2ria oberta de premis, beques, jornades o seminaris.<\/li>\n<li>Col\u00b7laborar en la localitzaci\u00f3 i recuperaci\u00f3 del patrimoni cultural dispers mitjan\u00e7ant l\u2019adquisici\u00f3 d\u2019originals, obtenci\u00f3 de c\u00f2pies, microfilmacions\u2026 amb la creaci\u00f3 d\u2019una base de dades referencial.<\/li>\n<li>Mantenir un \u00f2rgan estable de difusi\u00f3 pr\u00f2pia que informe peri\u00f2dicament de les gestions de l\u2019associaci\u00f3, aix\u00ed com dels treballs de recerca i d\u2019investigaci\u00f3 presentats pels socis, ressenyes documentals, not\u00edcies, col\u00b7laboracions liter\u00e0ries\u2026<\/li>\n<li>Aconseguir els recursos necessaris per a editar monografies o la recopilaci\u00f3 d\u2019aquells treballs m\u00e9s significatius que tracten sobre l\u2019Eliana.<\/li>\n<li>Col\u00b7laborar en les institucions educatives per a l\u2019obtenci\u00f3 de suport acad\u00e8mic de les activitats investigadores (homologaci\u00f3 de cr\u00e8dits, treballs de curs, assignatures optatives\u2026).<\/li>\n<li>Col\u00b7laborar amb les associacions c\u00edviques i entitats p\u00fabliques del municipi en la realitzaci\u00f3 d\u2019activitats relacionades amb la difusi\u00f3 de la hist\u00f2ria de l\u2019Eliana i del seu patrimoni cultural.<\/li>\n<li>Col\u00b7laborar amb institucions p\u00fabliques i privades en la realitzaci\u00f3 de projectes adre\u00e7ats al foment de la hist\u00f2ria i la cultura de l\u2019Eliana.<\/li>\n<li>Totes aquelles altres finalitats conseq\u00fcents amb la dinamitzaci\u00f3 cultural de l\u2019Eliana<\/li>\n<\/ol>\n<h5>\u00a0<\/h5>\n<p>[\/et_pb_text][\/et_pb_column][\/et_pb_row][\/et_pb_section][et_pb_section fb_built=&#8221;1&#8243; disabled_on=&#8221;on|on|off&#8221; admin_label=&#8221;Cap\u00e7alera Escriptori&#8221; _builder_version=&#8221;4.22.0&#8243; _module_preset=&#8221;default&#8221; background_color=&#8221;gcid-3cfc8c0c-5557-4a5d-9dab-24e78d615311&#8243; collapsed=&#8221;off&#8221; global_colors_info=&#8221;{%22gcid-3cfc8c0c-5557-4a5d-9dab-24e78d615311%22:%91%22background_color%22%93}&#8221;][et_pb_row _builder_version=&#8221;4.22.0&#8243; _module_preset=&#8221;default&#8221; global_colors_info=&#8221;{}&#8221;][et_pb_column type=&#8221;4_4&#8243; _builder_version=&#8221;4.22.0&#8243; _module_preset=&#8221;default&#8221; global_colors_info=&#8221;{}&#8221;][et_pb_text admin_label=&#8221;T\u00edtol&#8221; _builder_version=&#8221;4.25.0&#8243; _module_preset=&#8221;_initial&#8221; text_font=&#8221;Merriweather||on|on|||||&#8221; header_font=&#8221;Merriweather|500|on|on|||||&#8221; header_font_size=&#8221;72px&#8221; header_line_height=&#8221;1.2em&#8221; header_2_font=&#8221;Merriweather||on|on|||||&#8221; header_3_font=&#8221;Merriweather||on|on|||||&#8221; header_4_font=&#8221;Merriweather||on|on|||||&#8221; header_5_font=&#8221;&#8211;et_global_heading_font||||||||&#8221; header_font_size_tablet=&#8221;40px&#8221; header_font_size_phone=&#8221;24px&#8221; header_font_size_last_edited=&#8221;on|desktop&#8221; inline_fonts=&#8221;Merriweather Sans&#8221; global_colors_info=&#8221;{}&#8221;]<\/p>\n<h1><em><strong>L&#8217;ELIANA<\/strong><\/em><\/h1>\n<p>[\/et_pb_text][\/et_pb_column][\/et_pb_row][et_pb_row column_structure=&#8221;1_2,1_2&#8243; _builder_version=&#8221;4.25.0&#8243; _module_preset=&#8221;default&#8221; global_colors_info=&#8221;{}&#8221;][et_pb_column type=&#8221;1_2&#8243; _builder_version=&#8221;4.25.0&#8243; _module_preset=&#8221;default&#8221; global_colors_info=&#8221;{}&#8221;][et_pb_text admin_label=&#8221;Text&#8221; _builder_version=&#8221;4.25.2&#8243; _module_preset=&#8221;_initial&#8221; text_font=&#8221;||||||||&#8221; text_font_size=&#8221;16px&#8221; text_line_height=&#8221;1.8em&#8221; hover_enabled=&#8221;0&#8243; text_font_size_tablet=&#8221;15px&#8221; text_font_size_phone=&#8221;14px&#8221; text_font_size_last_edited=&#8221;on|desktop&#8221; global_colors_info=&#8221;{}&#8221; sticky_enabled=&#8221;0&#8243;]<\/p>\n<h5>Centre d&#8217;Estudis Locals de l&#8217;Eliana<\/h5>\n<p><strong>Qu\u00e8 \u00e9s el <a href=\"http:\/\/www.celdeleliana.com\">Centre d\u2019Estudis Locals (CEL) de l\u2019Eliana<\/a>?<\/strong><br \/>El Centre d\u2019Estudis Locals (CEL) de l\u2019Eliana \u00e9s una associaci\u00f3 sociocultural sense \u00e0nim de lucre que es va constituir a l\u2019Eliana el 15 de febrer de 2003 amb l\u2019objectiu de promoure i coordinar l\u2019estudi de qualsevol mat\u00e8ria que tinga com a marc de refer\u00e8ncia el poble de l\u2019Eliana.<\/p>\n<p><a id=\"Objectius\"><\/a><strong>Quins son els objectius del CEL?<\/strong><\/p>\n<p>S\u00f3n finalitats de l\u2019associaci\u00f3:<\/p>\n<ol class=\"wp-block-list\">\n<li>Promoure i coordinar l\u2019estudi de qualsevol mat\u00e8ria que tinga com a marc de refer\u00e8ncia el poble de l\u2019Eliana, mitjan\u00e7ant la convocat\u00f2ria oberta de premis, beques, jornades o seminaris.<\/li>\n<li>Col\u00b7laborar en la localitzaci\u00f3 i recuperaci\u00f3 del patrimoni cultural dispers mitjan\u00e7ant l\u2019adquisici\u00f3 d\u2019originals, obtenci\u00f3 de c\u00f2pies, microfilmacions\u2026 amb la creaci\u00f3 d\u2019una base de dades referencial.<\/li>\n<li>Mantenir un \u00f2rgan estable de difusi\u00f3 pr\u00f2pia que informe peri\u00f2dicament de les gestions de l\u2019associaci\u00f3, aix\u00ed com dels treballs de recerca i d\u2019investigaci\u00f3 presentats pels socis, ressenyes documentals, not\u00edcies, col\u00b7laboracions liter\u00e0ries\u2026<\/li>\n<li>Aconseguir els recursos necessaris per a editar monografies o la recopilaci\u00f3 d\u2019aquells treballs m\u00e9s significatius que tracten sobre l\u2019Eliana.<\/li>\n<li>Col\u00b7laborar en les institucions educatives per a l\u2019obtenci\u00f3 de suport acad\u00e8mic de les activitats investigadores (homologaci\u00f3 de cr\u00e8dits, treballs de curs, assignatures optatives\u2026).<\/li>\n<li>Col\u00b7laborar amb les associacions c\u00edviques i entitats p\u00fabliques del municipi en la realitzaci\u00f3 d\u2019activitats relacionades amb la difusi\u00f3 de la hist\u00f2ria de l\u2019Eliana i del seu patrimoni cultural.<\/li>\n<li>Col\u00b7laborar amb institucions p\u00fabliques i privades en la realitzaci\u00f3 de projectes adre\u00e7ats al foment de la hist\u00f2ria i la cultura de l\u2019Eliana.<\/li>\n<li>Totes aquelles altres finalitats conseq\u00fcents amb la dinamitzaci\u00f3 cultural de l\u2019Eliana<\/li>\n<\/ol>\n<p>&nbsp;<\/p>\n<p>[\/et_pb_text][\/et_pb_column][et_pb_column type=&#8221;1_2&#8243; _builder_version=&#8221;4.25.0&#8243; _module_preset=&#8221;default&#8221; global_colors_info=&#8221;{}&#8221;][et_pb_video src=&#8221;https:\/\/acpv.cat\/paisestelles\/wp-content\/uploads\/2024\/06\/4.ELIANA-POEMA.mp4&#8243; admin_label=&#8221;V\u00eddeo&#8221; _builder_version=&#8221;4.25.1&#8243; _module_preset=&#8221;default&#8221; global_colors_info=&#8221;{}&#8221;][\/et_pb_video][\/et_pb_column][\/et_pb_row][\/et_pb_section][et_pb_section fb_built=&#8221;1&#8243; make_equal=&#8221;on&#8221; specialty=&#8221;on&#8221; background_color_1=&#8221;#FFFFFF&#8221; disabled_on=&#8221;on|on|on&#8221; admin_label=&#8221;Pa\u00eds Estell\u00e9s&#8221; _builder_version=&#8221;4.25.0&#8243; _module_preset=&#8221;default&#8221; background_color=&#8221;gcid-3cfc8c0c-5557-4a5d-9dab-24e78d615311&#8243; disabled=&#8221;on&#8221; saved_tabs=&#8221;all&#8221; collapsed=&#8221;off&#8221; global_colors_info=&#8221;{%22gcid-3cfc8c0c-5557-4a5d-9dab-24e78d615311%22:%91%22background_color%22%93}&#8221;][et_pb_column type=&#8221;2_3&#8243; specialty_columns=&#8221;2&#8243; _builder_version=&#8221;4.16&#8243; _module_preset=&#8221;default&#8221; custom_padding=&#8221;|||&#8221; global_colors_info=&#8221;{}&#8221; custom_padding__hover=&#8221;|||&#8221;][et_pb_row_inner column_structure=&#8221;1_2,1_2&#8243; custom_padding_last_edited=&#8221;on|tablet&#8221; disabled_on=&#8221;on|on|on&#8221; _builder_version=&#8221;4.22.0&#8243; _module_preset=&#8221;default&#8221; custom_padding=&#8221;|60px|60px|60px|false|true&#8221; custom_padding_tablet=&#8221;|30px|30px|30px|false|true&#8221; custom_padding_phone=&#8221;|20px|20px|20px|false|true&#8221; disabled=&#8221;on&#8221; global_colors_info=&#8221;{}&#8221;][et_pb_column_inner type=&#8221;1_2&#8243; saved_specialty_column_type=&#8221;2_3&#8243; _builder_version=&#8221;4.22.0&#8243; _module_preset=&#8221;default&#8221; global_colors_info=&#8221;{}&#8221;][et_pb_text _builder_version=&#8221;4.22.0&#8243; _module_preset=&#8221;_initial&#8221; header_5_font=&#8221;Work Sans|500|||||||&#8221; header_5_font_size=&#8221;20px&#8221; header_5_line_height=&#8221;1.6em&#8221; custom_margin=&#8221;||0px||false|false&#8221; header_5_font_size_tablet=&#8221;16px&#8221; header_5_font_size_phone=&#8221;14px&#8221; header_5_font_size_last_edited=&#8221;on|desktop&#8221; global_colors_info=&#8221;{}&#8221;]<\/p>\n<h5>Understanding Your Unique Goals<\/h5>\n<p>[\/et_pb_text][et_pb_text _builder_version=&#8221;4.22.0&#8243; _module_preset=&#8221;_initial&#8221; text_line_height=&#8221;1.8em&#8221; global_colors_info=&#8221;{}&#8221;]We recognize that every business is distinct, with its own set of aspirations and challenges. Our approach begins with a comprehensive understanding.[\/et_pb_text][\/et_pb_column_inner][et_pb_column_inner type=&#8221;1_2&#8243; saved_specialty_column_type=&#8221;2_3&#8243; _builder_version=&#8221;4.22.0&#8243; _module_preset=&#8221;default&#8221; global_colors_info=&#8221;{}&#8221;][et_pb_text _builder_version=&#8221;4.22.0&#8243; _module_preset=&#8221;_initial&#8221; header_5_font=&#8221;Work Sans|500|||||||&#8221; header_5_font_size=&#8221;20px&#8221; header_5_line_height=&#8221;1.6em&#8221; custom_margin=&#8221;||0px||false|false&#8221; header_5_font_size_tablet=&#8221;16px&#8221; header_5_font_size_phone=&#8221;14px&#8221; header_5_font_size_last_edited=&#8221;on|desktop&#8221; global_colors_info=&#8221;{}&#8221;]<\/p>\n<h5>Data-Driven Market Analysis<\/h5>\n<p>[\/et_pb_text][et_pb_text _builder_version=&#8221;4.22.0&#8243; _module_preset=&#8221;_initial&#8221; text_line_height=&#8221;1.8em&#8221; global_colors_info=&#8221;{}&#8221;]Our team of seasoned consultants leverages robust market research and analysis to identify opportunities and trends within your industry.[\/et_pb_text][\/et_pb_column_inner][\/et_pb_row_inner][\/et_pb_column][et_pb_column type=&#8221;1_3&#8243; _builder_version=&#8221;4.16&#8243; _module_preset=&#8221;default&#8221; custom_padding=&#8221;|||&#8221; global_colors_info=&#8221;{}&#8221; custom_padding__hover=&#8221;|||&#8221;][\/et_pb_column][\/et_pb_section][et_pb_section fb_built=&#8221;1&#8243; admin_label=&#8221;Call to Action&#8221; _builder_version=&#8221;4.22.0&#8243; _module_preset=&#8221;default&#8221; background_color=&#8221;gcid-3cfc8c0c-5557-4a5d-9dab-24e78d615311&#8243; collapsed=&#8221;off&#8221; global_colors_info=&#8221;{%22gcid-3cfc8c0c-5557-4a5d-9dab-24e78d615311%22:%91%22background_color%22%93}&#8221;][et_pb_row column_structure=&#8221;1_2,1_4,1_4&#8243; _builder_version=&#8221;4.22.0&#8243; _module_preset=&#8221;default&#8221; global_colors_info=&#8221;{}&#8221;][et_pb_column type=&#8221;1_2&#8243; _builder_version=&#8221;4.22.0&#8243; _module_preset=&#8221;default&#8221; global_colors_info=&#8221;{}&#8221;][et_pb_text _builder_version=&#8221;4.25.0&#8243; _module_preset=&#8221;_initial&#8221; header_2_font=&#8221;Work Sans|500|||||||&#8221; header_2_font_size=&#8221;52px&#8221; header_2_line_height=&#8221;1.2em&#8221; custom_margin=&#8221;|-38px||||&#8221; header_2_font_size_tablet=&#8221;32px&#8221; header_2_font_size_phone=&#8221;20px&#8221; header_2_font_size_last_edited=&#8221;on|desktop&#8221; global_colors_info=&#8221;{}&#8221;]<\/p>\n<h2 style=\"text-align: center;\"><\/h2>\n<p>[\/et_pb_text][\/et_pb_column][et_pb_column type=&#8221;1_4&#8243; _builder_version=&#8221;4.22.0&#8243; _module_preset=&#8221;default&#8221; global_colors_info=&#8221;{}&#8221;][et_pb_button button_url=&#8221;https:\/\/acpv.cat\/paisestelles\/esdeveniments\/categoria\/agenda\/&#8221; button_text=&#8221;AGENDA&#8221; button_alignment=&#8221;center&#8221; _builder_version=&#8221;4.25.0&#8243; _module_preset=&#8221;_initial&#8221; custom_button=&#8221;on&#8221; button_text_size=&#8221;14px&#8221; button_text_color=&#8221;#FFFFFF&#8221; button_bg_color=&#8221;#BF2002&#8243; button_border_width=&#8221;0px&#8221; button_border_radius=&#8221;100px&#8221; button_letter_spacing=&#8221;0.3em&#8221; button_font=&#8221;|700||on|||||&#8221; background_layout=&#8221;dark&#8221; custom_margin=&#8221;||-1px|||&#8221; custom_padding=&#8221;16px|40px|16px|40px|true|true&#8221; global_colors_info=&#8221;{}&#8221;][\/et_pb_button][\/et_pb_column][et_pb_column type=&#8221;1_4&#8243; _builder_version=&#8221;4.22.0&#8243; _module_preset=&#8221;default&#8221; global_colors_info=&#8221;{}&#8221;][et_pb_image src=&#8221;https:\/\/acpv.cat\/paisestelles\/wp-content\/uploads\/2024\/05\/ACPV-PAIS-ESTELLES-PEDRO-ADS_blanc_1-scaled.jpg&#8221; title_text=&#8221;ACPV &#8211; PAIS ESTELLES &#8211; PEDRO ADS_blanc_1&#8243; _builder_version=&#8221;4.25.0&#8243; _module_preset=&#8221;default&#8221; global_colors_info=&#8221;{}&#8221;][\/et_pb_image][\/et_pb_column][\/et_pb_row][\/et_pb_section]<\/p>\n","protected":false},"excerpt":{"rendered":"<p>L&#8217;ELIANACentre d&#8217;Estudis Locals de l&#8217;Eliana Qu\u00e8 \u00e9s el Centre d\u2019Estudis Locals (CEL) de l\u2019Eliana?El Centre d\u2019Estudis Locals (CEL) de l\u2019Eliana \u00e9s una associaci\u00f3 sociocultural sense \u00e0nim de lucre que es [&hellip;]<\/p>\n","protected":false},"author":2,"featured_media":0,"parent":0,"menu_order":0,"comment_status":"closed","ping_status":"closed","template":"","meta":{"_et_pb_use_builder":"on","_et_pb_old_content":"","_et_gb_content_width":"","footnotes":""},"categories":[7],"tags":[8],"class_list":["post-505","page","type-page","status-publish","hentry","category-localitats","tag-localitats"],"_links":{"self":[{"href":"https:\/\/acpv.cat\/paisestelles\/wp-json\/wp\/v2\/pages\/505","targetHints":{"allow":["GET"]}}],"collection":[{"href":"https:\/\/acpv.cat\/paisestelles\/wp-json\/wp\/v2\/pages"}],"about":[{"href":"https:\/\/acpv.cat\/paisestelles\/wp-json\/wp\/v2\/types\/page"}],"author":[{"embeddable":true,"href":"https:\/\/acpv.cat\/paisestelles\/wp-json\/wp\/v2\/users\/2"}],"replies":[{"embeddable":true,"href":"https:\/\/acpv.cat\/paisestelles\/wp-json\/wp\/v2\/comments?post=505"}],"version-history":[{"count":7,"href":"https:\/\/acpv.cat\/paisestelles\/wp-json\/wp\/v2\/pages\/505\/revisions"}],"predecessor-version":[{"id":725,"href":"https:\/\/acpv.cat\/paisestelles\/wp-json\/wp\/v2\/pages\/505\/revisions\/725"}],"wp:attachment":[{"href":"https:\/\/acpv.cat\/paisestelles\/wp-json\/wp\/v2\/media?parent=505"}],"wp:term":[{"taxonomy":"category","embeddable":true,"href":"https:\/\/acpv.cat\/paisestelles\/wp-json\/wp\/v2\/categories?post=505"},{"taxonomy":"post_tag","embeddable":true,"href":"https:\/\/acpv.cat\/paisestelles\/wp-json\/wp\/v2\/tags?post=505"}],"curies":[{"name":"wp","href":"https:\/\/api.w.org\/{rel}","templated":true}]}}