{"id":603,"date":"2024-06-20T11:07:53","date_gmt":"2024-06-20T09:07:53","guid":{"rendered":"https:\/\/acpv.cat\/paisestelles\/?page_id=603"},"modified":"2024-06-20T11:15:36","modified_gmt":"2024-06-20T09:15:36","slug":"marianavarro","status":"publish","type":"page","link":"https:\/\/acpv.cat\/paisestelles\/marianavarro\/","title":{"rendered":"Maria Navarro"},"content":{"rendered":"<p>[et_pb_section fb_built=&#8221;1&#8243; admin_label=&#8221;section&#8221; _builder_version=&#8221;4.16&#8243; global_colors_info=&#8221;{}&#8221;][et_pb_row admin_label=&#8221;row&#8221; _builder_version=&#8221;4.16&#8243; background_size=&#8221;initial&#8221; background_position=&#8221;top_left&#8221; background_repeat=&#8221;repeat&#8221; global_colors_info=&#8221;{}&#8221;][et_pb_column type=&#8221;4_4&#8243; _builder_version=&#8221;4.16&#8243; custom_padding=&#8221;|||&#8221; global_colors_info=&#8221;{}&#8221; custom_padding__hover=&#8221;|||&#8221;][et_pb_text _builder_version=&#8221;4.25.2&#8243; _module_preset=&#8221;default&#8221; global_colors_info=&#8221;{}&#8221;]<\/p>\n<h2 style=\"text-align: center;\">Maria Navarro<\/h2>\n<p>[\/et_pb_text][\/et_pb_column][\/et_pb_row][et_pb_row column_structure=&#8221;1_2,1_2&#8243; _builder_version=&#8221;4.25.1&#8243; _module_preset=&#8221;default&#8221; global_colors_info=&#8221;{}&#8221;][et_pb_column type=&#8221;1_2&#8243; _builder_version=&#8221;4.25.1&#8243; _module_preset=&#8221;default&#8221; global_colors_info=&#8221;{}&#8221;][et_pb_text _builder_version=&#8221;4.25.2&#8243; _module_preset=&#8221;default&#8221; hover_enabled=&#8221;0&#8243; global_colors_info=&#8221;{}&#8221; sticky_enabled=&#8221;0&#8243;]<\/p>\n<p>Representant de les fam\u00edlies de la Fossa 126 de Paterna.<\/p>\n<p>Les fosses de Paterna s\u00f3n un conjunt de fosses comunes ubicades al cementeri de Paterna, a l&#8217;Horta Nord (Pa\u00eds Valenci\u00e0). En estes fosses hi ha soterrades 2.238 persones, entre pertanyents al b\u00e0ndol republic\u00e0 durant la Guerra Civil a conseq\u00fc\u00e8ncia del colp d\u2019estat del General Franco i represaliats durant la dictadura franquista, repartides entre 65 i 135 fosses. Es creu que s&#8217;hi ha soterrat entre un ter\u00e7 i la meitat de les v\u00edctimes de la repressi\u00f3 franquista al Pa\u00eds Valenci\u00e0. El lloc \u00e9s conegut com a El Terrer o La Paredassa d\u2019Espanya. El 94% dels soterrats a les fosses de Paterna eren valencians.<\/p>\n<p>[\/et_pb_text][\/et_pb_column][et_pb_column type=&#8221;1_2&#8243; _builder_version=&#8221;4.25.1&#8243; _module_preset=&#8221;default&#8221; global_colors_info=&#8221;{}&#8221;][et_pb_video src=&#8221;https:\/\/youtu.be\/dfDwiZ4rwXU?si=QCJi1faoj7AaSHdW&#8221; _builder_version=&#8221;4.25.2&#8243; _module_preset=&#8221;default&#8221; global_colors_info=&#8221;{}&#8221;][\/et_pb_video][\/et_pb_column][\/et_pb_row][\/et_pb_section]<\/p>\n","protected":false},"excerpt":{"rendered":"<p>Maria NavarroRepresentant de les fam\u00edlies de la Fossa 126 de Paterna. Les fosses de Paterna s\u00f3n un conjunt de fosses comunes ubicades al cementeri de Paterna, a l&#8217;Horta Nord (Pa\u00eds [&hellip;]<\/p>\n","protected":false},"author":2,"featured_media":0,"parent":0,"menu_order":0,"comment_status":"closed","ping_status":"closed","template":"","meta":{"_et_pb_use_builder":"on","_et_pb_old_content":"","_et_gb_content_width":"","footnotes":""},"categories":[1,10],"tags":[],"class_list":["post-603","page","type-page","status-publish","hentry","category-general","category-persones"],"_links":{"self":[{"href":"https:\/\/acpv.cat\/paisestelles\/wp-json\/wp\/v2\/pages\/603","targetHints":{"allow":["GET"]}}],"collection":[{"href":"https:\/\/acpv.cat\/paisestelles\/wp-json\/wp\/v2\/pages"}],"about":[{"href":"https:\/\/acpv.cat\/paisestelles\/wp-json\/wp\/v2\/types\/page"}],"author":[{"embeddable":true,"href":"https:\/\/acpv.cat\/paisestelles\/wp-json\/wp\/v2\/users\/2"}],"replies":[{"embeddable":true,"href":"https:\/\/acpv.cat\/paisestelles\/wp-json\/wp\/v2\/comments?post=603"}],"version-history":[{"count":4,"href":"https:\/\/acpv.cat\/paisestelles\/wp-json\/wp\/v2\/pages\/603\/revisions"}],"predecessor-version":[{"id":609,"href":"https:\/\/acpv.cat\/paisestelles\/wp-json\/wp\/v2\/pages\/603\/revisions\/609"}],"wp:attachment":[{"href":"https:\/\/acpv.cat\/paisestelles\/wp-json\/wp\/v2\/media?parent=603"}],"wp:term":[{"taxonomy":"category","embeddable":true,"href":"https:\/\/acpv.cat\/paisestelles\/wp-json\/wp\/v2\/categories?post=603"},{"taxonomy":"post_tag","embeddable":true,"href":"https:\/\/acpv.cat\/paisestelles\/wp-json\/wp\/v2\/tags?post=603"}],"curies":[{"name":"wp","href":"https:\/\/api.w.org\/{rel}","templated":true}]}}