{"id":681,"date":"2024-06-29T10:35:30","date_gmt":"2024-06-29T08:35:30","guid":{"rendered":"https:\/\/acpv.cat\/paisestelles\/?page_id=681"},"modified":"2024-07-15T21:21:38","modified_gmt":"2024-07-15T19:21:38","slug":"elx","status":"publish","type":"page","link":"https:\/\/acpv.cat\/paisestelles\/elx\/","title":{"rendered":"Elx"},"content":{"rendered":"<p>[et_pb_section fb_built=&#8221;1&#8243; disabled_on=&#8221;off|off|on&#8221; admin_label=&#8221;Cap\u00e7alera Mobil &#8211; Tablet&#8221; _builder_version=&#8221;4.22.0&#8243; _module_preset=&#8221;default&#8221; background_color=&#8221;gcid-3cfc8c0c-5557-4a5d-9dab-24e78d615311&#8243; collapsed=&#8221;off&#8221; global_colors_info=&#8221;{%22gcid-3cfc8c0c-5557-4a5d-9dab-24e78d615311%22:%91%22background_color%22%93}&#8221;][et_pb_row _builder_version=&#8221;4.22.0&#8243; _module_preset=&#8221;default&#8221; global_colors_info=&#8221;{}&#8221;][et_pb_column type=&#8221;4_4&#8243; _builder_version=&#8221;4.22.0&#8243; _module_preset=&#8221;default&#8221; global_colors_info=&#8221;{}&#8221;][et_pb_text admin_label=&#8221;T\u00edtol&#8221; _builder_version=&#8221;4.25.1&#8243; _module_preset=&#8221;_initial&#8221; text_font=&#8221;Merriweather|&#8211;et_global_heading_font_weight|on||||||&#8221; header_font=&#8221;Merriweather|&#8211;et_global_heading_font_weight|on|on|||||&#8221; header_font_size=&#8221;72px&#8221; header_line_height=&#8221;1.2em&#8221; header_2_font=&#8221;Merriweather|800|on||||||&#8221; header_3_font=&#8221;Merriweather||on||||||&#8221; header_4_font=&#8221;Merriweather||||||||&#8221; header_5_font=&#8221;Merriweather||||||||&#8221; header_6_font=&#8221;Merriweather||||||||&#8221; header_font_size_tablet=&#8221;40px&#8221; header_font_size_phone=&#8221;24px&#8221; header_font_size_last_edited=&#8221;on|desktop&#8221; inline_fonts=&#8221;Merriweather Sans&#8221; global_colors_info=&#8221;{}&#8221;]<\/p>\n<h1><em><strong>ELX<\/strong><\/em><\/h1>\n<p>[\/et_pb_text][\/et_pb_column][\/et_pb_row][et_pb_row _builder_version=&#8221;4.25.0&#8243; _module_preset=&#8221;default&#8221; global_colors_info=&#8221;{}&#8221;][et_pb_column type=&#8221;4_4&#8243; _builder_version=&#8221;4.25.0&#8243; _module_preset=&#8221;default&#8221; global_colors_info=&#8221;{}&#8221;][et_pb_video src=&#8221;https:\/\/acpv.cat\/paisestelles\/wp-content\/uploads\/2024\/07\/elx.mp4&#8243; admin_label=&#8221;V\u00eddeo&#8221; _builder_version=&#8221;4.26.1&#8243; _module_preset=&#8221;default&#8221; global_colors_info=&#8221;{}&#8221;][\/et_pb_video][\/et_pb_column][\/et_pb_row][et_pb_row _builder_version=&#8221;4.22.0&#8243; _module_preset=&#8221;default&#8221; global_colors_info=&#8221;{}&#8221;][et_pb_column type=&#8221;4_4&#8243; _builder_version=&#8221;4.22.0&#8243; _module_preset=&#8221;default&#8221; global_colors_info=&#8221;{}&#8221;][et_pb_text admin_label=&#8221;Text&#8221; _builder_version=&#8221;4.25.2&#8243; _module_preset=&#8221;_initial&#8221; text_font=&#8221;||||||||&#8221; text_font_size=&#8221;16px&#8221; text_line_height=&#8221;1.8em&#8221; text_font_size_tablet=&#8221;15px&#8221; text_font_size_phone=&#8221;14px&#8221; text_font_size_last_edited=&#8221;on|desktop&#8221; global_colors_info=&#8221;{}&#8221;]<\/p>\n<h3><b>El Casal Jaume I d&#8217;Elx\u00a0<\/b><\/h3>\n<p>El <a href=\"https:\/\/casalelx.blogspot.com\">Casal Jaume I d&#8217;Elx-Acci\u00f3 Cultural del Pa\u00eds Valenci\u00e0<\/a> \u00e9s una entitat dedicada a la defensa, l&#8217;estudi i la promoci\u00f3 del patrimoni cultural del Pa\u00eds Valenci\u00e0. Per\u00f2 sobretot \u00e9s un punt d&#8217;encontre, un espai obert de reuni\u00f3 i debat per a persones i col\u00b7lectius.<\/p>\n<p>Aquest espai social \u00e9s la delegaci\u00f3 d&#8217;ACPV a la ciutat d&#8217;Elx i des d&#8217;ac\u00ed promovem la cultura, la llengua i les tradicions valencianes.<\/p>\n<p>Al voltant d&#8217;aquesta entitat \u2014en concret de la delegaci\u00f3 d&#8217;Elx\u2014, giren des del 1998 diversos col\u00b7lectius que teixeixen el territori d&#8217;experi\u00e8ncies emancipadores, de cultura, conviv\u00e8ncia, comunitat, cooperaci\u00f3 i poder popular, amb el principal objectiu de fer Pa\u00eds.<\/p>\n<p>Som el basti\u00f3 contra la dinastia borb\u00f2nica i la imposici\u00f3 imperialista de l&#8217;Estat espanyol arreu dels Pa\u00efsos Catalans, la resist\u00e8ncia d&#8217;un poble que vol viure en llibertat i que hi vol ser, on volem ser els protagonistes de les nostres vides i no pas vassalls.<\/p>\n<p>Nom\u00e9s alliberant-nos-en avancem cap\u00a0a\u00a0la\u00a0llibertat.<\/p>\n<p>&nbsp;<\/p>\n<p>[\/et_pb_text][et_pb_video src=&#8221;https:\/\/acpv.cat\/paisestelles\/wp-content\/uploads\/2024\/07\/elx2.mp4&#8243; _builder_version=&#8221;4.26.1&#8243; _module_preset=&#8221;default&#8221; global_colors_info=&#8221;{}&#8221;][\/et_pb_video][et_pb_text _builder_version=&#8221;4.25.1&#8243; _module_preset=&#8221;default&#8221; global_colors_info=&#8221;{}&#8221;]<\/p>\n<p><span><b>Qu\u00e8 fem?<\/b><br \/>La nostra entitat es mou i treballa al voltant de cinc eixos: la defensa i promoci\u00f3 de la nostra llengua, la vertebraci\u00f3 territorial del pa\u00eds, el foment de la cultura popular, la reflexi\u00f3 social i pol\u00edtica i la participaci\u00f3 en assumptes locals.<span class=\"Apple-converted-space\">\u00a0 <\/span>En aquest sentit, el Pa\u00eds Valenci\u00e0, pot ser la part dels Pa\u00efsos Catalans que pateix m\u00e9s els efectes de la desnacionalitzaci\u00f3, ha mostrat els darrers anys una vitalitat extraordin\u00e0ria, que ara arriba tamb\u00e9 a la xarxa. Una vitalitat, per\u00f2, que no seria res sense els milers i milers de persones que han participat, d&#8217;una manera o d&#8217;una altra, en els diferents actes, i que formen part d&#8217;ACPV o dels Casals Jaume I. <\/span><span><\/span><\/p>\n<p><span>En aquest refugi en construcci\u00f3 permanent al sud del Pa\u00eds Valenci\u00e0 es fan infinitat d&#8217;activitats diverses com ara presentacions de llibres, xarrades de diferents tem\u00e0tiques, concerts, inauguracions i exposicions d&#8217;art, reunions i assemblees de diverses associacions locals i de partits pol\u00edtics progressistes, classes de catal\u00e0, pintura\/dibuix, guitarra, inform\u00e0tica, \u00e8uscar (euskera), sarangollo, balls tradicionals&#8230;<\/span><\/p>\n<p><span><\/span><\/p>\n<p><span>T&#8217;animem, tamb\u00e9 a tu, a sumar-te a aquest projecte engrescador, a fer c\u00f3rrer la informaci\u00f3 que trobar\u00e0s en aquesta web, i a comprometre&#8217;t en la construcci\u00f3 del pa\u00eds lliure que volem. Perqu\u00e8 entre tots, podem.<br \/><\/span><\/p>\n<p><span><br \/><b>Les nostres activitats <\/b>s\u00f3n molt diverses i es realitzen mensualment. Principalment realitzem:<br \/>&#8211; Xerrades.<br \/>&#8211; Projeccions.<br \/>&#8211; Presentacions de llibres<br \/>&#8211; Cursos<\/span><\/p>\n<p><span>&#8211; Debats pol\u00edtics.<br \/>&#8211; Actes l\u00fadics<\/span><\/p>\n<p><span style=\"font-size: 14.000001px;\">-El Correllengua (Octubre)<\/span><\/p>\n<p><b style=\"font-size: 14.000001px;\"><\/b><\/p>\n<p><b style=\"font-size: 14.000001px;\">Qu\u00e8 ofereix el Casal Jaume I d&#8217;Elx?<\/b><\/p>\n<p><span>La nostra seu situada al centre de la ciutat (al carrer Sant Jordi,2) compta amb les seg\u00fcents instal\u00b7lacions:<br \/>&#8211; Espai d\u2019assaig.<br \/>&#8211; Biblioteca.<br \/>&#8211; Barra a preus populars.<br \/>&#8211; Tenda amb productes de la terra.<br \/>&#8211; Sala de reunions.<br \/>&#8211; Sala de confer\u00e8ncies.<\/span><\/p>\n<p><span><b>\u00a0<\/b><\/span><\/p>\n<p><span><b>Direcci\u00f3: Carrer Sant Jordi, 2<\/b><\/span><\/p>\n<p><span><b>Contacte: elx@acpv.cat<\/b><\/span><\/p>\n<p><span><b>Tel\u00e8fon: 965426480<\/b><\/span><\/p>\n<p>[\/et_pb_text][\/et_pb_column][\/et_pb_row][\/et_pb_section][et_pb_section fb_built=&#8221;1&#8243; disabled_on=&#8221;on|on|off&#8221; admin_label=&#8221;Cap\u00e7alera Escriptori&#8221; _builder_version=&#8221;4.22.0&#8243; _module_preset=&#8221;default&#8221; background_color=&#8221;gcid-3cfc8c0c-5557-4a5d-9dab-24e78d615311&#8243; collapsed=&#8221;off&#8221; global_colors_info=&#8221;{%22gcid-3cfc8c0c-5557-4a5d-9dab-24e78d615311%22:%91%22background_color%22%93}&#8221;][et_pb_row _builder_version=&#8221;4.22.0&#8243; _module_preset=&#8221;default&#8221; global_colors_info=&#8221;{}&#8221;][et_pb_column type=&#8221;4_4&#8243; _builder_version=&#8221;4.22.0&#8243; _module_preset=&#8221;default&#8221; global_colors_info=&#8221;{}&#8221;][et_pb_text admin_label=&#8221;T\u00edtol&#8221; _builder_version=&#8221;4.25.1&#8243; _module_preset=&#8221;_initial&#8221; text_font=&#8221;Merriweather||on|on|||||&#8221; header_font=&#8221;Merriweather|500|on|on|||||&#8221; header_font_size=&#8221;72px&#8221; header_line_height=&#8221;1.2em&#8221; header_2_font=&#8221;Merriweather||on|on|||||&#8221; header_3_font=&#8221;Merriweather||on|on|||||&#8221; header_4_font=&#8221;Merriweather||on|on|||||&#8221; header_5_font=&#8221;&#8211;et_global_heading_font||||||||&#8221; header_font_size_tablet=&#8221;40px&#8221; header_font_size_phone=&#8221;24px&#8221; header_font_size_last_edited=&#8221;on|desktop&#8221; inline_fonts=&#8221;Merriweather Sans&#8221; global_colors_info=&#8221;{}&#8221;]<\/p>\n<h1><em><strong>Elx<\/strong><\/em><\/h1>\n<p>[\/et_pb_text][\/et_pb_column][\/et_pb_row][et_pb_row column_structure=&#8221;1_2,1_2&#8243; _builder_version=&#8221;4.25.1&#8243; _module_preset=&#8221;default&#8221; global_colors_info=&#8221;{}&#8221;][et_pb_column type=&#8221;1_2&#8243; _builder_version=&#8221;4.25.1&#8243; _module_preset=&#8221;default&#8221; global_colors_info=&#8221;{}&#8221;][et_pb_text admin_label=&#8221;Text&#8221; _builder_version=&#8221;4.25.2&#8243; _module_preset=&#8221;_initial&#8221; text_font=&#8221;||||||||&#8221; text_font_size=&#8221;16px&#8221; text_line_height=&#8221;1.8em&#8221; text_font_size_tablet=&#8221;15px&#8221; text_font_size_phone=&#8221;14px&#8221; text_font_size_last_edited=&#8221;on|desktop&#8221; global_colors_info=&#8221;{}&#8221;]<\/p>\n<h4><strong>El Casal Jaume I d&#8217;Elx<\/strong><\/h4>\n<p>El <a href=\"https:\/\/casalelx.blogspot.com\">Casal Jaume I d&#8217;Elx-Acci\u00f3 Cultural del Pa\u00eds Valenci\u00e0<\/a> \u00e9s una entitat dedicada a la defensa, l&#8217;estudi i la promoci\u00f3 del patrimoni cultural del Pa\u00eds Valenci\u00e0. Per\u00f2 sobretot \u00e9s un punt d&#8217;encontre, un espai obert de reuni\u00f3 i debat per a persones i col\u00b7lectius.<\/p>\n<p>Aquest espai social \u00e9s la delegaci\u00f3 d&#8217;ACPV a la ciutat d&#8217;Elx i des d&#8217;ac\u00ed promovem la cultura, la llengua i les tradicions valencianes.<\/p>\n<p>Al voltant d&#8217;aquesta entitat \u2014en concret de la delegaci\u00f3 d&#8217;Elx\u2014, giren des del 1998 diversos col\u00b7lectius que teixeixen el territori d&#8217;experi\u00e8ncies emancipadores, de cultura, conviv\u00e8ncia, comunitat, cooperaci\u00f3 i poder popular, amb el principal objectiu de fer Pa\u00eds.<\/p>\n<p>Som el basti\u00f3 contra la dinastia borb\u00f2nica i la imposici\u00f3 imperialista de l&#8217;Estat espanyol arreu dels Pa\u00efsos Catalans, la resist\u00e8ncia d&#8217;un poble que vol viure en llibertat i que hi vol ser, on volem ser els protagonistes de les nostres vides i no pas vassalls.<\/p>\n<p>Nom\u00e9s alliberant-nos-en avancem cap\u00a0a\u00a0la\u00a0llibertat.<\/p>\n<p>&nbsp;<\/p>\n<p>[\/et_pb_text][\/et_pb_column][et_pb_column type=&#8221;1_2&#8243; _builder_version=&#8221;4.25.0&#8243; _module_preset=&#8221;default&#8221; global_colors_info=&#8221;{}&#8221;][et_pb_video src=&#8221;https:\/\/acpv.cat\/paisestelles\/wp-content\/uploads\/2024\/07\/elx.mp4&#8243; src_webm=&#8221;https:\/\/acpv.cat\/paisestelles\/wp-content\/uploads\/2024\/06\/Video-Estelles-Borriana.mp4&#8243; admin_label=&#8221;V\u00eddeo&#8221; _builder_version=&#8221;4.26.1&#8243; _module_preset=&#8221;default&#8221; global_colors_info=&#8221;{}&#8221;][\/et_pb_video][et_pb_video src=&#8221;https:\/\/acpv.cat\/paisestelles\/wp-content\/uploads\/2024\/07\/elx2.mp4&#8243; _builder_version=&#8221;4.26.1&#8243; _module_preset=&#8221;default&#8221; global_colors_info=&#8221;{}&#8221;][\/et_pb_video][\/et_pb_column][\/et_pb_row][et_pb_row _builder_version=&#8221;4.25.1&#8243; _module_preset=&#8221;default&#8221; global_colors_info=&#8221;{}&#8221;][et_pb_column type=&#8221;4_4&#8243; _builder_version=&#8221;4.25.1&#8243; _module_preset=&#8221;default&#8221; global_colors_info=&#8221;{}&#8221;][et_pb_text _builder_version=&#8221;4.25.2&#8243; _module_preset=&#8221;default&#8221; global_colors_info=&#8221;{}&#8221;]<\/p>\n<h5><b>Qu\u00e8 fem?<\/b><\/h5>\n<p>La nostra entitat es mou i treballa al voltant de cinc eixos: la defensa i promoci\u00f3 de la nostra llengua, la vertebraci\u00f3 territorial del pa\u00eds, el foment de la cultura popular, la reflexi\u00f3 social i pol\u00edtica i la participaci\u00f3 en assumptes locals.<span class=\"Apple-converted-space\">\u00a0 <\/span>En aquest sentit, el Pa\u00eds Valenci\u00e0, pot ser la part dels Pa\u00efsos Catalans que pateix m\u00e9s els efectes de la desnacionalitzaci\u00f3, ha mostrat els darrers anys una vitalitat extraordin\u00e0ria, que ara arriba tamb\u00e9 a la xarxa. Una vitalitat, per\u00f2, que no seria res sense els milers i milers de persones que han participat, d&#8217;una manera o d&#8217;una altra, en els diferents actes, i que formen part d&#8217;ACPV o dels Casals Jaume I.<\/p>\n<p>En aquest refugi en construcci\u00f3 permanent al sud del Pa\u00eds Valenci\u00e0 es fan infinitat d&#8217;activitats diverses com ara presentacions de llibres, xarrades de diferents tem\u00e0tiques, concerts, inauguracions i exposicions d&#8217;art, reunions i assemblees de diverses associacions locals i de partits pol\u00edtics progressistes, classes de catal\u00e0, pintura\/dibuix, guitarra, inform\u00e0tica, \u00e8uscar (euskera), sarangollo, balls tradicionals&#8230;<\/p>\n<p>T&#8217;animem, tamb\u00e9 a tu, a sumar-te a aquest projecte engrescador, a fer c\u00f3rrer la informaci\u00f3 que trobar\u00e0s en aquesta web, i a comprometre&#8217;t en la construcci\u00f3 del pa\u00eds lliure que volem. Perqu\u00e8 entre tots, podem.<\/p>\n<p><b>Les nostres activitats <\/b>s\u00f3n molt diverses i es realitzen mensualment. Principalment realitzem:<br \/>&#8211; Xerrades.<br \/>&#8211; Projeccions.<br \/>&#8211; Presentacions de llibres<br \/>&#8211; Cursos<\/p>\n<p>&#8211; Debats pol\u00edtics.<br \/>&#8211; Actes l\u00fadics<\/p>\n<p><span style=\"font-size: 14.000001px;\">-El Correllengua (Octubre)<\/span><\/p>\n<p>&nbsp;<\/p>\n<p><b style=\"font-size: 14.000001px;\">Qu\u00e8 ofereix el Casal Jaume I d&#8217;Elx?<\/b><\/p>\n<p>La nostra seu situada al centre de la ciutat (al carrer Sant Jordi,2) compta amb les seg\u00fcents instal\u00b7lacions:<br \/>&#8211; Espai d\u2019assaig.<br \/>&#8211; Biblioteca.<br \/>&#8211; Barra a preus populars.<br \/>&#8211; Tenda amb productes de la terra.<br \/>&#8211; Sala de reunions.<br \/>&#8211; Sala de confer\u00e8ncies.<\/p>\n<p><b>Direcci\u00f3: Carrer Sant Jordi, 2<\/b><\/p>\n<p><b>Contacte: elx@acpv.cat<\/b><\/p>\n<p><b>Tel\u00e8fon: 965426480<\/b><\/p>\n<p>[\/et_pb_text][\/et_pb_column][\/et_pb_row][et_pb_row column_structure=&#8221;1_2,1_2&#8243; _builder_version=&#8221;4.25.1&#8243; _module_preset=&#8221;default&#8221; global_colors_info=&#8221;{}&#8221;][et_pb_column type=&#8221;1_2&#8243; _builder_version=&#8221;4.25.1&#8243; _module_preset=&#8221;default&#8221; global_colors_info=&#8221;{}&#8221;][et_pb_text _builder_version=&#8221;4.25.2&#8243; _module_preset=&#8221;default&#8221; global_colors_info=&#8221;{}&#8221;]<\/p>\n<p>Entrevista a l&#8217;il\u00b7licit\u00e0 Gaspar Ja\u00e9n, premi Vicent Andr\u00e9s Estell\u00e9s de poesia 1991.<\/p>\n<p>[\/et_pb_text][et_pb_image src=&#8221;https:\/\/acpv.cat\/paisestelles\/wp-content\/uploads\/2024\/06\/Captura-de-pantalla-2024-06-29-a-les-10.45.42.png&#8221; title_text=&#8221;Captura de pantalla 2024-06-29 a les 10.45.42&#8243; url=&#8221;https:\/\/www.eltemps.cat\/article\/15446\/entrevista-gaspar-jaen&#8221; disabled_on=&#8221;off|off|off&#8221; _builder_version=&#8221;4.25.2&#8243; _module_preset=&#8221;default&#8221; global_colors_info=&#8221;{}&#8221;][\/et_pb_image][\/et_pb_column][et_pb_column type=&#8221;1_2&#8243; _builder_version=&#8221;4.25.0&#8243; _module_preset=&#8221;default&#8221; global_colors_info=&#8221;{}&#8221;][et_pb_video src=&#8221;https:\/\/www.youtube.com\/watch?v=Z78Z4I10vaQ&#8221; disabled_on=&#8221;on|on|on&#8221; admin_label=&#8221;V\u00eddeo&#8221; _builder_version=&#8221;4.25.0&#8243; _module_preset=&#8221;default&#8221; disabled=&#8221;on&#8221; global_colors_info=&#8221;{}&#8221;][\/et_pb_video][\/et_pb_column][\/et_pb_row][\/et_pb_section][et_pb_section fb_built=&#8221;1&#8243; make_equal=&#8221;on&#8221; specialty=&#8221;on&#8221; background_color_1=&#8221;#FFFFFF&#8221; disabled_on=&#8221;on|on|on&#8221; admin_label=&#8221;Pa\u00eds Estell\u00e9s&#8221; _builder_version=&#8221;4.25.0&#8243; _module_preset=&#8221;default&#8221; background_color=&#8221;gcid-3cfc8c0c-5557-4a5d-9dab-24e78d615311&#8243; disabled=&#8221;on&#8221; saved_tabs=&#8221;all&#8221; collapsed=&#8221;off&#8221; global_colors_info=&#8221;{%22gcid-3cfc8c0c-5557-4a5d-9dab-24e78d615311%22:%91%22background_color%22%93}&#8221;][et_pb_column type=&#8221;2_3&#8243; specialty_columns=&#8221;2&#8243; _builder_version=&#8221;4.16&#8243; _module_preset=&#8221;default&#8221; custom_padding=&#8221;|||&#8221; global_colors_info=&#8221;{}&#8221; custom_padding__hover=&#8221;|||&#8221;][et_pb_row_inner column_structure=&#8221;1_2,1_2&#8243; custom_padding_last_edited=&#8221;on|tablet&#8221; disabled_on=&#8221;on|on|on&#8221; _builder_version=&#8221;4.22.0&#8243; _module_preset=&#8221;default&#8221; custom_padding=&#8221;|60px|60px|60px|false|true&#8221; custom_padding_tablet=&#8221;|30px|30px|30px|false|true&#8221; custom_padding_phone=&#8221;|20px|20px|20px|false|true&#8221; disabled=&#8221;on&#8221; global_colors_info=&#8221;{}&#8221;][et_pb_column_inner type=&#8221;1_2&#8243; saved_specialty_column_type=&#8221;2_3&#8243; _builder_version=&#8221;4.22.0&#8243; _module_preset=&#8221;default&#8221; global_colors_info=&#8221;{}&#8221;][et_pb_text _builder_version=&#8221;4.22.0&#8243; _module_preset=&#8221;_initial&#8221; header_5_font=&#8221;Work Sans|500|||||||&#8221; header_5_font_size=&#8221;20px&#8221; header_5_line_height=&#8221;1.6em&#8221; custom_margin=&#8221;||0px||false|false&#8221; header_5_font_size_tablet=&#8221;16px&#8221; header_5_font_size_phone=&#8221;14px&#8221; header_5_font_size_last_edited=&#8221;on|desktop&#8221; global_colors_info=&#8221;{}&#8221;]<\/p>\n<h5>Understanding Your Unique Goals<\/h5>\n<p>[\/et_pb_text][et_pb_text _builder_version=&#8221;4.22.0&#8243; _module_preset=&#8221;_initial&#8221; text_line_height=&#8221;1.8em&#8221; global_colors_info=&#8221;{}&#8221;]We recognize that every business is distinct, with its own set of aspirations and challenges. Our approach begins with a comprehensive understanding.[\/et_pb_text][\/et_pb_column_inner][et_pb_column_inner type=&#8221;1_2&#8243; saved_specialty_column_type=&#8221;2_3&#8243; _builder_version=&#8221;4.22.0&#8243; _module_preset=&#8221;default&#8221; global_colors_info=&#8221;{}&#8221;][et_pb_text _builder_version=&#8221;4.22.0&#8243; _module_preset=&#8221;_initial&#8221; header_5_font=&#8221;Work Sans|500|||||||&#8221; header_5_font_size=&#8221;20px&#8221; header_5_line_height=&#8221;1.6em&#8221; custom_margin=&#8221;||0px||false|false&#8221; header_5_font_size_tablet=&#8221;16px&#8221; header_5_font_size_phone=&#8221;14px&#8221; header_5_font_size_last_edited=&#8221;on|desktop&#8221; global_colors_info=&#8221;{}&#8221;]<\/p>\n<h5>Data-Driven Market Analysis<\/h5>\n<p>[\/et_pb_text][et_pb_text _builder_version=&#8221;4.22.0&#8243; _module_preset=&#8221;_initial&#8221; text_line_height=&#8221;1.8em&#8221; global_colors_info=&#8221;{}&#8221;]Our team of seasoned consultants leverages robust market research and analysis to identify opportunities and trends within your industry.[\/et_pb_text][\/et_pb_column_inner][\/et_pb_row_inner][\/et_pb_column][et_pb_column type=&#8221;1_3&#8243; _builder_version=&#8221;4.16&#8243; _module_preset=&#8221;default&#8221; custom_padding=&#8221;|||&#8221; global_colors_info=&#8221;{}&#8221; custom_padding__hover=&#8221;|||&#8221;][\/et_pb_column][\/et_pb_section][et_pb_section fb_built=&#8221;1&#8243; admin_label=&#8221;Call to Action&#8221; _builder_version=&#8221;4.22.0&#8243; _module_preset=&#8221;default&#8221; background_color=&#8221;gcid-3cfc8c0c-5557-4a5d-9dab-24e78d615311&#8243; collapsed=&#8221;off&#8221; global_colors_info=&#8221;{%22gcid-3cfc8c0c-5557-4a5d-9dab-24e78d615311%22:%91%22background_color%22%93}&#8221;][et_pb_row column_structure=&#8221;1_2,1_4,1_4&#8243; _builder_version=&#8221;4.22.0&#8243; _module_preset=&#8221;default&#8221; global_colors_info=&#8221;{}&#8221;][et_pb_column type=&#8221;1_2&#8243; _builder_version=&#8221;4.22.0&#8243; _module_preset=&#8221;default&#8221; global_colors_info=&#8221;{}&#8221;][et_pb_text _builder_version=&#8221;4.25.0&#8243; _module_preset=&#8221;_initial&#8221; header_2_font=&#8221;Work Sans|500|||||||&#8221; header_2_font_size=&#8221;52px&#8221; header_2_line_height=&#8221;1.2em&#8221; custom_margin=&#8221;|-38px||||&#8221; header_2_font_size_tablet=&#8221;32px&#8221; header_2_font_size_phone=&#8221;20px&#8221; header_2_font_size_last_edited=&#8221;on|desktop&#8221; global_colors_info=&#8221;{}&#8221;]<\/p>\n<h2 style=\"text-align: center;\"><\/h2>\n<p>[\/et_pb_text][\/et_pb_column][et_pb_column type=&#8221;1_4&#8243; _builder_version=&#8221;4.22.0&#8243; _module_preset=&#8221;default&#8221; global_colors_info=&#8221;{}&#8221;][et_pb_button button_url=&#8221;https:\/\/acpv.cat\/paisestelles\/esdeveniments\/categoria\/agenda\/&#8221; button_text=&#8221;AGENDA&#8221; button_alignment=&#8221;center&#8221; _builder_version=&#8221;4.25.0&#8243; _module_preset=&#8221;_initial&#8221; custom_button=&#8221;on&#8221; button_text_size=&#8221;14px&#8221; button_text_color=&#8221;#FFFFFF&#8221; button_bg_color=&#8221;#BF2002&#8243; button_border_width=&#8221;0px&#8221; button_border_radius=&#8221;100px&#8221; button_letter_spacing=&#8221;0.3em&#8221; button_font=&#8221;|700||on|||||&#8221; background_layout=&#8221;dark&#8221; custom_margin=&#8221;||-1px|||&#8221; custom_padding=&#8221;16px|40px|16px|40px|true|true&#8221; global_colors_info=&#8221;{}&#8221;][\/et_pb_button][\/et_pb_column][et_pb_column type=&#8221;1_4&#8243; _builder_version=&#8221;4.22.0&#8243; _module_preset=&#8221;default&#8221; global_colors_info=&#8221;{}&#8221;][et_pb_image src=&#8221;https:\/\/acpv.cat\/paisestelles\/wp-content\/uploads\/2024\/05\/ACPV-PAIS-ESTELLES-PEDRO-ADS_blanc_1-scaled.jpg&#8221; title_text=&#8221;ACPV &#8211; PAIS ESTELLES &#8211; PEDRO ADS_blanc_1&#8243; _builder_version=&#8221;4.25.0&#8243; _module_preset=&#8221;default&#8221; global_colors_info=&#8221;{}&#8221;][\/et_pb_image][\/et_pb_column][\/et_pb_row][\/et_pb_section]<\/p>\n","protected":false},"excerpt":{"rendered":"<p>ELXEl Casal Jaume I d&#8217;Elx\u00a0 El Casal Jaume I d&#8217;Elx-Acci\u00f3 Cultural del Pa\u00eds Valenci\u00e0 \u00e9s una entitat dedicada a la defensa, l&#8217;estudi i la promoci\u00f3 del patrimoni cultural del Pa\u00eds [&hellip;]<\/p>\n","protected":false},"author":2,"featured_media":0,"parent":0,"menu_order":0,"comment_status":"closed","ping_status":"closed","template":"","meta":{"_et_pb_use_builder":"on","_et_pb_old_content":"","_et_gb_content_width":"","footnotes":""},"categories":[7],"tags":[8],"class_list":["post-681","page","type-page","status-publish","hentry","category-localitats","tag-localitats"],"_links":{"self":[{"href":"https:\/\/acpv.cat\/paisestelles\/wp-json\/wp\/v2\/pages\/681","targetHints":{"allow":["GET"]}}],"collection":[{"href":"https:\/\/acpv.cat\/paisestelles\/wp-json\/wp\/v2\/pages"}],"about":[{"href":"https:\/\/acpv.cat\/paisestelles\/wp-json\/wp\/v2\/types\/page"}],"author":[{"embeddable":true,"href":"https:\/\/acpv.cat\/paisestelles\/wp-json\/wp\/v2\/users\/2"}],"replies":[{"embeddable":true,"href":"https:\/\/acpv.cat\/paisestelles\/wp-json\/wp\/v2\/comments?post=681"}],"version-history":[{"count":11,"href":"https:\/\/acpv.cat\/paisestelles\/wp-json\/wp\/v2\/pages\/681\/revisions"}],"predecessor-version":[{"id":822,"href":"https:\/\/acpv.cat\/paisestelles\/wp-json\/wp\/v2\/pages\/681\/revisions\/822"}],"wp:attachment":[{"href":"https:\/\/acpv.cat\/paisestelles\/wp-json\/wp\/v2\/media?parent=681"}],"wp:term":[{"taxonomy":"category","embeddable":true,"href":"https:\/\/acpv.cat\/paisestelles\/wp-json\/wp\/v2\/categories?post=681"},{"taxonomy":"post_tag","embeddable":true,"href":"https:\/\/acpv.cat\/paisestelles\/wp-json\/wp\/v2\/tags?post=681"}],"curies":[{"name":"wp","href":"https:\/\/api.w.org\/{rel}","templated":true}]}}