{"id":867,"date":"2024-07-16T12:48:49","date_gmt":"2024-07-16T10:48:49","guid":{"rendered":"https:\/\/acpv.cat\/paisestelles\/?page_id=867"},"modified":"2025-03-10T20:59:06","modified_gmt":"2025-03-10T19:59:06","slug":"entitats","status":"publish","type":"page","link":"https:\/\/acpv.cat\/paisestelles\/entitats\/","title":{"rendered":"Entitats"},"content":{"rendered":"<p>[et_pb_section fb_built=&#8221;1&#8243; admin_label=&#8221;section&#8221; _builder_version=&#8221;4.16&#8243; global_colors_info=&#8221;{}&#8221;][et_pb_row admin_label=&#8221;row&#8221; _builder_version=&#8221;4.16&#8243; background_size=&#8221;initial&#8221; background_position=&#8221;top_left&#8221; background_repeat=&#8221;repeat&#8221; global_colors_info=&#8221;{}&#8221;][et_pb_column type=&#8221;4_4&#8243; _builder_version=&#8221;4.16&#8243; custom_padding=&#8221;|||&#8221; global_colors_info=&#8221;{}&#8221; custom_padding__hover=&#8221;|||&#8221;][et_pb_text _builder_version=&#8221;4.26.1&#8243; _module_preset=&#8221;default&#8221; global_colors_info=&#8221;{}&#8221;]<\/p>\n<h2 style=\"text-align: center;\">Entitats<\/h2>\n<p>[\/et_pb_text][\/et_pb_column][\/et_pb_row][et_pb_row column_structure=&#8221;1_2,1_2&#8243; _builder_version=&#8221;4.26.1&#8243; _module_preset=&#8221;default&#8221; global_colors_info=&#8221;{}&#8221;][et_pb_column type=&#8221;1_2&#8243; _builder_version=&#8221;4.26.1&#8243; _module_preset=&#8221;default&#8221; global_colors_info=&#8221;{}&#8221;][et_pb_text _builder_version=&#8221;4.26.1&#8243; _module_preset=&#8221;default&#8221; global_colors_info=&#8221;{}&#8221;]<\/p>\n<h5>L&#8217;Alacant\u00ed<\/h5>\n<ul>\n<li><a href=\"https:\/\/acpv.cat\/paisestelles\/alacant\/\">Delegaci\u00f3 d&#8217;ACPV d&#8217;A<\/a><a href=\"https:\/\/acpv.cat\/paisestelles\/alacant\/\">lacant<\/a><\/li>\n<\/ul>\n<h5>L&#8217;Alcoi\u00e0<\/h5>\n<ul>\n<li><a href=\"http:\/\/acpv.cat\/paisestelles\/alcoi\">Centre Ovidi Montllor.\u00a0 Acci\u00f3 Cultural del Pa\u00eds Valenci\u00e0<\/a><\/li>\n<\/ul>\n<h5>L&#8217;Alt Maestrat<\/h5>\n<ul>\n<li><a href=\"https:\/\/acpv.cat\/paisestelles\/benassal\/\">El Pont. Cooperativa de Lletres<\/a><\/li>\n<\/ul>\n<h5>L&#8217;Alt Vinalop\u00f3<\/h5>\n<ul>\n<li><a href=\"https:\/\/acpv.cat\/paisestelles\/campdemirra\/\">Institut d&#8217;Estudis de les Valls de Mariola<\/a><\/li>\n<\/ul>\n<h5>El Baix Maestrat<\/h5>\n<ul>\n<li><a href=\"https:\/\/acpv.cat\/paisestelles\/vinaros\/\">Associaci\u00f3 Cultural Ball de Dimonis<\/a><\/li>\n<\/ul>\n<h5>El Baix Vinalop\u00f3<\/h5>\n<ul>\n<li><a href=\"https:\/\/acpv.cat\/paisestelles\/elx\">Casal Jaume I d&#8217;Elx<\/a><\/li>\n<\/ul>\n<h5>El Barcelon\u00e9s<\/h5>\n<ul>\n<li><a style=\"font-size: 14px;\" href=\"https:\/\/acpv.cat\/paisestelles\/barcelona\/\"><span style=\"font-family: inherit;\">\u00d2mnium Cultural<\/span><\/a><\/li>\n<\/ul>\n<h5>El Camp de Morvedre<\/h5>\n<ul>\n<li><a href=\"https:\/\/acpv.cat\/paisestelles\/benifairodelesvalls\/\">Coordinadora per l&#8217;Enseny. en Valenci\u00e0 del Camp de Morvedre<\/a><\/li>\n<\/ul>\n<h5>El Camp de T\u00faria<\/h5>\n<ul>\n<li><a href=\"https:\/\/acpv.cat\/paisestelles\/vilamarxant\/\">Associaci\u00f3 Cultural 9 d&#8217;octubre de Vilamarxant<\/a><\/li>\n<li><a href=\"https:\/\/acpv.cat\/paisestelles\/betera\/\">Ateneu C\u00edvic i Cultural de B\u00e9tera<\/a><\/li>\n<li><a href=\"https:\/\/acpv.cat\/paisestelles\/benaguasil\/\">Ateneu Cultural i Musical de Benaguasil<\/a><\/li>\n<li><a href=\"https:\/\/acpv.cat\/paisestelles\/lliria\/\">Casal Jaume I &#8211; Camp de T\u00faria<\/a><\/li>\n<li><a href=\"https:\/\/acpv.cat\/paisestelles\/lapobladevallbona\/\">Centre d&#8217;Estudis Locals de la Pobla de Vallbona<\/a><\/li>\n<li><a href=\"https:\/\/acpv.cat\/paisestelles\/leliana\/\">Centre d&#8217;Estudis Locals de l&#8217;Eliana<\/a><\/li>\n<li><a href=\"https:\/\/acpv.cat\/paisestelles\/ribarroja\/\">Centre d&#8217;Estudis Locals de Riba-roja<\/a><\/li>\n<li><span style=\"font-size: 14px;\">Institut d\u2019Estudis Comarcals del Camp del T\u00faria : <\/span><a style=\"font-size: 14px;\" href=\"http:\/\/Institut d\u2019Estudis Comarcals del Camp del T\u00faria\" data-wplink-url-error=\"true\">Benissan\u00f3<\/a><span style=\"font-size: 14px;\">, <\/span><a style=\"font-size: 14px;\" href=\"https:\/\/acpv.cat\/paisestelles\/casinos\/\">Casinos<\/a><span style=\"font-size: 14px;\">, <\/span><a style=\"font-size: 14px;\" href=\"https:\/\/acpv.cat\/paisestelles\/naquera\/\">N\u00e0quera<\/a><span style=\"font-size: 14px;\">, <\/span><a style=\"font-size: 14px;\" href=\"https:\/\/acpv.cat\/paisestelles\/olocau\/\">Olocau<\/a><span style=\"font-size: 14px;\">, <\/span><a style=\"font-size: 14px;\" href=\"https:\/\/acpv.cat\/paisestelles\/serra\/\">Serra<\/a><span style=\"font-size: 14px;\">,<\/span><\/li>\n<\/ul>\n<div class=\"et_pb_column et_pb_column_1_2 et_pb_column_4  et_pb_css_mix_blend_mode_passthrough\">\n<div class=\"et_pb_module et_pb_text et_pb_text_3  et_pb_text_align_left et_pb_bg_layout_light\">\n<div class=\"et_pb_text_inner\">\n<h5>La Costera<\/h5>\n<ul>\n<li><a href=\"https:\/\/acpv.cat\/paisestelles\/canals\">La Pebrella<\/a><\/li>\n<\/ul>\n<h5>L&#8217;Horta<\/h5>\n<ul>\n<li><a href=\"https:\/\/acpv.cat\/paisestelles\/carevolta\/\">Ca Revolta<\/a><\/li>\n<li><a href=\"https:\/\/acpv.cat\/paisestelles\/elpuig\/\">Deu de la ploma. Cooperativa de lletres<\/a><\/li>\n<li><a href=\"https:\/\/acpv.cat\/paisestelles\/perlhorta\/\">Per l&#8217;Horta<\/a><\/li>\n<li><a href=\"https:\/\/acpv.cat\/paisestelles\/alboraia\/\">Dones feministes d&#8217;Alboraia<\/a><\/li>\n<li><a href=\"https:\/\/acpv.cat\/paisestelles\/albal\/\">La Cultural d&#8217;Albal<\/a><\/li>\n<li><a href=\"https:\/\/acpv.cat\/paisestelles\/jovesdaccio\/\">Joves d&#8217;Acci\u00f3<\/a><\/li>\n<li><a href=\"https:\/\/acpv.cat\/paisestelles\/alcasser\/\">Col\u00b7lectiu pel valenci\u00e0. La Figuera d&#8217;Alc\u00e0sser<\/a><\/li>\n<li><a href=\"https:\/\/acpv.cat\/paisestelles\/montcada\/\">Associaci\u00f3 El Quadrat de Montcada<\/a><\/li>\n<li><a href=\"http:\/\/acpv.cat\/paisestelles\/acicom\">ACICOM<\/a><\/li>\n<\/ul>\n<\/div>\n<\/div>\n<\/div>\n<p>[\/et_pb_text][\/et_pb_column][et_pb_column type=&#8221;1_2&#8243; _builder_version=&#8221;4.26.1&#8243; _module_preset=&#8221;default&#8221; global_colors_info=&#8221;{}&#8221;][et_pb_text _builder_version=&#8221;4.26.1&#8243; _module_preset=&#8221;default&#8221; hover_enabled=&#8221;0&#8243; global_colors_info=&#8221;{}&#8221; sticky_enabled=&#8221;0&#8243;]<\/p>\n<div class=\"et_pb_column et_pb_column_1_2 et_pb_column_4  et_pb_css_mix_blend_mode_passthrough\">\n<div class=\"et_pb_module et_pb_text et_pb_text_3  et_pb_text_align_left et_pb_bg_layout_light\">\n<div class=\"et_pb_text_inner\">\n<h5>Mallorca<\/h5>\n<ul>\n<li><a href=\"https:\/\/acpv.cat\/paisestelles\/palma\/\">Obra Cultural Balear<\/a><\/li>\n<\/ul>\n<h5>La Marina Alta<\/h5>\n<ul>\n<li><a href=\"https:\/\/acpv.cat\/paisestelles\/pedreguer\/\">Casal Cultural Jaume I de Pedreguer<\/a><\/li>\n<\/ul>\n<h5>La Marina Baixa<\/h5>\n<ul>\n<li><a href=\"https:\/\/acpv.cat\/paisestelles\/benidorm\/\">Coordinadora pel valenci\u00e0 de la Marina Baixa<\/a><\/li>\n<li><a href=\"https:\/\/acpv.cat\/paisestelles\/polop\/\">Grup de danses El Porxet de Polop<\/a><\/li>\n<\/ul>\n<h5>La Plana Alta<\/h5>\n<ul>\n<li><a href=\"https:\/\/acpv.cat\/paisestelles\/almassora\/\">Associaci\u00f3 Cultural El Torrell\u00f3<\/a><\/li>\n<li><a href=\"http:\/\/acpv.cat\/paisestelles\/borriol\">Editorial El Planter<\/a><\/li>\n<li><a href=\"https:\/\/acpv.cat\/paisestelles\/vilafames\/\">Assoc. d&#8217;Amics del Casc Antic de Vilafam\u00e9s<\/a><\/li>\n<\/ul>\n<h5>La Plana Baixa<\/h5>\n<ul>\n<li><a href=\"https:\/\/acpv.cat\/paisestelles\/borriana\/\">Agrupaci\u00f3 Borrianenca de Cultura<\/a><\/li>\n<li><a href=\"https:\/\/acpv.cat\/paisestelles\/nules\/\">La Corretjola<\/a><\/li>\n<li><a href=\"https:\/\/acpv.cat\/paisestelles\/betxi\/\">Grup de joves de Betx\u00ed<\/a><\/li>\n<li><a href=\"https:\/\/acpv.cat\/paisestelles\/moncofa\/\">Grup de danses Biniesma<\/a><\/li>\n<li><a href=\"https:\/\/acpv.cat\/paisestelles\/la-vall-duixo\/\">S.C. Amics de la Vall<\/a><\/li>\n<li><a href=\"https:\/\/acpv.cat\/paisestelles\/vila_real\/\">Socarrats. Associaci\u00f3 Cultural<\/a><\/li>\n<\/ul>\n<h5>La Ribera Alta<\/h5>\n<ul>\n<li><a href=\"https:\/\/acpv.cat\/paisestelles\/real\/\">Associaci\u00f3 Cultural Josepa Blasco<\/a><\/li>\n<li><a href=\"https:\/\/acpv.cat\/paisestelles\/manuel\/\">Associaci\u00f3 Mitja Galta<\/a><\/li>\n<li><a href=\"https:\/\/acpv.cat\/paisestelles\/lalcudia\/\">Bloc de progr\u00e9s Jaume I de l&#8217;Alc\u00fadia<\/a><\/li>\n<li><a href=\"https:\/\/acpv.cat\/paisestelles\/carcaixent\/\">Modernistes de Carcaixent<\/a><\/li>\n<li><a href=\"http:\/\/acpv.cat\/paisestelles\/alzira\">Col\u00b7lectiu 8m d&#8217;Alzira<\/a><\/li>\n<\/ul>\n<h5>La Safor- Valldigna<\/h5>\n<ul>\n<li><a href=\"https:\/\/acpv.cat\/paisestelles\/gandia\/\">Casal Jaume I Safor-Valldigna<\/a><\/li>\n<li><a href=\"https:\/\/acpv.cat\/paisestelles\/beniopa\/\">Safor\u00edssims<\/a><\/li>\n<\/ul>\n<h5>La Vall d&#8217;Albaida<\/h5>\n<ul>\n<li><a href=\"https:\/\/acpv.cat\/paisestelles\/ontinyentacpv\/\">ACPV &#8211; Delegaci\u00f3 de la Vall d&#8217;Albaida<\/a><\/li>\n<li><a href=\"https:\/\/acpv.cat\/paisestelles\/ontintentarrel\/\">Colla Ecologista l&#8217;Arrel<\/a><\/li>\n<\/ul>\n<\/div>\n<\/div>\n<\/div>\n<p>[\/et_pb_text][\/et_pb_column][\/et_pb_row][et_pb_row column_structure=&#8221;1_2,1_2&#8243; _builder_version=&#8221;4.25.1&#8243; _module_preset=&#8221;default&#8221; global_colors_info=&#8221;{}&#8221;][et_pb_column type=&#8221;1_2&#8243; _builder_version=&#8221;4.25.1&#8243; _module_preset=&#8221;default&#8221; global_colors_info=&#8221;{}&#8221;][\/et_pb_column][et_pb_column type=&#8221;1_2&#8243; _builder_version=&#8221;4.25.1&#8243; _module_preset=&#8221;default&#8221; global_colors_info=&#8221;{}&#8221;][\/et_pb_column][\/et_pb_row][\/et_pb_section]<\/p>\n","protected":false},"excerpt":{"rendered":"<p>EntitatsL&#8217;Alacant\u00ed Delegaci\u00f3 d&#8217;ACPV d&#8217;Alacant L&#8217;Alcoi\u00e0 Centre Ovidi Montllor.\u00a0 Acci\u00f3 Cultural del Pa\u00eds Valenci\u00e0 L&#8217;Alt Maestrat El Pont. Cooperativa de Lletres L&#8217;Alt Vinalop\u00f3 Institut d&#8217;Estudis de les Valls de Mariola El [&hellip;]<\/p>\n","protected":false},"author":2,"featured_media":0,"parent":0,"menu_order":0,"comment_status":"closed","ping_status":"closed","template":"","meta":{"_et_pb_use_builder":"on","_et_pb_old_content":"","_et_gb_content_width":"","footnotes":""},"categories":[1],"tags":[],"class_list":["post-867","page","type-page","status-publish","hentry","category-general"],"_links":{"self":[{"href":"https:\/\/acpv.cat\/paisestelles\/wp-json\/wp\/v2\/pages\/867","targetHints":{"allow":["GET"]}}],"collection":[{"href":"https:\/\/acpv.cat\/paisestelles\/wp-json\/wp\/v2\/pages"}],"about":[{"href":"https:\/\/acpv.cat\/paisestelles\/wp-json\/wp\/v2\/types\/page"}],"author":[{"embeddable":true,"href":"https:\/\/acpv.cat\/paisestelles\/wp-json\/wp\/v2\/users\/2"}],"replies":[{"embeddable":true,"href":"https:\/\/acpv.cat\/paisestelles\/wp-json\/wp\/v2\/comments?post=867"}],"version-history":[{"count":58,"href":"https:\/\/acpv.cat\/paisestelles\/wp-json\/wp\/v2\/pages\/867\/revisions"}],"predecessor-version":[{"id":1936,"href":"https:\/\/acpv.cat\/paisestelles\/wp-json\/wp\/v2\/pages\/867\/revisions\/1936"}],"wp:attachment":[{"href":"https:\/\/acpv.cat\/paisestelles\/wp-json\/wp\/v2\/media?parent=867"}],"wp:term":[{"taxonomy":"category","embeddable":true,"href":"https:\/\/acpv.cat\/paisestelles\/wp-json\/wp\/v2\/categories?post=867"},{"taxonomy":"post_tag","embeddable":true,"href":"https:\/\/acpv.cat\/paisestelles\/wp-json\/wp\/v2\/tags?post=867"}],"curies":[{"name":"wp","href":"https:\/\/api.w.org\/{rel}","templated":true}]}}