{"id":3,"date":"2019-10-02T08:17:48","date_gmt":"2019-10-02T06:17:48","guid":{"rendered":"http:\/\/acpv.cat\/tenimdrets\/?page_id=3"},"modified":"2019-10-31T19:31:23","modified_gmt":"2019-10-31T18:31:23","slug":"politica-de-privacitat","status":"publish","type":"page","link":"https:\/\/acpv.cat\/tenimdrets\/politica-de-privacitat\/","title":{"rendered":"Pol\u00edtica de privadesa"},"content":{"rendered":"\r\n<h3><strong>Informaci\u00f3 detallada sobre tractament de dades personals<\/strong><\/h3>\r\n<p>Aquesta \u00e9s la pol\u00edtica de protecci\u00f3 de dades d\u2019Acci\u00f3 Cultural del Pa\u00eds Valenci\u00e0. Fa refer\u00e8ncia a les dades de persones f\u00edsiques amb les que es relaciona en l\u2019exercici de les seves compet\u00e8ncies i funcions.. El tractament s\u2019efectua complint el Reglament General de Protecci\u00f3 de Dades (<em>Reglament (UE) 2016\/679 del Parlament Europeu i del Consell, de 27 d\u2019abril de 2016<\/em>) relatiu a la protecci\u00f3 de les persones f\u00edsiques pel que fa al tractament de dades personals i a la lliure circulaci\u00f3 d\u2019aquestes dades, Llei Org\u00e0nica de Protecci\u00f3 de dades Personals dels Drets Digitals, 3\/2018, de 5 de desembre de 2018 i la normativa estatal sobre aquesta mat\u00e8ria.<\/p>\r\n<div class=\"wp-block-spacer\" aria-hidden=\"true\">\u00a0<\/div>\r\n<h3><strong>Qui \u00e9s el responsable del tractament de les dades personals?<\/strong><\/h3>\r\n<p>El responsable del tractament de les dades personals \u00e9s Acci\u00f3 Cultural del Pa\u00eds Valenci\u00e0 , amb CIF G46164026 i domicili al carrer Sant Ferran,12, 46001 \u2013 Val\u00e8ncia, Telf. 96 315 77 99,\u00a0<a href=\"mailto:info@acpv.cat\">info@acpv.cat<\/a><\/p>\r\n<div class=\"wp-block-spacer\" aria-hidden=\"true\">\u00a0<\/div>\r\n<h3><strong>Amb quins criteris tractem les dades personals<\/strong><\/h3>\r\n<p>En el tractament de les dades assumim plenament els principis del Reglament General de Protecci\u00f3 de Dades.<\/p>\r\n<p>a) Els tractem de manera l\u00edcita (\u00fanicament quan tenim una base legal que ens ho permet i amb transpar\u00e8ncia davant l\u2019interessat).<\/p>\r\n<p>b) Els destinem a les finalitats determinades, expl\u00edcites i leg\u00edtimes que expliquem en el moment d\u2019obtenir-les. Posteriorment no els tractem de manera incompatible amb aquestes finalitats.<\/p>\r\n<p>c) Tractem \u00fanicament les dades adequades, pertinents i limitades al que \u00e9s necessari en cada cas i per cada finalitat.<\/p>\r\n<p>d) Ens esforcem perqu\u00e8 les dades estiguin actualitzades.<\/p>\r\n<p>e) Els conservem durant el temps necessari, complint la normativa que regula la conservaci\u00f3 de la informaci\u00f3 p\u00fablica.<\/p>\r\n<p>f) Apliquem les mesures t\u00e8cniques o organitzatives adequades per evitar el tractament no autoritzat o il\u00b7l\u00edcit, o la seva p\u00e8rdua, destrucci\u00f3 o dany accidental.<\/p>\r\n<div class=\"wp-block-spacer\" aria-hidden=\"true\">\u00a0<\/div>\r\n<h3><strong>Amb quina finalitat tractem les dades i a qui els comuniquem<\/strong><\/h3>\r\n<p>ACPV tracta les dades per a exercir les seves compet\u00e8ncies i funcions. Els serveis d\u2019ACPV es descriuen a la seva web i a la seva seu electr\u00f2nica.<\/p>\r\n<p><strong>Procediments administratius i tr\u00e0mits<br \/><\/strong>En base a les sol\u00b7licituds de les persones interessades, utilitzem les seves dades per seguir la tramitaci\u00f3 pr\u00f2pia de cada tr\u00e0mit. Segons el procediment les dades es poden comunicar a altres administracions competents en la mat\u00e8ria. En alguns casos han de ser objecte de publicaci\u00f3 en compliment del principi de transpar\u00e8ncia.<\/p>\r\n<p><strong>Serveis<\/strong><br \/>Per a la prestaci\u00f3 dels serveis tractem les dades aportades per les persones benefici\u00e0ries . Oferir aquests serveis comporta sovint fer-ne un seguiment i obtenir noves dades de les persones que en s\u00f3n usu\u00e0ries. Els serveis que ofereix ACPV es poden consultar a la\u00a0<a href=\"https:\/\/www.llull.cat\/catala\/recursos\/recursos.cfm\">p\u00e0gina web<\/a>. Com a criteri general les dades no es comuniquen a altres persones sense el consentiment expl\u00edcit de l\u2019usuari del servei.<\/p>\r\n<p><strong>Activitats<\/strong><br \/>En la coorganitzaci\u00f3 d\u2019activitats amb altres entitats o organismes rebem dades de les persones que s\u2019hi inscriuen, a fi i efecte d\u2019organitzar l\u2019activitat. Com a criteri general les dades no es comuniquen a altres persones sense el consentiment expl\u00edcit de la persona que participa en l\u2019activitat.<\/p>\r\n<p><strong>Contacte<\/strong><br \/>Atenem les consultes de les persones que utilitzen els formularis de contacte de la nostra p\u00e0gina web. Les dades s\u2019utilitzen \u00fanicament per aquesta finalitat i no es comuniquen a altres persones<\/p>\r\n<p><strong>Selecci\u00f3 de personal<br \/><\/strong>Rebem curr\u00edculums vitae i convoquem processos de selecci\u00f3 de personal. Les dades aportades per la persones interessades permeten avaluar els m\u00e8rits i analitzar l\u2019adequaci\u00f3 del perfil dels candidats en funci\u00f3 dels llocs vacants o de nova creaci\u00f3. No es comuniquen a altres persones<\/p>\r\n<p><strong>Enviament d\u2019informaci\u00f3<br \/><\/strong>Amb l\u2019autoritzaci\u00f3 expl\u00edcita de cada persona utilitzem les dades de contacte que ens ha proporcionat per informar de les nostres iniciatives, serveis o activitats. Ho fem per diferents canals en funci\u00f3 de com ho ha autoritzat cada persona. No es comuniquen a altres persones sense el seu consentiment.<\/p>\r\n<p><strong>Gesti\u00f3 de les dades dels nostres prove\u00efdors<br \/><\/strong>Registrem i tractem les dades dels prove\u00efdors de qui obtenim serveis o b\u00e9ns. Poden ser les dades de persones que actuen com a aut\u00f2noms i tamb\u00e9 dades de representants de persones jur\u00eddiques. Obtenim les dades imprescindibles per mantenir la relaci\u00f3 comercial i els destinem \u00fanicament a aquesta finalitat. En compliment d\u2019obligacions legals (normativa fiscal) comuniquem dades a l\u2019administraci\u00f3 tribut\u00e0ria.<\/p>\r\n<div class=\"wp-block-spacer\" aria-hidden=\"true\">\u00a0<\/div>\r\n<h3><strong>Quina \u00e9s la legitimaci\u00f3 legal per al tractament de les dades<\/strong><\/h3>\r\n<p>Els tractaments de dades que portem a terme tenen diferents fonaments legals, segons la naturalesa de cada tractament.<\/p>\r\n<p><strong>Compliment d\u2019obligacions legals<br \/><\/strong>Els tractaments de les dades en el context de procediments administratius s\u2019efectua seguint les normes reguladores de cada un dels procediments. Es porta a terme en compliment d\u2019obligacions legals.<\/p>\r\n<p><strong>Complir missi\u00f3 en inter\u00e8s p\u00fablic<br \/><\/strong>Els tractaments resultants de la prestaci\u00f3 dels nostres serveis t\u00e9 la seva justificaci\u00f3 en satisfer l\u2019inter\u00e8s p\u00fablic.<\/p>\r\n<p><strong>Compliment d\u2019una relaci\u00f3 contractual o precontractual<br \/><\/strong>Tractem les dades dels nostres prove\u00efdors seguint la normativa de contractaci\u00f3 pr\u00f2pia del sector p\u00fablic, en el grau i amb l\u2019abast necessari per al desenvolupament de la relaci\u00f3 contractual. En un altre sentit, per\u00f2 tamb\u00e9 en el marc de relacions contractuals o precontractual, tractem dades de persones que participen en processos selectius o que s\u2019incorporen a la nostra instituci\u00f3.<\/p>\r\n<p><strong>En base al consentiment<br \/><\/strong>Quan fem enviaments d\u2019informaci\u00f3 de les nostres iniciatives, serveis o activitats tractem les dades de contacte dels receptors amb la seva autoritzaci\u00f3 o consentiment expl\u00edcit.<\/p>\r\n<div class=\"wp-block-spacer\" aria-hidden=\"true\">\u00a0<\/div>\r\n<h3><strong>Quant de temps conservem les dades<\/strong><\/h3>\r\n<p>El temps de conservaci\u00f3 de les dades ve determinat per diferents factors, principalment el fet que les dades segueixin essent necess\u00e0ries per atendre les finalitats per a les quals hagin estat recollides en cada cas. En segon lloc es conserven per fer front a possibles responsabilitats pel tractament de les dades per part de l\u2019Institut, i per atendre qualsevol requeriment d\u2019altres administracions p\u00fabliques o \u00f2rgans judicials.<\/p>\r\n<p>En conseq\u00fc\u00e8ncia les dades s\u2019han de conservar durant el temps necessari per preservar el seu valor legal o informatiu o per acreditar el compliment de les obligacions legals, per\u00f2 no per un per\u00edode superior al necessari d\u2019acord amb les finalitats del tractament.<\/p>\r\n<p>En determinats casos, com el de les dades que figuren en la documentaci\u00f3 comptable i la facturaci\u00f3, la normativa fiscal obliga a conservar-les fins que no prescriguin les responsabilitats en aquesta mat\u00e8ria.<\/p>\r\n<p>En el cas de les dades que es tracten exclusivament en base al consentiment de la persona interessada, es conserven fins que aquesta persona revoca aquest consentiment.<\/p>\r\n<p>La normativa reguladora de la conservaci\u00f3 de la documentaci\u00f3 p\u00fablica, i els dict\u00e0mens de la\u00a0<a href=\"http:\/\/cultura.gencat.cat\/ca\/departament\/estructura_i_adreces\/organismes\/dgpc\/temes\/arxius_i_gestio_documental\/cnaatd\/\" target=\"_blank\" rel=\"noreferrer noopener\">Comissi\u00f3 Nacional d\u2019Acc\u00e9s, Avaluaci\u00f3 i Tria Documental\u00a0<\/a>s\u00f3n un referent determinen els criteris que seguim en la conservaci\u00f3 o eliminaci\u00f3 de les dades.<\/p>\r\n<div class=\"wp-block-spacer\" aria-hidden=\"true\">\u00a0<\/div>\r\n<h3><strong>Quins drets tenen les persones en relaci\u00f3 a les dades que tractem<\/strong><\/h3>\r\n<p>Tal com preveu el Reglament General de Protecci\u00f3 de Dades, les persones de qui tractem dades tenen els drets seg\u00fcents:<\/p>\r\n<p>A saber si es tracten. Qualsevol persona t\u00e9, en primer lloc, dret a saber si tractem les seves dades, amb independ\u00e8ncia de si ha existit una relaci\u00f3 pr\u00e8via.<\/p>\r\n<p>A ser informat en la recollida. Quan les dades personals s\u2019obtenen del mateix interessat, en el moment de proporcionar-les ha de tenir informaci\u00f3 clara de les finalitats a les que es destinaran, de qui ser\u00e0 el responsable del tractament i dels principals aspectes derivats d\u2019aquest tractament.<\/p>\r\n<p>A accedir-hi. Dret molt ampli que inclou el de saber amb precisi\u00f3 quines dades personals s\u00f3n objecte de tractament, quina \u00e9s la finalitat per la que es tracten, les comunicacions a altres persones que se\u2019n faran (si \u00e9s el cas) o el dret a obtenir-ne c\u00f2pia o a saber el termini previst de conservaci\u00f3.<\/p>\r\n<p>A demanar-ne la rectificaci\u00f3. \u00c9s el dret a fer rectificar les dades inexactes que siguin objecte de tractament per part nostra.<\/p>\r\n<p>A demanar-ne la supressi\u00f3. En determinades circumst\u00e0ncies existeix el dret a demanar la supressi\u00f3 de les dades quan, entre altres motius, ja no siguin necess\u00e0ries per als fins per als quals van ser recollides i en van justificar el tractament.<\/p>\r\n<p>A demanar la limitaci\u00f3 del tractament.Tamb\u00e9 en determinades circumst\u00e0ncies es reconeix el dret a demanar la limitaci\u00f3 del tractament de les dades. En aquest cas deixaran de ser tractades i nom\u00e9s es conservaran per a l\u2019exercici o la defensa de reclamacions, d\u2019acord amb el Reglament General de Protecci\u00f3 de Dades.<\/p>\r\n<p>A la portabilitat. En els casos previstos a la normativa es reconeix el dret a obtenir les dades personals pr\u00f2pies en un format estructurat d\u2019\u00fas com\u00fa llegible per m\u00e0quina, i a transmetre-les a un altre responsable del tractament si aix\u00ed ho decideix la persona interessada.<\/p>\r\n<p>A oposar-se al tractament.\u00a0Una persona pot adduir motius relacionats amb la seva situaci\u00f3 particular, motius que comportaran que deixin de tractar-se les seves dades en el grau o mesura que li pugui comportar un perjudici, excepte per motius leg\u00edtims o l\u2019exercici o defensa davant reclamacions.<\/p>\r\n<p>A no rebre informaci\u00f3. Atenem immediatament les peticions de no seguir rebent informaci\u00f3 de les nostres activitats i serveis, quan aquests enviaments es fonamentaven \u00fanicament en el consentiment de la persona que n\u2019\u00e9s receptora.<\/p>\r\n<div class=\"wp-block-spacer\" aria-hidden=\"true\">\u00a0<\/div>\r\n<h3><strong>Com es poden exercir o defensar els drets<\/strong><\/h3>\r\n<p>Els drets que acabem d\u2019enumerar es poden exercir adre\u00e7ant una sol\u00b7licitud a ACPV a l\u2019adre\u00e7a postal o a les altres dades de contacte indicades a l\u2019encap\u00e7alament.<\/p>\r\n<p>Si no s\u2019ha obtingut resposta satisfact\u00f2ria en l\u2019exercici dels drets \u00e9s possible presentar una reclamaci\u00f3 davant\u00a0la Conselleria d\u2019Agricultura, Medi Ambient, Canvi Clim\u00e0tic i Desenvolupament Rural.<\/p>\r\n","protected":false},"excerpt":{"rendered":"<p>Informaci\u00f3 detallada sobre tractament de dades personals Aquesta \u00e9s la pol\u00edtica de protecci\u00f3 de dades d\u2019Acci\u00f3 Cultural del Pa\u00eds Valenci\u00e0. Fa refer\u00e8ncia a les dades de persones f\u00edsiques amb les que es relaciona en l\u2019exercici de les seves compet\u00e8ncies i funcions.. El tractament s\u2019efectua complint el Reglament General de Protecci\u00f3 de Dades (Reglament (UE) 2016\/679 [&hellip;]<\/p>\n","protected":false},"author":1,"featured_media":0,"parent":0,"menu_order":0,"comment_status":"closed","ping_status":"open","template":"","meta":{"_bbp_topic_count":0,"_bbp_reply_count":0,"_bbp_total_topic_count":0,"_bbp_total_reply_count":0,"_bbp_voice_count":0,"_bbp_anonymous_reply_count":0,"_bbp_topic_count_hidden":0,"_bbp_reply_count_hidden":0,"_bbp_forum_subforum_count":0,"_et_pb_use_builder":"","_et_pb_old_content":"","_et_gb_content_width":""},"categories":[],"tags":[],"_links":{"self":[{"href":"https:\/\/acpv.cat\/tenimdrets\/wp-json\/wp\/v2\/pages\/3"}],"collection":[{"href":"https:\/\/acpv.cat\/tenimdrets\/wp-json\/wp\/v2\/pages"}],"about":[{"href":"https:\/\/acpv.cat\/tenimdrets\/wp-json\/wp\/v2\/types\/page"}],"author":[{"embeddable":true,"href":"https:\/\/acpv.cat\/tenimdrets\/wp-json\/wp\/v2\/users\/1"}],"replies":[{"embeddable":true,"href":"https:\/\/acpv.cat\/tenimdrets\/wp-json\/wp\/v2\/comments?post=3"}],"version-history":[{"count":0,"href":"https:\/\/acpv.cat\/tenimdrets\/wp-json\/wp\/v2\/pages\/3\/revisions"}],"wp:attachment":[{"href":"https:\/\/acpv.cat\/tenimdrets\/wp-json\/wp\/v2\/media?parent=3"}],"wp:term":[{"taxonomy":"category","embeddable":true,"href":"https:\/\/acpv.cat\/tenimdrets\/wp-json\/wp\/v2\/categories?post=3"},{"taxonomy":"post_tag","embeddable":true,"href":"https:\/\/acpv.cat\/tenimdrets\/wp-json\/wp\/v2\/tags?post=3"}],"curies":[{"name":"wp","href":"https:\/\/api.w.org\/{rel}","templated":true}]}}