{"id":4386,"date":"2019-10-31T20:03:54","date_gmt":"2019-10-31T19:03:54","guid":{"rendered":"http:\/\/acpv.cat\/tenimdrets\/?page_id=4386"},"modified":"2019-11-15T17:35:22","modified_gmt":"2019-11-15T16:35:22","slug":"tenim-drets","status":"publish","type":"page","link":"https:\/\/acpv.cat\/tenimdrets\/tenim-drets\/","title":{"rendered":"Tenim drets"},"content":{"rendered":"<p>[et_pb_section bb_built=&#8221;1&#8243; admin_label=&#8221;Header&#8221; custom_padding_last_edited=&#8221;on|desktop&#8221; _builder_version=&#8221;4.0.3&#8243; use_background_color_gradient=&#8221;on&#8221; background_color_gradient_start=&#8221;rgba(255,218,164,0.8)&#8221; background_color_gradient_end=&#8221;#ffffff&#8221; background_color_gradient_overlays_image=&#8221;on&#8221; background_image=&#8221;http:\/\/acpv.cat\/tenimdrets\/wp-content\/uploads\/2019\/10\/language-school-illustration-36.png&#8221; background_position=&#8221;top_right&#8221; custom_padding=&#8221;110px||||false|false&#8221; custom_padding_tablet=&#8221;140px|0px|50px|0px|false|false&#8221; custom_padding_phone=&#8221;120px|||&#8221; inner_width=&#8221;auto&#8221; inner_max_width=&#8221;1080px&#8221; next_background_color=&#8221;#ffffff&#8221;][et_pb_row use_custom_width=&#8221;on&#8221; custom_width_px=&#8221;1280px&#8221; _builder_version=&#8221;3.11&#8243; background_size=&#8221;initial&#8221; background_position=&#8221;top_left&#8221; background_repeat=&#8221;repeat&#8221; width=&#8221;80%&#8221; max_width=&#8221;1280px&#8221;][et_pb_column type=&#8221;4_4&#8243; _builder_version=&#8221;3.0.47&#8243; parallax=&#8221;off&#8221; parallax_method=&#8221;on&#8221; custom_padding__hover=&#8221;|||&#8221; custom_padding=&#8221;|||&#8221;][et_pb_text _builder_version=&#8221;4.0.3&#8243; text_font_size=&#8221;18px&#8221; text_font_size_phone=&#8221;15px&#8221; text_font_size_last_edited=&#8221;on|phone&#8221; text_line_height=&#8221;2em&#8221; text_line_height_phone=&#8221;1.6em&#8221; text_line_height_last_edited=&#8221;on|phone&#8221; header_font=&#8221;EB Garamond||||||||&#8221; header_font_size=&#8221;60px&#8221; header_font_size_tablet=&#8221;50px&#8221; header_font_size_phone=&#8221;32px&#8221; header_font_size_last_edited=&#8221;on|phone&#8221; header_line_height=&#8221;1.3em&#8221; text_orientation=&#8221;center&#8221; max_width=&#8221;600px&#8221; module_alignment=&#8221;center&#8221; text_text_shadow_horizontal_length=&#8221;text_text_shadow_style,%91object Object%93&#8243; text_text_shadow_horizontal_length_tablet=&#8221;0px&#8221; text_text_shadow_vertical_length=&#8221;text_text_shadow_style,%91object Object%93&#8243; text_text_shadow_vertical_length_tablet=&#8221;0px&#8221; text_text_shadow_blur_strength=&#8221;text_text_shadow_style,%91object Object%93&#8243; text_text_shadow_blur_strength_tablet=&#8221;1px&#8221; link_text_shadow_horizontal_length=&#8221;link_text_shadow_style,%91object Object%93&#8243; link_text_shadow_horizontal_length_tablet=&#8221;0px&#8221; link_text_shadow_vertical_length=&#8221;link_text_shadow_style,%91object Object%93&#8243; link_text_shadow_vertical_length_tablet=&#8221;0px&#8221; link_text_shadow_blur_strength=&#8221;link_text_shadow_style,%91object Object%93&#8243; link_text_shadow_blur_strength_tablet=&#8221;1px&#8221; ul_text_shadow_horizontal_length=&#8221;ul_text_shadow_style,%91object Object%93&#8243; ul_text_shadow_horizontal_length_tablet=&#8221;0px&#8221; ul_text_shadow_vertical_length=&#8221;ul_text_shadow_style,%91object Object%93&#8243; ul_text_shadow_vertical_length_tablet=&#8221;0px&#8221; ul_text_shadow_blur_strength=&#8221;ul_text_shadow_style,%91object Object%93&#8243; ul_text_shadow_blur_strength_tablet=&#8221;1px&#8221; ol_text_shadow_horizontal_length=&#8221;ol_text_shadow_style,%91object Object%93&#8243; ol_text_shadow_horizontal_length_tablet=&#8221;0px&#8221; ol_text_shadow_vertical_length=&#8221;ol_text_shadow_style,%91object Object%93&#8243; ol_text_shadow_vertical_length_tablet=&#8221;0px&#8221; ol_text_shadow_blur_strength=&#8221;ol_text_shadow_style,%91object Object%93&#8243; ol_text_shadow_blur_strength_tablet=&#8221;1px&#8221; quote_text_shadow_horizontal_length=&#8221;quote_text_shadow_style,%91object Object%93&#8243; quote_text_shadow_horizontal_length_tablet=&#8221;0px&#8221; quote_text_shadow_vertical_length=&#8221;quote_text_shadow_style,%91object Object%93&#8243; quote_text_shadow_vertical_length_tablet=&#8221;0px&#8221; quote_text_shadow_blur_strength=&#8221;quote_text_shadow_style,%91object Object%93&#8243; quote_text_shadow_blur_strength_tablet=&#8221;1px&#8221; header_text_shadow_horizontal_length=&#8221;header_text_shadow_style,%91object Object%93&#8243; header_text_shadow_horizontal_length_tablet=&#8221;0px&#8221; header_text_shadow_vertical_length=&#8221;header_text_shadow_style,%91object Object%93&#8243; header_text_shadow_vertical_length_tablet=&#8221;0px&#8221; header_text_shadow_blur_strength=&#8221;header_text_shadow_style,%91object Object%93&#8243; header_text_shadow_blur_strength_tablet=&#8221;1px&#8221; header_2_text_shadow_horizontal_length=&#8221;header_2_text_shadow_style,%91object Object%93&#8243; header_2_text_shadow_horizontal_length_tablet=&#8221;0px&#8221; header_2_text_shadow_vertical_length=&#8221;header_2_text_shadow_style,%91object Object%93&#8243; header_2_text_shadow_vertical_length_tablet=&#8221;0px&#8221; header_2_text_shadow_blur_strength=&#8221;header_2_text_shadow_style,%91object Object%93&#8243; header_2_text_shadow_blur_strength_tablet=&#8221;1px&#8221; header_3_text_shadow_horizontal_length=&#8221;header_3_text_shadow_style,%91object Object%93&#8243; header_3_text_shadow_horizontal_length_tablet=&#8221;0px&#8221; header_3_text_shadow_vertical_length=&#8221;header_3_text_shadow_style,%91object Object%93&#8243; header_3_text_shadow_vertical_length_tablet=&#8221;0px&#8221; header_3_text_shadow_blur_strength=&#8221;header_3_text_shadow_style,%91object Object%93&#8243; header_3_text_shadow_blur_strength_tablet=&#8221;1px&#8221; header_4_text_shadow_horizontal_length=&#8221;header_4_text_shadow_style,%91object Object%93&#8243; header_4_text_shadow_horizontal_length_tablet=&#8221;0px&#8221; header_4_text_shadow_vertical_length=&#8221;header_4_text_shadow_style,%91object Object%93&#8243; header_4_text_shadow_vertical_length_tablet=&#8221;0px&#8221; header_4_text_shadow_blur_strength=&#8221;header_4_text_shadow_style,%91object Object%93&#8243; header_4_text_shadow_blur_strength_tablet=&#8221;1px&#8221; header_5_text_shadow_horizontal_length=&#8221;header_5_text_shadow_style,%91object Object%93&#8243; header_5_text_shadow_horizontal_length_tablet=&#8221;0px&#8221; header_5_text_shadow_vertical_length=&#8221;header_5_text_shadow_style,%91object Object%93&#8243; header_5_text_shadow_vertical_length_tablet=&#8221;0px&#8221; header_5_text_shadow_blur_strength=&#8221;header_5_text_shadow_style,%91object Object%93&#8243; header_5_text_shadow_blur_strength_tablet=&#8221;1px&#8221; header_6_text_shadow_horizontal_length=&#8221;header_6_text_shadow_style,%91object Object%93&#8243; header_6_text_shadow_horizontal_length_tablet=&#8221;0px&#8221; header_6_text_shadow_vertical_length=&#8221;header_6_text_shadow_style,%91object Object%93&#8243; header_6_text_shadow_vertical_length_tablet=&#8221;0px&#8221; header_6_text_shadow_blur_strength=&#8221;header_6_text_shadow_style,%91object Object%93&#8243; header_6_text_shadow_blur_strength_tablet=&#8221;1px&#8221; box_shadow_horizontal_tablet=&#8221;0px&#8221; box_shadow_vertical_tablet=&#8221;0px&#8221; box_shadow_blur_tablet=&#8221;40px&#8221; box_shadow_spread_tablet=&#8221;0px&#8221; z_index_tablet=&#8221;500&#8243;]<\/p>\n<h1>Tenim drets &#8211; projecte<\/h1>\n<p>\u00a0<\/p>\n<p>[\/et_pb_text][\/et_pb_column][\/et_pb_row][\/et_pb_section][et_pb_section bb_built=&#8221;1&#8243; prev_background_color=&#8221;#000000&#8243; _builder_version=&#8221;4.0.3&#8243; box_shadow_horizontal_tablet=&#8221;0px&#8221; box_shadow_vertical_tablet=&#8221;0px&#8221; box_shadow_blur_tablet=&#8221;40px&#8221; box_shadow_spread_tablet=&#8221;0px&#8221; module_id=&#8221;guiamaq&#8221; z_index_tablet=&#8221;500&#8243;][et_pb_row][et_pb_column type=&#8221;4_4&#8243; custom_padding__hover=&#8221;|||&#8221; custom_padding=&#8221;|||&#8221;][et_pb_text _builder_version=&#8221;4.0.3&#8243;]<\/p>\n<p>Acci\u00f3 Cultural del Pa\u00eds Valenci\u00e0 (ACPV) \u00e9s una associaci\u00f3 sense \u00e0nim de lucre legalitzada l&#8217;any 1978, que, per tant, t\u00e9 una llarga experi\u00e8ncia en el treball pel foment del valenci\u00e0.<\/p>\n<p>La nostra l\u00f2gica de funcionament ha estat sempre provar d&#8217;identificar els factors que podien fer un paper d&#8217;inflexi\u00f3 i, en funci\u00f3 d&#8217;aix\u00f2, dissenyar estrat\u00e8gies de treball destinades a procurar aquest punt d&#8217;inflexi\u00f3.<\/p>\n<p>Des d&#8217;aquesta perspectiva, ACPV va veure amb satisfacci\u00f3 la creaci\u00f3 de l&#8217;Oficina de Drets Ling\u00fc\u00edstics de la Generalitat Valenciana, com un pas positiu en el reconeixement de l&#8217;estatus del valenci\u00e0 com a llengua oficial i, per tant, com un instrument al servei de la seua igualtat efectiva amb l&#8217;altra llengua oficial, i de protecci\u00f3 dels drets ling\u00fc\u00edstics.<\/p>\n<p>Per\u00f2, alhora, constatem una doble mancan\u00e7a:<\/p>\n<ul>\n<li>Primer, un greu desconeixement per part de la gran majoria de la ciutadania de l&#8217;exist\u00e8ncia dels seus drets ling\u00fc\u00edstics, i encara menys de la consci\u00e8ncia de la necessitat d&#8217;exercitar-los com a mesura efectiva per a l&#8217;avan\u00e7 vers la igualtat ling\u00fc\u00edstica real i no nom\u00e9s ret\u00f2rica.<\/li>\n<li>Segon, una manca de propostes positives de pol\u00edtica ling\u00fc\u00edstica per a avan\u00e7ar en la direcci\u00f3 efectiva de la igualtat ling\u00fc\u00edstica.<\/li>\n<\/ul>\n<p>Atenent a aqueixes premisses, la finalitat d&#8217;aquest projecte \u00e9s m\u00faltiple:<\/p>\n<ol>\n<li>Fomentar la consci\u00e8ncia de l&#8217;estatus del valenci\u00e0 com a llengua oficial i pr\u00f2pia del poble valenci\u00e0, i de l&#8217;objectiu de la igualtat ling\u00fc\u00edstica com un principi de no discriminaci\u00f3 de la ciutadania per ra\u00f3 de llengua.<\/li>\n<li>Fomentar el coneixement dels drets ling\u00fc\u00edstics entre la ciutadania.<\/li>\n<li>Oferir, en aquest sentit, informaci\u00f3 legal, de forma accessible, entenedora i de f\u00e0cil \u00fas.<\/li>\n<li>Disposar de models d&#8217;inst\u00e0ncies, de guies dels drets, i de models de reglaments (de normalitzaci\u00f3 en l&#8217;\u00e0mbit local, de cl\u00e0usules ling\u00fc\u00edstiques per a normatives de contractaci\u00f3, etc.) atenent a exemples ja en funcionament en administracions municipals o supramunicipals, o a models amb base legal.<\/li>\n<li>Estimular canvis en el comportament ciutad\u00e0, amb una consci\u00e8ncia activa de defensa dels drets ling\u00fc\u00edstics.<\/li>\n<li>Fer propostes de normatives legals per a avan\u00e7ar en la l\u00ednia de la igualtat ling\u00fc\u00edstica.<\/li>\n<li>Construir una eina telem\u00e0tica de f\u00e0cil \u00fas que puga esdevenir portal de refer\u00e8ncia per a la informaci\u00f3, l&#8217;assessorament jur\u00eddic i per a posar a disposici\u00f3 material de consulta (des de guies a models de reglaments i inst\u00e0ncies) i instruments de campanyes.<\/li>\n<li>Articular una xarxa de treball que integre recursos i informaci\u00f3 pr\u00f2pia amb la posada a disposici\u00f3 dels recursos i informaci\u00f3 generada per altres actors (creaci\u00f3 d&#8217;un equip de treball amb les universitats p\u00fabliques valencianes d&#8217;acord amb els seus equips de govern, integrada pels seus responsables dels Serveis de Pol\u00edtica Ling\u00fc\u00edstica, i ACPV, i d&#8217;un equip de professionals de l&#8217;advocacia, al qual es pot integrar personal t\u00e8cnic ling\u00fc\u00edstic i associatiu de treball en el foment i promoci\u00f3 del valenci\u00e0).<\/li>\n<\/ol>\n<p>&#8220;Tenim drets&#8221; es tracta\u00a0 d&#8217;un portal web que serveix de refer\u00e8ncia i ordenaci\u00f3, amb l&#8217;objectiu d&#8217;oferir recursos, materials, informaci\u00f3, convocat\u00f2ries i enlla\u00e7os.<\/p>\n<p>Per al seu disseny com a instrument \u00fatil, i per a la recopilaci\u00f3 d&#8217;informaci\u00f3 i documentaci\u00f3, hem creat un equip de treball que s&#8217;ha reunit els darrers mesos i que ha realitzat treball presencial i mitjan\u00e7ant contacte on-line. L&#8217;equip est\u00e0 format per:<\/p>\n<p>Ferran Suay, professor de la Universitat de Val\u00e8ncia i director del seu Servei de Formaci\u00f3, autor de diversos llibres sobre assertivitat ling\u00fc\u00edstica, president de la Xarxa Europea per la Igualtat Ling\u00fc\u00edstica-ELEN, i coordinador de la Secci\u00f3 de Pol\u00edtica Ling\u00fc\u00edstica d&#8217;ACPV.<\/p>\n<p>Alfons Esteve, Llicenciat en Dret per la Universitat de Val\u00e8ncia. Ha estat assessor ling\u00fc\u00edstic i t\u00e8cnic jur\u00eddic de la Direcci\u00f3 General de Pol\u00edtica Ling\u00fc\u00edstica de la Generalitat Valenciana. Actualment \u00e9s el cap t\u00e8cnic del Servei de Pol\u00edtica Ling\u00fc\u00edstica de la Universitat de Val\u00e8ncia i membre del Consell Social de les Lleng\u00fces de la Generalitat Valenciana. \u00c9s autor de nombrosos articles, treballs i confer\u00e8ncies sobre drets ling\u00fc\u00edstics.<\/p>\n<p>Francesc Esteve, Llicenciat en Filologia Catalana per la Universitat de Val\u00e8ncia. Ha estat assessor ling\u00fc\u00edstic, professor a la Universitat de Val\u00e8ncia i lector de catal\u00e0 a la Universitat de Liverpool. Actualment \u00e9s el cap de l&#8217;\u00c0rea de Recursos Ling\u00fc\u00edstics del Servei de Pol\u00edtica Ling\u00fc\u00edstica de la Universitat de Val\u00e8ncia. \u00c9s autor d&#8217;articles i treballs sobre lexicografia i terminologia, alguns dels quals recollits en el llibre col\u00b7lectiu Diccionaris, normativa i llengua est\u00e0ndard.<\/p>\n<p>Anna Oliver, advocada amb experi\u00e8ncia en q\u00fcestions de llengua i drets ling\u00fc\u00edstics.<\/p>\n<p>[\/et_pb_text][\/et_pb_column][\/et_pb_row][\/et_pb_section]<\/p>\n","protected":false},"excerpt":{"rendered":"<p>Tenim drets &#8211; projecte\u00a0 <div class=\"et_pb_row et_pb_row_0 et_pb_row_empty\">\n\t\t\t\t\n\t\t\t\t\n\t\t\t\t\n\t\t\t\t\n\t\t\t\t\n\t\t\t<\/div> Acci\u00f3 Cultural del Pa\u00eds Valenci\u00e0 (ACPV) \u00e9s una associaci\u00f3 sense \u00e0nim de lucre legalitzada l&#8217;any 1978, que, per tant, t\u00e9 una llarga experi\u00e8ncia en el treball pel foment del valenci\u00e0. La nostra l\u00f2gica de funcionament ha estat sempre provar d&#8217;identificar els factors que podien fer un paper d&#8217;inflexi\u00f3 i, en [&hellip;]<\/p>\n","protected":false},"author":1,"featured_media":0,"parent":0,"menu_order":0,"comment_status":"closed","ping_status":"closed","template":"","meta":{"_bbp_topic_count":0,"_bbp_reply_count":0,"_bbp_total_topic_count":0,"_bbp_total_reply_count":0,"_bbp_voice_count":0,"_bbp_anonymous_reply_count":0,"_bbp_topic_count_hidden":0,"_bbp_reply_count_hidden":0,"_bbp_forum_subforum_count":0,"_et_pb_use_builder":"on","_et_pb_old_content":"<p>Acci\u00f3 Cultural del Pa\u00eds Valenci\u00e0 (ACPV) \u00e9s una associaci\u00f3 sense \u00e0nim de lucre legalitzada l'any 1978, que, per tant, t\u00e9 una llarga experi\u00e8ncia en el treball pel foment del valenci\u00e0.<\/p><p>La nostra l\u00f2gica de funcionament ha estat sempre provar d'identificar els factors que podien fer un paper d'inflexi\u00f3 i, en funci\u00f3 d'aix\u00f2, dissenyar estrat\u00e8gies de treball destinades a procurar aquest punt d'inflexi\u00f3.<\/p><p>Des d'aquesta perspectiva, ACPV va veure amb satisfacci\u00f3 la creaci\u00f3 de l'Oficina de Drets Ling\u00fc\u00edstics de la Generalitat Valenciana, com un pas positiu en el reconeixement de l'estatus del valenci\u00e0 com a llengua oficial i, per tant, com un instrument al servei de la seua igualtat efectiva amb l'altra llengua oficial, i de protecci\u00f3 dels drets ling\u00fc\u00edstics.<\/p><p>Per\u00f2, alhora, constatem una doble mancan\u00e7a:<\/p><ul><li>Primer, un greu desconeixement per part de la gran majoria de la ciutadania de l'exist\u00e8ncia dels seus drets ling\u00fc\u00edstics, i encara menys de la consci\u00e8ncia de la necessitat d'exercitar-los com a mesura efectiva per a l'avan\u00e7 vers la igualtat ling\u00fc\u00edstica real i no nom\u00e9s ret\u00f2rica.<\/li><li>Segon, una manca de propostes positives de pol\u00edtica ling\u00fc\u00edstica per a avan\u00e7ar en la direcci\u00f3 efectiva de la igualtat ling\u00fc\u00edstica.<\/li><\/ul><p>Atenent a aqueixes premisses, la finalitat d'aquest projecte \u00e9s m\u00faltiple:<\/p><ol><li>Fomentar la consci\u00e8ncia de l'estatus del valenci\u00e0 com a llengua oficial i pr\u00f2pia del poble valenci\u00e0, i de l'objectiu de la igualtat ling\u00fc\u00edstica com un principi de no discriminaci\u00f3 de la ciutadania per ra\u00f3 de llengua.<\/li><li>Fomentar el coneixement dels drets ling\u00fc\u00edstics entre la ciutadania.<\/li><li>Oferir, en aquest sentit, informaci\u00f3 legal, de forma accessible, entenedora i de f\u00e0cil \u00fas.<\/li><li>Disposar de models d'inst\u00e0ncies, de guies dels drets, i de models de reglaments (de normalitzaci\u00f3 en l'\u00e0mbit local, de cl\u00e0usules ling\u00fc\u00edstiques per a normatives de contractaci\u00f3, etc.) atenent a exemples ja en funcionament en administracions municipals o supramunicipals, o a models amb base legal.<\/li><li>Estimular canvis en el comportament ciutad\u00e0, amb una consci\u00e8ncia activa de defensa dels drets ling\u00fc\u00edstics.<\/li><li>Fer propostes de normatives legals per a avan\u00e7ar en la l\u00ednia de la igualtat ling\u00fc\u00edstica.<\/li><li>Construir una eina telem\u00e0tica de f\u00e0cil \u00fas que puga esdevenir portal de refer\u00e8ncia per a la informaci\u00f3, l'assessorament jur\u00eddic i per a posar a disposici\u00f3 material de consulta (des de guies a models de reglaments i inst\u00e0ncies) i instruments de campanyes.<\/li><li>Articular una xarxa de treball que integre recursos i informaci\u00f3 pr\u00f2pia amb la posada a disposici\u00f3 dels recursos i informaci\u00f3 generada per altres actors (creaci\u00f3 d'un equip de treball amb les universitats p\u00fabliques valencianes d'acord amb els seus equips de govern, integrada pels seus responsables dels Serveis de Pol\u00edtica Ling\u00fc\u00edstica, i ACPV, i d'un equip de professionals de l'advocacia, al qual es pot integrar personal t\u00e8cnic ling\u00fc\u00edstic i associatiu de treball en el foment i promoci\u00f3 del valenci\u00e0).<\/li><\/ol><p>\"Tenim drets\" es tracta\u00a0 d'un portal web que serveix de refer\u00e8ncia i ordenaci\u00f3, amb l'objectiu d'oferir recursos, materials, informaci\u00f3, convocat\u00f2ries i enlla\u00e7os.<\/p><p>Per al seu disseny com a instrument \u00fatil, i per a la recopilaci\u00f3 d'informaci\u00f3 i documentaci\u00f3, hem creat un equip de treball que s'ha reunit els darrers mesos i que ha realitzat treball presencial i mitjan\u00e7ant contacte on-line. L'equip est\u00e0 format per:<\/p><p>Ferran Suay, professor de la Universitat de Val\u00e8ncia i director del seu Servei de Formaci\u00f3, autor de diversos llibres sobre assertivitat ling\u00fc\u00edstica, president de la Xarxa Europea per la Igualtat Ling\u00fc\u00edstica-ELEN, i coordinador de la Secci\u00f3 de Pol\u00edtica Ling\u00fc\u00edstica d'ACPV.<\/p><p>Alfons Esteve, Llicenciat en Dret per la Universitat de Val\u00e8ncia. Ha estat assessor ling\u00fc\u00edstic i t\u00e8cnic jur\u00eddic de la Direcci\u00f3 General de Pol\u00edtica Ling\u00fc\u00edstica de la Generalitat Valenciana. Actualment \u00e9s el cap t\u00e8cnic del Servei de Pol\u00edtica Ling\u00fc\u00edstica de la Universitat de Val\u00e8ncia i membre del Consell Social de les Lleng\u00fces de la Generalitat Valenciana. \u00c9s autor de nombrosos articles, treballs i confer\u00e8ncies sobre drets ling\u00fc\u00edstics.<\/p><p>Francesc Esteve, Llicenciat en Filologia Catalana per la Universitat de Val\u00e8ncia. Ha estat assessor ling\u00fc\u00edstic, professor a la Universitat de Val\u00e8ncia i lector de catal\u00e0 a la Universitat de Liverpool. Actualment \u00e9s el cap de l'\u00c0rea de Recursos Ling\u00fc\u00edstics del Servei de Pol\u00edtica Ling\u00fc\u00edstica de la Universitat de Val\u00e8ncia. \u00c9s autor d'articles i treballs sobre lexicografia i terminologia, alguns dels quals recollits en el llibre col\u00b7lectiu Diccionaris, normativa i llengua est\u00e0ndard.<\/p><p>Anna Oliver, advocada amb experi\u00e8ncia en q\u00fcestions de llengua i drets ling\u00fc\u00edstics.<\/p>","_et_gb_content_width":""},"categories":[],"tags":[],"_links":{"self":[{"href":"https:\/\/acpv.cat\/tenimdrets\/wp-json\/wp\/v2\/pages\/4386"}],"collection":[{"href":"https:\/\/acpv.cat\/tenimdrets\/wp-json\/wp\/v2\/pages"}],"about":[{"href":"https:\/\/acpv.cat\/tenimdrets\/wp-json\/wp\/v2\/types\/page"}],"author":[{"embeddable":true,"href":"https:\/\/acpv.cat\/tenimdrets\/wp-json\/wp\/v2\/users\/1"}],"replies":[{"embeddable":true,"href":"https:\/\/acpv.cat\/tenimdrets\/wp-json\/wp\/v2\/comments?post=4386"}],"version-history":[{"count":0,"href":"https:\/\/acpv.cat\/tenimdrets\/wp-json\/wp\/v2\/pages\/4386\/revisions"}],"wp:attachment":[{"href":"https:\/\/acpv.cat\/tenimdrets\/wp-json\/wp\/v2\/media?parent=4386"}],"wp:term":[{"taxonomy":"category","embeddable":true,"href":"https:\/\/acpv.cat\/tenimdrets\/wp-json\/wp\/v2\/categories?post=4386"},{"taxonomy":"post_tag","embeddable":true,"href":"https:\/\/acpv.cat\/tenimdrets\/wp-json\/wp\/v2\/tags?post=4386"}],"curies":[{"name":"wp","href":"https:\/\/api.w.org\/{rel}","templated":true}]}}